{"id":82601,"date":"2026-03-19T19:33:02","date_gmt":"2026-03-19T19:33:02","guid":{"rendered":"https:\/\/soydeaqui.ddns.net\/pachuca\/index.php\/producto\/plan-1-ano-firewall-nueva-generacion-serie-gcc\/"},"modified":"2026-03-19T19:33:04","modified_gmt":"2026-03-19T19:33:04","slug":"plan-1-ano-firewall-nueva-generacion-serie-gcc","status":"publish","type":"product","link":"https:\/\/soydeaqui.ddns.net\/pachuca\/index.php\/producto\/plan-1-ano-firewall-nueva-generacion-serie-gcc\/","title":{"rendered":"Plan 1 a\u00f1o Firewall Nueva Generaci\u00f3n Serie GCC"},"content":{"rendered":"<div style='width: 100%; max-width: 1200px; margin: 0 auto; font-family: sans-serif; line-height: 1.6; color: inherit; background-color: transparent;'> <!-- Secci\u00f3n de caracter\u00edsticas --> <\/p>\n<div style='display: flex; flex-wrap: wrap; gap: 30px; margin-bottom: 30px;'>\n<div style='flex: 1 1 300px; min-width: 280px;'>\n<h3 style='font-size: 22px; border-bottom: 2px solid currentColor; padding-bottom: 5px; margin-top: 0; color: inherit; opacity: 0.8;'>Plan 1 a\u00f1o Firewall GCC6010<\/h3>\n<p style='font-size: 15px; color: inherit; margin-bottom: 15px;'>Aseg\u00farese de que su firewall serie GCC6000 siempre utilice la \u00faltima tecnolog\u00eda de seguridad<\/p>\n<ul style='padding-left: 20px; font-size: 15px; color: inherit; list-style-type: disc;'>\n<li style='margin-bottom: 5px;'>Protecci\u00f3n Anti-Malware<\/li>\n<li style='margin-bottom: 5px;'>IDS\/IPS<\/li>\n<li style='margin-bottom: 5px;'>Identificaci\u00f3n y control de aplicaciones<\/li>\n<li style='margin-bottom: 5px;'>Seguridad web avanzada<\/li>\n<li style='margin-bottom: 5px;'>Seguridad del correo electr\u00f3nico (Muy pronto)<\/li>\n<\/ul><\/div>\n<\/p><\/div>\n<p> <!-- Tabla de frecuencia de actualizaci\u00f3n --> <\/p>\n<div style='margin-bottom: 30px;'>\n<h3 style='font-size: 22px; border-bottom: 2px solid currentColor; padding-bottom: 5px; margin-top: 0; color: inherit; opacity: 0.8; text-align: center;'>Frecuencia de actualizaci\u00f3n<\/h3>\n<div style='overflow-x: auto; margin-top: 15px; border: 1px solid rgba(150&comma;150&comma;150&comma;0.3); border-radius: 8px;'>\n<table style='width: 100%; border-collapse: collapse; color: inherit;'>\n<thead style='background-color: #f7faff;'>\n<tr>\n<th style='padding: 15px; text-align: left; border-bottom: 1px solid rgba(150&comma;150&comma;150&comma;0.3); border-right: 1px solid rgba(150&comma;150&comma;150&comma;0.3); font-weight: bold; font-size: 16px; color: inherit;'>Security Service<\/th>\n<th style='padding: 15px; text-align: left; border-bottom: 1px solid rgba(150&comma;150&comma;150&comma;0.3); font-weight: bold; font-size: 16px; color: inherit;'>Update Frequency<\/th>\n<\/tr>\n<\/thead>\n<tbody>\n<tr>\n<td style='padding: 15px; border-top: 1px solid rgba(150&comma;150&comma;150&comma;0.3); border-right: 1px solid rgba(150&comma;150&comma;150&comma;0.3); font-size: 14px; color: inherit;'>Anti-malware<\/td>\n<td style='padding: 15px; border-top: 1px solid rgba(150&comma;150&comma;150&comma;0.3); font-size: 14px; color: inherit;'>A diario<\/td>\n<\/tr>\n<tr>\n<td style='padding: 15px; border-top: 1px solid rgba(150&comma;150&comma;150&comma;0.3); border-right: 1px solid rgba(150&comma;150&comma;150&comma;0.3); font-size: 14px; color: inherit;'>DPI<\/td>\n<td style='padding: 15px; border-top: 1px solid rgba(150&comma;150&comma;150&comma;0.3); font-size: 14px; color: inherit;'>Semanalmente<\/td>\n<\/tr>\n<tr>\n<td style='padding: 15px; border-top: 1px solid rgba(150&comma;150&comma;150&comma;0.3); border-right: 1px solid rgba(150&comma;150&comma;150&comma;0.3); font-size: 14px; color: inherit;'>IPS\/IDS<\/td>\n<td style='padding: 15px; border-top: 1px solid rgba(150&comma;150&comma;150&comma;0.3); font-size: 14px; color: inherit;'>Semanalmente<\/td>\n<\/tr>\n<tr>\n<td style='padding: 15px; border-top: 1px solid rgba(150&comma;150&comma;150&comma;0.3); border-right: 1px solid rgba(150&comma;150&comma;150&comma;0.3); font-size: 14px; color: inherit;'>Web Security (URL categorization)<\/td>\n<td style='padding: 15px; border-top: 1px solid rgba(150&comma;150&comma;150&comma;0.3); font-size: 14px; color: inherit;'>Mensualmente<\/td>\n<\/tr>\n<\/tbody>\n<\/table><\/div>\n<\/p><\/div>\n<p> <!-- Separador --> <\/p>\n<hr style='border: 0; border-top: 1px solid rgba(150&comma; 150&comma; 150&comma; 0.3); margin: 30px 0;'> <\/div>\n","protected":false},"excerpt":{"rendered":"<p>Plan 1 a\u00f1o Firewall Nueva Generaci\u00f3n Serie GCC<\/p>\n","protected":false},"featured_media":82600,"comment_status":"open","ping_status":"closed","template":"","meta":[],"product_brand":[],"product_cat":[2122],"product_tag":[2038,909,664],"class_list":{"0":"post-82601","1":"product","2":"type-product","3":"status-publish","4":"has-post-thumbnail","6":"product_cat-firewalls-networking","7":"product_tag-firewalls","8":"product_tag-grandstream","9":"product_tag-networking","11":"first","12":"outofstock","13":"sale","14":"shipping-taxable","15":"purchasable","16":"product-type-simple"},"_links":{"self":[{"href":"https:\/\/soydeaqui.ddns.net\/pachuca\/index.php\/wp-json\/wp\/v2\/product\/82601","targetHints":{"allow":["GET"]}}],"collection":[{"href":"https:\/\/soydeaqui.ddns.net\/pachuca\/index.php\/wp-json\/wp\/v2\/product"}],"about":[{"href":"https:\/\/soydeaqui.ddns.net\/pachuca\/index.php\/wp-json\/wp\/v2\/types\/product"}],"replies":[{"embeddable":true,"href":"https:\/\/soydeaqui.ddns.net\/pachuca\/index.php\/wp-json\/wp\/v2\/comments?post=82601"}],"wp:featuredmedia":[{"embeddable":true,"href":"https:\/\/soydeaqui.ddns.net\/pachuca\/index.php\/wp-json\/wp\/v2\/media\/82600"}],"wp:attachment":[{"href":"https:\/\/soydeaqui.ddns.net\/pachuca\/index.php\/wp-json\/wp\/v2\/media?parent=82601"}],"wp:term":[{"taxonomy":"product_brand","embeddable":true,"href":"https:\/\/soydeaqui.ddns.net\/pachuca\/index.php\/wp-json\/wp\/v2\/product_brand?post=82601"},{"taxonomy":"product_cat","embeddable":true,"href":"https:\/\/soydeaqui.ddns.net\/pachuca\/index.php\/wp-json\/wp\/v2\/product_cat?post=82601"},{"taxonomy":"product_tag","embeddable":true,"href":"https:\/\/soydeaqui.ddns.net\/pachuca\/index.php\/wp-json\/wp\/v2\/product_tag?post=82601"}],"curies":[{"name":"wp","href":"https:\/\/api.w.org\/{rel}","templated":true}]}}