{"id":82574,"date":"2026-03-19T19:31:52","date_gmt":"2026-03-19T19:31:52","guid":{"rendered":"https:\/\/soydeaqui.ddns.net\/pachuca\/index.php\/producto\/plan-3-anos-firewall-nueva-generacion-serie-gcc\/"},"modified":"2026-03-19T19:31:54","modified_gmt":"2026-03-19T19:31:54","slug":"plan-3-anos-firewall-nueva-generacion-serie-gcc","status":"publish","type":"product","link":"https:\/\/soydeaqui.ddns.net\/pachuca\/index.php\/producto\/plan-3-anos-firewall-nueva-generacion-serie-gcc\/","title":{"rendered":"Plan 3 a\u00f1os Firewall Nueva Generaci\u00f3n Serie GCC"},"content":{"rendered":"<div style='width: 100%; max-width: 1200px; margin: 0 auto; font-family: sans-serif; line-height: 1.6; color: inherit; background-color: transparent;'> <!-- Secci\u00f3n de t\u00edtulo y descripci\u00f3n --> <\/p>\n<div style='margin-bottom: 30px;'>\n<h2 style='font-size: 24px; margin: 0 0 10px 0; color: inherit;'>Plan 3 a\u00f1os Firewall GCC6010<\/h2>\n<p style='margin: 0 0 20px 0; color: inherit;'>Aseg\u00farese de que su firewall serie GCC6000 siempre utilice la \u00faltima tecnolog\u00eda de seguridad<\/p>\n<\/p><\/div>\n<p> <!-- Secci\u00f3n de caracter\u00edsticas --> <\/p>\n<div style='margin-bottom: 30px;'>\n<h3 style='font-size: 20px; border-bottom: 2px solid currentColor; padding-bottom: 5px; margin-top: 0; margin-bottom: 15px; color: inherit; opacity: 0.8;'>Caracter\u00edsticas<\/h3>\n<ul style='padding-left: 20px; font-size: 15px; color: inherit;'>\n<li style='margin-bottom: 5px;'>Protecci\u00f3n Anti-Malware<\/li>\n<li style='margin-bottom: 5px;'>IDS\/IPS<\/li>\n<li style='margin-bottom: 5px;'>Identificaci\u00f3n y control de aplicaciones<\/li>\n<li style='margin-bottom: 5px;'>Seguridad web avanzada<\/li>\n<li style='margin-bottom: 5px;'>Seguridad del correo electr\u00f3nico (Muy pronto)<\/li>\n<\/ul><\/div>\n<p> <!-- Frecuencia de actualizaci\u00f3n --> <\/p>\n<div style='margin-bottom: 30px;'>\n<h3 style='font-size: 20px; border-bottom: 2px solid currentColor; padding-bottom: 5px; margin-top: 0; margin-bottom: 20px; color: inherit; opacity: 0.8;'>Frecuencia de actualizaci\u00f3n<\/h3>\n<div style='overflow-x: auto;'>\n<table style='width: 100%; border-collapse: collapse; color: inherit; font-size: 15px;'>\n<thead>\n<tr style='background-color: #f7faff; border-bottom: 1px solid rgba(150&comma;150&comma;150&comma;0.3);'>\n<th style='padding: 12px 20px; text-align: left; border-right: 1px solid rgba(150&comma;150&comma;150&comma;0.3);'>Security Service<\/th>\n<th style='padding: 12px 20px; text-align: left;'>Update Frequency<\/th>\n<\/tr>\n<\/thead>\n<tbody>\n<tr style='border-top: 1px solid rgba(150&comma;150&comma;150&comma;0.3);'>\n<td style='padding: 12px 20px; border-right: 1px solid rgba(150&comma;150&comma;150&comma;0.3);'>Anti-malware<\/td>\n<td style='padding: 12px 20px;'>A diario<\/td>\n<\/tr>\n<tr style='border-top: 1px solid rgba(150&comma;150&comma;150&comma;0.3);'>\n<td style='padding: 12px 20px; border-right: 1px solid rgba(150&comma;150&comma;150&comma;0.3);'>DPI<\/td>\n<td style='padding: 12px 20px;'>Semanalmente<\/td>\n<\/tr>\n<tr style='border-top: 1px solid rgba(150&comma;150&comma;150&comma;0.3);'>\n<td style='padding: 12px 20px; border-right: 1px solid rgba(150&comma;150&comma;150&comma;0.3);'>IPS\/IDS<\/td>\n<td style='padding: 12px 20px;'>Semanalmente<\/td>\n<\/tr>\n<tr style='border-top: 1px solid rgba(150&comma;150&comma;150&comma;0.3);'>\n<td style='padding: 12px 20px; border-right: 1px solid rgba(150&comma;150&comma;150&comma;0.3);'>Web Security (URL categorization)<\/td>\n<td style='padding: 12px 20px;'>Mensualmente<\/td>\n<\/tr>\n<\/tbody>\n<\/table><\/div>\n<\/p><\/div>\n<p> <!-- Separador final --> <\/p>\n<hr style='border: 0; border-top: 1px solid rgba(150&comma; 150&comma; 150&comma; 0.3); margin: 30px 0;'> <\/div>\n","protected":false},"excerpt":{"rendered":"<p>Plan 3 a\u00f1os Firewall Nueva Generaci\u00f3n Serie GCC<\/p>\n","protected":false},"featured_media":82573,"comment_status":"open","ping_status":"closed","template":"","meta":[],"product_brand":[],"product_cat":[2122],"product_tag":[2038,909,664],"class_list":{"0":"post-82574","1":"product","2":"type-product","3":"status-publish","4":"has-post-thumbnail","6":"product_cat-firewalls-networking","7":"product_tag-firewalls","8":"product_tag-grandstream","9":"product_tag-networking","11":"first","12":"outofstock","13":"sale","14":"shipping-taxable","15":"purchasable","16":"product-type-simple"},"_links":{"self":[{"href":"https:\/\/soydeaqui.ddns.net\/pachuca\/index.php\/wp-json\/wp\/v2\/product\/82574","targetHints":{"allow":["GET"]}}],"collection":[{"href":"https:\/\/soydeaqui.ddns.net\/pachuca\/index.php\/wp-json\/wp\/v2\/product"}],"about":[{"href":"https:\/\/soydeaqui.ddns.net\/pachuca\/index.php\/wp-json\/wp\/v2\/types\/product"}],"replies":[{"embeddable":true,"href":"https:\/\/soydeaqui.ddns.net\/pachuca\/index.php\/wp-json\/wp\/v2\/comments?post=82574"}],"wp:featuredmedia":[{"embeddable":true,"href":"https:\/\/soydeaqui.ddns.net\/pachuca\/index.php\/wp-json\/wp\/v2\/media\/82573"}],"wp:attachment":[{"href":"https:\/\/soydeaqui.ddns.net\/pachuca\/index.php\/wp-json\/wp\/v2\/media?parent=82574"}],"wp:term":[{"taxonomy":"product_brand","embeddable":true,"href":"https:\/\/soydeaqui.ddns.net\/pachuca\/index.php\/wp-json\/wp\/v2\/product_brand?post=82574"},{"taxonomy":"product_cat","embeddable":true,"href":"https:\/\/soydeaqui.ddns.net\/pachuca\/index.php\/wp-json\/wp\/v2\/product_cat?post=82574"},{"taxonomy":"product_tag","embeddable":true,"href":"https:\/\/soydeaqui.ddns.net\/pachuca\/index.php\/wp-json\/wp\/v2\/product_tag?post=82574"}],"curies":[{"name":"wp","href":"https:\/\/api.w.org\/{rel}","templated":true}]}}