{"id":82565,"date":"2026-03-19T19:31:29","date_gmt":"2026-03-19T19:31:29","guid":{"rendered":"https:\/\/soydeaqui.ddns.net\/pachuca\/index.php\/producto\/telefono-ip-inalambrico-para-hoteleria-con-wi-fi-6-doble-banda-6-teclas-dssmaterial-antibacterial\/"},"modified":"2026-03-19T19:31:38","modified_gmt":"2026-03-19T19:31:38","slug":"telefono-ip-inalambrico-para-hoteleria-con-wi-fi-6-doble-banda-6-teclas-dssmaterial-antibacterial","status":"publish","type":"product","link":"https:\/\/soydeaqui.ddns.net\/pachuca\/index.php\/producto\/telefono-ip-inalambrico-para-hoteleria-con-wi-fi-6-doble-banda-6-teclas-dssmaterial-antibacterial\/","title":{"rendered":"Tel\u00e9fono IP Inal\u00e1mbrico para Hoteler\u00eda con Wi-Fi 6 Doble Banda, 6 Teclas DSS,Material Antibacterial"},"content":{"rendered":"<div style='width: 100%; max-width: 1200px; margin: 0 auto; font-family: sans-serif; line-height: 1.6; color: inherit; background-color: transparent;'> <!-- Banner principal --> <\/p>\n<div style='background-color: #c20000; color: white; text-align: center; padding: 30px 15px;'>\n<h1 style='margin: 0; font-size: 32px; color: inherit;'>Fanvil H603W Wi-Fi IP Phone<\/h1>\n<p style='margin: 0; font-size: 18px; color: inherit;'>Tel\u00e9fono IP para Hoteles con Wi-Fi 6&comma; Voz HD y Material Antibacterial<\/p>\n<\/p><\/div>\n<p> <!-- Contenedor principal --> <\/p>\n<div style='max-width: 900px; margin: auto; padding: 20px; font-family: Arial&comma; sans-serif; color: inherit;'> <!-- Imagen principal --> <\/p>\n<div style='text-align: center; margin-bottom: 20px;'> <img style='width: 100%; height: auto; border: 1px solid rgba(150&comma;150&comma;150&comma;0.3); border-radius: 8px;' src='https:\/\/ftp3.syscom.mx\/usuarios\/fotos\/H603WB\/235796-1018r244fh_(1).jpg' alt='Fanvil H603W'> <\/div>\n<p> <!-- Descripci\u00f3n general --> <\/p>\n<h2 style='color: #c20000; font-size: 24px; margin-top: 40px; color: inherit; opacity: 0.8; border-bottom: 2px solid currentColor; padding-bottom: 5px;'>Descripci\u00f3n General<\/h2>\n<p style='font-size: 16px; line-height: 1.6; color: inherit;'>Fanvil H603W es un moderno tel\u00e9fono IP Wi-Fi con m\u00faltiples funciones y un aspecto elegante. Dispone de 6 teclas programables&comma; voz HD y Wi-Fi de 2&comma;4 GHz \/ 5 GHz (Wi-Fi 6)&comma; lo que garantiza una comunicaci\u00f3n estable con itinerancia r\u00e1pida. Su material antimicrobiano evita el crecimiento bacteriano&comma; protegiendo la salud del hu\u00e9sped. Con una bater\u00eda de gran capacidad&comma; el H603W ofrece un rendimiento duradero y proporciona una experiencia superior.<\/p>\n<p> <!-- Secci\u00f3n de caracter\u00edsticas --> <\/p>\n<div style='display: flex; flex-wrap: wrap; gap: 30px; margin-top: 40px;'> <!-- Caracter\u00edsticas Principales --> <\/p>\n<div style='flex: 1 1 300px; min-width: 280px; border: 1px solid rgba(150&comma; 150&comma; 150&comma; 0.4); border-radius: 8px; overflow: hidden; display: flex; flex-direction: column;'>\n<div style='padding: 15px; border-bottom: 1px solid rgba(150&comma; 150&comma; 150&comma; 0.2); font-weight: bold; font-size: 18px; background-color: #fff; color: inherit;'>Caracter\u00edsticas Principales:<\/div>\n<div style='padding: 15px; color: inherit;'>\n<ul style='padding-left: 20px; margin: 0; font-size: 14px; list-style-type: disc; color: inherit;'>\n<li style='margin-bottom: 5px;'>6 teclas DSS programables<\/li>\n<li style='margin-bottom: 5px;'>Handset inalambrico<\/li>\n<li style='margin-bottom: 5px;'>Pantalla LCD de matriz de puntos<\/li>\n<li style='margin-bottom: 5px;'>Audio HD con cancelaci\u00f3n de eco<\/li>\n<li style='margin-bottom: 5px;'>Compatible con aud\u00edfonos EHS<\/li>\n<li style='margin-bottom: 5px;'>Dise\u00f1o elegante y compacto para hoteles<\/li>\n<li style='margin-bottom: 5px;'>Wi-Fi 6 de doble banda (2.4 GHz \/ 5 GHz)<\/li>\n<li style='margin-bottom: 5px;'>Material con protecci\u00f3n antimicrobiana<\/li>\n<li style='margin-bottom: 5px;'>Bater\u00eda interna de 1900 mAh<\/li>\n<li style='margin-bottom: 5px;'>Certificaci\u00f3n antibacterial SGS ISO 22196<\/li>\n<\/ul><\/div>\n<\/p><\/div>\n<p> <!-- Caracter\u00edsticas de Red --> <\/p>\n<div style='flex: 1 1 300px; min-width: 280px; border: 1px solid rgba(150&comma; 150&comma; 150&comma; 0.4); border-radius: 8px; overflow: hidden; display: flex; flex-direction: column;'>\n<div style='padding: 15px; border-bottom: 1px solid rgba(150&comma; 150&comma; 150&comma; 0.2); font-weight: bold; font-size: 18px; background-color: #fff; color: inherit;'>Caracter\u00edsticas de Red:<\/div>\n<div style='padding: 15px; color: inherit;'>\n<ul style='padding-left: 20px; margin: 0; font-size: 14px; list-style-type: disc; color: inherit;'>\n<li style='margin-bottom: 5px;'>Conectividad Wi-Fi 802.11 a\/b\/g\/n\/ac\/ax<\/li>\n<li style='margin-bottom: 5px;'>Doble banda 2.4GHz y 5GHz<\/li>\n<li style='margin-bottom: 5px;'>Roaming r\u00e1pido para movilidad hotelera<\/li>\n<li style='margin-bottom: 5px;'>Protocolos: SIP 2.0 sobre UDP\/TCP\/TLS<\/li>\n<li style='margin-bottom: 5px;'>Compatible con 3CX&comma; Asterisk&comma; Yeastar y m\u00e1s<\/li>\n<li style='margin-bottom: 5px;'>Soporte para FDMCS (gesti\u00f3n remota Fanvil)<\/li>\n<\/ul><\/div>\n<\/p><\/div>\n<p> <!-- Caracter\u00edsticas F\u00edsicas y El\u00e9ctricas --> <\/p>\n<div style='flex: 1 1 300px; min-width: 280px; border: 1px solid rgba(150&comma; 150&comma; 150&comma; 0.4); border-radius: 8px; overflow: hidden; display: flex; flex-direction: column;'>\n<div style='padding: 15px; border-bottom: 1px solid rgba(150&comma; 150&comma; 150&comma; 0.2); font-weight: bold; font-size: 18px; background-color: #fff; color: inherit;'>Caracter\u00edsticas F\u00edsicas y El\u00e9ctricas:<\/div>\n<div style='padding: 15px; color: inherit;'>\n<ul style='padding-left: 20px; margin: 0; font-size: 14px; list-style-type: disc; color: inherit;'>\n<li style='margin-bottom: 5px;'>Alimentaci\u00f3n por adaptador o bater\u00eda recargable<\/li>\n<li style='margin-bottom: 5px;'>Puerto RJ9 para aud\u00edfonos<\/li>\n<li style='margin-bottom: 5px;'>Bot\u00f3n de funci\u00f3n y gancho de pared (opcional)<\/li>\n<li style='margin-bottom: 5px;'>Temperatura de operaci\u00f3n: 0\u00b0 a 45\u00b0C<\/li>\n<li style='margin-bottom: 5px;'>Humedad: 10% a 90% sin condensaci\u00f3n<\/li>\n<li style='margin-bottom: 5px;'>Dimensiones: 190.7 x 102.7 x 37.9 mm<\/li>\n<li style='margin-bottom: 5px;'>Montaje en pared o escritorio<\/li>\n<\/ul><\/div>\n<\/p><\/div>\n<\/p><\/div>\n<p> <!-- Galer\u00eda de im\u00e1genes --> <\/p>\n<h2 style='color: #c20000; font-size: 24px; margin-top: 40px; color: inherit; opacity: 0.8; border-bottom: 2px solid currentColor; padding-bottom: 5px;'>Galer\u00eda de Im\u00e1genes<\/h2>\n<div style='display: flex; flex-direction: column; align-items: center; gap: 20px; margin-top: 20px;'> <!-- Imagen 1 --> <\/p>\n<div style='max-width: 700px; width: 100%; background: #fff; padding: 10px; border-radius: 10px; box-shadow: 0 4px 12px rgba(0&comma;0&comma;0&comma;0.1);'> <img style='width: 100%; height: auto; border: 1px solid rgba(150&comma;150&comma;150&comma;0.3); border-radius: 8px;' src='https:\/\/ftp3.syscom.mx\/usuarios\/fotos\/H603WB\/235796-1018p84862_(1).jpg' alt='Imagen 1'> <\/div>\n<p> <!-- Imagen 2 --> <\/p>\n<div style='max-width: 700px; width: 100%; background: #fff; padding: 10px; border-radius: 10px; box-shadow: 0 4px 12px rgba(0&comma;0&comma;0&comma;0.1);'> <img style='width: 100%; height: auto; border: 1px solid rgba(150&comma;150&comma;150&comma;0.3); border-radius: 8px;' src='https:\/\/ftp3.syscom.mx\/usuarios\/fotos\/H603WB\/235796-1018pz02zt_(1).jpg' alt='Imagen 2'> <\/div>\n<p> <!-- Imagen 3 --> <\/p>\n<div style='max-width: 700px; width: 100%; background: #fff; padding: 10px; border-radius: 10px; box-shadow: 0 4px 12px rgba(0&comma;0&comma;0&comma;0.1);'> <img style='width: 100%; height: auto; border: 1px solid rgba(150&comma;150&comma;150&comma;0.3); border-radius: 8px;' src='https:\/\/ftp3.syscom.mx\/usuarios\/fotos\/H603WB\/235796-10180rn2x6_(1).jpg' alt='Imagen 3'> <\/div>\n<p> <!-- Imagen 4 --> <\/p>\n<div style='max-width: 700px; width: 100%; background: #fff; padding: 10px; border-radius: 10px; box-shadow: 0 4px 12px rgba(0&comma;0&comma;0&comma;0.1);'> <img style='width: 100%; height: auto; border: 1px solid rgba(150&comma;150&comma;150&comma;0.3); border-radius: 8px;' src='https:\/\/ftp3.syscom.mx\/usuarios\/fotos\/H603WB\/235796-10184rlt8b_(1).jpg' alt='Imagen 4'> <\/div>\n<p> <!-- Imagen 5 --> <\/p>\n<div style='max-width: 700px; width: 100%; background: #fff; padding: 10px; border-radius: 10px; box-shadow: 0 4px 12px rgba(0&comma;0&comma;0&comma;0.1);'> <img style='width: 100%; height: auto; border: 1px solid rgba(150&comma;150&comma;150&comma;0.3); border-radius: 8px;' src='https:\/\/ftp3.syscom.mx\/usuarios\/fotos\/H603WB\/235796-10216lh04x_(1).jpg' alt='Imagen 5'> <\/div>\n<\/p><\/div>\n<\/p><\/div>\n<\/p><\/div>\n","protected":false},"excerpt":{"rendered":"<p>Tel\u00e9fono IP Inal\u00e1mbrico para Hoteler\u00eda con Wi-Fi 6 Doble Banda, 6 Teclas DSS,Material Antibacterial<\/p>\n","protected":false},"featured_media":82564,"comment_status":"open","ping_status":"closed","template":"","meta":[],"product_brand":[],"product_cat":[2003],"product_tag":[859,2005,2004],"class_list":{"0":"post-82565","1":"product","2":"type-product","3":"status-publish","4":"has-post-thumbnail","6":"product_cat-telefonos-ip","7":"product_tag-fanvil","8":"product_tag-telefonos-ip","9":"product_tag-voip-telefonia-ip-videoconferencia","11":"first","12":"instock","13":"sale","14":"shipping-taxable","15":"purchasable","16":"product-type-simple"},"_links":{"self":[{"href":"https:\/\/soydeaqui.ddns.net\/pachuca\/index.php\/wp-json\/wp\/v2\/product\/82565","targetHints":{"allow":["GET"]}}],"collection":[{"href":"https:\/\/soydeaqui.ddns.net\/pachuca\/index.php\/wp-json\/wp\/v2\/product"}],"about":[{"href":"https:\/\/soydeaqui.ddns.net\/pachuca\/index.php\/wp-json\/wp\/v2\/types\/product"}],"replies":[{"embeddable":true,"href":"https:\/\/soydeaqui.ddns.net\/pachuca\/index.php\/wp-json\/wp\/v2\/comments?post=82565"}],"wp:featuredmedia":[{"embeddable":true,"href":"https:\/\/soydeaqui.ddns.net\/pachuca\/index.php\/wp-json\/wp\/v2\/media\/82564"}],"wp:attachment":[{"href":"https:\/\/soydeaqui.ddns.net\/pachuca\/index.php\/wp-json\/wp\/v2\/media?parent=82565"}],"wp:term":[{"taxonomy":"product_brand","embeddable":true,"href":"https:\/\/soydeaqui.ddns.net\/pachuca\/index.php\/wp-json\/wp\/v2\/product_brand?post=82565"},{"taxonomy":"product_cat","embeddable":true,"href":"https:\/\/soydeaqui.ddns.net\/pachuca\/index.php\/wp-json\/wp\/v2\/product_cat?post=82565"},{"taxonomy":"product_tag","embeddable":true,"href":"https:\/\/soydeaqui.ddns.net\/pachuca\/index.php\/wp-json\/wp\/v2\/product_tag?post=82565"}],"curies":[{"name":"wp","href":"https:\/\/api.w.org\/{rel}","templated":true}]}}