{"id":82541,"date":"2026-03-19T19:30:31","date_gmt":"2026-03-19T19:30:31","guid":{"rendered":"https:\/\/soydeaqui.ddns.net\/pachuca\/index.php\/producto\/stagebox-124-canales-4-extremos-son-scmm3-los-otros-12-extremos-son-scmf3\/"},"modified":"2026-03-19T19:30:44","modified_gmt":"2026-03-19T19:30:44","slug":"stagebox-124-canales-4-extremos-son-scmm3-los-otros-12-extremos-son-scmf3","status":"publish","type":"product","link":"https:\/\/soydeaqui.ddns.net\/pachuca\/index.php\/producto\/stagebox-124-canales-4-extremos-son-scmm3-los-otros-12-extremos-son-scmf3\/","title":{"rendered":"Stagebox, 12+4 canales, 4 extremos son SCMM3, los otros 12 extremos son SCMF3."},"content":{"rendered":"<div style='width: 100%; max-width: 1200px; margin: 0 auto; font-family: sans-serif; line-height: 1.6; color: inherit; background-color: transparent;'> <!-- Imagen 1 --> <\/p>\n<div style='width: 100%; margin-bottom: 30px;'> <img style='width: 100%; height: auto; border: 1px solid rgba(150&comma;150&comma;150&comma;0.3); border-radius: 8px;' src='https:\/\/ftp3.syscom.mx\/usuarios\/luis.vargas\/SEETRONIC\/seetronic_1.jpg' alt='Stagebox CSBT1204L20M'> <\/div>\n<p> <!-- Caracter\u00edsticas --> <\/p>\n<div style='margin-bottom: 30px;'>\n<h3 style='font-size: 22px; border-bottom: 2px solid currentColor; padding-bottom: 5px; margin-top: 0; color: inherit; opacity: 0.8; text-align: center;'>Caracter\u00edsticas<\/h3>\n<div style='display: flex; flex-wrap: wrap; gap: 20px; margin-top: 20px;'> <!-- Columna 1 --> <\/p>\n<div style='flex: 1 1 300px; min-width: 250px;'>\n<ul style='padding-left: 20px; font-size: 15px; color: inherit; list-style-type: disc;'>\n<li style='margin-bottom: 5px;'>Tipo de conexi\u00f3n: XLR<\/li>\n<li style='margin-bottom: 5px;'>Tipo de conector: 4 MACHOS&comma; 12 HEMBRA<\/li>\n<li style='margin-bottom: 5px;'>Cable 20M<\/li>\n<li style='margin-bottom: 5px;'>Cableado: contactos chapados en plata.<\/li>\n<li style='margin-bottom: 5px;'>Carcasa cromada perlada<\/li>\n<\/ul><\/div>\n<p> <!-- Columna 2 --> <\/p>\n<div style='flex: 1 1 300px; min-width: 250px;'>\n<ul style='padding-left: 20px; font-size: 15px; color: inherit; list-style-type: disc;'>\n<li style='margin-bottom: 5px;'>Conector de 12+4 canales&comma; con un cableado de 30m<\/li>\n<li style='margin-bottom: 5px;'>Duro&comma; duradero&comma; de larga vida \u00fatil y alta confiabilidad.<\/li>\n<li style='margin-bottom: 5px;'>Nuevo dise\u00f1o de apariencia&comma; funcionamiento m\u00e1s suave<\/li>\n<li style='margin-bottom: 5px;'>Nueva conexi\u00f3n a tierra que proporciona un buen contacto total entre el chasis y los conectores de cable.<\/li>\n<li style='margin-bottom: 5px;'>Alta capacidad de corriente: Soporta una corriente nominal de 20 A a 250 V CA&comma; ideal para dispositivos que requieren un suministro de energ\u00eda robusto.<\/li>\n<\/ul><\/div>\n<p> <!-- Columna 3 --> <\/p>\n<div style='flex: 1 1 300px; min-width: 250px;'>\n<ul style='padding-left: 20px; font-size: 15px; color: inherit; list-style-type: disc;'>\n<li style='margin-bottom: 5px;'>Exquisito dise\u00f1o de ranura en la bota para anillo de color para codificaci\u00f3n e identificaci\u00f3n<\/li>\n<li style='margin-bottom: 5px;'>Resistente a ca\u00eddas y presi\u00f3n que a\u00fan puede funcionar de manera estable en condiciones dif\u00edciles<\/li>\n<li style='margin-bottom: 5px;'>La funda est\u00e1 equipada con una funda de sellado de poliuretano para evitar en gran medida que el cable se vea afectado por la presi\u00f3n de flexi\u00f3n.<\/li>\n<\/ul><\/div>\n<\/p><\/div>\n<\/p><\/div>\n<p> <!-- Imagen 2 --> <\/p>\n<div style='width: 100%; max-width: 200px; margin: 0 auto 30px;'> <img style='width: 100%; height: auto; border: 1px solid rgba(150&comma;150&comma;150&comma;0.3); border-radius: 8px;' src='https:\/\/ftp3.syscom.mx\/usuarios\/luis.vargas\/SEETRONIC\/SCHF3\/SCHF3.jpg' alt='Conector SCHF3'> <\/div>\n<\/p><\/div>\n","protected":false},"excerpt":{"rendered":"<p>Stagebox, 12+4 canales, 4 extremos son SCMM3, los otros 12 extremos son SCMF3.<\/p>\n","protected":false},"featured_media":82540,"comment_status":"open","ping_status":"closed","template":"","meta":[],"product_brand":[],"product_cat":[2168],"product_tag":[52,616,2169],"class_list":{"0":"post-82541","1":"product","2":"type-product","3":"status-publish","4":"has-post-thumbnail","6":"product_cat-conectores-audio-residencial-comercial","7":"product_tag-audio-residencial-comercial","8":"product_tag-conectores","9":"product_tag-seetronic","11":"first","12":"instock","13":"sale","14":"shipping-taxable","15":"purchasable","16":"product-type-simple"},"_links":{"self":[{"href":"https:\/\/soydeaqui.ddns.net\/pachuca\/index.php\/wp-json\/wp\/v2\/product\/82541","targetHints":{"allow":["GET"]}}],"collection":[{"href":"https:\/\/soydeaqui.ddns.net\/pachuca\/index.php\/wp-json\/wp\/v2\/product"}],"about":[{"href":"https:\/\/soydeaqui.ddns.net\/pachuca\/index.php\/wp-json\/wp\/v2\/types\/product"}],"replies":[{"embeddable":true,"href":"https:\/\/soydeaqui.ddns.net\/pachuca\/index.php\/wp-json\/wp\/v2\/comments?post=82541"}],"wp:featuredmedia":[{"embeddable":true,"href":"https:\/\/soydeaqui.ddns.net\/pachuca\/index.php\/wp-json\/wp\/v2\/media\/82540"}],"wp:attachment":[{"href":"https:\/\/soydeaqui.ddns.net\/pachuca\/index.php\/wp-json\/wp\/v2\/media?parent=82541"}],"wp:term":[{"taxonomy":"product_brand","embeddable":true,"href":"https:\/\/soydeaqui.ddns.net\/pachuca\/index.php\/wp-json\/wp\/v2\/product_brand?post=82541"},{"taxonomy":"product_cat","embeddable":true,"href":"https:\/\/soydeaqui.ddns.net\/pachuca\/index.php\/wp-json\/wp\/v2\/product_cat?post=82541"},{"taxonomy":"product_tag","embeddable":true,"href":"https:\/\/soydeaqui.ddns.net\/pachuca\/index.php\/wp-json\/wp\/v2\/product_tag?post=82541"}],"curies":[{"name":"wp","href":"https:\/\/api.w.org\/{rel}","templated":true}]}}