{"id":82535,"date":"2026-03-19T19:30:18","date_gmt":"2026-03-19T19:30:18","guid":{"rendered":"https:\/\/soydeaqui.ddns.net\/pachuca\/index.php\/producto\/video-intercomunicador-ip-altavoz-10w-2-relevadores-con-boton-para-llamada-anti-vandalico-ip66-e-ik10-poe\/"},"modified":"2026-03-19T19:30:24","modified_gmt":"2026-03-19T19:30:24","slug":"video-intercomunicador-ip-altavoz-10w-2-relevadores-con-boton-para-llamada-anti-vandalico-ip66-e-ik10-poe","status":"publish","type":"product","link":"https:\/\/soydeaqui.ddns.net\/pachuca\/index.php\/producto\/video-intercomunicador-ip-altavoz-10w-2-relevadores-con-boton-para-llamada-anti-vandalico-ip66-e-ik10-poe\/","title":{"rendered":"Video\/ Intercomunicador IP, Altavoz 10W, 2 relevadores con bot\u00f3n para llamada, anti-vand\u00e1lico, IP66 e IK10, PoE"},"content":{"rendered":"<div style='width: 100%; max-width: 1200px; margin: 0 auto; font-family: sans-serif; line-height: 1.6; color: inherit; background-color: transparent;'> <!-- Encabezado del producto --> <\/p>\n<div style='background-color: #cb3234; color: white; text-align: center; padding: 30px 15px;'>\n<h1 style='margin: 0; font-size: 32px; font-family: Arial&comma; sans-serif; color: inherit;'>Fanvil A12V \u2013 Video Intercom IP con C\u00e1mara Starlight<\/h1>\n<p style='margin: 0; font-size: 18px; font-family: Arial&comma; sans-serif; color: inherit;'>Audio Potente 10W | C\u00e1mara 4MP HDR | IP66 &#038; IK10 | Alarma Antimanipulaci\u00f3n<\/p>\n<\/p><\/div>\n<p> <!-- Contenedor principal --> <\/p>\n<div style='max-width: 1100px; margin: auto; padding: 20px; font-family: Arial&comma; sans-serif; color: inherit;'> <!-- Descripci\u00f3n general --> <\/p>\n<h2 style='color: #cb3234; font-size: 24px; color: inherit; opacity: 0.8;'>Descripci\u00f3n General<\/h2>\n<p style='font-size: 16px; line-height: 1.6; text-align: justify; color: inherit;'>El <strong style='color: inherit;'>Fanvil A12V<\/strong> es un moderno video intercomunicador IP con <strong style='color: inherit;'>altavoz de 10W<\/strong> y tecnolog\u00eda de <strong style='color: inherit;'>c\u00e1mara turbo con sensor starlight 4MP<\/strong>. Su c\u00e1mara ofrece <strong style='color: inherit;'>visi\u00f3n nocturna por IR<\/strong> y <strong style='color: inherit;'>HDR<\/strong> para excelente calidad de imagen. Gracias a la tecnolog\u00eda de <strong style='color: inherit;'>reducci\u00f3n de ruido con doble micr\u00f3fono<\/strong>&comma; ofrece audio claro en ambientes ruidosos. Construido con <strong style='color: inherit;'>panel de acero inoxidable<\/strong> y <strong style='color: inherit;'>estructura de aleaci\u00f3n de aluminio<\/strong>&comma; garantiza resistencia contra manipulaciones y condiciones clim\u00e1ticas extremas.<\/p>\n<p> <!-- Caracter\u00edsticas --> <\/p>\n<div style='display: flex; flex-wrap: wrap; gap: 30px; margin-bottom: 30px; margin-top: 30px;'> <!-- Principales --> <\/p>\n<div style='flex: 1 1 300px; min-width: 280px; border: 1px solid rgba(150&comma; 150&comma; 150&comma; 0.4); border-radius: 8px; overflow: hidden; display: flex; flex-direction: column;'>\n<div style='padding: 15px; border-bottom: 1px solid rgba(150&comma; 150&comma; 150&comma; 0.2); font-weight: bold; font-size: 18px; color: #cb3234; background-color: #f9f9f9; color: inherit;'>Caracter\u00edsticas Principales<\/div>\n<div style='padding: 15px; color: inherit;'>\n<ul style='padding-left: 20px; margin: 0; font-size: 14px; list-style-type: disc; color: inherit;'>\n<li style='margin-bottom: 5px; color: inherit;'>2 l\u00edneas SIP<\/li>\n<li style='margin-bottom: 5px; color: inherit;'>Altavoz 10W con c\u00e1mara de sonido turbo<\/li>\n<li style='margin-bottom: 5px; color: inherit;'>Cancelador de eco (AEC)<\/li>\n<li style='margin-bottom: 5px; color: inherit;'>C\u00e1mara gran angular Starlight 4MP con HDR e IR<\/li>\n<li style='margin-bottom: 5px; color: inherit;'>Resistencia IP66 e IK10<\/li>\n<li style='margin-bottom: 5px; color: inherit;'>Alarma contra manipulaci\u00f3n con reporte remoto<\/li>\n<li style='margin-bottom: 5px; color: inherit;'>Temperatura de operaci\u00f3n: -40\u00b0C a 70\u00b0C<\/li>\n<li style='margin-bottom: 5px; color: inherit;'>Compatibilidad: Asterisk&comma; 3CX&comma; Avaya&comma; Broadsoft&comma; etc.<\/li>\n<li style='margin-bottom: 5px; color: inherit;'><strong style='color: inherit;'>Garant\u00eda: 3 a\u00f1os<\/strong><\/li>\n<\/ul><\/div>\n<\/p><\/div>\n<p> <!-- F\u00edsicas y el\u00e9ctricas --> <\/p>\n<div style='flex: 1 1 300px; min-width: 280px; border: 1px solid rgba(150&comma; 150&comma; 150&comma; 0.4); border-radius: 8px; overflow: hidden; display: flex; flex-direction: column;'>\n<div style='padding: 15px; border-bottom: 1px solid rgba(150&comma; 150&comma; 150&comma; 0.2); font-weight: bold; font-size: 18px; color: #cb3234; background-color: #f9f9f9; color: inherit;'>F\u00edsicas y El\u00e9ctricas<\/div>\n<div style='padding: 15px; color: inherit;'>\n<ul style='padding-left: 20px; margin: 0; font-size: 14px; list-style-type: disc; color: inherit;'>\n<li style='margin-bottom: 5px; color: inherit;'>Alimentaci\u00f3n: PoE 802.3af o 12Vcc (1A)<\/li>\n<li style='margin-bottom: 5px; color: inherit;'>Montaje en pared<\/li>\n<li style='margin-bottom: 5px; color: inherit;'>Material: Aleaci\u00f3n de aluminio<\/li>\n<li style='margin-bottom: 5px; color: inherit;'>Protecci\u00f3n IP66 \/ IK10<\/li>\n<li style='margin-bottom: 5px; color: inherit;'>Dimensiones: 205 \u00d7 120 \u00d7 47 mm<\/li>\n<li style='margin-bottom: 5px; color: inherit;'>Peso: 1.134 kg<\/li>\n<li style='margin-bottom: 5px; color: inherit;'>Puerto RJ45 x1<\/li>\n<\/ul><\/div>\n<\/p><\/div>\n<p> <!-- Red --> <\/p>\n<div style='flex: 1 1 300px; min-width: 280px; border: 1px solid rgba(150&comma; 150&comma; 150&comma; 0.4); border-radius: 8px; overflow: hidden; display: flex; flex-direction: column;'>\n<div style='padding: 15px; border-bottom: 1px solid rgba(150&comma; 150&comma; 150&comma; 0.2); font-weight: bold; font-size: 18px; color: #cb3234; background-color: #f9f9f9; color: inherit;'>Conectividad de Red<\/div>\n<div style='padding: 15px; color: inherit;'>\n<ul style='padding-left: 20px; margin: 0; font-size: 14px; list-style-type: disc; color: inherit;'>\n<li style='margin-bottom: 5px; color: inherit;'>Puerto Ethernet 10\/100 Mbps<\/li>\n<li style='margin-bottom: 5px; color: inherit;'>VPN: L2TP \/ OpenVPN<\/li>\n<li style='margin-bottom: 5px; color: inherit;'>Soporte VLAN<\/li>\n<li style='margin-bottom: 5px; color: inherit;'>QoS<\/li>\n<\/ul><\/div>\n<\/p><\/div>\n<\/p><\/div>\n<p> <!-- Galer\u00eda de im\u00e1genes --> <\/p>\n<h2 style='color: #cb3234; font-size: 24px; color: inherit; opacity: 0.8; margin-top: 30px;'>Galer\u00eda de Im\u00e1genes<\/h2>\n<div style='display: flex; flex-wrap: wrap; justify-content: center; gap: 30px; margin-top: 20px;'> <img style='width: 100%; max-width: 1000px; height: auto; border: 1px solid rgba(150&comma;150&comma;150&comma;0.3); border-radius: 8px;' src='https:\/\/ftp3.syscom.mx\/usuarios\/fotos\/A12F\/234008-a121_(1).jpg' alt='Fanvil A12V imagen 1'> <img style='width: 100%; max-width: 1000px; height: auto; border: 1px solid rgba(150&comma;150&comma;150&comma;0.3); border-radius: 8px;' src='https:\/\/ftp3.syscom.mx\/usuarios\/fotos\/A12F\/234008-a122_(1).jpg' alt='Fanvil A12V imagen 2'> <img style='width: 100%; max-width: 1000px; height: auto; border: 1px solid rgba(150&comma;150&comma;150&comma;0.3); border-radius: 8px;' src='https:\/\/ftp3.syscom.mx\/usuarios\/fotos\/A12F\/234008-a123_(1).jpg' alt='Fanvil A12V imagen 3'> <img style='width: 100%; max-width: 1000px; height: auto; border: 1px solid rgba(150&comma;150&comma;150&comma;0.3); border-radius: 8px;' src='https:\/\/ftp3.syscom.mx\/usuarios\/fotos\/A12V\/235802-0946888428_(1).jpg' alt='Fanvil A12V imagen 4'> <img style='width: 100%; max-width: 1000px; height: auto; border: 1px solid rgba(150&comma;150&comma;150&comma;0.3); border-radius: 8px;' src='https:\/\/ftp3.syscom.mx\/usuarios\/fotos\/A12V\/235802-1019z8h846.gif' alt='Fanvil A12V funcionamiento'> <\/div>\n<p> <!-- Video --> <\/p>\n<div style='margin-top: 30px;'>\n<div style='position: relative; padding-bottom: 56.25%; height: 0; overflow: hidden; margin-bottom: 30px;'>   <\/div>\n<\/p><\/div>\n<\/p><\/div>\n<\/p><\/div>\n","protected":false},"excerpt":{"rendered":"<p>Video\/ Intercomunicador IP, Altavoz 10W, 2 relevadores con bot\u00f3n para llamada, anti-vand\u00e1lico, IP66 e IK10, PoE<\/p>\n","protected":false},"featured_media":82534,"comment_status":"open","ping_status":"closed","template":"","meta":[],"product_brand":[],"product_cat":[2113],"product_tag":[2114,859,2004],"class_list":{"0":"post-82535","1":"product","2":"type-product","3":"status-publish","4":"has-post-thumbnail","6":"product_cat-audio-video-porteros-ip","7":"product_tag-audio-video-porteros-ip","8":"product_tag-fanvil","9":"product_tag-voip-telefonia-ip-videoconferencia","11":"first","12":"instock","13":"sale","14":"shipping-taxable","15":"purchasable","16":"product-type-simple"},"_links":{"self":[{"href":"https:\/\/soydeaqui.ddns.net\/pachuca\/index.php\/wp-json\/wp\/v2\/product\/82535","targetHints":{"allow":["GET"]}}],"collection":[{"href":"https:\/\/soydeaqui.ddns.net\/pachuca\/index.php\/wp-json\/wp\/v2\/product"}],"about":[{"href":"https:\/\/soydeaqui.ddns.net\/pachuca\/index.php\/wp-json\/wp\/v2\/types\/product"}],"replies":[{"embeddable":true,"href":"https:\/\/soydeaqui.ddns.net\/pachuca\/index.php\/wp-json\/wp\/v2\/comments?post=82535"}],"wp:featuredmedia":[{"embeddable":true,"href":"https:\/\/soydeaqui.ddns.net\/pachuca\/index.php\/wp-json\/wp\/v2\/media\/82534"}],"wp:attachment":[{"href":"https:\/\/soydeaqui.ddns.net\/pachuca\/index.php\/wp-json\/wp\/v2\/media?parent=82535"}],"wp:term":[{"taxonomy":"product_brand","embeddable":true,"href":"https:\/\/soydeaqui.ddns.net\/pachuca\/index.php\/wp-json\/wp\/v2\/product_brand?post=82535"},{"taxonomy":"product_cat","embeddable":true,"href":"https:\/\/soydeaqui.ddns.net\/pachuca\/index.php\/wp-json\/wp\/v2\/product_cat?post=82535"},{"taxonomy":"product_tag","embeddable":true,"href":"https:\/\/soydeaqui.ddns.net\/pachuca\/index.php\/wp-json\/wp\/v2\/product_tag?post=82535"}],"curies":[{"name":"wp","href":"https:\/\/api.w.org\/{rel}","templated":true}]}}