{"id":82532,"date":"2026-03-19T19:30:10","date_gmt":"2026-03-19T19:30:10","guid":{"rendered":"https:\/\/soydeaqui.ddns.net\/pachuca\/index.php\/producto\/adaptador-pcie-inalambrico-doble-banda-ax3000-mbps-seguridad-inalambrica-wpa3-antena-de-alta-ganancia-tecnologia-mu-mumo-2x2-soporte-de-perfil-bajo-y-altura-completa-bluetooth-5-2\/"},"modified":"2026-03-19T19:30:13","modified_gmt":"2026-03-19T19:30:13","slug":"adaptador-pcie-inalambrico-doble-banda-ax3000-mbps-seguridad-inalambrica-wpa3-antena-de-alta-ganancia-tecnologia-mu-mumo-2x2-soporte-de-perfil-bajo-y-altura-completa-bluetooth-5-2","status":"publish","type":"product","link":"https:\/\/soydeaqui.ddns.net\/pachuca\/index.php\/producto\/adaptador-pcie-inalambrico-doble-banda-ax3000-mbps-seguridad-inalambrica-wpa3-antena-de-alta-ganancia-tecnologia-mu-mumo-2x2-soporte-de-perfil-bajo-y-altura-completa-bluetooth-5-2\/","title":{"rendered":"Adaptador PCIe inal\u00e1mbrico doble banda AX3000 Mbps \/ Seguridad Inal\u00e1mbrica WPA3 \/Antena de alta ganancia \/ Tecnolog\u00eda MU-MUMO 2X2 \/ Soporte de perfil bajo y Altura completa \/ Bluetooth 5.2"},"content":{"rendered":"<div style='width: 100%; max-width: 1200px; margin: 0 auto; font-family: sans-serif; line-height: 1.6; color: inherit; background-color: transparent;'> <!-- Imagen principal --> <\/p>\n<div style='width: 100%; margin: 20px 0;'> <img style='width: 100%; height: auto; border: 1px solid rgba(150&comma;150&comma;150&comma;0.3); border-radius: 8px; display: block; margin: 0 auto;' src='https:\/\/ftp3.syscom.mx\/usuarios\/fotos\/ARCHERTX55E\/235776-captura_de_pantalla_2024-11-27_a_la(s)_9.19.52 a.m..png' alt=''> <\/div>\n<p> <!-- Secci\u00f3n 1 --> <\/p>\n<div style='margin: 40px 0; padding: 20px;'>\n<h2 style='font-size: 24px; margin-top: 0; color: inherit; opacity: 0.9; text-align: center;'>Experiencia de WiFi ultrarr\u00e1pida.<\/h2>\n<div style='width: 100%; margin: 20px 0;'> <img style='width: 100%; height: auto; border: 1px solid rgba(150&comma;150&comma;150&comma;0.3); border-radius: 8px; display: block; margin: 0 auto;' src='https:\/\/ftp3.syscom.mx\/usuarios\/fotos\/ARCHERTX55E\/235776-captura_de_pantalla_2024-11-27_a_la(s)_9.21.04 a.m..png' alt=''> <\/div>\n<\/p><\/div>\n<p> <!-- Secci\u00f3n 2 --> <\/p>\n<div style='margin: 40px 0; padding: 20px;'>\n<h2 style='font-size: 24px; margin-top: 0; color: inherit; opacity: 0.9; text-align: center;'>WiFi doble banda 802.11ax para conexiones m\u00e1s r\u00e1pidas&comma; Mant\u00e9ngase un paso adelante.<\/h2>\n<div style='width: 100%; margin: 20px 0;'> <img style='width: 100%; height: auto; border: 1px solid rgba(150&comma;150&comma;150&comma;0.3); border-radius: 8px; display: block; margin: 0 auto;' src='https:\/\/ftp3.syscom.mx\/usuarios\/fotos\/ARCHERTX55E\/235776-captura_de_pantalla_2024-11-27_a_la(s)_9.21.17 a.m..png' alt=''> <\/div>\n<\/p><\/div>\n<p> <!-- Secci\u00f3n 3 --> <\/p>\n<div style='margin: 40px 0; padding: 20px;'>\n<h2 style='font-size: 24px; margin-top: 0; color: inherit; opacity: 0.9; text-align: center;'>M\u00e1s dispositivos&comma; Menos congesti\u00f3n&comma; Mayor rendimiento<\/h2>\n<div style='width: 100%; margin: 20px 0;'> <img style='width: 100%; height: auto; border: 1px solid rgba(150&comma;150&comma;150&comma;0.3); border-radius: 8px; display: block; margin: 0 auto;' src='https:\/\/ftp3.syscom.mx\/usuarios\/fotos\/ARCHERTX55E\/235776-captura_de_pantalla_2024-11-27_a_la(s)_9.21.28 a.m..png' alt=''> <\/div>\n<\/p><\/div>\n<p> <!-- Separador --> <\/p>\n<hr style='border: 0; border-top: 1px solid rgba(150&comma; 150&comma; 150&comma; 0.3); margin: 30px 0;'> <!-- Especificaciones --> <\/p>\n<div style='margin: 30px 0;'>\n<h3 style='font-size: 22px; border-bottom: 2px solid currentColor; padding-bottom: 5px; margin-top: 0; color: inherit; opacity: 0.8;'>Especificaciones<\/h3>\n<div style='display: flex; flex-wrap: wrap; gap: 20px; margin-top: 20px;'>\n<div style='flex: 1 1 250px; border: 1px solid rgba(150&comma; 150&comma; 150&comma; 0.4); border-radius: 8px; overflow: hidden; display: flex; flex-direction: column;'>\n<div style='padding: 15px; border-bottom: 1px solid rgba(150&comma; 150&comma; 150&comma; 0.2); font-weight: bold; font-size: 18px; color: inherit;'>Caracter\u00edsticas F\u00edsicas<\/div>\n<div style='padding: 15px; color: inherit;'>\n<ul style='padding-left: 20px; margin: 0; font-size: 14px; list-style-type: disc;'>\n<li style='margin-bottom: 5px;'><strong>Dimensiones:<\/strong> 55 x 36 x 11.5 mm<\/li>\n<li style='margin-bottom: 5px;'><strong>Interfaz:<\/strong> PCI Express<\/li>\n<li style='margin-bottom: 5px;'><strong>Tipo de Antena:<\/strong> 2 antenas Omnidireccional desmontable de alta ganancia<\/li>\n<li style='margin-bottom: 5px;'><strong>Ganancia de Antena:<\/strong> 2 dBi<\/li>\n<\/ul><\/div>\n<\/p><\/div>\n<div style='flex: 1 1 250px; border: 1px solid rgba(150&comma; 150&comma; 150&comma; 0.4); border-radius: 8px; overflow: hidden; display: flex; flex-direction: column;'>\n<div style='padding: 15px; border-bottom: 1px solid rgba(150&comma; 150&comma; 150&comma; 0.2); font-weight: bold; font-size: 18px; color: inherit;'>Conectividad<\/div>\n<div style='padding: 15px; color: inherit;'>\n<ul style='padding-left: 20px; margin: 0; font-size: 14px; list-style-type: disc;'>\n<li style='margin-bottom: 5px;'><strong>Estandares inal\u00e1mbricos:<\/strong> IEEE 802.11n&comma; 802.11g&comma; 802.11b&comma; 802.11ac&comma; 802.11ax<\/li>\n<li style='margin-bottom: 5px;'><strong>Bluetooth:<\/strong> 5.2&comma; 5.0&comma; 4.2&comma; 4.0 &#8211; interface USB 2.0<\/li>\n<li style='margin-bottom: 5px;'><strong>Seguridad WiFi:<\/strong> WPA3<\/li>\n<li style='margin-bottom: 5px;'><strong>Frecuencia:<\/strong> 2.4- 5 GHz<\/li>\n<li style='margin-bottom: 5px;'><strong>Potencia de transmisi\u00f3n:<\/strong> 2.4 GHz 20 dBm (PIRE) \/ 5 GHz 23 dBm (PIRE)<\/li>\n<li style='margin-bottom: 5px;'><strong>Sistemas Soportados:<\/strong> Solo Windows 10<\/li>\n<\/ul><\/div>\n<\/p><\/div>\n<div style='flex: 1 1 250px; border: 1px solid rgba(150&comma; 150&comma; 150&comma; 0.4); border-radius: 8px; overflow: hidden; display: flex; flex-direction: column;'>\n<div style='padding: 15px; border-bottom: 1px solid rgba(150&comma; 150&comma; 150&comma; 0.2); font-weight: bold; font-size: 18px; color: inherit;'>Otros<\/div>\n<div style='padding: 15px; color: inherit;'>\n<ul style='padding-left: 20px; margin: 0; font-size: 14px; list-style-type: disc;'>\n<li style='margin-bottom: 5px;'><strong>Contenido del Paquete:<\/strong><br \/> Adaptador PCI Express<br \/> CD de recursos<br \/> 2 antenas omnidireccionales desmontables<br \/> Gu\u00eda de Usuario\/Garant\u00eda<\/li>\n<\/ul><\/div>\n<\/p><\/div>\n<\/p><\/div>\n<\/p><\/div>\n<\/p><\/div>\n","protected":false},"excerpt":{"rendered":"<p>Adaptador PCIe inal\u00e1mbrico doble banda AX3000 Mbps \/ Seguridad Inal\u00e1mbrica WPA3 \/Antena de alta ganancia \/ Tecnolog\u00eda MU-MUMO 2X2 \/ Soporte de perfil bajo y Altura completa \/ Bluetooth 5.2<\/p>\n","protected":false},"featured_media":82531,"comment_status":"open","ping_status":"closed","template":"","meta":[],"product_brand":[],"product_cat":[2030],"product_tag":[2031,1479,71],"class_list":{"0":"post-82532","1":"product","2":"type-product","3":"status-publish","4":"has-post-thumbnail","6":"product_cat-adaptadores-inalambricos","7":"product_tag-adaptadores-inalambricos","8":"product_tag-redes-wifi","9":"product_tag-tp-link","11":"first","12":"instock","13":"sale","14":"shipping-taxable","15":"purchasable","16":"product-type-simple"},"_links":{"self":[{"href":"https:\/\/soydeaqui.ddns.net\/pachuca\/index.php\/wp-json\/wp\/v2\/product\/82532","targetHints":{"allow":["GET"]}}],"collection":[{"href":"https:\/\/soydeaqui.ddns.net\/pachuca\/index.php\/wp-json\/wp\/v2\/product"}],"about":[{"href":"https:\/\/soydeaqui.ddns.net\/pachuca\/index.php\/wp-json\/wp\/v2\/types\/product"}],"replies":[{"embeddable":true,"href":"https:\/\/soydeaqui.ddns.net\/pachuca\/index.php\/wp-json\/wp\/v2\/comments?post=82532"}],"wp:featuredmedia":[{"embeddable":true,"href":"https:\/\/soydeaqui.ddns.net\/pachuca\/index.php\/wp-json\/wp\/v2\/media\/82531"}],"wp:attachment":[{"href":"https:\/\/soydeaqui.ddns.net\/pachuca\/index.php\/wp-json\/wp\/v2\/media?parent=82532"}],"wp:term":[{"taxonomy":"product_brand","embeddable":true,"href":"https:\/\/soydeaqui.ddns.net\/pachuca\/index.php\/wp-json\/wp\/v2\/product_brand?post=82532"},{"taxonomy":"product_cat","embeddable":true,"href":"https:\/\/soydeaqui.ddns.net\/pachuca\/index.php\/wp-json\/wp\/v2\/product_cat?post=82532"},{"taxonomy":"product_tag","embeddable":true,"href":"https:\/\/soydeaqui.ddns.net\/pachuca\/index.php\/wp-json\/wp\/v2\/product_tag?post=82532"}],"curies":[{"name":"wp","href":"https:\/\/api.w.org\/{rel}","templated":true}]}}