{"id":82526,"date":"2026-03-19T19:29:57","date_gmt":"2026-03-19T19:29:57","guid":{"rendered":"https:\/\/soydeaqui.ddns.net\/pachuca\/index.php\/producto\/altavoz-de-techo-para-voceo-y-paging-2-lineas-sip-potencia-de-hasta-10w-alimentacion-via-poe\/"},"modified":"2026-03-19T19:30:03","modified_gmt":"2026-03-19T19:30:03","slug":"altavoz-de-techo-para-voceo-y-paging-2-lineas-sip-potencia-de-hasta-10w-alimentacion-via-poe","status":"publish","type":"product","link":"https:\/\/soydeaqui.ddns.net\/pachuca\/index.php\/producto\/altavoz-de-techo-para-voceo-y-paging-2-lineas-sip-potencia-de-hasta-10w-alimentacion-via-poe\/","title":{"rendered":"Altavoz de techo para voceo y paging, 2 l\u00edneas SIP, potencia de hasta 10W,  alimentaci\u00f3n v\u00eda PoE"},"content":{"rendered":"<div style='width: 100%; max-width: 1200px; margin: 0 auto; font-family: sans-serif; line-height: 1.6; color: inherit; background-color: transparent;'> <!-- Encabezado rojo con t\u00edtulo --> <\/p>\n<div style='background-color: #c20000; color: white; text-align: center; padding: 30px 15px;'>\n<h1 style='margin: 0; font-size: 32px; color: inherit;'>Altavoz de Techo Fanvil A201<\/h1>\n<p style='margin: 0; font-size: 18px; color: inherit;'>Altavoz IP de Alta Potencia | Compatible con SIP | Calidad Comercial | Integraci\u00f3n Flexible<\/p>\n<\/p><\/div>\n<p> <!-- Secci\u00f3n de descripci\u00f3n general --> <\/p>\n<div style='padding: 20px;'>\n<h2 style='color: #c20000; font-size: 24px; border-bottom: 2px solid currentColor; padding-bottom: 5px; margin-top: 30px; margin-bottom: 20px; color: inherit; opacity: 0.8;'>Descripci\u00f3n General<\/h2>\n<p style='font-size: 16px; line-height: 1.6; text-align: justify; color: inherit;'> El <strong style='color: inherit;'>Fanvil A201<\/strong> es un <strong style='color: inherit;'>altavoz de techo IP<\/strong> de calidad comercial que puede operar de manera aut\u00f3noma como un sistema de audio o integrarse f\u00e1cilmente con soluciones de comunicaciones unificadas&comma; videovigilancia&comma; intercomunicadores Fanvil&comma; control de acceso&comma; se\u00f1alizaci\u00f3n digital y sistemas de alarma contra incendios. Esta versatilidad lo hace ideal para proyectos de seguridad&comma; comunicaci\u00f3n y automatizaci\u00f3n en entornos corporativos&comma; industriales o educativos. <\/p>\n<\/p><\/div>\n<p> <!-- Secci\u00f3n de caracter\u00edsticas --> <\/p>\n<div style='display: flex; flex-wrap: wrap; gap: 30px; margin: 30px 0;'>\n<div style='flex: 1 1 300px; min-width: 280px; border: 1px solid rgba(150&comma; 150&comma; 150&comma; 0.4); border-left: 5px solid #c20000; border-radius: 8px; overflow: hidden; display: flex; flex-direction: column;'>\n<div style='padding: 15px; border-bottom: 1px solid rgba(150&comma; 150&comma; 150&comma; 0.2); font-weight: bold; font-size: 18px; color: inherit;'>Caracter\u00edsticas Principales:<\/div>\n<div style='padding: 15px; color: inherit;'>\n<ul style='padding-left: 20px; margin: 0; font-size: 14px; list-style-type: disc; color: inherit;'>\n<li style='margin-bottom: 5px; color: inherit;'>Compatible con el protocolo SIP est\u00e1ndar<\/li>\n<li style='margin-bottom: 5px; color: inherit;'>Bocina integrada de 10W<\/li>\n<li style='margin-bottom: 5px; color: inherit;'>Calidad de sonido superior<\/li>\n<li style='margin-bottom: 5px; color: inherit;'>Compatibilidad con plataformas: 3CX&comma; Avaya&comma; Asterisk&comma; Broadsoft&comma; Metaswitch&comma; Elastix<\/li>\n<li style='margin-bottom: 5px; color: inherit;'>Garant\u00eda de 3 a\u00f1os<\/li>\n<\/ul><\/div>\n<\/p><\/div>\n<div style='flex: 1 1 300px; min-width: 280px; border: 1px solid rgba(150&comma; 150&comma; 150&comma; 0.4); border-left: 5px solid #c20000; border-radius: 8px; overflow: hidden; display: flex; flex-direction: column;'>\n<div style='padding: 15px; border-bottom: 1px solid rgba(150&comma; 150&comma; 150&comma; 0.2); font-weight: bold; font-size: 18px; color: inherit;'>F\u00edsicas y El\u00e9ctricas:<\/div>\n<div style='padding: 15px; color: inherit;'>\n<ul style='padding-left: 20px; margin: 0; font-size: 14px; list-style-type: disc; color: inherit;'>\n<li style='margin-bottom: 5px; color: inherit;'>Puerto RJ45 x1 (LAN\/Internet)<\/li>\n<li style='margin-bottom: 5px; color: inherit;'>Puerto de entrada de cortocircuito x1<\/li>\n<li style='margin-bottom: 5px; color: inherit;'>Puerto de salida de cortocircuito x1<\/li>\n<li style='margin-bottom: 5px; color: inherit;'>Temperatura operativa: -25\u00b0C a 55\u00b0C<\/li>\n<li style='margin-bottom: 5px; color: inherit;'>Temperatura de almacenamiento: -30\u00b0C a 60\u00b0C<\/li>\n<li style='margin-bottom: 5px; color: inherit;'>Humedad: 10% &#8211; 95%<\/li>\n<\/ul><\/div>\n<\/p><\/div>\n<div style='flex: 1 1 300px; min-width: 280px; border: 1px solid rgba(150&comma; 150&comma; 150&comma; 0.4); border-left: 5px solid #c20000; border-radius: 8px; overflow: hidden; display: flex; flex-direction: column;'>\n<div style='padding: 15px; border-bottom: 1px solid rgba(150&comma; 150&comma; 150&comma; 0.2); font-weight: bold; font-size: 18px; color: inherit;'>Conectividad de Red:<\/div>\n<div style='padding: 15px; color: inherit;'>\n<ul style='padding-left: 20px; margin: 0; font-size: 14px; list-style-type: disc; color: inherit;'>\n<li style='margin-bottom: 5px; color: inherit;'>Ethernet 10\/100 Mbps<\/li>\n<li style='margin-bottom: 5px; color: inherit;'>Configuraci\u00f3n: IP est\u00e1tica \/ DHCP \/ PPPoE<\/li>\n<li style='margin-bottom: 5px; color: inherit;'>Control de acceso 802.1x<\/li>\n<li style='margin-bottom: 5px; color: inherit;'>Soporte de VPN: L2TP \/ OpenVPN<\/li>\n<li style='margin-bottom: 5px; color: inherit;'>VLAN \/ QoS \/ STUN<\/li>\n<\/ul><\/div>\n<\/p><\/div>\n<\/p><\/div>\n<p> <!-- Separador --> <\/p>\n<hr style='border: 0; border-top: 1px solid rgba(150&comma; 150&comma; 150&comma; 0.3); margin: 30px 0;'> <!-- Galer\u00eda de im\u00e1genes --> <\/p>\n<div style='margin: 30px 0;'>\n<h2 style='font-size: 24px; border-bottom: 2px solid currentColor; padding-bottom: 5px; margin-top: 0; color: #c20000; opacity: 0.8;'>Galer\u00eda de Im\u00e1genes<\/h2>\n<div style='display: flex; flex-wrap: wrap; gap: 30px; margin-top: 20px; justify-content: center;'> <img style='width: 100%; max-width: 1000px; height: auto; border: 1px solid rgba(150&comma;150&comma;150&comma;0.3); border-radius: 8px;' src='https:\/\/ftp3.syscom.mx\/usuarios\/fotos\/A201\/235798-b021be5e-0ecd-4f49-a505-fd9930295d7c.jpeg' alt='Fanvil A201 vista frontal'> <img style='width: 100%; max-width: 1000px; height: auto; border: 1px solid rgba(150&comma;150&comma;150&comma;0.3); border-radius: 8px;' src='https:\/\/ftp3.syscom.mx\/usuarios\/fotos\/A201\/235798-9e5350d5-67a4-4600-a0a1-2c4f1dc4b059.jpeg' alt='Fanvil A201 instalaci\u00f3n'> <img style='width: 100%; max-width: 1000px; height: auto; border: 1px solid rgba(150&comma;150&comma;150&comma;0.3); border-radius: 8px;' src='https:\/\/ftp3.syscom.mx\/usuarios\/fotos\/A201\/235798-62132668-65dc-463c-9763-8e2861056d48.jpeg' alt='Fanvil A201 lateral'> <img style='width: 100%; max-width: 1000px; height: auto; border: 1px solid rgba(150&comma;150&comma;150&comma;0.3); border-radius: 8px;' src='https:\/\/ftp3.syscom.mx\/usuarios\/fotos\/A201\/235798-eb238e69-edca-4699-8c23-e3c96f0ad374.jpeg' alt='Fanvil A201 detalles t\u00e9cnicos'> <\/div>\n<\/p><\/div>\n<\/p><\/div>\n","protected":false},"excerpt":{"rendered":"<p>Altavoz de techo para voceo y paging, 2 l\u00edneas SIP, potencia de hasta 10W,  alimentaci\u00f3n v\u00eda PoE<\/p>\n","protected":false},"featured_media":82525,"comment_status":"open","ping_status":"closed","template":"","meta":[],"product_brand":[],"product_cat":[2041],"product_tag":[859,2042,2004],"class_list":{"0":"post-82526","1":"product","2":"type-product","3":"status-publish","4":"has-post-thumbnail","6":"product_cat-sistemas-de-voceo-ip","7":"product_tag-fanvil","8":"product_tag-sistemas-de-voceo-ip","9":"product_tag-voip-telefonia-ip-videoconferencia","11":"first","12":"instock","13":"sale","14":"shipping-taxable","15":"purchasable","16":"product-type-simple"},"_links":{"self":[{"href":"https:\/\/soydeaqui.ddns.net\/pachuca\/index.php\/wp-json\/wp\/v2\/product\/82526","targetHints":{"allow":["GET"]}}],"collection":[{"href":"https:\/\/soydeaqui.ddns.net\/pachuca\/index.php\/wp-json\/wp\/v2\/product"}],"about":[{"href":"https:\/\/soydeaqui.ddns.net\/pachuca\/index.php\/wp-json\/wp\/v2\/types\/product"}],"replies":[{"embeddable":true,"href":"https:\/\/soydeaqui.ddns.net\/pachuca\/index.php\/wp-json\/wp\/v2\/comments?post=82526"}],"wp:featuredmedia":[{"embeddable":true,"href":"https:\/\/soydeaqui.ddns.net\/pachuca\/index.php\/wp-json\/wp\/v2\/media\/82525"}],"wp:attachment":[{"href":"https:\/\/soydeaqui.ddns.net\/pachuca\/index.php\/wp-json\/wp\/v2\/media?parent=82526"}],"wp:term":[{"taxonomy":"product_brand","embeddable":true,"href":"https:\/\/soydeaqui.ddns.net\/pachuca\/index.php\/wp-json\/wp\/v2\/product_brand?post=82526"},{"taxonomy":"product_cat","embeddable":true,"href":"https:\/\/soydeaqui.ddns.net\/pachuca\/index.php\/wp-json\/wp\/v2\/product_cat?post=82526"},{"taxonomy":"product_tag","embeddable":true,"href":"https:\/\/soydeaqui.ddns.net\/pachuca\/index.php\/wp-json\/wp\/v2\/product_tag?post=82526"}],"curies":[{"name":"wp","href":"https:\/\/api.w.org\/{rel}","templated":true}]}}