{"id":82473,"date":"2026-03-19T19:27:47","date_gmt":"2026-03-19T19:27:47","guid":{"rendered":"https:\/\/soydeaqui.ddns.net\/pachuca\/index.php\/producto\/licencia-marcador-predictivo-para-conmutador-yeastar-software-edition\/"},"modified":"2026-03-19T19:27:49","modified_gmt":"2026-03-19T19:27:49","slug":"licencia-marcador-predictivo-para-conmutador-yeastar-software-edition","status":"publish","type":"product","link":"https:\/\/soydeaqui.ddns.net\/pachuca\/index.php\/producto\/licencia-marcador-predictivo-para-conmutador-yeastar-software-edition\/","title":{"rendered":"Licencia Marcador Predictivo para conmutador Yeastar Software Edition"},"content":{"rendered":"<div style='width: 100%; max-width: 1200px; margin: 0 auto; font-family: sans-serif; line-height: 1.6; color: inherit; background-color: transparent;'>\n<header style='text-align: center; padding: 20px;'>\n<h1 style='font-size: 28px; margin-bottom: 15px; color: inherit;'>Soluci\u00f3n de centro de llamadas salientes<\/h1>\n<h2 style='font-size: 22px; margin-bottom: 25px; color: inherit;'>Incremente las ventas y facilite asistencia a sus clientes de manera proactiva desde una \u00fanica plataforma<\/h2>\n<p> <!-- Video --> <\/p>\n<div style='position: relative; padding-bottom: 56.25%; height: 0; overflow: hidden; margin-bottom: 30px;'>   <\/div>\n<p style='font-size: 16px; color: inherit; max-width: 800px; margin: 0 auto 0 auto;'>El centro de llamadas salientes de Yeastar se ha dise\u00f1ado para potenciar los esfuerzos de difusi\u00f3n proactivos al automatizar la marcaci\u00f3n con funciones avanzadas y facilitar la gesti\u00f3n de campa\u00f1as. Gracias a una lista completa de funciones de UC y C&comma; impulsar\u00e1 el crecimiento de los ingresos mediante estrategias de captaci\u00f3n de clientes m\u00e1s inteligentes y basadas en datos.<\/p>\n<p> <!-- Imagen --> <img style='width: 100%; height: auto; border: 1px solid rgba(150&comma;150&comma;150&comma;0.3); border-radius: 8px; margin-top: 30px;' src='https:\/\/ftp3.syscom.mx\/usuarios\/fotos\/YEASEOCC\/239451-captura_de_pantalla_2025-04-03_a_la(s)_3.46.43 p.m..png' alt='Centro de llamadas salientes Yeastar'> <\/header>\n<p> <!-- Secci\u00f3n de caracter\u00edsticas --> <\/p>\n<section style='margin: 40px 0;'>\n<h2 style='font-size: 24px; text-align: center; margin-bottom: 25px; color: inherit;'>Acelere la generaci\u00f3n de clientes potenciales con marcadores automatizados<\/h2>\n<p style='text-align: center; font-size: 15px; color: inherit; margin-bottom: 30px;'>Yeastar ofrece modos de marcaci\u00f3n autom\u00e1tica 3 en 1&comma; que reducen el esfuerzo en marcaci\u00f3n manual&comma; lo que permite que los agentes se puedan centrar en las conversiones y en mejorar la interacci\u00f3n general de los clientes.<\/p>\n<div style='display: flex; flex-wrap: wrap; gap: 20px; justify-content: center;'>\n<div style='flex: 1 1 280px; min-width: 250px; border: 1px solid rgba(150&comma;150&comma;150&comma;0.3); border-radius: 8px; padding: 20px; background-color: rgba(255&comma;255&comma;255&comma;0.02);'>\n<h3 style='font-size: 20px; margin-top: 0; color: inherit;'>Marcador progresivo<\/h3>\n<p style='color: inherit; font-size: 14px;'>Marca una llamada seg\u00fan la disponibilidad del agente&comma; lo que garantiza una relaci\u00f3n agente-llamada de 1:1.<\/p>\n<\/p><\/div>\n<div style='flex: 1 1 280px; min-width: 250px; border: 1px solid rgba(150&comma;150&comma;150&comma;0.3); border-radius: 8px; padding: 20px; background-color: rgba(255&comma;255&comma;255&comma;0.02);'>\n<h3 style='font-size: 20px; margin-top: 0; color: inherit;'>Marcador autom\u00e1tico<\/h3>\n<p style='color: inherit; font-size: 14px;'>Marca autom\u00e1ticamente varios contactos por agente disponible seg\u00fan la tasa de marcaci\u00f3n que configure&comma; lo que reduce el tiempo de inactividad del agente y llega a m\u00e1s personas.<\/p>\n<\/p><\/div>\n<div style='flex: 1 1 280px; min-width: 250px; border: 1px solid rgba(150&comma;150&comma;150&comma;0.3); border-radius: 8px; padding: 20px; background-color: rgba(255&comma;255&comma;255&comma;0.02);'>\n<h3 style='font-size: 20px; margin-top: 0; color: inherit;'>Marcador sin agente<\/h3>\n<p style='color: inherit; font-size: 14px;'>Transfiere los contactos conectados al destino preconfigurado&comma; como IVR o correo de voz&comma; para maximizar la eficiencia.<\/p>\n<\/p><\/div>\n<\/p><\/div>\n<\/section>\n<p> <!-- Secci\u00f3n dividida --> <\/p>\n<section style='display: flex; flex-wrap: wrap; gap: 30px; align-items: center; margin: 40px 0;'>\n<div style='flex: 1 1 300px; min-width: 280px;'>\n<h2 style='font-size: 22px; margin-bottom: 20px; color: inherit;'>Espacio de trabajo de agente unificado para optimizar las operaciones<\/h2>\n<p style='color: inherit; font-size: 15px; margin-bottom: 20px;'>Equipe a sus agentes de cola de salida con una interfaz centralizada e intuitiva que simplifica los flujos de trabajo. La bandeja de entrada de llamadas proporciona un espacio de trabajo dedicado donde los agentes pueden gestionar todas sus llamadas salientes&comma; cambiar el estado del agente y realizar operaciones de llamada como responder&comma; colgar y m\u00e1s&comma; con solo unos pocos clics.<\/p>\n<ul style='padding-left: 20px; color: inherit; font-size: 14px; list-style-position: inside;'>\n<li style='margin-bottom: 8px;'>Lista de llamadas salientes activas y en espera en una sola vista<\/li>\n<li style='margin-bottom: 8px;'>Gestione las llamadas con sencillos controles t\u00e1ctiles<\/li>\n<li style='margin-bottom: 8px;'>Acceda a los datos de los clientes en una vista completa<\/li>\n<li style='margin-bottom: 8px;'>Etiquete llamadas y a\u00f1ada comentarios de seguimiento<\/li>\n<li style='margin-bottom: 0;'>Devoluci\u00f3n de llamadas programada&comma; no se pierde ninguna oportunidad<\/li>\n<\/ul><\/div>\n<p> <!-- Imagen --> <\/p>\n<div style='flex: 1 1 300px; min-width: 280px;'> <img style='width: 100%; height: auto; border: 1px solid rgba(150&comma;150&comma;150&comma;0.3); border-radius: 8px;' src='https:\/\/ftp3.syscom.mx\/usuarios\/fotos\/YEASEOCC\/239451-outbound-call-center-img-2.jpeg' alt='Interfaz de agente Yeastar'> <\/div>\n<\/section>\n<p> <!-- Separador --> <\/p>\n<hr style='border: 0; border-top: 1px solid rgba(150&comma; 150&comma; 150&comma; 0.3); margin: 40px 0;'> <\/div>\n","protected":false},"excerpt":{"rendered":"<p>Licencia Marcador Predictivo para conmutador Yeastar Software Edition<\/p>\n","protected":false},"featured_media":82472,"comment_status":"open","ping_status":"closed","template":"","meta":[],"product_brand":[],"product_cat":[2040],"product_tag":[93,2004,2145],"class_list":{"0":"post-82473","1":"product","2":"type-product","3":"status-publish","4":"has-post-thumbnail","6":"product_cat-accesorios-voip-telefonia-ip-videoconferencia","7":"product_tag-accesorios","8":"product_tag-voip-telefonia-ip-videoconferencia","9":"product_tag-yeastar","11":"first","12":"outofstock","13":"sale","14":"shipping-taxable","15":"purchasable","16":"product-type-simple"},"_links":{"self":[{"href":"https:\/\/soydeaqui.ddns.net\/pachuca\/index.php\/wp-json\/wp\/v2\/product\/82473","targetHints":{"allow":["GET"]}}],"collection":[{"href":"https:\/\/soydeaqui.ddns.net\/pachuca\/index.php\/wp-json\/wp\/v2\/product"}],"about":[{"href":"https:\/\/soydeaqui.ddns.net\/pachuca\/index.php\/wp-json\/wp\/v2\/types\/product"}],"replies":[{"embeddable":true,"href":"https:\/\/soydeaqui.ddns.net\/pachuca\/index.php\/wp-json\/wp\/v2\/comments?post=82473"}],"wp:featuredmedia":[{"embeddable":true,"href":"https:\/\/soydeaqui.ddns.net\/pachuca\/index.php\/wp-json\/wp\/v2\/media\/82472"}],"wp:attachment":[{"href":"https:\/\/soydeaqui.ddns.net\/pachuca\/index.php\/wp-json\/wp\/v2\/media?parent=82473"}],"wp:term":[{"taxonomy":"product_brand","embeddable":true,"href":"https:\/\/soydeaqui.ddns.net\/pachuca\/index.php\/wp-json\/wp\/v2\/product_brand?post=82473"},{"taxonomy":"product_cat","embeddable":true,"href":"https:\/\/soydeaqui.ddns.net\/pachuca\/index.php\/wp-json\/wp\/v2\/product_cat?post=82473"},{"taxonomy":"product_tag","embeddable":true,"href":"https:\/\/soydeaqui.ddns.net\/pachuca\/index.php\/wp-json\/wp\/v2\/product_tag?post=82473"}],"curies":[{"name":"wp","href":"https:\/\/api.w.org\/{rel}","templated":true}]}}