{"id":82444,"date":"2026-03-19T19:26:32","date_gmt":"2026-03-19T19:26:32","guid":{"rendered":"https:\/\/soydeaqui.ddns.net\/pachuca\/index.php\/producto\/usw-flex-2-5g-switch-de-8-puertos-2-5gbe-con-un-puerto-de-enlace-ascendente-combinado-rj45-sfp-de-10-gbe-incluye-adaptador-ca-cc\/"},"modified":"2026-03-19T19:26:44","modified_gmt":"2026-03-19T19:26:44","slug":"usw-flex-2-5g-switch-de-8-puertos-2-5gbe-con-un-puerto-de-enlace-ascendente-combinado-rj45-sfp-de-10-gbe-incluye-adaptador-ca-cc","status":"publish","type":"product","link":"https:\/\/soydeaqui.ddns.net\/pachuca\/index.php\/producto\/usw-flex-2-5g-switch-de-8-puertos-2-5gbe-con-un-puerto-de-enlace-ascendente-combinado-rj45-sfp-de-10-gbe-incluye-adaptador-ca-cc\/","title":{"rendered":"USW Flex 2.5G Switch de 8 Puertos 2.5GbE, con un Puerto de Enlace Ascendente Combinado RJ45\/SFP+ de 10 GbE, Incluye Adaptador ca\/cc"},"content":{"rendered":"<div style='width: 100%; max-width: 1200px; margin: 0 auto; font-family: sans-serif; line-height: 1.6; color: inherit; background-color: transparent;'> <!-- Hero Section --> <\/p>\n<div style='display: flex; flex-wrap: wrap; gap: 30px; align-items: center; margin-bottom: 30px; border: 1px solid rgba(150&comma;150&comma;150&comma;0.3); border-radius: 12px; padding: 20px;'>\n<div style='flex: 1 1 320px; min-width: 280px;'>\n<div style='position: relative; width: 100%; padding-bottom: 56.25%; height: 0; overflow: hidden;'> <video style='position: absolute; top: 0; left: 0; width: 100%; height: 100%; border: 1px solid rgba(150&comma;150&comma;150&comma;0.3); border-radius: 8px; display: block; background-color: transparent;' autoplay muted loop playsinline preload='metadata'><source src='https:\/\/ftp3.syscom.mx\/usuarios\/adiaz\/Ubiquiti\/Imagenes\/USWFlex25G8\/loop.mp4' type='video\/mp4'><img src='https:\/\/ftp3.syscom.mx\/usuarios\/adiaz\/Ubiquiti\/Imagenes\/USWFlex25G8\/fallback.png' alt='Ubiquiti USW-Flex-2.5G-8' style='width: 100%; height: auto; border: 1px solid rgba(150&comma;150&comma;150&comma;0.3); border-radius: 8px; display: block; background-color: transparent;'><\/video> <\/div>\n<\/p><\/div>\n<div style='flex: 1 1 360px; min-width: 280px;'>\n<h2 style='font-size: 22px; margin: 0 0 10px; color: inherit; opacity: 0.9;'>UniFi Flex 2.5G<\/h2>\n<div style='margin: 0 0 15px; font-weight: 600; color: inherit; opacity: 0.8;'>Modelo: <span style='font-weight: 700; opacity: 1;'>USW-Flex-2.5G-8<\/span><\/div>\n<ul style='padding-left: 20px; margin: 0; font-size: 15px; color: inherit; list-style-type: disc;'>\n<li style='margin-bottom: 8px;'>Switch compacto con <strong>8 puertos 2.5 GbE RJ45<\/strong><\/li>\n<li style='margin-bottom: 8px;'>Enlace ascendente combinado <strong>RJ45 10 GbE<\/strong> + <strong>SFP+ 10G<\/strong><\/li>\n<li style='margin-bottom: 8px;'>Se alimenta por <strong>USB-C<\/strong> o por <strong>PoE+<\/strong><\/li>\n<\/ul><\/div>\n<\/p><\/div>\n<p> <!-- Especificaciones Title --> <\/p>\n<div style='text-align: center; margin: 40px 0 20px;'> <span style='font-size: 20px; font-weight: 700; color: inherit; display: inline-block; border-bottom: 2px solid currentColor; padding-bottom: 5px;'>Especificaciones<\/span> <\/div>\n<p> <!-- Features Grid --> <\/p>\n<div style='display: flex; flex-wrap: wrap; gap: 20px; margin-bottom: 30px;'> <!-- Card: Puertos y formato --> <\/p>\n<div style='flex: 1 1 250px; border: 1px solid rgba(150&comma; 150&comma; 150&comma; 0.4); border-radius: 8px; overflow: hidden; display: flex; flex-direction: column;'>\n<div style='padding: 15px; border-bottom: 1px solid rgba(150&comma;150&comma;150&comma;0.2); font-weight: bold; font-size: 18px; color: inherit;'>Puertos y Formato<\/div>\n<div style='padding: 15px; color: inherit;'>\n<ul style='padding-left: 20px; margin: 0; font-size: 14px; list-style-type: disc;'>\n<li style='margin-bottom: 8px;'><strong>Puertos 2.5 GbE RJ45:<\/strong> 8 (2.5G\/1G\/100M\/10M)<\/li>\n<li style='margin-bottom: 8px;'><strong>Puerto 10 GbE RJ45:<\/strong> 1 (10G\/5G\/2.5G\/1G\/100M)<\/li>\n<li style='margin-bottom: 8px;'><strong>Puerto 10G SFP+:<\/strong> 1 (10G\/1G)<\/li>\n<li style='margin-bottom: 8px;'><strong>Factor de forma:<\/strong> Escritorio compacto \/ pared \/ riel DIN \/ magn\u00e9tico<\/li>\n<\/ul><\/div>\n<\/p><\/div>\n<p> <!-- Card: Caracter\u00edsticas f\u00edsicas y el\u00e9ctricas --> <\/p>\n<div style='flex: 1 1 250px; border: 1px solid rgba(150&comma; 150&comma; 150&comma; 0.4); border-radius: 8px; overflow: hidden; display: flex; flex-direction: column;'>\n<div style='padding: 15px; border-bottom: 1px solid rgba(150&comma;150&comma;150&comma;0.2); font-weight: bold; font-size: 18px; color: inherit;'>Caracter\u00edsticas f\u00edsicas y el\u00e9ctricas<\/div>\n<div style='padding: 15px; color: inherit;'>\n<ul style='padding-left: 20px; margin: 0; font-size: 14px; list-style-type: disc;'>\n<li style='margin-bottom: 8px;'><strong>Dimensiones:<\/strong> 212.9 \u00d7 76 \u00d7 33.5 mm (8.4 \u00d7 3 \u00d7 1.3&#8242;)<\/li>\n<li style='margin-bottom: 8px;'><strong>Peso:<\/strong> 395 g (0.87 lb)<\/li>\n<li style='margin-bottom: 8px;'><strong>Material del gabinete:<\/strong> Policarbonato<\/li>\n<li style='margin-bottom: 8px;'><strong>Material de montaje:<\/strong> Policarbonato<\/li>\n<li style='margin-bottom: 8px;'><strong>Consumo m\u00e1ximo:<\/strong> 14 W (con entrada PoE) \/ 14 W (con adaptador CA)<\/li>\n<li style='margin-bottom: 8px;'><strong>M\u00e9todo de alimentaci\u00f3n:<\/strong> (1) USB Tipo-C&comma; 5 V CC&comma; 3 A; (1) PoE+<\/li>\n<li style='margin-bottom: 8px;'><strong>Fuente de alimentaci\u00f3n:<\/strong> CA\/CC externa&comma; 15 W<\/li>\n<li style='margin-bottom: 8px;'><strong>Rango de voltaje:<\/strong> 4.8\u20135.2 V CC (USB) \/ 44\u201357 V (PoE)<\/li>\n<li style='margin-bottom: 8px;'><strong>Temperatura de operaci\u00f3n:<\/strong> \u221220 a 45 \u00b0C (\u22124 a 113 \u00b0F)<\/li>\n<li style='margin-bottom: 8px;'><strong>Humedad de operaci\u00f3n:<\/strong> 10\u201390% sin condensaci\u00f3n<\/li>\n<\/ul><\/div>\n<\/p><\/div>\n<p> <!-- Card: Rendimiento --> <\/p>\n<div style='flex: 1 1 250px; border: 1px solid rgba(150&comma; 150&comma; 150&comma; 0.4); border-radius: 8px; overflow: hidden; display: flex; flex-direction: column;'>\n<div style='padding: 15px; border-bottom: 1px solid rgba(150&comma;150&comma;150&comma;0.2); font-weight: bold; font-size: 18px; color: inherit;'>Rendimiento<\/div>\n<div style='padding: 15px; color: inherit;'>\n<ul style='padding-left: 20px; margin: 0; font-size: 14px; list-style-type: disc;'>\n<li style='margin-bottom: 8px;'><strong>Capacidad de switching:<\/strong> 60 Gbps<\/li>\n<li style='margin-bottom: 8px;'><strong>Throughput total (no bloqueante):<\/strong> 30 Gbps<\/li>\n<li style='margin-bottom: 8px;'><strong>Tasa de reenv\u00edo:<\/strong> 45 Mpps<\/li>\n<li style='margin-bottom: 8px;'><strong>VLANs soportadas:<\/strong> 256<\/li>\n<li style='margin-bottom: 8px;'><strong>Tabla MAC:<\/strong> 4&comma;000<\/li>\n<\/ul><\/div>\n<\/p><\/div>\n<p> <!-- Card: Caracter\u00edsticas Capa 2 --> <\/p>\n<div style='flex: 1 1 250px; border: 1px solid rgba(150&comma; 150&comma; 150&comma; 0.4); border-radius: 8px; overflow: hidden; display: flex; flex-direction: column;'>\n<div style='padding: 15px; border-bottom: 1px solid rgba(150&comma;150&comma;150&comma;0.2); font-weight: bold; font-size: 18px; color: inherit;'>Caracter\u00edsticas de Capa 2<\/div>\n<div style='padding: 15px; color: inherit;'>\n<ul style='padding-left: 20px; margin: 0; font-size: 14px; list-style-type: disc;'>\n<li style='margin-bottom: 8px;'>STP y RSTP<\/li>\n<li style='margin-bottom: 8px;'>Limitaci\u00f3n de tasa de salida (Egress Rate Limit)<\/li>\n<li style='margin-bottom: 8px;'>Control de flujo (Flow Control)<\/li>\n<li style='margin-bottom: 8px;'>Control de tormentas (Storm Control)<\/li>\n<li style='margin-bottom: 8px;'>Limitaci\u00f3n de tr\u00e1fico multicast y broadcast<\/li>\n<li style='margin-bottom: 8px;'>Aislamiento de puertos (Port Isolation)<\/li>\n<li style='margin-bottom: 8px;'>Espejeo de puertos (Port Mirroring)<\/li>\n<li style='margin-bottom: 8px;'>Jumbo Frames<\/li>\n<li style='margin-bottom: 8px;'>Protecci\u00f3n contra loops (Loop Protection)<\/li>\n<\/ul><\/div>\n<\/p><\/div>\n<p> <!-- Card: Certificaciones y gesti\u00f3n --> <\/p>\n<div style='flex: 1 1 250px; border: 1px solid rgba(150&comma; 150&comma; 150&comma; 0.4); border-radius: 8px; overflow: hidden; display: flex; flex-direction: column;'>\n<div style='padding: 15px; border-bottom: 1px solid rgba(150&comma;150&comma;150&comma;0.2); font-weight: bold; font-size: 18px; color: inherit;'>Gesti\u00f3n y cumplimiento<\/div>\n<div style='padding: 15px; color: inherit;'>\n<ul style='padding-left: 20px; margin: 0; font-size: 14px; list-style-type: disc;'>\n<li style='margin-bottom: 8px;'><strong>Aplicaci\u00f3n:<\/strong> UniFi Network<\/li>\n<li style='margin-bottom: 8px;'><strong>Versi\u00f3n requerida:<\/strong> 9.0.114 o superior<\/li>\n<li style='margin-bottom: 8px;'><strong>Cumplimiento<\/strong> NDAA: \u2713<\/li>\n<li style='margin-bottom: 8px;'><strong>Certificaciones:<\/strong> CE&comma; FCC&comma; IC&comma; Anatel<\/li>\n<\/ul><\/div>\n<\/p><\/div>\n<\/p><\/div>\n<p> <!-- Separador --> <\/p>\n<hr style='border: 0; border-top: 1px solid rgba(150&comma; 150&comma; 150&comma; 0.3); margin: 40px 0;'> <!-- Contenido del paquete --> <\/p>\n<div style='border: 1px solid rgba(150&comma; 150&comma; 150&comma; 0.4); border-radius: 8px; overflow: hidden; margin: 0 auto 40px; max-width: 600px;'>\n<div style='padding: 15px; border-bottom: 1px solid rgba(150&comma;150&comma;150&comma;0.2); font-weight: bold; font-size: 18px; text-align: center; color: inherit;'>Contenido del paquete<\/div>\n<div style='padding: 15px;'> <img style='width: 100%; height: auto; border: 1px solid rgba(150&comma;150&comma;150&comma;0.3); border-radius: 8px; display: block; margin: 0 auto;' src='https:\/\/ftp3.syscom.mx\/usuarios\/adiaz\/Ubiquiti\/Imagenes\/USWFlex25G8\/contenido.png' alt='Contenido del paquete USW-Flex-2.5G-8'> <\/div>\n<\/p><\/div>\n<\/p><\/div>\n","protected":false},"excerpt":{"rendered":"<p>USW Flex 2.5G Switch de 8 Puertos 2.5GbE, con un Puerto de Enlace Ascendente Combinado RJ45\/SFP+ de 10 GbE, Incluye Adaptador ca\/cc<\/p>\n","protected":false},"featured_media":82443,"comment_status":"open","ping_status":"closed","template":"","meta":[],"product_brand":[],"product_cat":[1970],"product_tag":[664,1971,166],"class_list":{"0":"post-82444","1":"product","2":"type-product","3":"status-publish","4":"has-post-thumbnail","6":"product_cat-switches","7":"product_tag-networking","8":"product_tag-switches","9":"product_tag-ubiquiti","11":"first","12":"outofstock","13":"sale","14":"shipping-taxable","15":"purchasable","16":"product-type-simple"},"_links":{"self":[{"href":"https:\/\/soydeaqui.ddns.net\/pachuca\/index.php\/wp-json\/wp\/v2\/product\/82444","targetHints":{"allow":["GET"]}}],"collection":[{"href":"https:\/\/soydeaqui.ddns.net\/pachuca\/index.php\/wp-json\/wp\/v2\/product"}],"about":[{"href":"https:\/\/soydeaqui.ddns.net\/pachuca\/index.php\/wp-json\/wp\/v2\/types\/product"}],"replies":[{"embeddable":true,"href":"https:\/\/soydeaqui.ddns.net\/pachuca\/index.php\/wp-json\/wp\/v2\/comments?post=82444"}],"wp:featuredmedia":[{"embeddable":true,"href":"https:\/\/soydeaqui.ddns.net\/pachuca\/index.php\/wp-json\/wp\/v2\/media\/82443"}],"wp:attachment":[{"href":"https:\/\/soydeaqui.ddns.net\/pachuca\/index.php\/wp-json\/wp\/v2\/media?parent=82444"}],"wp:term":[{"taxonomy":"product_brand","embeddable":true,"href":"https:\/\/soydeaqui.ddns.net\/pachuca\/index.php\/wp-json\/wp\/v2\/product_brand?post=82444"},{"taxonomy":"product_cat","embeddable":true,"href":"https:\/\/soydeaqui.ddns.net\/pachuca\/index.php\/wp-json\/wp\/v2\/product_cat?post=82444"},{"taxonomy":"product_tag","embeddable":true,"href":"https:\/\/soydeaqui.ddns.net\/pachuca\/index.php\/wp-json\/wp\/v2\/product_tag?post=82444"}],"curies":[{"name":"wp","href":"https:\/\/api.w.org\/{rel}","templated":true}]}}