{"id":8243,"date":"2026-03-18T07:06:33","date_gmt":"2026-03-18T07:06:33","guid":{"rendered":"https:\/\/soydeaqui.ddns.net\/pachuca\/index.php\/producto\/sensor-de-seguridad-perimetral-por-fibra-optica-sensitiva-hasta-25-zonas-de-0-a-800-m-de-proteccion\/"},"modified":"2026-03-18T07:06:34","modified_gmt":"2026-03-18T07:06:34","slug":"sensor-de-seguridad-perimetral-por-fibra-optica-sensitiva-hasta-25-zonas-de-0-a-800-m-de-proteccion","status":"publish","type":"product","link":"https:\/\/soydeaqui.ddns.net\/pachuca\/index.php\/producto\/sensor-de-seguridad-perimetral-por-fibra-optica-sensitiva-hasta-25-zonas-de-0-a-800-m-de-proteccion\/","title":{"rendered":"Sensor de Seguridad Perimetral por Fibra \u00d3ptica Sensitiva\/ Hasta 25 Zonas\/ De 0 a 800 m de protecci\u00f3n"},"content":{"rendered":"<div style='width: 100%; max-width: 1200px; margin: 0 auto; font-family: sans-serif; line-height: 1.6; color: inherit; background-color: transparent;'>\n<div style='display: flex; flex-wrap: wrap; gap: 30px; margin-bottom: 30px;'>\n<div style='flex: 1 1 300px; min-width: 280px;'>\n<h3 style='font-size: 22px; border-bottom: 2px solid currentColor; padding-bottom: 5px; margin-top: 0; color: inherit; opacity: 0.8;'>Descripci\u00f3n<\/h3>\n<p style='font-size: 15px; margin-bottom: 15px; color: inherit;'>Para los proyectos de seguridad que requieren la mejor protecci\u00f3n perimetral disponible&comma; las Unidades de procesamiento de alarmas (APU) FD525 de Fiber SenSys son la soluci\u00f3n. Estos sistemas de detecci\u00f3n de intrusi\u00f3n totalmente de fibra \u00f3ptica son capaces de detectar intentos simult\u00e1neos de intrusi\u00f3n en m\u00faltiples zonas a lo largo de su per\u00edmetro. Sepa al instante cuando un intruso o un grupo de intrusos intenta abrir una brecha en su per\u00edmetro. Las capacidades \u00fanicas de los FD525 proporcionan la mayor seguridad perimetral en el mercado. El conjunto de cable FD525 consta de hasta 25 elementos de sensor individuales que se bifurcan de un cable troncal resistente e insensible. Los elementos del sensor colocados a lo largo del cable de la red troncal definen la ubicaci\u00f3n de cada zona.<\/p>\n<\/p><\/div>\n<\/p><\/div>\n<div style='display: flex; flex-wrap: wrap; gap: 20px; margin-bottom: 30px;'>\n<div style='flex: 1 1 250px; border: 1px solid rgba(150&comma; 150&comma; 150&comma; 0.4); border-radius: 8px; overflow: hidden; display: flex; flex-direction: column;'>\n<div style='padding: 15px; border-bottom: 1px solid rgba(150&comma; 150&comma; 150&comma; 0.2); font-weight: bold; font-size: 18px; color: inherit;'>Caracter\u00edsticas<\/div>\n<div style='padding: 15px; color: inherit;'>\n<ul style='padding-left: 20px; margin: 0; font-size: 14px; list-style-type: disc;'>\n<li style='margin-bottom: 5px;'><strong>Admite hasta 25 zonas<\/strong>&comma; cada una totalmente independiente y sintonizable<\/li>\n<li style='margin-bottom: 5px;'>Informe de detecci\u00f3n de intrusi\u00f3n simult\u00e1nea en todas las zonas<\/li>\n<li style='margin-bottom: 5px;'><strong>Longitud m\u00e1xima del cable de detecci\u00f3n<\/strong> 500 metros por zona<\/li>\n<li style='margin-bottom: 5px;'><strong>Longitud de cable de entrada m\u00e1xima insensible<\/strong> de 5 km a 12 km&comma; seg\u00fan la configuraci\u00f3n de la zona<\/li>\n<li style='margin-bottom: 5px;'>Comunicaciones de mensaje XML<\/li>\n<li style='margin-bottom: 5px;'><strong>APU de montaje en bastidor<\/strong> se instala en un bastidor de centro de datos de 19 &#8216;est\u00e1ndar y ocupa solo 2U de altura de bastidor<\/li>\n<li style='margin-bottom: 5px;'>M\u00f3dulos de rel\u00e9s opcionales disponibles<\/li>\n<li style='margin-bottom: 5px;'>Viene con el ensamblaje de distribuci\u00f3n del sistema<\/li>\n<li style='margin-bottom: 5px;'>Incluye el paquete de software de la serie FD500<\/li>\n<\/ul><\/div>\n<\/p><\/div>\n<div style='flex: 1 1 250px; border: 1px solid rgba(150&comma; 150&comma; 150&comma; 0.4); border-radius: 8px; overflow: hidden; display: flex; flex-direction: column;'>\n<div style='padding: 15px; border-bottom: 1px solid rgba(150&comma; 150&comma; 150&comma; 0.2); font-weight: bold; font-size: 18px; color: inherit;'>Aplicaciones<\/div>\n<div style='padding: 15px; color: inherit;'>\n<ul style='padding-left: 20px; margin: 0; font-size: 14px; list-style-type: disc;'>\n<li style='margin-bottom: 5px;'>Grandes centrales industriales<\/li>\n<li style='margin-bottom: 5px;'>Centrales nucleares<\/li>\n<li style='margin-bottom: 5px;'>Infraestructura cr\u00edtica<\/li>\n<\/ul><\/div>\n<\/p><\/div>\n<div style='flex: 1 1 250px; border: 1px solid rgba(150&comma; 150&comma; 150&comma; 0.4); border-radius: 8px; overflow: hidden; display: flex; flex-direction: column;'>\n<div style='padding: 15px; border-bottom: 1px solid rgba(150&comma; 150&comma; 150&comma; 0.2); font-weight: bold; font-size: 18px; color: inherit;'>Especificaciones<\/div>\n<div style='padding: 15px; color: inherit;'>\n<ul style='padding-left: 20px; margin: 0; font-size: 14px; list-style-type: disc;'>\n<li style='margin-bottom: 5px;'><strong>Montaje en rack<\/strong> de 19&#8217;&comma; 2U<\/li>\n<li style='margin-bottom: 5px;'><strong>Hasta 25 zonas<\/strong><\/li>\n<li style='margin-bottom: 5px;'><strong>Cable insensible a<\/strong> 5 km<\/li>\n<\/ul><\/div>\n<\/p><\/div>\n<\/p><\/div>\n<div style='display: flex; flex-wrap: wrap; gap: 30px; margin-bottom: 30px;'>\n<div style='flex: 1 1 300px; min-width: 280px;'>\n<h3 style='font-size: 22px; border-bottom: 2px solid currentColor; padding-bottom: 5px; margin-top: 0; color: inherit; opacity: 0.8;'>Detalles adicionales<\/h3>\n<p style='font-size: 15px; margin-bottom: 15px; color: inherit;'>Sintonizaci\u00f3n avanzada; alta confiabilidad y tolerancia a fallas. T\u00edpicamente desplegado en una sala de control.<\/p>\n<\/p><\/div>\n<\/p><\/div>\n<div style='display: flex; flex-wrap: wrap; gap: 30px; margin-bottom: 30px;'>\n<div style='flex: 1 1 300px; min-width: 280px;'>\n<h3 style='font-size: 22px; border-bottom: 2px solid currentColor; padding-bottom: 5px; margin-top: 0; color: inherit; opacity: 0.8;'>Imagen del producto<\/h3>\n<p> <img style='width: 100%; height: auto; border: 1px solid rgba(150&comma;150&comma;150&comma;0.3); border-radius: 8px;' src='https:\/\/i.ibb.co\/mR4kr60\/525.png' alt=''> <\/div>\n<\/p><\/div>\n<div style='display: flex; flex-wrap: wrap; gap: 30px; margin-bottom: 30px;'>\n<div style='flex: 1 1 300px; min-width: 280px;'>\n<h3 style='font-size: 22px; border-bottom: 2px solid currentColor; padding-bottom: 5px; margin-top: 0; color: inherit; opacity: 0.8;'>V\u00eddeos<\/h3>\n<div style='width: 100%; margin-bottom: 30px;'>\n<div style='position: relative; padding-bottom: 56.25%; height: 0; overflow: hidden;'>   <\/div>\n<\/p><\/div>\n<div style='width: 100%;'>\n<div style='position: relative; padding-bottom: 56.25%; height: 0; overflow: hidden;'>   <\/div>\n<\/p><\/div>\n<\/p><\/div>\n<\/p><\/div>\n<hr style='border: 0; border-top: 1px solid rgba(150&comma; 150&comma; 150&comma; 0.3); margin: 30px 0;'> <\/div>\n","protected":false},"excerpt":{"rendered":"<p>Sensor de Seguridad Perimetral por Fibra \u00d3ptica Sensitiva\/ Hasta 25 Zonas\/ De 0 a 800 m de protecci\u00f3n<\/p>\n","protected":false},"featured_media":8242,"comment_status":"open","ping_status":"closed","template":"","meta":[],"product_brand":[],"product_cat":[103],"product_tag":[105,106,104],"class_list":{"0":"post-8243","1":"product","2":"type-product","3":"status-publish","4":"has-post-thumbnail","6":"product_cat-cable-sensor-perimetral","7":"product_tag-cable-sensor-perimetral","8":"product_tag-optex","9":"product_tag-proteccion-perimetral","11":"first","12":"outofstock","13":"sale","14":"shipping-taxable","15":"purchasable","16":"product-type-simple"},"_links":{"self":[{"href":"https:\/\/soydeaqui.ddns.net\/pachuca\/index.php\/wp-json\/wp\/v2\/product\/8243","targetHints":{"allow":["GET"]}}],"collection":[{"href":"https:\/\/soydeaqui.ddns.net\/pachuca\/index.php\/wp-json\/wp\/v2\/product"}],"about":[{"href":"https:\/\/soydeaqui.ddns.net\/pachuca\/index.php\/wp-json\/wp\/v2\/types\/product"}],"replies":[{"embeddable":true,"href":"https:\/\/soydeaqui.ddns.net\/pachuca\/index.php\/wp-json\/wp\/v2\/comments?post=8243"}],"wp:featuredmedia":[{"embeddable":true,"href":"https:\/\/soydeaqui.ddns.net\/pachuca\/index.php\/wp-json\/wp\/v2\/media\/8242"}],"wp:attachment":[{"href":"https:\/\/soydeaqui.ddns.net\/pachuca\/index.php\/wp-json\/wp\/v2\/media?parent=8243"}],"wp:term":[{"taxonomy":"product_brand","embeddable":true,"href":"https:\/\/soydeaqui.ddns.net\/pachuca\/index.php\/wp-json\/wp\/v2\/product_brand?post=8243"},{"taxonomy":"product_cat","embeddable":true,"href":"https:\/\/soydeaqui.ddns.net\/pachuca\/index.php\/wp-json\/wp\/v2\/product_cat?post=8243"},{"taxonomy":"product_tag","embeddable":true,"href":"https:\/\/soydeaqui.ddns.net\/pachuca\/index.php\/wp-json\/wp\/v2\/product_tag?post=8243"}],"curies":[{"name":"wp","href":"https:\/\/api.w.org\/{rel}","templated":true}]}}