{"id":82429,"date":"2026-03-19T19:25:53","date_gmt":"2026-03-19T19:25:53","guid":{"rendered":"https:\/\/soydeaqui.ddns.net\/pachuca\/index.php\/producto\/unifi-device-bridge-udb-adaptador-poe-inalambrico-plug-and-play-para-enlace-de-dispositivos-con-unifi-wifi-auto-link\/"},"modified":"2026-03-19T19:26:08","modified_gmt":"2026-03-19T19:26:08","slug":"unifi-device-bridge-udb-adaptador-poe-inalambrico-plug-and-play-para-enlace-de-dispositivos-con-unifi-wifi-auto-link","status":"publish","type":"product","link":"https:\/\/soydeaqui.ddns.net\/pachuca\/index.php\/producto\/unifi-device-bridge-udb-adaptador-poe-inalambrico-plug-and-play-para-enlace-de-dispositivos-con-unifi-wifi-auto-link\/","title":{"rendered":"UniFi Device Bridge (UDB) \u2013 Adaptador PoE Inal\u00e1mbrico Plug-and-Play para Enlace de Dispositivos con UniFi WiFi Auto-Link"},"content":{"rendered":"<div style='width: 100%; max-width: 1200px; margin: 0 auto; font-family: sans-serif; line-height: 1.6; color: inherit; background-color: transparent;'> <!-- Hero Section --> <\/p>\n<div style='display: flex; flex-wrap: wrap; gap: 30px; align-items: center; border: 1px solid rgba(150&comma;150&comma;150&comma;0.3); border-radius: 12px; padding: 20px; margin-bottom: 30px;'>\n<div style='flex: 1 1 320px; min-width: 280px;'> <!-- Video container --> <\/p>\n<div style='position: relative; padding-bottom: 56.25%; height: 0; overflow: hidden; margin-bottom: 10px;'> <video style='position: absolute; top: 0; left: 0; width: 100%; height: 100%; border: 1px solid rgba(150&comma;150&comma;150&comma;0.3); border-radius: 12px;' src='https:\/\/ftp3.syscom.mx\/usuarios\/adiaz\/Ubiquiti\/Imagenes\/UDB\/loop.mp4' autoplay muted loop playsinline preload='metadata'> <!-- Fallback image --> <img src='https:\/\/ftp3.syscom.mx\/usuarios\/adiaz\/Ubiquiti\/Imagenes\/UDB\/vista1.png' alt='Ubiquiti UDB' style='width: 100%; height: auto; border: 1px solid rgba(150&comma;150&comma;150&comma;0.3); border-radius: 12px; display: block;'> <\/video> <\/div>\n<\/p><\/div>\n<div style='flex: 1 1 360px; min-width: 280px;'>\n<h2 style='font-size: 24px; margin: 0 0 10px; color: inherit;'>UniFi Device Bridge<\/h2>\n<div style='margin: 0 0 15px; color: inherit; font-weight: 600; opacity: 0.8;'>Modelo: <span style='font-weight: 700; opacity: 1;'>UDB<\/span><\/div>\n<p style='margin: 0; color: inherit; font-size: 15px;'>Puente Wi-Fi para enlazar un dispositivo cableado mediante <strong>5 GHz (Wi-Fi 5)<\/strong> con <strong>puerto GbE<\/strong>&comma; opci\u00f3n de <strong>antena externa<\/strong> (RP-SMA) y administraci\u00f3n desde <strong>UniFi Network<\/strong>.<\/p>\n<\/p><\/div>\n<\/p><\/div>\n<p> <!-- Especificaciones Title --> <\/p>\n<div style='text-align: center; margin: 40px 0 20px;'> <span style='font-size: 20px; color: inherit; font-weight: 700; display: inline-block; border-bottom: 2px solid currentColor; padding-bottom: 5px;'>Especificaciones<\/span> <\/div>\n<p> <!-- Specifications Grid --> <\/p>\n<div style='display: flex; flex-wrap: wrap; gap: 20px; margin-bottom: 30px;'> <!-- Card: Caracter\u00edsticas principales --> <\/p>\n<div style='flex: 1 1 250px; border: 1px solid rgba(150&comma; 150&comma; 150&comma; 0.3); border-radius: 8px; overflow: hidden; display: flex; flex-direction: column;'>\n<div style='padding: 15px; border-bottom: 1px solid rgba(150&comma;150&comma;150&comma;0.2); font-weight: bold; font-size: 16px; color: inherit;'>Caracter\u00edsticas principales<\/div>\n<div style='padding: 15px; color: inherit; flex: 1;'>\n<ul style='padding-left: 20px; margin: 0; font-size: 14px; list-style-type: disc;'>\n<li style='margin-bottom: 8px;'>Puente Wi-Fi <strong>5 GHz<\/strong> (Wi-Fi 5) para enlazar un dispositivo por cable<\/li>\n<li style='margin-bottom: 8px;'><strong>(1) puerto GbE RJ45<\/strong> para el dispositivo remoto<\/li>\n<li style='margin-bottom: 8px;'><strong>2 streams<\/strong> espaciales (2&#215;2 MIMO)<\/li>\n<li style='margin-bottom: 8px;'>Montaje: <strong>pared<\/strong> (incluido) \u2022 Ubicaci\u00f3n: <strong>pared \/ mesa<\/strong><\/li>\n<li style='margin-bottom: 8px;'>Seguridad inal\u00e1mbrica: <strong>WPA2-AES<\/strong><\/li>\n<li style='margin-bottom: 8px;'>Compatible con <strong>NDAA<\/strong>: <strong>\u2713<\/strong><\/li>\n<\/ul><\/div>\n<\/p><\/div>\n<p> <!-- Card: F\u00edsicas y ambientales --> <\/p>\n<div style='flex: 1 1 250px; border: 1px solid rgba(150&comma; 150&comma; 150&comma; 0.3); border-radius: 8px; overflow: hidden; display: flex; flex-direction: column;'>\n<div style='padding: 15px; border-bottom: 1px solid rgba(150&comma;150&comma;150&comma;0.2); font-weight: bold; font-size: 16px; color: inherit;'>Caracter\u00edsticas f\u00edsicas y ambientales<\/div>\n<div style='padding: 15px; color: inherit; flex: 1;'>\n<ul style='padding-left: 20px; margin: 0; font-size: 14px; list-style-type: disc;'>\n<li style='margin-bottom: 8px;'><strong>Dimensiones<\/strong>: 130 \u00d7 55 \u00d7 34 mm (5.1 \u00d7 2.2 \u00d7 1.3&#8242;)<\/li>\n<li style='margin-bottom: 8px;'><strong>Peso<\/strong>: 200 g (7.1 oz)<\/li>\n<li style='margin-bottom: 8px;'><strong>Material de la carcasa<\/strong>: policarbonato<\/li>\n<li style='margin-bottom: 8px;'><strong>Material del montaje<\/strong>: policarbonato<\/li>\n<li style='margin-bottom: 8px;'><strong>Temperatura de operaci\u00f3n<\/strong>: \u221210 a 40 \u00b0C (14 a 104 \u00b0F)<\/li>\n<li style='margin-bottom: 8px;'><strong>Humedad de operaci\u00f3n<\/strong>: 5\u201395% sin condensaci\u00f3n<\/li>\n<\/ul><\/div>\n<\/p><\/div>\n<p> <!-- Card: Alimentaci\u00f3n y puertos --> <\/p>\n<div style='flex: 1 1 250px; border: 1px solid rgba(150&comma; 150&comma; 150&comma; 0.3); border-radius: 8px; overflow: hidden; display: flex; flex-direction: column;'>\n<div style='padding: 15px; border-bottom: 1px solid rgba(150&comma;150&comma;150&comma;0.2); font-weight: bold; font-size: 16px; color: inherit;'>Alimentaci\u00f3n y puertos<\/div>\n<div style='padding: 15px; color: inherit; flex: 1;'>\n<ul style='padding-left: 20px; margin: 0; font-size: 14px; list-style-type: disc;'>\n<li style='margin-bottom: 8px;'><strong>M\u00e9todo de alimentaci\u00f3n<\/strong>: 100\u2013240 V CA&comma; 50\/60 Hz<\/li>\n<li style='margin-bottom: 8px;'><strong>Corriente m\u00e1x.<\/strong>: 0.45 A<\/li>\n<li style='margin-bottom: 8px;'><strong>Consumo m\u00e1ximo<\/strong>: 25 W (entrada CA) \/ 10 W (sin considerar salida PoE)<\/li>\n<li style='margin-bottom: 8px;'><strong>Interfaz de red<\/strong>: (1) puerto <strong>GbE RJ45<\/strong><\/li>\n<li style='margin-bottom: 8px;'><strong>Bot\u00f3n<\/strong>: (1) restablecimiento de f\u00e1brica<\/li>\n<li style='margin-bottom: 8px;'><strong>LEDs<\/strong>: (4) azules (se\u00f1al) \u2022 (1) blanco\/azul (indicador)<\/li>\n<\/ul><\/div>\n<\/p><\/div>\n<p> <!-- Card: Radio y rendimiento inal\u00e1mbrico --> <\/p>\n<div style='flex: 1 1 250px; border: 1px solid rgba(150&comma; 150&comma; 150&comma; 0.3); border-radius: 8px; overflow: hidden; display: flex; flex-direction: column;'>\n<div style='padding: 15px; border-bottom: 1px solid rgba(150&comma;150&comma;150&comma;0.2); font-weight: bold; font-size: 16px; color: inherit;'>Radio y rendimiento inal\u00e1mbrico<\/div>\n<div style='padding: 15px; color: inherit; flex: 1;'>\n<ul style='padding-left: 20px; margin: 0; font-size: 14px; list-style-type: disc;'>\n<li style='margin-bottom: 8px;'><strong>Est\u00e1ndares<\/strong>: 802.11a\/n\/ac (Wi-Fi 5)<\/li>\n<li style='margin-bottom: 8px;'><strong>Banda<\/strong>: 5 GHz (seg\u00fan regi\u00f3n)<\/li>\n<li style='margin-bottom: 8px;'><strong>Ancho de canal<\/strong>: 20 \/ 40 \/ 80 MHz<\/li>\n<li style='margin-bottom: 8px;'><strong>MIMO<\/strong>: 2 \u00d7 2<\/li>\n<li style='margin-bottom: 8px;'><strong>Tasa m\u00e1x. de datos<\/strong>: 866.7 Mbps (BW80)<\/li>\n<li style='margin-bottom: 8px;'><strong>Potencia TX m\u00e1x.<\/strong>: 21 dBm<\/li>\n<li style='margin-bottom: 8px;'><strong>Antenas \/ ganancia<\/strong>:\n<div style='margin-top: 4px; font-size: 14px; opacity: 0.85;'>Interna: 5 dBi<br \/>Externa omni (RP-SMA): 4 dBi&comma; 360\u00b0 \u00d7 30\u00b0<\/div>\n<\/li>\n<li style='margin-bottom: 8px;'><strong>Certificaciones<\/strong>: CE&comma; FCC&comma; IC&comma; Anatel (03885-25-08356)<\/li>\n<\/ul><\/div>\n<\/p><\/div>\n<\/p><\/div>\n<p> <!-- Vista del producto --> <\/p>\n<div style='border: 1px solid rgba(150&comma;150&comma;150&comma;0.3); border-radius: 8px; padding: 20px; margin: 30px 0;'>\n<h3 style='margin: 0 0 20px; font-size: 18px; font-weight: 600; color: inherit; border-bottom: 2px solid currentColor; padding-bottom: 5px;'>Vista del producto<\/h3>\n<div style='display: flex; flex-wrap: wrap; gap: 20px; justify-content: center; align-items: center;'> <img src='https:\/\/ftp3.syscom.mx\/usuarios\/adiaz\/Ubiquiti\/Imagenes\/UDB\/vista1.png' alt='UDB vista 1' style='width: 100%; max-width: 480px; height: auto; border: 1px solid rgba(150&comma;150&comma;150&comma;0.3); border-radius: 8px;'> <img src='https:\/\/ftp3.syscom.mx\/usuarios\/adiaz\/Ubiquiti\/Imagenes\/UDB\/vista2.png' alt='UDB vista 2' style='width: 100%; max-width: 480px; height: auto; border: 1px solid rgba(150&comma;150&comma;150&comma;0.3); border-radius: 8px;'> <\/div>\n<\/p><\/div>\n<p> <!-- Contenido del paquete --> <\/p>\n<div style='border: 1px solid rgba(150&comma;150&comma;150&comma;0.3); border-radius: 8px; padding: 20px; margin: 30px 0;'>\n<h3 style='margin: 0 0 15px; font-size: 18px; font-weight: 600; color: inherit; border-bottom: 2px solid currentColor; padding-bottom: 5px;'>Contenido del Paquete<\/h3>\n<p> <img src='https:\/\/ftp3.syscom.mx\/usuarios\/adiaz\/Ubiquiti\/Imagenes\/UDB\/contenido.png' alt='Contenido del paquete UDB' style='width: 100%; height: auto; border: 1px solid rgba(150&comma;150&comma;150&comma;0.3); border-radius: 8px;'> <\/div>\n<\/p><\/div>\n","protected":false},"excerpt":{"rendered":"<p>UniFi Device Bridge (UDB) \u2013 Adaptador PoE Inal\u00e1mbrico Plug-and-Play para Enlace de Dispositivos con UniFi WiFi Auto-Link<\/p>\n","protected":false},"featured_media":82428,"comment_status":"open","ping_status":"closed","template":"","meta":[],"product_brand":[],"product_cat":[1998],"product_tag":[1999,1980,166],"class_list":{"0":"post-82429","1":"product","2":"type-product","3":"status-publish","4":"has-post-thumbnail","6":"product_cat-5-y-6-ghz","7":"product_tag-5-y-6-ghz","8":"product_tag-enlaces-ptp-y-ptmp","9":"product_tag-ubiquiti","11":"first","12":"outofstock","13":"sale","14":"shipping-taxable","15":"purchasable","16":"product-type-simple"},"_links":{"self":[{"href":"https:\/\/soydeaqui.ddns.net\/pachuca\/index.php\/wp-json\/wp\/v2\/product\/82429","targetHints":{"allow":["GET"]}}],"collection":[{"href":"https:\/\/soydeaqui.ddns.net\/pachuca\/index.php\/wp-json\/wp\/v2\/product"}],"about":[{"href":"https:\/\/soydeaqui.ddns.net\/pachuca\/index.php\/wp-json\/wp\/v2\/types\/product"}],"replies":[{"embeddable":true,"href":"https:\/\/soydeaqui.ddns.net\/pachuca\/index.php\/wp-json\/wp\/v2\/comments?post=82429"}],"wp:featuredmedia":[{"embeddable":true,"href":"https:\/\/soydeaqui.ddns.net\/pachuca\/index.php\/wp-json\/wp\/v2\/media\/82428"}],"wp:attachment":[{"href":"https:\/\/soydeaqui.ddns.net\/pachuca\/index.php\/wp-json\/wp\/v2\/media?parent=82429"}],"wp:term":[{"taxonomy":"product_brand","embeddable":true,"href":"https:\/\/soydeaqui.ddns.net\/pachuca\/index.php\/wp-json\/wp\/v2\/product_brand?post=82429"},{"taxonomy":"product_cat","embeddable":true,"href":"https:\/\/soydeaqui.ddns.net\/pachuca\/index.php\/wp-json\/wp\/v2\/product_cat?post=82429"},{"taxonomy":"product_tag","embeddable":true,"href":"https:\/\/soydeaqui.ddns.net\/pachuca\/index.php\/wp-json\/wp\/v2\/product_tag?post=82429"}],"curies":[{"name":"wp","href":"https:\/\/api.w.org\/{rel}","templated":true}]}}