{"id":8241,"date":"2026-03-18T07:06:32","date_gmt":"2026-03-18T07:06:32","guid":{"rendered":"https:\/\/soydeaqui.ddns.net\/pachuca\/index.php\/producto\/sensor-de-seguridad-perimetral-de-1-zona-deteccion-por-fibra-optica-sensitiva-0-a-5-km-de-proteccion-hasta-20-km-de-fibra-insensitiva-comunicacion-ip\/"},"modified":"2026-03-18T07:06:33","modified_gmt":"2026-03-18T07:06:33","slug":"sensor-de-seguridad-perimetral-de-1-zona-deteccion-por-fibra-optica-sensitiva-0-a-5-km-de-proteccion-hasta-20-km-de-fibra-insensitiva-comunicacion-ip","status":"publish","type":"product","link":"https:\/\/soydeaqui.ddns.net\/pachuca\/index.php\/producto\/sensor-de-seguridad-perimetral-de-1-zona-deteccion-por-fibra-optica-sensitiva-0-a-5-km-de-proteccion-hasta-20-km-de-fibra-insensitiva-comunicacion-ip\/","title":{"rendered":"Sensor de Seguridad Perimetral de 1 Zona\/Detecci\u00f3n por Fibra \u00d3ptica Sensitiva \/ 0 a 5 Km de protecci\u00f3n\/ Hasta 20 Km de fibra insensitiva\/ Comunicaci\u00f3n IP"},"content":{"rendered":"<div style='width: 100%; max-width: 1200px; margin: 0 auto; font-family: sans-serif; line-height: 1.6; color: inherit; background-color: transparent;'>\n<div style='display: flex; flex-wrap: wrap; gap: 30px; margin-bottom: 30px;'>\n<div style='flex: 1 1 100%; min-width: 280px;'> <img style='width: 100%; height: auto; border: 1px solid rgba(150&comma;150&comma;150&comma;0.3); border-radius: 8px;' src='https:\/\/ftp3.syscom.mx\/usuarios\/ftp\/single_page\/optex\/FSI-Logo-2020.png' alt='Logo Fiber SenSys'> <\/div>\n<\/p><\/div>\n<div style='display: flex; flex-wrap: wrap; gap: 30px; margin-bottom: 30px;'>\n<div style='flex: 1 1 100%; min-width: 280px;'>\n<p style='text-align: justify;'>Fiber SenSys&comma; Inc. (FSI) se asocia con usuarios finales&comma; fabricantes e integradores para brindar soluciones de seguridad perimetral. Todas las APU Fiber Defender\u00ae ofrecen salidas de rel\u00e9 est\u00e1ndar con muchos modelos que ofrecen interfaz TCP \/ IP como interfaz est\u00e1ndar o como opci\u00f3n. Nuestro sistema b\u00e1sico de comando y control&comma; Fiber Commander \u2122&comma; permite la integraci\u00f3n de alto nivel basada en IP con todos los sensores Fiber Defender\u00ae. Adem\u00e1s&comma; ofrecemos integraci\u00f3n con una lista creciente de fabricantes y sus sistemas.<\/p>\n<\/p><\/div>\n<\/p><\/div>\n<div style='display: flex; flex-wrap: wrap; gap: 30px; margin-bottom: 30px;'>\n<div style='flex: 1 1 50%; min-width: 280px;'> <img style='width: 100%; height: auto; border: 1px solid rgba(150&comma;150&comma;150&comma;0.3); border-radius: 8px;' src='https:\/\/ftp3.syscom.mx\/usuarios\/ftp\/single_page\/optex\/fiber-sensys-fd322-prodextec.jpeg' alt='Sensor de fibra \u00f3ptica'> <\/div>\n<div style='flex: 1 1 50%; min-width: 280px;'>\n<div style='border-left: 5px solid #1242b1; padding-left: 15px;'>\n<p>Caracter\u00edsticas:<\/p>\n<ul style='padding-left: 20px; font-size: 15px; color: inherit;'>\n<li style='margin-bottom: 5px;'>Una zona independiente&comma; zona hasta 5 km de fibra sensor.<\/li>\n<li style='margin-bottom: 5px;'>Cable no sensible&comma; hasta 20 km.<\/li>\n<li style='margin-bottom: 5px;'>Opciones de integraci\u00f3n: salidas de alarma por contactos\/ relevadores.<\/li>\n<li style='margin-bottom: 5px;'>Salida TCP\/IP interfaz&comma; XML; puerto de comunicaci\u00f3n RS-232.<\/li>\n<li style='margin-bottom: 5px;'>Configuraci\u00f3n flexible con m\u00e1s de 6 par\u00e1metros para asegurar un alto rendimiento.<\/li>\n<li style='margin-bottom: 5px;'>Requiere certificacion.<\/li>\n<li style='margin-bottom: 5px;'>Memoria de hasta 24 alarmas.<\/li>\n<li style='margin-bottom: 5px;'>Inmune a Interferencias Electromagneticas y de Radiofrecuencia.<\/li>\n<li style='margin-bottom: 5px;'><strong><em style='color: inherit; font-size: 13px;'>Nota: Para cotizar este producto se requiere una Ingenieria de Dise\u00f1o (Contacte al departamento de Ingenieria de Syscom).<\/em><\/strong><\/li>\n<li style='margin-bottom: 5px;'><em style='color: inherit; font-size: 13px;'><strong>FD341-IP para capacidad de comunicaciones IP-XML<\/strong><\/em><\/li>\n<\/ul><\/div>\n<\/p><\/div>\n<\/p><\/div>\n<div style='display: flex; flex-wrap: wrap; gap: 30px; margin-bottom: 30px;'>\n<div style='flex: 1 1 33.333%; min-width: 280px;'> <img style='width: 100%; height: auto; border: 1px solid rgba(150&comma;150&comma;150&comma;0.3); border-radius: 8px;' src='https:\/\/ftp3.syscom.mx\/usuarios\/ftp\/single_page\/optex\/32884822_m.jpeg' alt='Instalaci\u00f3n 1'> <\/div>\n<div style='flex: 1 1 33.333%; min-width: 280px;'> <img style='width: 100%; height: auto; border: 1px solid rgba(150&comma;150&comma;150&comma;0.3); border-radius: 8px;' src='https:\/\/ftp3.syscom.mx\/usuarios\/ftp\/single_page\/optex\/50122738_m.jpeg' alt='Instalaci\u00f3n 2'> <\/div>\n<div style='flex: 1 1 33.333%; min-width: 280px;'> <img style='width: 100%; height: auto; border: 1px solid rgba(150&comma;150&comma;150&comma;0.3); border-radius: 8px;' src='https:\/\/ftp3.syscom.mx\/usuarios\/ftp\/single_page\/optex\/63067378_m.jpeg' alt='Instalaci\u00f3n 3'> <\/div>\n<\/p><\/div>\n<div style='display: flex; flex-wrap: wrap; gap: 30px; margin-bottom: 30px;'>\n<div style='flex: 1 1 100%; min-width: 280px;'> <img style='width: 100%; height: auto; border: 1px solid rgba(150&comma;150&comma;150&comma;0.3); border-radius: 8px;' src='https:\/\/ftp3.syscom.mx\/usuarios\/ftp\/single_page\/optex\/fiber-sensys-optex-prodextec-bunker-seguridad.jpeg' alt='Sistema de seguridad perimetral'> <\/div>\n<\/p><\/div>\n<div style='display: flex; flex-wrap: wrap; gap: 30px; margin-bottom: 30px;'>\n<div style='flex: 1 1 100%; min-width: 280px;'>\n<p style='text-align: justify;'>Estos sensores inteligentes son capaces de distinguir entre intrusos reales y las molestas alarmas que pueden ser provocadas por el viento&comma; peque\u00f1os animales o condiciones ambientales. Al contrario de lo que sucede con los sensores met\u00e1licos (coaxiales)&comma; la detecci\u00f3n avanzada de la fibra \u00f3ptica no se ve afectada por condiciones ambientales adversas&comma; incluida las interferencias EMI y RFI&comma; la corrosi\u00f3n e incluso los rayos durante las tormentas el\u00e9ctricas. Al contar con la opci\u00f3n de instalar todos los componentes electr\u00f3nicos en un lugar alejado del per\u00edmetro&comma; es posible proteger instalaciones con requisitos peligrosos&comma; ya que el cable de fibra \u00f3ptica no contiene energ\u00eda que pueda causar explosiones.<\/p>\n<\/p><\/div>\n<\/p><\/div>\n<div style='display: flex; flex-wrap: wrap; gap: 30px; margin-bottom: 30px;'>\n<div style='flex: 1 1 100%; min-width: 280px;'> <img style='width: 100%; height: auto; border: 1px solid rgba(150&comma;150&comma;150&comma;0.3); border-radius: 8px;' src='https:\/\/ftp3.syscom.mx\/usuarios\/ftp\/single_page\/optex\/redfiber-1-en-630.jpeg' alt='Diagrama de sistema'> <\/div>\n<\/p><\/div>\n<div style='display: flex; flex-wrap: wrap; gap: 30px; margin-bottom: 30px;'>\n<div style='flex: 1 1 100%; min-width: 280px;'>\n<div style='overflow-x: auto;'>\n<table style='width: 100%; border-collapse: collapse; color: inherit;'>\n<tbody style='text-align: center;'>\n<tr>\n<td style='border: 1px solid rgba(150&comma;150&comma;150&comma;0.3); padding: 8px;'>\n<p>Modelo de APU (unidad analizador de alarma)<\/p>\n<\/td>\n<td style='border: 1px solid rgba(150&comma;150&comma;150&comma;0.3); padding: 8px;'>\n<p><strong>FD322<\/strong><\/p>\n<\/td>\n<td style='border: 1px solid rgba(150&comma;150&comma;150&comma;0.3); padding: 8px;'>\n<p><strong>FD331<\/strong><\/p>\n<\/td>\n<td style='border: 1px solid rgba(150&comma;150&comma;150&comma;0.3); padding: 8px;'>\n<p><strong>FD332<\/strong><\/p>\n<\/td>\n<td style='border: 1px solid rgba(150&comma;150&comma;150&comma;0.3); padding: 8px;'>\n<p><strong>FD341<\/strong><\/p>\n<\/td>\n<td style='border: 1px solid rgba(150&comma;150&comma;150&comma;0.3); padding: 8px;'>\n<p><strong>FD342<\/strong><\/p>\n<\/td>\n<td style='border: 1px solid rgba(150&comma;150&comma;150&comma;0.3); padding: 8px;'>\n<p><strong>FD508<\/strong><\/p>\n<\/td>\n<td style='border: 1px solid rgba(150&comma;150&comma;150&comma;0.3); padding: 8px;'>\n<p><strong>FD504\/FD7104<\/strong><\/p>\n<\/td>\n<td style='border: 1px solid rgba(150&comma;150&comma;150&comma;0.3); padding: 8px;'>\n<p><strong>FD525<\/strong><\/p>\n<\/td>\n<td style='border: 1px solid rgba(150&comma;150&comma;150&comma;0.3); padding: 8px;'>\n<p><strong>FD525R<\/strong><\/p>\n<\/td>\n<\/tr>\n<tr>\n<td style='border: 1px solid rgba(150&comma;150&comma;150&comma;0.3); padding: 8px;'>\n<p>Cualquier tipo de cerca o malla<\/p>\n<\/td>\n<td style='border: 1px solid rgba(150&comma;150&comma;150&comma;0.3); padding: 8px;'>\n<p>x<\/p>\n<\/td>\n<td style='border: 1px solid rgba(150&comma;150&comma;150&comma;0.3); padding: 8px;'>\n<p>x<\/p>\n<\/td>\n<td style='border: 1px solid rgba(150&comma;150&comma;150&comma;0.3); padding: 8px;'>\n<p>x<\/p>\n<\/td>\n<td style='border: 1px solid rgba(150&comma;150&comma;150&comma;0.3); padding: 8px;'>\n<p>x<\/p>\n<\/td>\n<td style='border: 1px solid rgba(150&comma;150&comma;150&comma;0.3); padding: 8px;'>\n<p>x<\/p>\n<\/td>\n<td style='border: 1px solid rgba(150&comma;150&comma;150&comma;0.3); padding: 8px;'>\n<p>x<\/p>\n<\/td>\n<td style='border: 1px solid rgba(150&comma;150&comma;150&comma;0.3); padding: 8px;'>\n<p>x<\/p>\n<\/td>\n<td style='border: 1px solid rgba(150&comma;150&comma;150&comma;0.3); padding: 8px;'>\n<p>x<\/p>\n<\/td>\n<td style='border: 1px solid rgba(150&comma;150&comma;150&comma;0.3); padding: 8px;'>\n<p>x<\/p>\n<\/td>\n<\/tr>\n<tr>\n<td style='border: 1px solid rgba(150&comma;150&comma;150&comma;0.3); padding: 8px;'>\n<p>Muro<\/p>\n<\/td>\n<td style='border: 1px solid rgba(150&comma;150&comma;150&comma;0.3); padding: 8px;'>\n<p>x<\/p>\n<\/td>\n<td style='border: 1px solid rgba(150&comma;150&comma;150&comma;0.3); padding: 8px;'>\n<p>x<\/p>\n<\/td>\n<td style='border: 1px solid rgba(150&comma;150&comma;150&comma;0.3); padding: 8px;'>\n<p>x<\/p>\n<\/td>\n<td style='border: 1px solid rgba(150&comma;150&comma;150&comma;0.3); padding: 8px;'>\n<p>x<\/p>\n<\/td>\n<td style='border: 1px solid rgba(150&comma;150&comma;150&comma;0.3); padding: 8px;'>\n<p>x<\/p>\n<\/td>\n<td style='border: 1px solid rgba(150&comma;150&comma;150&comma;0.3); padding: 8px;'>\n<p>x<\/p>\n<\/td>\n<td style='border: 1px solid rgba(150&comma;150&comma;150&comma;0.3); padding: 8px;'>\n<p>x<\/p>\n<\/td>\n<td style='border: 1px solid rgba(150&comma;150&comma;150&comma;0.3); padding: 8px;'>\n<p>x<\/p>\n<\/td>\n<td style='border: 1px solid rgba(150&comma;150&comma;150&comma;0.3); padding: 8px;'>\n<p>x<\/p>\n<\/td>\n<\/tr>\n<tr>\n<td style='border: 1px solid rgba(150&comma;150&comma;150&comma;0.3); padding: 8px;'>\n<p>Datos espectrales internos<\/p>\n<\/td>\n<td style='border: 1px solid rgba(150&comma;150&comma;150&comma;0.3); padding: 8px;'>\n<p>x<\/p>\n<\/td>\n<td style='border: 1px solid rgba(150&comma;150&comma;150&comma;0.3); padding: 8px;'>\n<p>x<\/p>\n<\/td>\n<td style='border: 1px solid rgba(150&comma;150&comma;150&comma;0.3); padding: 8px;'>\n<p>x<\/p>\n<\/td>\n<td style='border: 1px solid rgba(150&comma;150&comma;150&comma;0.3); padding: 8px;'>\n<p>x<\/p>\n<\/td>\n<td style='border: 1px solid rgba(150&comma;150&comma;150&comma;0.3); padding: 8px;'>\n<p>x<\/p>\n<\/td>\n<td style='border: 1px solid rgba(150&comma;150&comma;150&comma;0.3); padding: 8px;'>\n<p>&#8211;<\/p>\n<\/td>\n<td style='border: 1px solid rgba(150&comma;150&comma;150&comma;0.3); padding: 8px;'>\n<p>&#8211;<\/p>\n<\/td>\n<td style='border: 1px solid rgba(150&comma;150&comma;150&comma;0.3); padding: 8px;'>\n<p>&#8211;<\/p>\n<\/td>\n<td style='border: 1px solid rgba(150&comma;150&comma;150&comma;0.3); padding: 8px;'>\n<p>&#8211;<\/p>\n<\/td>\n<\/tr>\n<tr>\n<td style='border: 1px solid rgba(150&comma;150&comma;150&comma;0.3); padding: 8px;'>\n<p>Par\u00e1metros configurables<\/p>\n<\/td>\n<td style='border: 1px solid rgba(150&comma;150&comma;150&comma;0.3); padding: 8px;'>\n<p>6+<\/p>\n<\/td>\n<td style='border: 1px solid rgba(150&comma;150&comma;150&comma;0.3); padding: 8px;'>\n<p>25+<\/p>\n<\/td>\n<td style='border: 1px solid rgba(150&comma;150&comma;150&comma;0.3); padding: 8px;'>\n<p>25+<\/p>\n<\/td>\n<td style='border: 1px solid rgba(150&comma;150&comma;150&comma;0.3); padding: 8px;'>\n<p>25+<\/p>\n<\/td>\n<td style='border: 1px solid rgba(150&comma;150&comma;150&comma;0.3); padding: 8px;'>\n<p>25+<\/p>\n<\/td>\n<td style='border: 1px solid rgba(150&comma;150&comma;150&comma;0.3); padding: 8px;'>\n<p>25+<\/p>\n<\/td>\n<td style='border: 1px solid rgba(150&comma;150&comma;150&comma;0.3); padding: 8px;'>\n<p>25+<\/p>\n<\/td>\n<td style='border: 1px solid rgba(150&comma;150&comma;150&comma;0.3); padding: 8px;'>\n<p>25+<\/p>\n<\/td>\n<td style='border: 1px solid rgba(150&comma;150&comma;150&comma;0.3); padding: 8px;'>\n<p>25+<\/p>\n<\/td>\n<\/tr>\n<tr>\n<td style='border: 1px solid rgba(150&comma;150&comma;150&comma;0.3); padding: 8px;'>\n<p>Compatibilidad TCP\/ IP<\/p>\n<\/td>\n<td style='border: 1px solid rgba(150&comma;150&comma;150&comma;0.3); padding: 8px;'>\n<p>x<\/p>\n<\/td>\n<td style='border: 1px solid rgba(150&comma;150&comma;150&comma;0.3); padding: 8px;'>\n<p>x<\/p>\n<\/td>\n<td style='border: 1px solid rgba(150&comma;150&comma;150&comma;0.3); padding: 8px;'>\n<p>x<\/p>\n<\/td>\n<td style='border: 1px solid rgba(150&comma;150&comma;150&comma;0.3); padding: 8px;'>\n<p>x<\/p>\n<\/td>\n<td style='border: 1px solid rgba(150&comma;150&comma;150&comma;0.3); padding: 8px;'>\n<p>x<\/p>\n<\/td>\n<td style='border: 1px solid rgba(150&comma;150&comma;150&comma;0.3); padding: 8px;'>\n<p>x<\/p>\n<\/td>\n<td style='border: 1px solid rgba(150&comma;150&comma;150&comma;0.3); padding: 8px;'>\n<p>x<\/p>\n<\/td>\n<td style='border: 1px solid rgba(150&comma;150&comma;150&comma;0.3); padding: 8px;'>\n<p>x<\/p>\n<\/td>\n<td style='border: 1px solid rgba(150&comma;150&comma;150&comma;0.3); padding: 8px;'>\n<p>x<\/p>\n<\/td>\n<\/tr>\n<tr>\n<td style='border: 1px solid rgba(150&comma;150&comma;150&comma;0.3); padding: 8px;'>\n<p>E\/S USB<\/p>\n<\/td>\n<td style='border: 1px solid rgba(150&comma;150&comma;150&comma;0.3); padding: 8px;'>\n<p>&#8211;<\/p>\n<\/td>\n<td style='border: 1px solid rgba(150&comma;150&comma;150&comma;0.3); padding: 8px;'>\n<p>&#8211;<\/p>\n<\/td>\n<td style='border: 1px solid rgba(150&comma;150&comma;150&comma;0.3); padding: 8px;'>\n<p>&#8211;<\/p>\n<\/td>\n<td style='border: 1px solid rgba(150&comma;150&comma;150&comma;0.3); padding: 8px;'>\n<p>&#8211;<\/p>\n<\/td>\n<td style='border: 1px solid rgba(150&comma;150&comma;150&comma;0.3); padding: 8px;'>\n<p>&#8211;<\/p>\n<\/td>\n<td style='border: 1px solid rgba(150&comma;150&comma;150&comma;0.3); padding: 8px;'>\n<p>x<\/p>\n<\/td>\n<td style='border: 1px solid rgba(150&comma;150&comma;150&comma;0.3); padding: 8px;'>\n<p>x<\/p>\n<\/td>\n<td style='border: 1px solid rgba(150&comma;150&comma;150&comma;0.3); padding: 8px;'>\n<p>x<\/p>\n<\/td>\n<td style='border: 1px solid rgba(150&comma;150&comma;150&comma;0.3); padding: 8px;'>\n<p>x<\/p>\n<\/td>\n<\/tr>\n<tr>\n<td style='border: 1px solid rgba(150&comma;150&comma;150&comma;0.3); padding: 8px;'>\n<p>E\/S RS-232<\/p>\n<\/td>\n<td style='border: 1px solid rgba(150&comma;150&comma;150&comma;0.3); padding: 8px;'>\n<p>x<\/p>\n<\/td>\n<td style='border: 1px solid rgba(150&comma;150&comma;150&comma;0.3); padding: 8px;'>\n<p>x<\/p>\n<\/td>\n<td style='border: 1px solid rgba(150&comma;150&comma;150&comma;0.3); padding: 8px;'>\n<p>x<\/p>\n<\/td>\n<td style='border: 1px solid rgba(150&comma;150&comma;150&comma;0.3); padding: 8px;'>\n<p>x<\/p>\n<\/td>\n<td style='border: 1px solid rgba(150&comma;150&comma;150&comma;0.3); padding: 8px;'>\n<p>x<\/p>\n<\/td>\n<td style='border: 1px solid rgba(150&comma;150&comma;150&comma;0.3); padding: 8px;'>\n<p>&#8211;<\/p>\n<\/td>\n<td style='border: 1px solid rgba(150&comma;150&comma;150&comma;0.3); padding: 8px;'>\n<p>&#8211;<\/p>\n<\/td>\n<td style='border: 1px solid rgba(150&comma;150&comma;150&comma;0.3); padding: 8px;'>\n<p>&#8211;<\/p>\n<\/td>\n<td style='border: 1px solid rgba(150&comma;150&comma;150&comma;0.3); padding: 8px;'>\n<p>&#8211;<\/p>\n<\/td>\n<\/tr>\n<tr>\n<td style='border: 1px solid rgba(150&comma;150&comma;150&comma;0.3); padding: 8px;'>\n<p>Salida de rel\u00e9<\/p>\n<\/td>\n<td style='border: 1px solid rgba(150&comma;150&comma;150&comma;0.3); padding: 8px;'>\n<p>x<\/p>\n<\/td>\n<td style='border: 1px solid rgba(150&comma;150&comma;150&comma;0.3); padding: 8px;'>\n<p>x<\/p>\n<\/td>\n<td style='border: 1px solid rgba(150&comma;150&comma;150&comma;0.3); padding: 8px;'>\n<p>x<\/p>\n<\/td>\n<td style='border: 1px solid rgba(150&comma;150&comma;150&comma;0.3); padding: 8px;'>\n<p>x<\/p>\n<\/td>\n<td style='border: 1px solid rgba(150&comma;150&comma;150&comma;0.3); padding: 8px;'>\n<p>x<\/p>\n<\/td>\n<td style='border: 1px solid rgba(150&comma;150&comma;150&comma;0.3); padding: 8px;'>\n<p>x<\/p>\n<\/td>\n<td style='border: 1px solid rgba(150&comma;150&comma;150&comma;0.3); padding: 8px;'>\n<p>x<\/p>\n<\/td>\n<td style='border: 1px solid rgba(150&comma;150&comma;150&comma;0.3); padding: 8px;'>\n<p>x<\/p>\n<\/td>\n<td style='border: 1px solid rgba(150&comma;150&comma;150&comma;0.3); padding: 8px;'>\n<p>x<\/p>\n<\/td>\n<\/tr>\n<tr>\n<td style='border: 1px solid rgba(150&comma;150&comma;150&comma;0.3); padding: 8px;'>\n<p>Montaje en rack de 19&#8242;<\/p>\n<\/td>\n<td style='border: 1px solid rgba(150&comma;150&comma;150&comma;0.3); padding: 8px;'>\n<p>&#8211;<\/p>\n<\/td>\n<td style='border: 1px solid rgba(150&comma;150&comma;150&comma;0.3); padding: 8px;'>\n<p>&#8211;<\/p>\n<\/td>\n<td style='border: 1px solid rgba(150&comma;150&comma;150&comma;0.3); padding: 8px;'>\n<p>&#8211;<\/p>\n<\/td>\n<td style='border: 1px solid rgba(150&comma;150&comma;150&comma;0.3); padding: 8px;'>\n<p>&#8211;<\/p>\n<\/td>\n<td style='border: 1px solid rgba(150&comma;150&comma;150&comma;0.3); padding: 8px;'>\n<p>&#8211;<\/p>\n<\/td>\n<td style='border: 1px solid rgba(150&comma;150&comma;150&comma;0.3); padding: 8px;'>\n<p>x<\/p>\n<\/td>\n<td style='border: 1px solid rgba(150&comma;150&comma;150&comma;0.3); padding: 8px;'>\n<p>x<\/p>\n<\/td>\n<td style='border: 1px solid rgba(150&comma;150&comma;150&comma;0.3); padding: 8px;'>\n<p>x<\/p>\n<\/td>\n<td style='border: 1px solid rgba(150&comma;150&comma;150&comma;0.3); padding: 8px;'>\n<p>x<\/p>\n<\/td>\n<\/tr>\n<tr>\n<td style='border: 1px solid rgba(150&comma;150&comma;150&comma;0.3); padding: 8px;'>\n<p>Zonas m\u00e1ximas por APU<\/p>\n<\/td>\n<td style='border: 1px solid rgba(150&comma;150&comma;150&comma;0.3); padding: 8px;'>\n<p>2<\/p>\n<\/td>\n<td style='border: 1px solid rgba(150&comma;150&comma;150&comma;0.3); padding: 8px;'>\n<p>1<\/p>\n<\/td>\n<td style='border: 1px solid rgba(150&comma;150&comma;150&comma;0.3); padding: 8px;'>\n<p>2<\/p>\n<\/td>\n<td style='border: 1px solid rgba(150&comma;150&comma;150&comma;0.3); padding: 8px;'>\n<p>1<\/p>\n<\/td>\n<td style='border: 1px solid rgba(150&comma;150&comma;150&comma;0.3); padding: 8px;'>\n<p>2<\/p>\n<\/td>\n<td style='border: 1px solid rgba(150&comma;150&comma;150&comma;0.3); padding: 8px;'>\n<p>8<\/p>\n<\/td>\n<td style='border: 1px solid rgba(150&comma;150&comma;150&comma;0.3); padding: 8px;'>\n<p>4<\/p>\n<\/td>\n<td style='border: 1px solid rgba(150&comma;150&comma;150&comma;0.3); padding: 8px;'>\n<p>25<\/p>\n<\/td>\n<td style='border: 1px solid rgba(150&comma;150&comma;150&comma;0.3); padding: 8px;'>\n<p>25<\/p>\n<\/td>\n<\/tr>\n<tr>\n<td style='border: 1px solid rgba(150&comma;150&comma;150&comma;0.3); padding: 8px;'>\n<p>Longitud m\u00e1xima del cable de detecci\u00f3n por zona<\/p>\n<\/td>\n<td style='border: 1px solid rgba(150&comma;150&comma;150&comma;0.3); padding: 8px;'>\n<p>500 m<\/p>\n<\/td>\n<td style='border: 1px solid rgba(150&comma;150&comma;150&comma;0.3); padding: 8px;'>\n<p>5 km<\/p>\n<\/td>\n<td style='border: 1px solid rgba(150&comma;150&comma;150&comma;0.3); padding: 8px;'>\n<p>5 km<\/p>\n<\/td>\n<td style='border: 1px solid rgba(150&comma;150&comma;150&comma;0.3); padding: 8px;'>\n<p>5 km<\/p>\n<\/td>\n<td style='border: 1px solid rgba(150&comma;150&comma;150&comma;0.3); padding: 8px;'>\n<p>5 km<\/p>\n<\/td>\n<td style='border: 1px solid rgba(150&comma;150&comma;150&comma;0.3); padding: 8px;'>\n<p>800 m<\/p>\n<\/td>\n<td style='border: 1px solid rgba(150&comma;150&comma;150&comma;0.3); padding: 8px;'>\n<p>800 m<\/p>\n<\/td>\n<td style='border: 1px solid rgba(150&comma;150&comma;150&comma;0.3); padding: 8px;'>\n<p>800 m<\/p>\n<\/td>\n<td style='border: 1px solid rgba(150&comma;150&comma;150&comma;0.3); padding: 8px;'>\n<p>800 m<\/p>\n<\/td>\n<\/tr>\n<tr>\n<td style='border: 1px solid rgba(150&comma;150&comma;150&comma;0.3); padding: 8px;'>\n<p>Cable FO insensible<\/p>\n<\/td>\n<td style='border: 1px solid rgba(150&comma;150&comma;150&comma;0.3); padding: 8px;'>\n<p>&#8211;<\/p>\n<\/td>\n<td style='border: 1px solid rgba(150&comma;150&comma;150&comma;0.3); padding: 8px;'>\n<p>&#8211;<\/p>\n<\/td>\n<td style='border: 1px solid rgba(150&comma;150&comma;150&comma;0.3); padding: 8px;'>\n<p>&#8211;<\/p>\n<\/td>\n<td style='border: 1px solid rgba(150&comma;150&comma;150&comma;0.3); padding: 8px;'>\n<p>20 km<\/p>\n<\/td>\n<td style='border: 1px solid rgba(150&comma;150&comma;150&comma;0.3); padding: 8px;'>\n<p>20 km<\/p>\n<\/td>\n<td style='border: 1px solid rgba(150&comma;150&comma;150&comma;0.3); padding: 8px;'>\n<p>5 km<\/p>\n<\/td>\n<td style='border: 1px solid rgba(150&comma;150&comma;150&comma;0.3); padding: 8px;'>\n<p>5 km<\/p>\n<\/td>\n<td style='border: 1px solid rgba(150&comma;150&comma;150&comma;0.3); padding: 8px;'>\n<p>10 km<\/p>\n<\/td>\n<td style='border: 1px solid rgba(150&comma;150&comma;150&comma;0.3); padding: 8px;'>\n<p>10 km<\/p>\n<\/td>\n<\/tr>\n<tr>\n<td style='border: 1px solid rgba(150&comma;150&comma;150&comma;0.3); padding: 8px;'>\n<p>Rango de temperatura<\/p>\n<\/td>\n<td style='border: 1px solid rgba(150&comma;150&comma;150&comma;0.3); padding: 8px;'>\n<p>-40 &#8211; 70 \u00b0C<\/p>\n<\/td>\n<td style='border: 1px solid rgba(150&comma;150&comma;150&comma;0.3); padding: 8px;'>\n<p>-40 &#8211; 70 \u00b0C<\/p>\n<\/td>\n<td style='border: 1px solid rgba(150&comma;150&comma;150&comma;0.3); padding: 8px;'>\n<p>-40 &#8211; 70 \u00b0C<\/p>\n<\/td>\n<td style='border: 1px solid rgba(150&comma;150&comma;150&comma;0.3); padding: 8px;'>\n<p>-40 &#8211; 70 \u00b0C<\/p>\n<\/td>\n<td style='border: 1px solid rgba(150&comma;150&comma;150&comma;0.3); padding: 8px;'>\n<p>-40 &#8211; 70 \u00b0C<\/p>\n<\/td>\n<td style='border: 1px solid rgba(150&comma;150&comma;150&comma;0.3); padding: 8px;'>\n<p>0 &#8211; 55 \u00b0C<\/p>\n<\/td>\n<td style='border: 1px solid rgba(150&comma;150&comma;150&comma;0.3); padding: 8px;'>\n<p>0 &#8211; 55 \u00b0C<\/p>\n<\/td>\n<td style='border: 1px solid rgba(150&comma;150&comma;150&comma;0.3); padding: 8px;'>\n<p>-40 &#8211; 70 \u00b0C<\/p>\n<\/td>\n<td style='border: 1px solid rgba(150&comma;150&comma;150&comma;0.3); padding: 8px;'>\n<p>0 &#8211; 55 \u00b0C<\/p>\n<\/td>\n<\/tr>\n<tr>\n<td style='border: 1px solid rgba(150&comma;150&comma;150&comma;0.3); padding: 8px;'>\n<p>Consumo m\u00e1x.<\/p>\n<\/td>\n<td style='border: 1px solid rgba(150&comma;150&comma;150&comma;0.3); padding: 8px;'>\n<p>3 W<\/p>\n<\/td>\n<td style='border: 1px solid rgba(150&comma;150&comma;150&comma;0.3); padding: 8px;'>\n<p>3 W<\/p>\n<\/td>\n<td style='border: 1px solid rgba(150&comma;150&comma;150&comma;0.3); padding: 8px;'>\n<p>3 W<\/p>\n<\/td>\n<td style='border: 1px solid rgba(150&comma;150&comma;150&comma;0.3); padding: 8px;'>\n<p>3 W<\/p>\n<\/td>\n<td style='border: 1px solid rgba(150&comma;150&comma;150&comma;0.3); padding: 8px;'>\n<p>3 W<\/p>\n<\/td>\n<td style='border: 1px solid rgba(150&comma;150&comma;150&comma;0.3); padding: 8px;'>\n<p>19 W<\/p>\n<\/td>\n<td style='border: 1px solid rgba(150&comma;150&comma;150&comma;0.3); padding: 8px;'>\n<p>19 W<\/p>\n<\/td>\n<td style='border: 1px solid rgba(150&comma;150&comma;150&comma;0.3); padding: 8px;'>\n<p>14 W<\/p>\n<\/td>\n<td style='border: 1px solid rgba(150&comma;150&comma;150&comma;0.3); padding: 8px;'>\n<p>17 W<\/p>\n<\/td>\n<\/tr>\n<tr>\n<td style='border: 1px solid rgba(150&comma;150&comma;150&comma;0.3); padding: 8px;'>\n<p>Requisitos de voltaje<\/p>\n<\/td>\n<td style='border: 1px solid rgba(150&comma;150&comma;150&comma;0.3); padding: 8px;'>\n<p>12 &#8211; 24 Vcc<\/p>\n<\/td>\n<td style='border: 1px solid rgba(150&comma;150&comma;150&comma;0.3); padding: 8px;'>\n<p>12 &#8211; 24 Vcc<\/p>\n<\/td>\n<td style='border: 1px solid rgba(150&comma;150&comma;150&comma;0.3); padding: 8px;'>\n<p>12 &#8211; 24 Vcc<\/p>\n<\/td>\n<td style='border: 1px solid rgba(150&comma;150&comma;150&comma;0.3); padding: 8px;'>\n<p>12 &#8211; 24 Vcc<\/p>\n<\/td>\n<td style='border: 1px solid rgba(150&comma;150&comma;150&comma;0.3); padding: 8px;'>\n<p>12 &#8211; 24 Vcc<\/p>\n<\/td>\n<td style='border: 1px solid rgba(150&comma;150&comma;150&comma;0.3); padding: 8px;'>\n<p>12 &#8211; 24 Vcc<\/p>\n<\/td>\n<td style='border: 1px solid rgba(150&comma;150&comma;150&comma;0.3); padding: 8px;'>\n<p>12 &#8211; 24 Vcc<\/p>\n<\/td>\n<td style='border: 1px solid rgba(150&comma;150&comma;150&comma;0.3); padding: 8px;'>\n<p>12-28 Vcc<\/p>\n<\/td>\n<td style='border: 1px solid rgba(150&comma;150&comma;150&comma;0.3); padding: 8px;'>\n<p>90-250 Vca<\/p>\n<\/td>\n<\/tr>\n<\/tbody>\n<\/table><\/div>\n<\/p><\/div>\n<\/p><\/div>\n<\/p><\/div>\n","protected":false},"excerpt":{"rendered":"<p>Sensor de Seguridad Perimetral de 1 Zona\/Detecci\u00f3n por Fibra \u00d3ptica Sensitiva \/ 0 a 5 Km de protecci\u00f3n\/ Hasta 20 Km de fibra insensitiva\/ Comunicaci\u00f3n IP<\/p>\n","protected":false},"featured_media":8240,"comment_status":"open","ping_status":"closed","template":"","meta":[],"product_brand":[],"product_cat":[103],"product_tag":[105,106,104],"class_list":{"0":"post-8241","1":"product","2":"type-product","3":"status-publish","4":"has-post-thumbnail","6":"product_cat-cable-sensor-perimetral","7":"product_tag-cable-sensor-perimetral","8":"product_tag-optex","9":"product_tag-proteccion-perimetral","11":"first","12":"outofstock","13":"sale","14":"shipping-taxable","15":"purchasable","16":"product-type-simple"},"_links":{"self":[{"href":"https:\/\/soydeaqui.ddns.net\/pachuca\/index.php\/wp-json\/wp\/v2\/product\/8241","targetHints":{"allow":["GET"]}}],"collection":[{"href":"https:\/\/soydeaqui.ddns.net\/pachuca\/index.php\/wp-json\/wp\/v2\/product"}],"about":[{"href":"https:\/\/soydeaqui.ddns.net\/pachuca\/index.php\/wp-json\/wp\/v2\/types\/product"}],"replies":[{"embeddable":true,"href":"https:\/\/soydeaqui.ddns.net\/pachuca\/index.php\/wp-json\/wp\/v2\/comments?post=8241"}],"wp:featuredmedia":[{"embeddable":true,"href":"https:\/\/soydeaqui.ddns.net\/pachuca\/index.php\/wp-json\/wp\/v2\/media\/8240"}],"wp:attachment":[{"href":"https:\/\/soydeaqui.ddns.net\/pachuca\/index.php\/wp-json\/wp\/v2\/media?parent=8241"}],"wp:term":[{"taxonomy":"product_brand","embeddable":true,"href":"https:\/\/soydeaqui.ddns.net\/pachuca\/index.php\/wp-json\/wp\/v2\/product_brand?post=8241"},{"taxonomy":"product_cat","embeddable":true,"href":"https:\/\/soydeaqui.ddns.net\/pachuca\/index.php\/wp-json\/wp\/v2\/product_cat?post=8241"},{"taxonomy":"product_tag","embeddable":true,"href":"https:\/\/soydeaqui.ddns.net\/pachuca\/index.php\/wp-json\/wp\/v2\/product_tag?post=8241"}],"curies":[{"name":"wp","href":"https:\/\/api.w.org\/{rel}","templated":true}]}}