{"id":82384,"date":"2026-03-19T19:23:58","date_gmt":"2026-03-19T19:23:58","guid":{"rendered":"https:\/\/soydeaqui.ddns.net\/pachuca\/index.php\/producto\/switch-industrial-administrable-gigabit-con-2-puertos-poe-bt-6-puertos-poe-af-at-o-24-v-pasivo-2-sfp-gigabit-240-w\/"},"modified":"2026-03-19T19:24:06","modified_gmt":"2026-03-19T19:24:06","slug":"switch-industrial-administrable-gigabit-con-2-puertos-poe-bt-6-puertos-poe-af-at-o-24-v-pasivo-2-sfp-gigabit-240-w","status":"publish","type":"product","link":"https:\/\/soydeaqui.ddns.net\/pachuca\/index.php\/producto\/switch-industrial-administrable-gigabit-con-2-puertos-poe-bt-6-puertos-poe-af-at-o-24-v-pasivo-2-sfp-gigabit-240-w\/","title":{"rendered":"Switch Industrial Administrable Gigabit con 2 Puertos PoE bt + 6 Puertos PoE af\/at o 24 V Pasivo + 2 SFP Gigabit, 240 W"},"content":{"rendered":"<div style='width: 100%; max-width: 1200px; margin: 0 auto; font-family: sans-serif; line-height: 1.6; color: inherit; background-color: transparent;'> <!-- Secci\u00f3n de aplicaci\u00f3n t\u00edpica --> <\/p>\n<div style='width: 100%; margin-bottom: 30px;'>\n<h2 style='text-align: center; font-size: 24px; border-bottom: 2px solid currentColor; padding-bottom: 5px; margin-top: 0; color: inherit; opacity: 0.8;'>Aplicaci\u00f3n T\u00edpica<\/h2>\n<p> <img style='width: 100%; height: auto; border: 1px solid rgba(150&comma;150&comma;150&comma;0.3); border-radius: 8px; margin-top: 15px;' src='https:\/\/ftp3.syscom.mx\/usuarios\/fotos\/WIPCMS310GFALIENI\/188229-wi-pms310gf-alien-i.png' alt=''> <\/div>\n<p> <!-- Secci\u00f3n de especificaciones --> <\/p>\n<div style='display: flex; flex-wrap: wrap; gap: 20px; margin-bottom: 30px;'>\n<div style='flex: 1 1 250px; border: 1px solid rgba(150&comma; 150&comma; 150&comma; 0.4); border-radius: 8px; overflow: hidden; display: flex; flex-direction: column;'>\n<div style='padding: 15px; border-bottom: 1px solid rgba(150&comma; 150&comma; 150&comma; 0.2); font-weight: bold; font-size: 18px; color: inherit;'>Caracter\u00edsticas<\/div>\n<div style='padding: 15px; color: inherit;'>\n<ul style='padding-left: 20px; margin: 0; font-size: 14px; list-style-type: disc;'>\n<li style='margin-bottom: 5px;'><strong>Dimensiones:<\/strong> 165 x 135 x 70 mm<\/li>\n<li style='margin-bottom: 5px;'><strong>Interfaces:<\/strong> (1-2) 10\/100\/1000Mbps PoE 802.3bt 60W 48V<\/li>\n<li style='margin-bottom: 5px;'>(3-8) 10\/100\/1000Mbps (PoE 24\/48V ajustable)<\/li>\n<li style='margin-bottom: 5px;'>(2) SFP Gigabit<\/li>\n<li style='margin-bottom: 5px;'>(1) Puerto de Consola<\/li>\n<li style='margin-bottom: 5px;'>(1) Entrada de Alarma<\/li>\n<li style='margin-bottom: 5px;'>(1) Salida de Alarma<\/li>\n<li style='margin-bottom: 5px;'>(1) Puerto para Sensor de Temperatura<\/li>\n<li style='margin-bottom: 5px;'><strong>Ventilador:<\/strong> Fanless<\/li>\n<li style='margin-bottom: 5px;'><strong>Consumo de Energ\u00eda:<\/strong> 240 W (Max. con dispositivos PoE conectados) 15 W (Sin salida PoE)<\/li>\n<li style='margin-bottom: 5px;'><strong>Fuente de alimentaci\u00f3n externa:<\/strong> DC3: 12-50V&comma; 10A Max. DC2: 37-57V 8A Max. DC1: 37-57V 8A Max.<\/li>\n<li style='margin-bottom: 5px;'><strong>Puertos PoE (RJ45):<\/strong> 802.3af\/at PoE o 24 V PoE Pasivo<\/li>\n<li style='margin-bottom: 5px;'><strong>Bandwidth:<\/strong> 20Gbps<\/li>\n<li style='margin-bottom: 5px;'><strong>Mac Address Table:<\/strong> 8K<\/li>\n<li style='margin-bottom: 5px;'><strong>Packet Forwarding Rate:<\/strong> 18Mpps<\/li>\n<li style='margin-bottom: 5px;'><strong>Protection Level:<\/strong> Lightning protection 6KV 6KV ESD Contact discharge<\/li>\n<li style='margin-bottom: 5px;'><strong>Temperatura de Operaci\u00f3n:<\/strong> -40 to 80\u00b0 C<\/li>\n<li style='margin-bottom: 5px;'><strong>Certificaciones:<\/strong> CE&comma; FCC&comma; RoHS<\/li>\n<\/ul><\/div>\n<\/p><\/div>\n<div style='flex: 1 1 250px; border: 1px solid rgba(150&comma; 150&comma; 150&comma; 0.4); border-radius: 8px; overflow: hidden; display: flex; flex-direction: column;'>\n<div style='padding: 15px; border-bottom: 1px solid rgba(150&comma; 150&comma; 150&comma; 0.2); font-weight: bold; font-size: 18px; color: inherit;'>QoS y Capa 2<\/div>\n<div style='padding: 15px; color: inherit;'>\n<ul style='padding-left: 20px; margin: 0; font-size: 14px; list-style-type: disc;'>\n<li style='margin-bottom: 5px;'><strong>QoS:<\/strong> Soporta 802.1p CoS\/DSCP priority 4 colas de prioridades<\/li>\n<li style='margin-bottom: 5px;'><strong>Capa 2:<\/strong> IGMP Snooping V1\/V2\/V3 802.3ad LACP (hasta 8 grupos) Spanning Tree STP\/RSTP\/MSTP Port Isolation<\/li>\n<\/ul><\/div>\n<\/p><\/div>\n<div style='flex: 1 1 250px; border: 1px solid rgba(150&comma; 150&comma; 150&comma; 0.4); border-radius: 8px; overflow: hidden; display: flex; flex-direction: column;'>\n<div style='padding: 15px; border-bottom: 1px solid rgba(150&comma; 150&comma; 150&comma; 0.2); font-weight: bold; font-size: 18px; color: inherit;'>VLAN y Seguridad<\/div>\n<div style='padding: 15px; color: inherit;'>\n<ul style='padding-left: 20px; margin: 0; font-size: 14px; list-style-type: disc;'>\n<li style='margin-bottom: 5px;'><strong>VLAN:<\/strong> Soporta hasta 4K VLANs Port\/ MAC\/Protocol-based VLAN VLAN de gesti\u00f3n<\/li>\n<li style='margin-bottom: 5px;'><strong>Access Control List:<\/strong> L2-L4 package filtering based on source and destination MAC address&comma; IP address&comma; TCP\/UDP ports&comma; 802.1p&comma; DSCP&comma; protocol and VLAN ID<\/li>\n<li style='margin-bottom: 5px;'><strong>Seguridad:<\/strong> IP-MAC-Port-VID Binding IEEE 802.1X Port\/MAC Based authentication&comma; Radius&comma; Guest VLAN SSH v1\/v2<\/li>\n<\/ul><\/div>\n<\/p><\/div>\n<div style='flex: 1 1 250px; border: 1px solid rgba(150&comma; 150&comma; 150&comma; 0.4); border-radius: 8px; overflow: hidden; display: flex; flex-direction: column;'>\n<div style='padding: 15px; border-bottom: 1px solid rgba(150&comma; 150&comma; 150&comma; 0.2); font-weight: bold; font-size: 18px; color: inherit;'>Administraci\u00f3n y Contenido<\/div>\n<div style='padding: 15px; color: inherit;'>\n<ul style='padding-left: 20px; margin: 0; font-size: 14px; list-style-type: disc;'>\n<li style='margin-bottom: 5px;'><strong>Administraci\u00f3n:<\/strong> Web-based GUI and CLI management SNMP v1\/v2c\/v3&comma; compatible with public MIBs DHCP\/BOOTP Client&comma; DHCP Snooping&comma; DHCP Option82 CPU Monitoring Port Mirroring<\/li>\n<li style='margin-bottom: 5px;'><strong>Contenido del Paquete:<\/strong> PoE Switch Sensor de Temperatura Desatornillador Gu\u00eda de usuario\/Garant\u00eda<\/li>\n<\/ul><\/div>\n<\/p><\/div>\n<\/p><\/div>\n<p> <!-- Separador --> <\/p>\n<hr style='border: 0; border-top: 1px solid rgba(150&comma; 150&comma; 150&comma; 0.3); margin: 30px 0;'> <\/div>\n","protected":false},"excerpt":{"rendered":"<p>Switch Industrial Administrable Gigabit con 2 Puertos PoE bt + 6 Puertos PoE af\/at o 24 V Pasivo + 2 SFP Gigabit, 240 W<\/p>\n","protected":false},"featured_media":82383,"comment_status":"open","ping_status":"closed","template":"","meta":[],"product_brand":[],"product_cat":[1986],"product_tag":[664,1987,1262],"class_list":{"0":"post-82384","1":"product","2":"type-product","3":"status-publish","4":"has-post-thumbnail","6":"product_cat-switches-poe","7":"product_tag-networking","8":"product_tag-switches-poe","9":"product_tag-wi-tek","11":"first","12":"instock","13":"sale","14":"shipping-taxable","15":"purchasable","16":"product-type-simple"},"_links":{"self":[{"href":"https:\/\/soydeaqui.ddns.net\/pachuca\/index.php\/wp-json\/wp\/v2\/product\/82384","targetHints":{"allow":["GET"]}}],"collection":[{"href":"https:\/\/soydeaqui.ddns.net\/pachuca\/index.php\/wp-json\/wp\/v2\/product"}],"about":[{"href":"https:\/\/soydeaqui.ddns.net\/pachuca\/index.php\/wp-json\/wp\/v2\/types\/product"}],"replies":[{"embeddable":true,"href":"https:\/\/soydeaqui.ddns.net\/pachuca\/index.php\/wp-json\/wp\/v2\/comments?post=82384"}],"wp:featuredmedia":[{"embeddable":true,"href":"https:\/\/soydeaqui.ddns.net\/pachuca\/index.php\/wp-json\/wp\/v2\/media\/82383"}],"wp:attachment":[{"href":"https:\/\/soydeaqui.ddns.net\/pachuca\/index.php\/wp-json\/wp\/v2\/media?parent=82384"}],"wp:term":[{"taxonomy":"product_brand","embeddable":true,"href":"https:\/\/soydeaqui.ddns.net\/pachuca\/index.php\/wp-json\/wp\/v2\/product_brand?post=82384"},{"taxonomy":"product_cat","embeddable":true,"href":"https:\/\/soydeaqui.ddns.net\/pachuca\/index.php\/wp-json\/wp\/v2\/product_cat?post=82384"},{"taxonomy":"product_tag","embeddable":true,"href":"https:\/\/soydeaqui.ddns.net\/pachuca\/index.php\/wp-json\/wp\/v2\/product_tag?post=82384"}],"curies":[{"name":"wp","href":"https:\/\/api.w.org\/{rel}","templated":true}]}}