{"id":82380,"date":"2026-03-19T19:23:50","date_gmt":"2026-03-19T19:23:50","guid":{"rendered":"https:\/\/soydeaqui.ddns.net\/pachuca\/index.php\/producto\/ops-i7-12700-para-huawei-ideahub-b3-s2-y-board-3-pro-ddr4-16gb-512gb-ssd-windows-11-entreprise\/"},"modified":"2026-03-19T19:23:56","modified_gmt":"2026-03-19T19:23:56","slug":"ops-i7-12700-para-huawei-ideahub-b3-s2-y-board-3-pro-ddr4-16gb-512gb-ssd-windows-11-entreprise","status":"publish","type":"product","link":"https:\/\/soydeaqui.ddns.net\/pachuca\/index.php\/producto\/ops-i7-12700-para-huawei-ideahub-b3-s2-y-board-3-pro-ddr4-16gb-512gb-ssd-windows-11-entreprise\/","title":{"rendered":"OPS I7-12700 para HUAWEI Ideahub B3, S2 y Board 3 Pro DDR4 16GB, 512GB SSD, Windows 11 &#8211; Entreprise"},"content":{"rendered":"<div style='width: 100%; max-width: 1200px; margin: 0 auto; font-family: sans-serif; line-height: 1.6; color: inherit; background-color: transparent;'>\n<div style='display: flex; flex-direction: column; gap: 20px;'>\n<div style='width: 100%;'>\n<p style='text-align: justify; font-size: 15px; color: inherit;'>OPS i7&comma; que utiliza el procesador Intel \u00ae Core\u2122 i7-12&comma;700&comma; cumple con la especificaci\u00f3n industrial de Intel \u00ae OPS-C. Admite almacenamiento SSD M.2 y memoria de doble canal DDR4. Adem\u00e1s&comma; elOPS i7 D utiliza la \u00faltima generaci\u00f3n de Intel \u00ae UHD Graphics 770 para brindar una excelente capacidades de procesamiento de im\u00e1genes y admite dos salidas de video 4K independientes. Es adecuado para escenarios como se\u00f1alizaci\u00f3n digital&comma; pizarras de educaci\u00f3n y conferencias.<\/p>\n<p style='text-align: justify; font-size: 15px; color: inherit; margin-top: 20px;'>Tarjeta de mantenimiento anual: <a href='https:\/\/syscom.pro\/products\/228326\/571' style='color: #0066cc; text-decoration: underline;'>MCOPSI5\/I71Y<\/a><\/p>\n<p style='text-align: justify; font-size: 15px; color: inherit; margin-top: 20px;'> <strong><span style='color: #ed0000;'>Compatible para todos los modelos de Pantallas Inteligentes IdeaHub<\/span><\/strong> <\/p>\n<\/p><\/div>\n<div style='display: grid; grid-template-columns: repeat(auto-fill&comma; minmax(280px&comma; 1fr)); gap: 20px;'>\n<div style='border: 1px solid rgba(150&comma; 150&comma; 150&comma; 0.4); border-radius: 8px; overflow: hidden; display: flex; flex-direction: column;'>\n<div style='padding: 15px; border-bottom: 1px solid rgba(150&comma; 150&comma; 150&comma; 0.2); font-weight: bold; font-size: 18px; color: inherit;'>Soporte de CPU<\/div>\n<div style='padding: 15px; color: inherit;'>\n<ul style='padding-left: 20px; margin: 0; font-size: 14px; list-style-type: disc; color: inherit;'>\n<li style='margin-bottom: 5px; color: inherit;'>Procesador Intel\u00ae Core\u2122 i7-12700<\/li>\n<\/ul><\/div>\n<\/p><\/div>\n<div style='border: 1px solid rgba(150&comma; 150&comma; 150&comma; 0.4); border-radius: 8px; overflow: hidden; display: flex; flex-direction: column;'>\n<div style='padding: 15px; border-bottom: 1px solid rgba(150&comma; 150&comma; 150&comma; 0.2); font-weight: bold; font-size: 18px; color: inherit;'>Chipset<\/div>\n<div style='padding: 15px; color: inherit;'>\n<ul style='padding-left: 20px; margin: 0; font-size: 14px; list-style-type: disc; color: inherit;'>\n<li style='margin-bottom: 5px; color: inherit;'>Intel\u00ae H610<\/li>\n<\/ul><\/div>\n<\/p><\/div>\n<div style='border: 1px solid rgba(150&comma; 150&comma; 150&comma; 0.4); border-radius: 8px; overflow: hidden; display: flex; flex-direction: column;'>\n<div style='padding: 15px; border-bottom: 1px solid rgba(150&comma; 150&comma; 150&comma; 0.2); font-weight: bold; font-size: 18px; color: inherit;'>Gr\u00e1fico<\/div>\n<div style='padding: 15px; color: inherit;'>\n<ul style='padding-left: 20px; margin: 0; font-size: 14px; list-style-type: disc; color: inherit;'>\n<li style='margin-bottom: 5px; color: inherit;'>Gr\u00e1ficos Intel\u00ae UHD 770<\/li>\n<\/ul><\/div>\n<\/p><\/div>\n<div style='border: 1px solid rgba(150&comma; 150&comma; 150&comma; 0.4); border-radius: 8px; overflow: hidden; display: flex; flex-direction: column;'>\n<div style='padding: 15px; border-bottom: 1px solid rgba(150&comma; 150&comma; 150&comma; 0.2); font-weight: bold; font-size: 18px; color: inherit;'>Memoria<\/div>\n<div style='padding: 15px; color: inherit;'>\n<ul style='padding-left: 20px; margin: 0; font-size: 14px; list-style-type: disc; color: inherit;'>\n<li style='margin-bottom: 5px; color: inherit;'>16 GB DDR4 (8 GB * 2)<\/li>\n<\/ul><\/div>\n<\/p><\/div>\n<div style='border: 1px solid rgba(150&comma; 150&comma; 150&comma; 0.4); border-radius: 8px; overflow: hidden; display: flex; flex-direction: column;'>\n<div style='padding: 15px; border-bottom: 1px solid rgba(150&comma; 150&comma; 150&comma; 0.2); font-weight: bold; font-size: 18px; color: inherit;'>Almacenamiento<\/div>\n<div style='padding: 15px; color: inherit;'>\n<ul style='padding-left: 20px; margin: 0; font-size: 14px; list-style-type: disc; color: inherit;'>\n<li style='margin-bottom: 5px; color: inherit;'>1x M.2 2230<\/li>\n<li style='margin-bottom: 5px; color: inherit;'>Almacenamiento SSD de 512 GB<\/li>\n<\/ul><\/div>\n<\/p><\/div>\n<div style='border: 1px solid rgba(150&comma; 150&comma; 150&comma; 0.4); border-radius: 8px; overflow: hidden; display: flex; flex-direction: column;'>\n<div style='padding: 15px; border-bottom: 1px solid rgba(150&comma; 150&comma; 150&comma; 0.2); font-weight: bold; font-size: 18px; color: inherit;'>Interfaz de placa base<\/div>\n<div style='padding: 15px; color: inherit;'>\n<ul style='padding-left: 20px; margin: 0; font-size: 14px; list-style-type: disc; color: inherit;'>\n<li style='margin-bottom: 5px; color: inherit;'>1 bot\u00f3n de encendido.<\/li>\n<li style='margin-bottom: 5px; color: inherit;'>1 bot\u00f3n de recuperaci\u00f3n.<\/li>\n<li style='margin-bottom: 5px; color: inherit;'>1 x RJ45<\/li>\n<li style='margin-bottom: 5px; color: inherit;'>3x USB 3.0<\/li>\n<li style='margin-bottom: 5px; color: inherit;'>3x USB 2.0<\/li>\n<li style='margin-bottom: 5px; color: inherit;'>1 x HDMI1.4<\/li>\n<li style='margin-bottom: 5px; color: inherit;'>1 x DP1.2<\/li>\n<li style='margin-bottom: 5px; color: inherit;'>1 salida de l\u00ednea de audio<\/li>\n<li style='margin-bottom: 5px; color: inherit;'>1x entrada de microfono<\/li>\n<\/ul><\/div>\n<\/p><\/div>\n<div style='border: 1px solid rgba(150&comma; 150&comma; 150&comma; 0.4); border-radius: 8px; overflow: hidden; display: flex; flex-direction: column;'>\n<div style='padding: 15px; border-bottom: 1px solid rgba(150&comma; 150&comma; 150&comma; 0.2); font-weight: bold; font-size: 18px; color: inherit;'>Expansi\u00f3n<\/div>\n<div style='padding: 15px; color: inherit;'>\n<ul style='padding-left: 20px; margin: 0; font-size: 14px; list-style-type: disc; color: inherit;'>\n<li style='margin-bottom: 5px; color: inherit;'>1x M.2 2230<\/li>\n<li style='margin-bottom: 5px; color: inherit;'>M\u00f3dulo Wi-Fi\/Bluetooth 2 en 1 AC3168<\/li>\n<\/ul><\/div>\n<\/p><\/div>\n<div style='border: 1px solid rgba(150&comma; 150&comma; 150&comma; 0.4); border-radius: 8px; overflow: hidden; display: flex; flex-direction: column;'>\n<div style='padding: 15px; border-bottom: 1px solid rgba(150&comma; 150&comma; 150&comma; 0.2); font-weight: bold; font-size: 18px; color: inherit;'>Ambiente<\/div>\n<div style='padding: 15px; color: inherit;'>\n<ul style='padding-left: 20px; margin: 0; font-size: 14px; list-style-type: disc; color: inherit;'>\n<li style='margin-bottom: 5px; color: inherit;'>Temperatura de funcionamiento: 0\u00b0C a 40\u00b0C<\/li>\n<li style='margin-bottom: 5px; color: inherit;'>Temperatura de almacenamiento: -20\u00b0C a 70\u00b0C<\/li>\n<li style='margin-bottom: 5px; color: inherit;'>Humedad: 5% a 95% (HR)<\/li>\n<\/ul><\/div>\n<\/p><\/div>\n<div style='border: 1px solid rgba(150&comma; 150&comma; 150&comma; 0.4); border-radius: 8px; overflow: hidden; display: flex; flex-direction: column;'>\n<div style='padding: 15px; border-bottom: 1px solid rgba(150&comma; 150&comma; 150&comma; 0.2); font-weight: bold; font-size: 18px; color: inherit;'>Propiedades fisicas<\/div>\n<div style='padding: 15px; color: inherit;'>\n<ul style='padding-left: 20px; margin: 0; font-size: 14px; list-style-type: disc; color: inherit;'>\n<li style='margin-bottom: 5px; color: inherit;'>Dimensiones ancho x largo x alto: 195 mm x 180 mm x 30 mm<\/li>\n<li style='margin-bottom: 5px; color: inherit;'>De color negro<\/li>\n<li style='margin-bottom: 5px; color: inherit;'>Peso neto: aproximadamente 1&comma;43 kg<\/li>\n<\/ul><\/div>\n<\/p><\/div>\n<div style='border: 1px solid rgba(150&comma; 150&comma; 150&comma; 0.4); border-radius: 8px; overflow: hidden; display: flex; flex-direction: column;'>\n<div style='padding: 15px; border-bottom: 1px solid rgba(150&comma; 150&comma; 150&comma; 0.2); font-weight: bold; font-size: 18px; color: inherit;'>Sistema Operativo<\/div>\n<div style='padding: 15px; color: inherit;'>\n<ul style='padding-left: 20px; margin: 0; font-size: 14px; list-style-type: disc; color: inherit;'>\n<li style='margin-bottom: 5px; color: inherit;'>Windows 11 Enterprise (64 bit)<\/li>\n<\/ul><\/div>\n<\/p><\/div>\n<div style='border: 1px solid rgba(150&comma; 150&comma; 150&comma; 0.4); border-radius: 8px; overflow: hidden; display: flex; flex-direction: column;'>\n<div style='padding: 15px; border-bottom: 1px solid rgba(150&comma; 150&comma; 150&comma; 0.2); font-weight: bold; font-size: 18px; color: inherit;'>Fuente de Poder<\/div>\n<div style='padding: 15px; color: inherit;'>\n<ul style='padding-left: 20px; margin: 0; font-size: 14px; list-style-type: disc; color: inherit;'>\n<li style='margin-bottom: 5px; color: inherit;'>CC 19 V\/4&comma;74 A<\/li>\n<li style='margin-bottom: 5px; color: inherit;'>Potencia 90W<\/li>\n<\/ul><\/div>\n<\/p><\/div>\n<div style='border: 1px solid rgba(150&comma; 150&comma; 150&comma; 0.4); border-radius: 8px; overflow: hidden; display: flex; flex-direction: column;'>\n<div style='padding: 15px; border-bottom: 1px solid rgba(150&comma; 150&comma; 150&comma; 0.2); font-weight: bold; font-size: 18px; color: inherit;'>Certificaciones<\/div>\n<div style='padding: 15px; color: inherit;'>\n<ul style='padding-left: 20px; margin: 0; font-size: 14px; list-style-type: disc; color: inherit;'>\n<li style='margin-bottom: 5px; color: inherit;'>SRRC\/CCC\/CE\/RoHS\/Reach\/WEEE\/ERP\/CB\/VCCI\/HDMI\/BQB<\/li>\n<\/ul><\/div>\n<\/p><\/div>\n<\/p><\/div>\n<div style='width: 100%;'>\n<p style='text-align: justify; font-size: 15px; color: inherit;'> <strong><span style='color: #ed0000;'>Compatible para todos los modelos de Pantallas Inteligentes IdeaHub<\/span><\/strong> <\/p>\n<\/p><\/div>\n<\/p><\/div>\n<\/p><\/div>\n","protected":false},"excerpt":{"rendered":"<p>OPS I7-12700 para HUAWEI Ideahub B3, S2 y Board 3 Pro DDR4 16GB, 512GB SSD, Windows 11 &#8211; Entreprise<\/p>\n","protected":false},"featured_media":82379,"comment_status":"open","ping_status":"closed","template":"","meta":[],"product_brand":[],"product_cat":[2048],"product_tag":[2049,718,2004],"class_list":{"0":"post-82380","1":"product","2":"type-product","3":"status-publish","4":"has-post-thumbnail","6":"product_cat-audio-video-conferencia","7":"product_tag-audio-video-conferencia","8":"product_tag-huawei","9":"product_tag-voip-telefonia-ip-videoconferencia","11":"first","12":"instock","13":"sale","14":"shipping-taxable","15":"purchasable","16":"product-type-simple"},"_links":{"self":[{"href":"https:\/\/soydeaqui.ddns.net\/pachuca\/index.php\/wp-json\/wp\/v2\/product\/82380","targetHints":{"allow":["GET"]}}],"collection":[{"href":"https:\/\/soydeaqui.ddns.net\/pachuca\/index.php\/wp-json\/wp\/v2\/product"}],"about":[{"href":"https:\/\/soydeaqui.ddns.net\/pachuca\/index.php\/wp-json\/wp\/v2\/types\/product"}],"replies":[{"embeddable":true,"href":"https:\/\/soydeaqui.ddns.net\/pachuca\/index.php\/wp-json\/wp\/v2\/comments?post=82380"}],"wp:featuredmedia":[{"embeddable":true,"href":"https:\/\/soydeaqui.ddns.net\/pachuca\/index.php\/wp-json\/wp\/v2\/media\/82379"}],"wp:attachment":[{"href":"https:\/\/soydeaqui.ddns.net\/pachuca\/index.php\/wp-json\/wp\/v2\/media?parent=82380"}],"wp:term":[{"taxonomy":"product_brand","embeddable":true,"href":"https:\/\/soydeaqui.ddns.net\/pachuca\/index.php\/wp-json\/wp\/v2\/product_brand?post=82380"},{"taxonomy":"product_cat","embeddable":true,"href":"https:\/\/soydeaqui.ddns.net\/pachuca\/index.php\/wp-json\/wp\/v2\/product_cat?post=82380"},{"taxonomy":"product_tag","embeddable":true,"href":"https:\/\/soydeaqui.ddns.net\/pachuca\/index.php\/wp-json\/wp\/v2\/product_tag?post=82380"}],"curies":[{"name":"wp","href":"https:\/\/api.w.org\/{rel}","templated":true}]}}