{"id":8230,"date":"2026-03-18T07:06:21","date_gmt":"2026-03-18T07:06:21","guid":{"rendered":"https:\/\/soydeaqui.ddns.net\/pachuca\/index.php\/producto\/detector-de-movimiento-pasivo-cableado-100-exterior\/"},"modified":"2026-03-18T07:06:24","modified_gmt":"2026-03-18T07:06:24","slug":"detector-de-movimiento-pasivo-cableado-100-exterior","status":"publish","type":"product","link":"https:\/\/soydeaqui.ddns.net\/pachuca\/index.php\/producto\/detector-de-movimiento-pasivo-cableado-100-exterior\/","title":{"rendered":"Detector de Movimiento Pasivo \/ Cableado \/ 100% Exterior"},"content":{"rendered":"<div style='width: 100%; max-width: 1200px; margin: 0 auto; font-family: sans-serif; line-height: 1.6; color: inherit; background-color: transparent;'> <!-- Secci\u00f3n de descripci\u00f3n --> <\/p>\n<div style='margin-bottom: 30px;'>\n<h3 style='font-size: 22px; border-bottom: 2px solid currentColor; padding-bottom: 5px; margin-top: 0; color: inherit; opacity: 0.8;'>Descripci\u00f3n<\/h3>\n<p style='font-size: 15px; color: inherit; text-align: justify;'>Sobre la base de las caracter\u00edsticas heredadas de la serie VX-402&comma; VX Infinity ofrece un dise\u00f1o m\u00e1s estilizado y con las tecnolog\u00edas innovadoras de OPTEX. Para uso 100% en exterior para sitios con extremos cambios de temperatura (Sol&comma; Aire y Humedad). Ofrece versi\u00f3n con funci\u00f3n enmascaramiento para garantizar la prevenci\u00f3n de sabotaje al sensor.<\/p>\n<\/p><\/div>\n<p> <!-- Secci\u00f3n de caracter\u00edsticas --> <\/p>\n<div style='margin-bottom: 30px;'>\n<h3 style='font-size: 22px; border-bottom: 2px solid currentColor; padding-bottom: 5px; margin-top: 0; color: inherit; opacity: 0.8;'>Caracter\u00edsticas<\/h3>\n<p style='font-size: 15px; color: inherit; text-align: justify;'>Patr\u00f3n de detecci\u00f3n flexible hasta 12 metros (40 pies) a 90 grados&comma; ajustable a 5 diferentes rangos de cobertura. L\u00f3gica SMDA para compensaci\u00f3n en extremas temperaturas. Discrimina el movimiento de la vegetaci\u00f3n de manera confiable (presencia de plantas) inmunidad al ruido ambiental. Doble malla conductiva para protecci\u00f3n de perturbaciones del Sol&comma; Luz Brillante y otras fuentes de Energ\u00eda.<\/p>\n<p> <!-- Lista de compatibilidad --> <\/p>\n<ul style='padding-left: 20px; font-size: 15px; color: inherit; margin-top: 20px;'>\n<li style='margin-bottom: 5px;'><strong>Compatible con cualquier panel de alarma que tenga zonas alambricas<\/strong><\/li>\n<li style='margin-bottom: 5px;'><strong>Compatible con los transmisores de cada marca de panel de alarma<\/strong><\/li>\n<\/ul><\/div>\n<p> <!-- Imagen --> <\/p>\n<div style='margin-bottom: 30px;'> <img style='width: 100%; height: auto; border: 1px solid rgba(150&comma;150&comma;150&comma;0.3); border-radius: 8px;' src='https:\/\/www.optex.co.jp\/e\/products\/intrusion-detection\/passivesensor\/tdphtg00000018p5-img\/tdphtg0000003q02.png' alt=''> <\/div>\n<p> <!-- Secci\u00f3n de especificaciones --> <\/p>\n<div style='margin-bottom: 30px;'>\n<h3 style='font-size: 22px; border-bottom: 2px solid currentColor; padding-bottom: 5px; margin-top: 0; color: inherit; opacity: 0.8;'>Especificaciones<\/h3>\n<p> <!-- Contenedor de especificaciones con grid --> <\/p>\n<div style='display: grid; grid-template-columns: repeat(auto-fill&comma; minmax(250px&comma; 1fr)); gap: 20px; margin-top: 20px;'> <!-- Bloque de especificaci\u00f3n --> <\/p>\n<div style='border: 1px solid rgba(150&comma; 150&comma; 150&comma; 0.4); border-radius: 8px; overflow: hidden;'>\n<div style='padding: 15px; border-bottom: 1px solid rgba(150&comma; 150&comma; 150&comma; 0.2); font-weight: bold; font-size: 18px; color: inherit;'>Detecci\u00f3n<\/div>\n<div style='padding: 15px; color: inherit;'>\n<ul style='padding-left: 20px; margin: 0; font-size: 14px; list-style-type: disc;'>\n<li style='margin-bottom: 5px;'><strong>M\u00e9todo de Detecci\u00f3n:<\/strong> Pasivo Infrarojo<\/li>\n<li style='margin-bottom: 5px;'><strong>PIR Cobertura:<\/strong> 12.0m (40ft) 90\u00b0 wide\/16 zonas<\/li>\n<li style='margin-bottom: 5px;'><strong>PIR Distancia L\u00edmite:<\/strong> 12 &#8211; 2.5m (5 Niveles)<\/li>\n<li style='margin-bottom: 5px;'><strong>Velocidad de Detecci\u00f3n:<\/strong> 0.3 &#8211; 1.5m\/s (1.5ft\/s)<\/li>\n<li style='margin-bottom: 5px;'><strong>Sensibilidad:<\/strong> 2.0\u00b0C (3.6\u00b0F) at 0.6m\/s (2ft\/s)<\/li>\n<\/ul><\/div>\n<\/p><\/div>\n<p> <!-- Bloque de especificaci\u00f3n --> <\/p>\n<div style='border: 1px solid rgba(150&comma; 150&comma; 150&comma; 0.4); border-radius: 8px; overflow: hidden;'>\n<div style='padding: 15px; border-bottom: 1px solid rgba(150&comma; 150&comma; 150&comma; 0.2); font-weight: bold; font-size: 18px; color: inherit;'>El\u00e9ctricas<\/div>\n<div style='padding: 15px; color: inherit;'>\n<ul style='padding-left: 20px; margin: 0; font-size: 14px; list-style-type: disc;'>\n<li style='margin-bottom: 5px;'><strong>Voltaje de Entrada:<\/strong> 9.5 &#8211; 18V DC<\/li>\n<li style='margin-bottom: 5px;'><strong>Consumo de Corriente:<\/strong> 20 mA (max) at 12 V DC<\/li>\n<li style='margin-bottom: 5px;'><strong>Interferencia RF:<\/strong> No alarma 10V\/m<\/li>\n<\/ul><\/div>\n<\/p><\/div>\n<p> <!-- Bloque de especificaci\u00f3n --> <\/p>\n<div style='border: 1px solid rgba(150&comma; 150&comma; 150&comma; 0.4); border-radius: 8px; overflow: hidden;'>\n<div style='padding: 15px; border-bottom: 1px solid rgba(150&comma; 150&comma; 150&comma; 0.2); font-weight: bold; font-size: 18px; color: inherit;'>Alarmas<\/div>\n<div style='padding: 15px; color: inherit;'>\n<ul style='padding-left: 20px; margin: 0; font-size: 14px; list-style-type: disc;'>\n<li style='margin-bottom: 5px;'><strong>Per\u00edodo de Alarma:<\/strong> 2.0 \u00b11seg<\/li>\n<li style='margin-bottom: 5px;'><strong>Salida de Alarma:<\/strong> N.C.\/N.O. Selectable 28 V DC 0.1A (max)<\/li>\n<li style='margin-bottom: 5px;'><strong>Salida de Tamper:<\/strong> N.C. 28V DC 0.1A (max) Abierto cuando la cubierta es removida<\/li>\n<li style='margin-bottom: 5px;'><strong>Indicador LED:<\/strong> Rojo: Warm-up&comma; alarma<\/li>\n<\/ul><\/div>\n<\/p><\/div>\n<p> <!-- Bloque de especificaci\u00f3n --> <\/p>\n<div style='border: 1px solid rgba(150&comma; 150&comma; 150&comma; 0.4); border-radius: 8px; overflow: hidden;'>\n<div style='padding: 15px; border-bottom: 1px solid rgba(150&comma; 150&comma; 150&comma; 0.2); font-weight: bold; font-size: 18px; color: inherit;'>Ambientales<\/div>\n<div style='padding: 15px; color: inherit;'>\n<ul style='padding-left: 20px; margin: 0; font-size: 14px; list-style-type: disc;'>\n<li style='margin-bottom: 5px;'><strong>Temperatura de operaci\u00f3n:<\/strong> -30 &#8211; +60\u00b0C (-22 &#8211; +140\u00b0F)<\/li>\n<li style='margin-bottom: 5px;'><strong>Humedad:<\/strong> 95% max<\/li>\n<li style='margin-bottom: 5px;'><strong>Protecci\u00f3n:<\/strong> IP55<\/li>\n<\/ul><\/div>\n<\/p><\/div>\n<p> <!-- Bloque de especificaci\u00f3n --> <\/p>\n<div style='border: 1px solid rgba(150&comma; 150&comma; 150&comma; 0.4); border-radius: 8px; overflow: hidden;'>\n<div style='padding: 15px; border-bottom: 1px solid rgba(150&comma; 150&comma; 150&comma; 0.2); font-weight: bold; font-size: 18px; color: inherit;'>Instalaci\u00f3n<\/div>\n<div style='padding: 15px; color: inherit;'>\n<ul style='padding-left: 20px; margin: 0; font-size: 14px; list-style-type: disc;'>\n<li style='margin-bottom: 5px;'><strong>Montaje:<\/strong> Muro&comma; reja (outdoor&comma; indoor)<\/li>\n<li style='margin-bottom: 5px;'><strong>Altura de Montaje:<\/strong> 0.8 &#8211; 1.2m (2.64ft &#8211; 3.94ft)<\/li>\n<li style='margin-bottom: 5px;'><strong>Peso:<\/strong> 500g (17.7oz)<\/li>\n<li style='margin-bottom: 5px;'><strong>Accesorios:<\/strong> Screw (4x20mm) x2&comma; Wiring sponge x3&comma; Masking Seal x3<\/li>\n<\/ul><\/div>\n<\/p><\/div>\n<p> <!-- Bloque de especificaci\u00f3n --> <\/p>\n<div style='border: 1px solid rgba(150&comma; 150&comma; 150&comma; 0.4); border-radius: 8px; overflow: hidden;'>\n<div style='padding: 15px; border-bottom: 1px solid rgba(150&comma; 150&comma; 150&comma; 0.2); font-weight: bold; font-size: 18px; color: inherit;'>Tiempo de Inicializaci\u00f3n<\/div>\n<div style='padding: 15px; color: inherit;'>\n<ul style='padding-left: 20px; margin: 0; font-size: 14px; list-style-type: disc;'>\n<li style='margin-bottom: 5px;'><strong>Per\u00edodo de Inicializaci\u00f3n:<\/strong> Aprox. 60seg (LED parpadea)<\/li>\n<\/ul><\/div>\n<\/p><\/div>\n<\/p><\/div>\n<\/p><\/div>\n<p> <!-- Separador final --> <\/p>\n<hr style='border: 0; border-top: 1px solid rgba(150&comma; 150&comma; 150&comma; 0.3); margin: 30px 0;'> <\/div>\n","protected":false},"excerpt":{"rendered":"<p>Detector de Movimiento Pasivo \/ Cableado \/ 100% Exterior<\/p>\n","protected":false},"featured_media":8229,"comment_status":"open","ping_status":"closed","template":"","meta":[],"product_brand":[],"product_cat":[202],"product_tag":[19,203,106],"class_list":{"0":"post-8230","1":"product","2":"type-product","3":"status-publish","4":"has-post-thumbnail","6":"product_cat-movimiento-para-exterior","7":"product_tag-detectores-sensores","8":"product_tag-movimiento-para-exterior","9":"product_tag-optex","11":"first","12":"instock","13":"sale","14":"shipping-taxable","15":"purchasable","16":"product-type-simple"},"_links":{"self":[{"href":"https:\/\/soydeaqui.ddns.net\/pachuca\/index.php\/wp-json\/wp\/v2\/product\/8230","targetHints":{"allow":["GET"]}}],"collection":[{"href":"https:\/\/soydeaqui.ddns.net\/pachuca\/index.php\/wp-json\/wp\/v2\/product"}],"about":[{"href":"https:\/\/soydeaqui.ddns.net\/pachuca\/index.php\/wp-json\/wp\/v2\/types\/product"}],"replies":[{"embeddable":true,"href":"https:\/\/soydeaqui.ddns.net\/pachuca\/index.php\/wp-json\/wp\/v2\/comments?post=8230"}],"wp:featuredmedia":[{"embeddable":true,"href":"https:\/\/soydeaqui.ddns.net\/pachuca\/index.php\/wp-json\/wp\/v2\/media\/8229"}],"wp:attachment":[{"href":"https:\/\/soydeaqui.ddns.net\/pachuca\/index.php\/wp-json\/wp\/v2\/media?parent=8230"}],"wp:term":[{"taxonomy":"product_brand","embeddable":true,"href":"https:\/\/soydeaqui.ddns.net\/pachuca\/index.php\/wp-json\/wp\/v2\/product_brand?post=8230"},{"taxonomy":"product_cat","embeddable":true,"href":"https:\/\/soydeaqui.ddns.net\/pachuca\/index.php\/wp-json\/wp\/v2\/product_cat?post=8230"},{"taxonomy":"product_tag","embeddable":true,"href":"https:\/\/soydeaqui.ddns.net\/pachuca\/index.php\/wp-json\/wp\/v2\/product_tag?post=8230"}],"curies":[{"name":"wp","href":"https:\/\/api.w.org\/{rel}","templated":true}]}}