{"id":823,"date":"2026-03-18T05:44:38","date_gmt":"2026-03-18T05:44:38","guid":{"rendered":"https:\/\/soydeaqui.ddns.net\/pachuca\/index.php\/producto\/reloj-buscador-td112-ipx7-resistente-al-agua-pantalla-oled-180mah-48-horas-standby-80-100m-distancia-de-recepcion-compatible-con-50-botones-td009-y-t114-7-idiomas-almacenamiento-de-10\/"},"modified":"2026-03-18T05:44:44","modified_gmt":"2026-03-18T05:44:44","slug":"reloj-buscador-td112-ipx7-resistente-al-agua-pantalla-oled-180mah-48-horas-standby-80-100m-distancia-de-recepcion-compatible-con-50-botones-td009-y-t114-7-idiomas-almacenamiento-de-10","status":"publish","type":"product","link":"https:\/\/soydeaqui.ddns.net\/pachuca\/index.php\/producto\/reloj-buscador-td112-ipx7-resistente-al-agua-pantalla-oled-180mah-48-horas-standby-80-100m-distancia-de-recepcion-compatible-con-50-botones-td009-y-t114-7-idiomas-almacenamiento-de-10\/","title":{"rendered":"Reloj Buscador TD112 IPX7 \/ Resistente al Agua \/ Pantalla OLED \/ 180mAh \/ 48 Horas Standby \/ 80-100m Distancia de Recepci\u00f3n \/ Compatible con 50 Botones TD009 y T114 \/ 7 Idiomas \/ Almacenamiento de 10 Mensajes"},"content":{"rendered":"<div style='width: 100%; max-width: 1200px; margin: 0 auto; font-family: sans-serif; line-height: 1.6; color: inherit; background-color: transparent;'>\n<div style='display: flex; flex-wrap: wrap; gap: 30px; margin-bottom: 30px;'>\n<div style='flex: 1 1 300px; min-width: 280px;'>\n<h3 style='font-size: 22px; border-bottom: 2px solid currentColor; padding-bottom: 5px; margin-top: 0; color: inherit; opacity: 0.8;'>Especificaciones<\/h3>\n<ul style='padding-left: 20px; font-size: 15px; color: inherit;'>\n<li style='margin-bottom: 5px;'>IPX7 impermeable&comma; c\u00f3modo y de dise\u00f1o port\u00e1til<\/li>\n<li style='margin-bottom: 5px;'>Carga r\u00e1pida en 3 horas&comma; duraci\u00f3n de 48 horas<\/li>\n<li style='margin-bottom: 5px;'>Pantalla OLED&comma; clara y de bajo consumo<\/li>\n<li style='margin-bottom: 5px;'>Disponible en 7 idiomas internacionales<\/li>\n<\/ul><\/div>\n<div style='flex: 1 1 300px; min-width: 280px;'>\n<h3 style='font-size: 22px; border-bottom: 2px solid currentColor; padding-bottom: 5px; margin-top: 0; color: inherit; opacity: 0.8;'>Caracter\u00edsticas F\u00edsicas y El\u00e9ctricas<\/h3>\n<ul style='padding-left: 20px; font-size: 15px; color: inherit;'>\n<li style='margin-bottom: 5px;'><strong>Capacidad de bater\u00eda:<\/strong> 3.7 VDC 180mAh<\/li>\n<li style='margin-bottom: 5px;'><strong>Frecuencia:<\/strong> 315\/433 MHz<\/li>\n<li style='margin-bottom: 5px;'><strong>Dimensiones:<\/strong> Ancho 4.8 cm&comma; Largo 1.5 cm y Alto 2.5 cm<\/li>\n<\/ul><\/div>\n<div style='flex: 1 1 300px; min-width: 280px;'>\n<h3 style='font-size: 22px; border-bottom: 2px solid currentColor; padding-bottom: 5px; margin-top: 0; color: inherit; opacity: 0.8;'>Caracter\u00edsticas Destacadas<\/h3>\n<ul style='padding-left: 20px; font-size: 15px; color: inherit;'>\n<li style='margin-bottom: 5px;'>Puede configurar 2 conjuntos de alarmas; las alarmas seguir\u00e1n siendo v\u00e1lidas en el estado desactivado y se le podr\u00e1 recordar que haga algo a intervalos regulares<\/li>\n<li style='margin-bottom: 5px;'>El modo de alerta puede cambiar el tiempo de vibraci\u00f3n y el tiempo de alerta&comma; configurarse seg\u00fan la demanda&comma; sin pitidos y crear una atm\u00f3sfera tranquila.<\/li>\n<li style='margin-bottom: 5px;'>Se pueden mostrar 10 registros de llamadas&comma; lo que le permite verificarlos f\u00e1cilmente.<\/li>\n<li style='margin-bottom: 5px;'>Configuraci\u00f3n de idioma: 7 idiomas integrados&comma; chino&comma; ingl\u00e9s&comma; espa\u00f1ol&comma; italiano&comma; portugu\u00e9s&comma; franc\u00e9s y alem\u00e1n&comma; los usuarios pueden elegir un idioma adecuado seg\u00fan sus necesidades.<\/li>\n<\/ul><\/div>\n<\/p><\/div>\n<hr style='border: 0; border-top: 1px solid rgba(150&comma; 150&comma; 150&comma; 0.3); margin: 30px 0;'>\n<div style='margin-bottom: 30px;'>\n<p>El Reloj Buscador TD112 IPX7 es un dispositivo de comunicaci\u00f3n resistente al agua dise\u00f1ado para entornos exigentes. Con una pantalla OLED de bajo consumo y una bater\u00eda de 180mAh&comma; ofrece hasta 48 horas de uso en modo standby. Su dise\u00f1o ergon\u00f3mico y su resistencia al agua IPX7 lo hacen ideal para diversos entornos&comma; mientras que su alta sensibilidad de recepci\u00f3n asegura una comunicaci\u00f3n confiable a distancias de hasta 100 metros en \u00e1reas abiertas.<\/p>\n<\/p><\/div>\n<div style='margin-bottom: 30px;'>\n<h2 style='font-size: 20px; color: inherit; margin-top: 0; margin-bottom: 15px; opacity: 0.8;'>Caracter\u00edsticas Principales<\/h2>\n<ul style='padding-left: 20px; font-size: 15px; color: inherit;'>\n<li style='margin-bottom: 5px;'>Resistente al agua IPX7 con dise\u00f1o c\u00f3modo de pulsera<\/li>\n<li style='margin-bottom: 5px;'>Carga r\u00e1pida: completamente cargado en 3 horas<\/li>\n<li style='margin-bottom: 5px;'>Pantalla OLED clara y de bajo consumo<\/li>\n<li style='margin-bottom: 5px;'>Compatibilidad con hasta 50 botones (compatible con <a href='https:\/\/www.syscom.pro\/products\/234837' style='color: inherit; text-decoration: underline;' title='T114'>T114<\/a> y <a href='https:\/\/www.syscom.pro\/products\/234838' style='color: inherit; text-decoration: underline;' title='TD009'>TD009<\/a>)<\/li>\n<li style='margin-bottom: 5px;'>Soporte para 7 idiomas: ingl\u00e9s&comma; chino&comma; italiano&comma; espa\u00f1ol&comma; alem\u00e1n&comma; franc\u00e9s&comma; portugu\u00e9s<\/li>\n<li style='margin-bottom: 5px;'>Visualizaci\u00f3n de hasta 10 registros de llamadas<\/li>\n<li style='margin-bottom: 5px;'>Configuraci\u00f3n alfanum\u00e9rica con n\u00fameros<\/li>\n<li style='margin-bottom: 5px;'>Modo de recordatorio por vibraci\u00f3n<\/li>\n<\/ul><\/div>\n<div style='margin-bottom: 30px;'>\n<h2 style='font-size: 20px; color: inherit; margin-top: 0; margin-bottom: 15px; opacity: 0.8;'>Detalles T\u00e9cnicos<\/h2>\n<div style='margin-bottom: 20px;'>\n<h3 style='font-size: 18px; color: inherit; margin-top: 0; margin-bottom: 10px; opacity: 0.8;'>Especificaciones<\/h3>\n<ul style='padding-left: 20px; font-size: 15px; color: inherit;'>\n<li style='margin-bottom: 5px;'><strong>Frecuencia de Comunicaci\u00f3n:<\/strong> 315\/433MHz<\/li>\n<li style='margin-bottom: 5px;'><strong>Sensibilidad de Recepci\u00f3n:<\/strong> -114dBm<\/li>\n<li style='margin-bottom: 5px;'><strong>Fuente de Alimentaci\u00f3n:<\/strong> 180mAh<\/li>\n<li style='margin-bottom: 5px;'><strong>Longitud del Mensaje:<\/strong> 1-15S<\/li>\n<li style='margin-bottom: 5px;'><strong>N\u00famero de Mensajes Almacenados:<\/strong> 10<\/li>\n<li style='margin-bottom: 5px;'><strong>Tiempo en Standby:<\/strong> 48 horas<\/li>\n<li style='margin-bottom: 5px;'><strong>Carga:<\/strong> USB<\/li>\n<li style='margin-bottom: 5px;'><strong>Pantalla:<\/strong> OLED<\/li>\n<li style='margin-bottom: 5px;'><strong>Distancia de Recepci\u00f3n:<\/strong> 80-100m (en \u00e1rea abierta)<\/li>\n<li style='margin-bottom: 5px;'><strong>Tama\u00f1o:<\/strong> 48x25x15mm \/ 1.89&#215;0.98&#215;0.59 pulgadas<\/li>\n<\/ul><\/div>\n<\/p><\/div>\n<div style='margin-bottom: 30px;'>\n<h2 style='font-size: 20px; color: inherit; margin-top: 0; margin-bottom: 15px; opacity: 0.8;'>Aplicaciones y Casos de Uso<\/h2>\n<div style='margin-bottom: 20px;'>\n<h3 style='font-size: 18px; color: inherit; margin-top: 0; margin-bottom: 10px; opacity: 0.8;'>Comunicaci\u00f3n en Entornos Exigentes<\/h3>\n<p>Ideal para uso en \u00e1reas abiertas y condiciones adversas gracias a su resistencia al agua y alta sensibilidad de recepci\u00f3n.<\/p>\n<\/p><\/div>\n<div style='margin-bottom: 20px;'>\n<h3 style='font-size: 18px; color: inherit; margin-top: 0; margin-bottom: 10px; opacity: 0.8;'>Gesti\u00f3n de Personal<\/h3>\n<p>Perfecto para la comunicaci\u00f3n r\u00e1pida y eficiente en entornos laborales&comma; con capacidad para almacenar y mostrar m\u00faltiples mensajes.<\/p>\n<\/p><\/div>\n<div style='margin-bottom: 20px;'>\n<h3 style='font-size: 18px; color: inherit; margin-top: 0; margin-bottom: 10px; opacity: 0.8;'>Uso Multiling\u00fce<\/h3>\n<p>Con soporte para 7 idiomas&comma; es adecuado para entornos internacionales y multiling\u00fces.<\/p>\n<\/p><\/div>\n<\/p><\/div>\n<\/p><\/div>\n","protected":false},"excerpt":{"rendered":"<p>Reloj Buscador TD112 IPX7 \/ Resistente al Agua \/ Pantalla OLED \/ 180mAh \/ 48 Horas Standby \/ 80-100m Distancia de Recepci\u00f3n \/ Compatible con 50 Botones TD009 y T114 \/ 7 Idiomas \/ Almacenamiento de 10 Mensajes<\/p>\n","protected":false},"featured_media":822,"comment_status":"open","ping_status":"closed","template":"","meta":[],"product_brand":[],"product_cat":[167],"product_tag":[93,168,235],"class_list":{"0":"post-823","1":"product","2":"type-product","3":"status-publish","4":"has-post-thumbnail","6":"product_cat-botones-de-panico","7":"product_tag-accesorios","8":"product_tag-botones-de-panico","9":"product_tag-retekess","11":"first","12":"outofstock","13":"sale","14":"shipping-taxable","15":"purchasable","16":"product-type-simple"},"_links":{"self":[{"href":"https:\/\/soydeaqui.ddns.net\/pachuca\/index.php\/wp-json\/wp\/v2\/product\/823","targetHints":{"allow":["GET"]}}],"collection":[{"href":"https:\/\/soydeaqui.ddns.net\/pachuca\/index.php\/wp-json\/wp\/v2\/product"}],"about":[{"href":"https:\/\/soydeaqui.ddns.net\/pachuca\/index.php\/wp-json\/wp\/v2\/types\/product"}],"replies":[{"embeddable":true,"href":"https:\/\/soydeaqui.ddns.net\/pachuca\/index.php\/wp-json\/wp\/v2\/comments?post=823"}],"wp:featuredmedia":[{"embeddable":true,"href":"https:\/\/soydeaqui.ddns.net\/pachuca\/index.php\/wp-json\/wp\/v2\/media\/822"}],"wp:attachment":[{"href":"https:\/\/soydeaqui.ddns.net\/pachuca\/index.php\/wp-json\/wp\/v2\/media?parent=823"}],"wp:term":[{"taxonomy":"product_brand","embeddable":true,"href":"https:\/\/soydeaqui.ddns.net\/pachuca\/index.php\/wp-json\/wp\/v2\/product_brand?post=823"},{"taxonomy":"product_cat","embeddable":true,"href":"https:\/\/soydeaqui.ddns.net\/pachuca\/index.php\/wp-json\/wp\/v2\/product_cat?post=823"},{"taxonomy":"product_tag","embeddable":true,"href":"https:\/\/soydeaqui.ddns.net\/pachuca\/index.php\/wp-json\/wp\/v2\/product_tag?post=823"}],"curies":[{"name":"wp","href":"https:\/\/api.w.org\/{rel}","templated":true}]}}