{"id":82290,"date":"2026-03-19T19:20:02","date_gmt":"2026-03-19T19:20:02","guid":{"rendered":"https:\/\/soydeaqui.ddns.net\/pachuca\/index.php\/producto\/sierra-de-sable-de-1300-w-incluye-dos-hojas-seguetas-y-maletin-plastico\/"},"modified":"2026-03-19T19:20:11","modified_gmt":"2026-03-19T19:20:11","slug":"sierra-de-sable-de-1300-w-incluye-dos-hojas-seguetas-y-maletin-plastico","status":"publish","type":"product","link":"https:\/\/soydeaqui.ddns.net\/pachuca\/index.php\/producto\/sierra-de-sable-de-1300-w-incluye-dos-hojas-seguetas-y-maletin-plastico\/","title":{"rendered":"Sierra de Sable de 1300 W, incluye dos Hojas \/ Seguetas y Malet\u00edn Pl\u00e1stico."},"content":{"rendered":"<\/p>\n<p style='text-align: center;'><span style='font-family: tahoma&comma; arial&comma; helvetica&comma; sans-serif; font-size: 12pt;'><img class='fr-fic fr-dii' src='data:image\/png;base64&comma;iVBORw0KGgoAAAANSUhEUgAAANcAAABnCAIAAAAc1UCXAAAT7klEQVR4Ae2dd1gbR\/rHBTZuJE7suCUmubSLfYmd\/iTPXS6\/5HJpvzzJJffLpdwjATZgg8GY2MEluLfExnFix7Fjp5zL4TSrAqIITDFgehEguqkSIASoorba2V+khWG1orotQcOzf8xKu7Pzvu9nvzPzzshmYY4\/FpuLDuSBm+wBkj0Mw1iIwpvsevQ46AFEIdJ+5j2AKGQ+BlAS3LaAKEQUMu8BRCHzMXBbCYSGIwoRhcx7AFHIfAygJLhtAVGIKGTeA4hC5mPgthIIDUcUIgqZ9wCikPkYQElw2wKiEFHIvAcQhczHwG0lEBqOKEQUMu8BRCHzMYCS4LYFRCGikHkPIAqZj4HbSiA0HFGIKGTeA4hC5mMAJcFtC4hCRCHzHkAUMh8Dt5VAaDiiEFHIvAcQhczHAEqC2xYQhYhC5j2AKGQ+Bm4rgdBwRCGikHkPIAqZjwGUBLctIAoRhcx7AFHIfAzcVgKh4YhCRCHzHkAUMh8DKAluW0AUIgqZ9wCikPkYuK0EQsMRhYhC5j2AKGQ+BlAS3LaAKEQUMu8BRCHzMXBbCYSG3xAKH94kqZBrcQBGOKw2vENrzqzrjk6sfzU62ztQ6MGZhEB4cLhT\/XhLN0nWxkjP5rQmV3VJarsFJYrdouq\/H8ia5s+flFZDvMZYuDEUbpZUKnTEmP8AQbSrTd9mNL1yIGtOcOwYmz7BL5u2gv\/0jrSdgqpyudaGgyGd0W2wnM5qfuuLnElj9dUFZUJQCCPUY7D8N6d1eVTK1Rkzce6aHxr\/eWJ9Q5cBB0PzB00mCKLHYBGWtL\/4Wabb6uLEopAgCBwQnVrz8\/szJw5S423J8q2p1e264fSPyh+13G2whJwpnerHG+\/jJsH1E45CMjAao\/Wdo7lefvzfnYuf25shbdNQ8Rp7WWfC1v8oneb\/+7P6GsN0QyicvyYu7FzZbkH1cMceYfWBhLrT2S3ZDT1Gi23IOFW1657dnX6N5t3k2x\/alFzcMjSCOCDkGlNJq7a4RdPYY8Rs+JBWG8y2iPPlnr52Rbzn4yR43GRDbvLjbgiFHmzuFF\/eVL8RDv40f753oHBeSNzDn6SczGjqc2ERACKpUnmT3XEtj5u9SjQkghYb\/kuh4sWDWYvDxQtC4xeExt0VLn5mT8bXaY1mbIg3sMdgeePzHJY\/X642kUdbr5E1qXvqG0LheGM5xZf3zle5DV0GV3nwO1U43toYuX6qH28bT0YbC2I2UNyiefGzS8M16aHNEolMabIO6iJmA9Xtun8ezWWt4ENvAABY\/pN5vHhDKPQOFP55T8Yr0VnweHbX6H3rC\/szG1V90PVkobXHOH9N3HBRnDif\/2mzpKxNS208ZgPcQsV96xNHbuRv6njCLop2EOW9puiEugc+TrLfgigc2XGjfvtQZHJmbXen1gyPpIrOUe9isbnvfJVnsjp1UjgAvkzIodcKgc\/6xPsik2cECvtbzuGyODz74fKf93pwuKtOl1idh3rSVs2DHyd5uFzsevu8NXFJlcpL9d3P78ucsVLQfwGi0NVT4\/rkYZesdUFj71hqmBMcKyrtoCoKQRAxOa1THKN1sgYPNnduSOxbR3LP5baVKXRShY5b2u77XdH80DjqZSw297Ck4VRG88mMpk\/FtbcECb0DhAtC4xZvSLorImFucKzXUFNRL3\/+Q5slx9MblXoz2Qy9GbtQpHhyV1pJq6al19jSawz4TwnNFi8\/vrC0ndpsGw7e+TKXdtkIp7eHxE2lJQScKfTw589YKbgjJG7R2viFYfG3rxYNmdPx4HBvDRI+\/+mlI6lXJLWqi\/U932Q0vX44Z67zWsDCtfHrL1QekDQckDT4\/1A8M0AwK0AwLyRuUbh4YWjc7FUimidhy29fHftydPbx9KbMKz0ZDT0nM5teO5yzdLMk\/KfyHbE1G3myJZsl8OKxF25Ij3zVFHr68iLOS8nuCQY1p657cbiYNMnLn\/\/G4Zz0GhXmvBoBCKK0VcM5VUh1X6e2n6QOjdnvu6If89ra1CYzhuvNWEmbdqeg6r4NTt3lzABBxHlpu8YEHw0LJgyHY76Pfiyn+dc7SNSlt8CLCYLIrOumtoR2\/ZhOnSl84WDWibTGyg59b5+1U2fOqu\/ZcqHyXpfu\/vn9mbGlHTRVttrw9BrVP768DF+8ZVtSZAOLW5IKpe+pwjM5rTWdenWftVNrlsiUYefKZq8SUds51Y\/\/v5\/nSGRKi7Pk4wA0dBl0Jsyefu+zvn1kHO8erH9iUchic1+Nzob0kHGt7dA\/ue0ii8315PA+PFHQ1mukxptaVukt4eel0DZYD2YDKr2FtohhwfA4acfs1YO+Dj8vVRut1AqHLLtS+MSONFrlnGsfRVApJIjmHiNtFcZqw7lFCp91CdDeP+\/LqFcaaJdBEzp15oDvi8kcEJVCdZ+1t49udZ\/Fxi1S3BrU7xxPDu+D4wWtw3uefMrkofDRqNQGpdNkuV1tetGxlLJkYzJMCNtw0NjddyT1yiFJQ6VicKECAADXXSCFMBI4ALQgRQmqyCgu2SLB8P65qhnDz+e1\/e1Q9lN70veLa2k650oh+2QhfARBEBgOfD4ahANSMr4ChUJYOa3xBEFs+qWCrHZhWDxspw0H9UpDdHL97vja4hYN7DdqO\/VPbktlsblUCoerHAAicqDypRuTy+X9cy8cB3K16fTl1jOXW1t6jNQlyslD4ZKNyTUdeugagiBUBsur0dksNnfTLxUkRAYz9ll87W0DMjZ9pSA8Rqoa6BP5xe3ejikFlUKl1nyhQL5LVP1dRtMVSkqoXWuetkLg6cuLyW0jH6rus\/p9V0RqBovN9eBwX\/g0s6V7UIBdKdzwo5TaYKXOsjAsfnzMuU5inCnUGrFEaedRSUPM5VbH8nT\/AysVWnsv4cvbwa8igdCZsF2CqlkDk6pZgcID4loyHQsAsTe2xoNDp1Cls\/CLFMdSGn7Nb+ugDEhSZF1zQ+wJiq1cGSn2BrPtYELt3DX9O05mr47dJaiGHcjkoXDZJyl1nU5aqDJYXnNQWNSiJn2fWN55+2qnrTeevry9ohoyDLWd+ie223twSKHBbNvwUzmJ5jR\/\/svRWdSR0x8+TrozXAwF+MuUBtddBatPl0DOXCn86LwThSr99adwl7B6bojdZC9\/\/ptfXFao+wevVgz3XiWcHxonqVSSLTyd1TwrQDjVn788KjXkbOm5nJbiZjUcapfLtZ4cHlULNUar78kCktrpKwX\/+OKyeqCDLmvTLnXMNmTt\/Tuk4so6aJ738uMfkTSQIj15KPyf\/ZltvU7zg3aN6W+fXpoWJIJrfUOmsl\/Yn0lOLFQGy5tfXqZSKO81LqaMnzw43HzKOtuyranP7EgjNcCGg5eis1xlbOYqEQykK4XvnyiAjDo2ZIA\/bHDk\/FwVbuyfOGvhLZS3ztOPl17dRT4RB2BRuPjhLSlSR7bSaLUdSKj7NKGuVmkwU2ZUsHkmKz5rdSyVwuRK5TyH4JFWewcKEyv6ga7u0D++LfWW1SJ8YC743tf5rs555WCWymCfnE0eCv2\/LdKbnVKG9UrD09sv3r4mDs5SXz+U4+qLZ3amXXEkvTVG7N1jeVQKW7uNd1AczWJzLzb0wMA8uu0ipBDDwYsHh6IwSARXOFwpXBaVShuxBZ+hZ3NcGzzKJxQKXddOkgZAwQFYHJHw+NbUaudhDLSOfCt6+6wyhU4s7djOl80IEFApFBW3z6EgPitACJNlDgov+kQkwNH0c\/uG2Ov0l93pLT32EcskoXDGSsHRlH55h37Mbei5JyJhqj+\/2\/HCEQSxjStzDeFbX1zWGO35gg6t+RWHnsEeubXbOM95AYZG4d0fJTQPLNvsFtW4Vv7e8XzImSuFMwOFcspwiiCIkhb1tBXXtjWGQiFBECzn7GYyhUKfiMQHI5MKm\/qHK9BvAAC5xiQq7djOq\/rn0dxHtkhmBvSnxJ0oLBmFwpkBQtgPhJ4rc3XO20dytZMpU3N3REJtp9PUhCCIXwvkZKIrvryTdLFMoaWlyrz8+NwiBTmClrZp\/7gx2UkLXZYBaRR6+vISKvor1xgxclgJ3X3v+sSm7sGlRVcKp\/rxfsrvn9yQLcQBsfL7IljD1RRGpFDiTOGsQCG\/SAH5a9eaT11qfv2LnDvXim8NEs4Pje9fFRwYD4yLQhabm3ull6y8qEm9wHni5eXHvzDg+cmghZ6+vJ2iauhKsgAAWHOmlIwi+5tCo2N9DwdALO14dmfanWvj7wyLf2SL5Ex2C+w1jl+8QmaMB7VwNApZbO5LB7Pgvp7ePmvYubLln6Qs3ZT87ld5JS0aajrQlUIPDpdzqhB22WTL6zv1T2y76DrRoRHpwebeHZEQW9bx4YmCOcGxgyt+I1M4MBfBAfCJsOfe\/b8tglOulKqup7ZfvGuteFFY\/PJPUn641NylM792MAvu16RSGDuaFrLY3LCzpWTlGA7O57U9FpU6f03c\/DVxSzYlf5\/ZBD3\/u6fQk8N7\/3i+3mzvUql\/3XqLz7r+hZOFofG8IgVMUCm15vTqrrSqLupspqpdB9\/7cVH428+U9sXWQJJwAJR6S5vGBJNtsFWuFLLY3Ps\/TsobEAzyShyAVFnX4458O4086un9G5J+LZBbbcBoscVcbh3cUjlOCm8NEv6Y1wbfFpXecqlGlSLrahlIdyu15tcdqQZavjC2dJQemcXm+qxLSJF1kWMSQBBNqj5xWYe4rKNpYBhDmvz7pnCKL++D4\/nyoVLzURcGh4AeHO7SjclFTf29A8QCFmRy3SNbBtcxx0Uhi829bZXooLiWlFtYp2thSAo9fXnhMVI4fyLvwgFo7DKs+L7Ya8gxIof76qHs0hYN1DAbDuS9pq08+wSCuqdm1HEhifWc4Nif8tugMtFaXtqq+SO5W8c5az0WLfTk8J7akVbnvJpAq\/93MDspaVbPDY69g3aExC4Ijbs\/MulQYp2rCtrH+K0aT5fdnd6BopPpjR1qk9Fis+HAhgOTFVfpLNxC+QPO+ZHWXqMFwy0Y3qA03OE8O0mq6ya\/smD4sq325QTymOLLe\/dYXnGzWqkza42YzoSp9Jaqdt1mnszi2HxFEESEyzoyee+0lYLUqn7BoEYIB6CgWR10puTBzRKfdWKfcPG9kUnvnyiQyLpo1JJ3KbXm5\/aks1bwSeswHGA4oM1OEqSdNsfnFgxfNLDIzmJzZweJtvGqmlV9WhNmxnCLzb5oLu81Hk1psJM9YOYjWyTlbfZfBmI4EBQpnOfIAkFxO\/noSoXuMcdaC3njorViXrFCpTdbMHuHBABhseE9Bktdp97g2KQ80bVQa8LSalTpzkdGTXdRi4ZcCKeGjSzLe41vHB4iI8Ni23\/h+9jW1ODTJXuE1XtF1eH\/Lfvr3ozpLnqz5mxp5M8VkT9XBJ8uHdwx5YjEBycLyK8if66YF0rfvzh9peDpnWn\/+irv38cL\/rovc05I7JtHcuFIYMX3xTCctMKd4eL0ahWcTdOMIn+CrdCYRpBbld7i\/10Ri8P9bXP1Ln7VLn7VTl7VDp6MRdlVxGJzfU8Wkt9u58q8gwb2npGQcbj3bUh671j++vPSjT9XsE8WLN0smeL8Mi8IjQs7W2qvnF\/14df5VOd4+fH\/fbyArDzsbOmitU6LQNNX8J\/fl7nxp4rDSfWHk+o3\/VLx8oGsfx3PJ1eiewyWtx2ZWppbRj29SbsZaPEY9dRsxdfFSGesGHx9h7Xk+v2W3suf\/9zejEe3pnpS0iILw8XrYqTNjnwYQRAAgGVRg9rp2qrlUSmZNcOCOLLhnVoz+1QhXDx0rZzZT+ZQ+hNPPx5J9oMbk2EPoFCbXhp+Y\/kIjZ9wFAKC6DPb1sYMkZcawYzr8tVd4eLiVg0AQG20VrTrcpvUTd32Ph2iAwgiWTb6T2F8IhIu1XZbbXCqACsYtgAAIe81vn0012OoXbTXxbprrGThWnFjlyG\/SX0osS7sXFngD8VbuTJxhRKjmJlT33N1C+gTi0KjxZZUoXztkH3vws0\/PvimYMiBGsmODQeXG3rIddVR2zYjQBD5c0Vxi3pUFnEAWnuMP1xqemTLxP23ADw4vOAzJTCTNeTL1KW3\/J9jyWpU57heMCEoBATRpTP\/ki9\/71je4nDxqDk2VzOuyyfvn8jPquvus2Cu08wOjf0XIX\/aLPEcs1b9lspesjF59X9Kkis6yaUFWvBsOF4u1+6LrXlubwZc1bguhlz3SrwDhV+lNAz361UbDrLre16NzqaNPsfejBtC4bw1ccHnyrYJqkY9oriy4NMlT+9KmxkgHHuAx27euK70cGyknRUk\/MvezODTpVH8qm3CqrCzpc\/sSvfyu\/p\/1siTw7vNsVF+y6+VhyUNxy427hTVsE8W3LM+cYovj6lXblyeIbcYPxCZtC5G+muRokFlMFttJqututPwQ1bLywezXKeG46r\/hlA4rhagi5EHEIUMDEARdjQPIAoRhcx7AFHIfAxowuCGp4hCRCHzHkAUMh8DNxQ\/msmIQkQh8x5AFDIfA5owuOEpohBRyLwHEIXMx8ANxY9mMqIQUci8BxCFzMeAJgxueIooRBQy7wFEIfMxcEPxo5mMKEQUMu8BRCHzMaAJgxueIgoRhcx7AFHIfAzcUPxoJiMKEYXMewBRyHwMaMLghqeIQkQh8x5AFDIfAzcUP5rJiEJEIfMeQBQyHwOaMLjhKaIQUci8BxCFzMfADcWPZjKiEFHIvAcQhczHgCYMbniKKEQUMu8BRCHzMXBD8aOZjChEFDLvAUQh8zGgCYMbniIKEYXMewBRyHwM3FD8aCYjChGFzHsAUvj\/h+E3fXQU5i0AAAAASUVORK5CYII=' alt='' \/><\/span><\/p>\n<p style='text-align: center;'>\n<p style='text-align: justify;'><span style='font-family: helvetica&comma; arial&comma; sans-serif;'>La Sierra Alternativa <strong>DJF-0230<\/strong> cuenta con un motor de 12&comma;0 amperios&comma; dise\u00f1ado para cortes r\u00e1pidos y eficientes en una amplia variedad de materiales&comma; incluyendo madera&comma; metal&comma; PVC y m\u00e1s. Ideal para contratistas e instaladores&comma; que buscan rendimiento y durabilidad.<\/span><\/p>\n<\/p>\n<div class='row'>\n<div class='col-sm-5'>\n<div style='border-left: 5px solid #E42327; border-radius: 5px; padding: 5px; box-shadow: 2px 2px 10px #d8d8d8; -webkit-box-shadow: 2px 2px 10px #d8d8d8;'>\n<p><span style='box-sizing: border-box; font-weight: bolder; color: #212529; font-family: helvetica&comma; arial&comma; sans-serif; font-size: 16px; background-color: #ffffff;'><span style='box-sizing: border-box; color: #2880b9;'><span lang='ES' style='box-sizing: border-box; line-height: 17.12px;'>Especificaciones<\/span><\/span><\/span><\/p>\n<ul>\n<li data-start='1178' data-end='1206'><span style='font-family: helvetica&comma; arial&comma; sans-serif; font-size: 12pt;'><strong><span style='line-height: 107%;'>Voltaje de Operaci\u00f3n:<\/span><\/strong>110 Vca<\/span><\/li>\n<li data-start='1178' data-end='1206'><span style='font-family: helvetica&comma; arial&comma; sans-serif; font-size: 12pt;'><strong data-start='1180' data-end='1189'>Motor<\/strong>: 12 Amperios<\/span><\/li>\n<li data-start='1207' data-end='1249'><span style='font-family: helvetica&comma; arial&comma; sans-serif; font-size: 12pt;'><strong data-start='1209' data-end='1232'>Velocidad sin carga<\/strong>: 0 &#8211; 2&comma;900 imp<\/span><\/li>\n<li data-start='1250' data-end='1285'><span style='font-family: helvetica&comma; arial&comma; sans-serif; font-size: 12pt;'><strong data-start='1252' data-end='1275'>Longitud de carrera<\/strong>: 1-1\/8 in.<\/span><\/li>\n<li data-start='1286' data-end='1438'><span style='font-size: 12pt;'><span style='font-family: helvetica&comma; arial&comma; sans-serif;'><strong data-start='1288' data-end='1310'>Capacidad de corte<\/strong>: <\/span><span style='font-family: helvetica&comma; arial&comma; sans-serif;'>Madera 10 in.&comma; Metal: 1\/2 in. <\/span><\/span><\/li>\n<li data-start='1439' data-end='1459'><span style='font-family: helvetica&comma; arial&comma; sans-serif; font-size: 12pt;'><strong data-start='1441' data-end='1449'>Peso<\/strong>: 2.8 kg<\/span><\/li>\n<li data-start='1439' data-end='1459'><span style='font-family: helvetica&comma; arial&comma; sans-serif; font-size: 12pt;'><strong>Medidas:<\/strong> 12 x 25 x 56 cm.<\/span><\/li>\n<\/ul><\/div>\n<\/p><\/div>\n<div class='col-sm-7'>\n<div style='border-left: 5px solid #E42327; border-radius: 5px; padding: 5px; box-shadow: 2px 2px 10px #d8d8d8; -webkit-box-shadow: 2px 2px 10px #d8d8d8;'>\n<p><span style='box-sizing: border-box; font-weight: bolder; color: #212529; font-family: helvetica&comma; arial&comma; sans-serif; font-size: 16px; background-color: #ffffff;'><span lang='ES' style='box-sizing: border-box; line-height: 17.12px; color: #2880b9;'><span lang='ES' style='box-sizing: border-box; line-height: 19.2px;'>Caracter\u00edsticas<\/span><\/span><\/span><\/p>\n<ul>\n<li><span style='font-family: helvetica&comma; arial&comma; sans-serif;'>Potente motor de 12 A. que proporciona alto rendimiento y velocidad para cortes r\u00e1pidos y eficientes.<\/span><\/li>\n<li><span style='font-family: helvetica&comma; arial&comma; sans-serif;'>Velocidad variable&comma; Ajusta la potencia seg\u00fan el material para mayor precisi\u00f3n y control.<\/span><\/li>\n<li><span style='font-family: helvetica&comma; arial&comma; sans-serif;'>Cambio de hoja sin herramientas&comma; Sistema de liberaci\u00f3n r\u00e1pida para facilitar el reemplazo de la hoja.<\/span><\/li>\n<li><span style='font-family: helvetica&comma; arial&comma; sans-serif;'>Mayor capacidad de corte en menos tiempo por su longitud de Carrera<\/span><\/li>\n<li><span style='font-family: helvetica&comma; arial&comma; sans-serif;'>Dise\u00f1o ergon\u00f3mico y liviano que reduce la fatiga y mejora la maniobrabilidad.<\/span><\/li>\n<li><span style='font-family: helvetica&comma; arial&comma; sans-serif;'>Empu\u00f1adura antideslizante&comma; para un agarre firme y c\u00f3modo para mayor seguridad.<\/span><\/li>\n<\/ul><\/div>\n<\/p><\/div>\n<\/p><\/div>\n<p style='text-align: center;'>\n<p style='text-align: center;'><img class='fr-fic fr-dii' src='data:image\/png;base64&comma;iVBORw0KGgoAAAANSUhEUgAAAXEAAABXCAYAAADyBXU7AAAAAXNSR0IArs4c6QAAAARnQU1BAACxjwv8YQUAAAAJcEhZcwAADsMAAA7DAcdvqGQAABZiSURBVHhe7d23liTF1obhOr8PcwED\/gBjHwZ8hI8YG+UjfMT4CB8x9iB8hI+yUT5wAcAFnP88RW3Ik0TqyKoU8a6Vq7uru7MyIyO+2PHFjqh\/\/ee\/HAqFQqGwSv7v9LVQKBQKK6SIeKFQKKyYIuKFQqGwYoqIFwqFwoopIl4oFAor5q\/slJ9\/\/vnw4YcfHl8sdPPwww8fHnroodNP8+CZfPrpp4evvvrq8Pvvvx9\/\/uWXX06\/3Qb33HPP4d577z1+VaaPP\/744e677z799nIoc+Xt2CLK+Pr167PU4atXr56+K0zl119\/PX3XzF8irtI++eSTxxcL3bz88suHV1555fRTXgjHm2++efjoo49Or+yHu+666\/DCCy8cj3OLeZS7jvOPP\/44vbp9nnrqqcPNmzezCXoR8Xz0EfFipywMo6FHHnlklwIO4vnWW28d\/v3vfx8Di3NglPPaa68dbty4cSz3PQk43LMA7tlnnz2WRWFdFBFfEAT8pZde2p2IpFAGhGVui49oPfHEE4f33nvv9Mp++eyzz44BxPfff396pbAGip0yktx2Sgh4G+Efb4k+0fbnn39+eOCBB04\/5SME\/Icffji9UgBL64svvhhd14qdko\/iic9IThHnxYqAUhE4n\/L5558\/TvhtFWLKh+ZHpyZudV5EJbdHzj4QfaZQ7o899thx8m+LfPfdd8c233T\/999\/\/7HMx1BEPB9FxGckp4gr91RE+vrrrx8n+PbEiy++mJwPyD3y0Wk899xzp5\/+RofxzjvvzJ55tBRYJ8o8NRoZW+ZFxPORTcT1yrdu3Tr9tB9EK4Q0RS5REYWbUKvz9ttvH55++unTT\/siJeSG+D\/99NPpp+kY+dSFSz3\/5JNPFpHieE6abKXcZV6Yh14iLir5+OOPTz\/th7YyySXiLATZGFX2Wt5VHnzwwX9YK++\/\/34WW0n0+eijj55++pu5vPc1QMhlBNUtvT0HE2uhZKdcmJSNktM2WCupMkiV1RhYKXXMO+xVwGH0kRptf\/nll6fvCkuliPiFYdlUMYTdix\/bRqoMcqW+pc5Tos1DcpRT0g2XTxHxC1Mfvm41G2Ioc6ZSsg7q7DkKD0Tj5gWqlPTL5VNEvPA\/iLzYFnGUSGxfXLly5fRdYS2Uic0W2sok18RmPR3rHGUtI4Y4h2D7uc\/GWrHYyDWKXG1YNWcmx1xl45m67yp9Urn2QI6ysXCtaaVt6vmph7Y9SDHmeavPUa+dWx1Vb9lFY0ZcTfejPubQgKbtDlh8fWy+IuIttJXJ2kRcZVYRTerl3AnR8Fsu+xy7D25VxOM5aLj16whMtL7xxhvH3\/\/222+zd5hBjrJJZVwFqQygtnY25L2JdtfGcQIR7XbIHEjT\/eRIwdQuU5lS6KsxxU7ZMETi3XffPabrqSj2B8m9lS3P1HYB0tNU9lREsXeItmgrhErDtVKyScDhbxCLku67777j\/zvXmst4rmwX5dJn4zj1X33NsdmX+axUptMQXPdUiohvEJWToBJWi5VyC3cKFTp2H9Rx7J14BteuXTuKBtGOTCQjii5EjAgxB9GPDtOCKJHn2mjruMZCCJVLatuKJjwPC5ymCvlUEZ\/6\/ygivlI07lTkq0Jr5AR1SKXOhffUcYga1ygyOYgOtP4MfK9M+viykZ2TKkPnEXFa6ctLnipE56Rpr5axhICPwSiSkE9highrwzkCrCLiK8WwtBr5auyEc2hEEoj8fDiAVZF8S15k9fjxxx+PfjSBtjFUFyKuvW1r6p5ZV20dqEZLoPmpbYSIdzVyFtnayjhXNO6+xwp4QMibJlX74DmPFfIcVgpmE3EPamnHliLDaNwqEWEVlbnHoRjaE+5vvvnmuPFT0wy+STV\/axLzgw8+OIq6Jdlt1oBrE+nkqqxL586dO52iG55w13oAIt5HnHWonoHon8Wyhqg8ly\/eJr46SUGJyUFfw55KoSMc03aCsSKew0rBbNkpS9zJbGhGSVuZXDo7xXVNqXjex\/W3iXBfXAcRabueMfuSrCE7hWgST5kkaNpSOCC6OkHlJWJv4uuvvz52CE31L\/B3cruNyLyvbCHnj0h+KDnKpuveXGN1m1vv13SfTe\/d9j9NG5mlNlYL2upW1\/2MyVLRQTdlpQQlO2Xj1Jfr90WFE7mrsDkEHNEAHE0Rj4h8ax45AXdffF5RIeHs2jo4ouuuDs25uiJWjdzfvfrqq391HOyBpdtYrnHOEYMRZSod0+tN9bMtAOlC2Q+NqnOOTouIrxANoC3aa0IFFqHMtUc5MWfLEJc6rlda11YIASdIiJRBkVPb0D3sFiIecxCiaRGnTlAH6\/UudMaeI7GuR5fK2rUtWcjnSjVU9m0d5Fx75AwV8VxWCoqIr5CxjZPIDrU0xkDIUlE5wTM0XTt1AQ9ExAhrpU74tEYkIuiYgwjrw\/MhzF6HcmRDWfjjf6v4nWizyReOTnPOiHcKUyLfNqIsz80QUdZ+u+ZOhlBEfIWMtSVEbFNm4odAkPievlaRSbNUYekLsa4LOLzm\/ghz9b4JsNHJt99+exToIUKj09Up8FxNJOsYHcSecLSJIaHQ2SyRnJHoEhhiqeSe6C8ivkKGiDgBMZkWPnhTlNiFCqoDEN31FWKRoves2gMq+5oXA2mAbasCjTSUDcGFsteZReQ8BVaAcylT9OmQdSzn6riHoINZyxxJ3+vsK+K5O7CzZ6eIIubypaDAmxrZ0IyStjIZeq4mxmRgpDIIAuXrHPbaEMXV7RMCoxI5fO\/3nkeTzeJ9UpFnUwZAE9UZfh1Ln9n8pWWnqFtd2SeIfU\/8\/VzD+77Xoqxv3779PyODNsaWTZWubI4gPjWorZ0NzU7pqiNt19b0Xm3trUqfeq3dpT7bNUVfjTl7JK5Su7C5jps3b57eabtUIwNiSjQ0CBNkke\/dJMyG1xZImFhyHjmyUp1SFVWF9zoBV6FiAs73XhsSUXg2EZ0Snj6NYmmou33ql3xxDBHw6Fz74tw6Uc+\/iehoCdsSRz9TJjfHZmfNSR9LZcgz7kuxU1YIgZbVYMGN4bWoz2tdokE4ia8hvoiB4Js4Y3dEZGPoTVDk1IpYCIG\/IcJx\/shuGTrB6hpDyOfKTpgL5eNQ1nEPKURjhHMoOkxlPqRMddLeqz6BDMLtd56Z87LTlrboaoqgqaNLpIh4oRcEdczWrxG9ENOAEIjcCTXBFplbOMKSikiuHtHH+47JkvHeBGVtxKiEELoH5UWw67AumqypJnQOyl0kR3CHCJRnYXFP9VqMzFgKtrA18gp70T0sCfc7NtNqqbSJtN912V9jKCK+IyKSTn16C+ER1YvqoqIR97aOoq\/PWkckz7NfCxGFgxVFaJWXbJOqncFmGlomBPuZZ545\/fTnRGSkKvYlOmIYJRgtEEeeeXUuw2Ti0qLxtY3IumizVOaIwlFEfEeEiDdVJg1cQyfkIjtRXIhXlXht6EigytgO4BKExx2IbEXlMFJhRxFzI6Sh6BDq0ZnzDxVbIzNzFkYJ\/tc8RyrqW5o3nqpfa6fp2RURL0xGxEacq5UpJtR44bEjHCEnAA5iJUskDrv0ER7436V6k7lwf6lsJ+KjkzM5LApmaQxFuTdtzSoaH2o16KRZJm07+4nMl2Rh5N6adgm4p3q78KxTnWoOiojvDNkVRJoQG277xBgpTzxZRIqiQ4QZXmvslkco\/D9MfMYnzmwxokJb9EQQCTlRjFFOX4h\/dIYpNPi23zdRzVxqou2eLsHWLBXUy3jOMi8iviMM86LBiC5FC1Wh5qfKWDEp5hBhsgv83v\/5fVgGRN3P1cyWMaKzdLoEhtj2Ec46ouWuyEwnMXShTh9LZ2kivsUAoIh4ISsxyUU4CE6kpBFpXioxIcrVrJWABXPr1q3j38RqTRALf+8cvFie8Bgvd+l0CYyyVIZDUIZ9hcsIaYgAGBFUJ1tTLM0CW6uIRztKUbVUPL+mDluANHV+qIj4xtFADPlFdbInZFTEija+q0hPRZLREBD9qnAQa2lrzqFyEgniHhCOiNi3JuIaWIxUUgxtgMp2aIqlEc6QaD\/VGbsHoyapkUZbhel0dZjRhto64RyLE4uIbxiRwDOn9DXCLXqWUaLyhSjzt6X8hadLLIg+n7xa+Yh8VNimyFO0MSVjZYkYaVgYZXEVEawzNFVyjOUUo6C+VK\/JNbt29+BePGcdbZuwFPqT6jCDPiKuHU6liPiGUXkIADukHjFWK09VlOWQa+gitxB2iCCJPtgB1SG57wk\/2ir12iB2xNNXZUQE42Pp2E+ojki6MOqJMhyK\/+vrj7sm1+hawzKLezERzVbzPAvTabPSjFqVe5OVEokCUykivlOq0YHGHaIskmaNWPhTFagQEOKlUoY3rpJa4UlkRH1tlXptGJVoiETv2rVrxyia+OmopBSaC+gr4mytyAAayxB\/3DWalHXNrt09uJdgzGRs4Z8Q4TZLpW2VbK6Ap4j4hiGoImreN7GtQhD8jk8eKYdBWC4B4SBCRJp4mdCRXihnnDjAkF3Ut1V0XLHIx33r1KqjkTb83RgbJYXz9HlfHTNLzDWnIsFIEy1Mp02Mm8pZ28sV8BQR3zARVYPYEh+RAUFXuUyq8MmJsygtJTQiturrzhEV094cMVm6pQi8C\/evE+z6oNtAJ5pLNAlyH3+8bwdzTrqyZtbKmLrvf3LNHxUR3ziG+0SW2BJdEXREz4bbIsvwR0VtUhG9FhHnjRs3\/ork\/B5EP9KrYrK0kEYnSMD5n9WjL4Qv8vbj6JMLvkTMtwy597Vg1Dr0vmIn0BwUEd8BRFbDl6EgxQyGcxqVnQ2rk22+Z52E+IAPHh\/oG\/uVmxgl7n092r2igddF2NGXEL760YUOu41Ldbx9rn2NDPG3dcxDJsS7KCK+M8LrNpwjJoTdBz04ZDPEkDcauUbHB\/f3VZ88hpBrXajRhz5Ct9QJwq4smJwiMoQ17V45hCGWSq4JzaCI+AqZkh4W\/5tqxESLh064QwSqi4CqhKBvOVXt+vXrp++ayeV15yYi9qaj2iGfE++9RbSdSDvtIvenjxURXyEyI+rZJkNpEijbroquw\/OW\/920fSlLZssQnBilNB1LFaW6fVM\/ckeDQ+grdmujTzRuPim3lVVEfIWoBGO2Kq1S\/4xC2QyyHiwJZ6nIE+eDw2smOXUckfVA2HnibftHpPD\/fPSpndC5UMY6tbZjaejkY3K66bgkW43G+4h47igcRcRXiEZAQEXJQ0UkbBQiys8lqr63YEeaoSiJpaKjUCmrmS2yWqz4s3gk9v\/ommX3Hs4vTbG69e1aRDw+lq3tWJKQe57SH6udTP24tI+\/VV+8y1IR8MzRgRURXyHR4xNyIjJEEFU0oszzlj4Yy7BBmE1iVod7vpfZQsxjuTkrxt+mViyKXEXpovpIUXR+6YnVyba1RGN9oqv6J\/9ckibrq0qfe5oTdWarVlybTTWXhXV2ETeMr0cyOQ82w9YxKVUVQSI5RMiJMqtEmqCDOBPptqiamKuERJ6nGptmiewiWhWhWwBD4EX1bZN+l5pYG0qfzkYHtYQsFVH4GkQcW85SaeqgNiPiosf68C7n0ZVatRXqCz4I+ZCl3SqbzBOHylWNvvsSC4MsIFL2nm1f1iLi9Q6zian7ouTAXEPXM5hrSD+UtYzExsCOrE8kW58xV50vdspK0Qjq\/lusuDxXVKiyjl1KvaZG3BRBEUQjGbZSUyrmOXGdrsU1NU04zxUNDmUJo4G5YBep39UjldKbiyLiK8bKyfrQzUiEkPcZVk+F\/z2mwxia0XJpCF9cs\/KWJia6sno1xJulpNwvkTfPRjEHEc\/cNbk2lplrjTria87l3lMQla6tHiyVIuIrhgVy+\/bt009\/Y0jNl2Z1zBWVhw8+xEIJ1mKlVNFhmjuID1cQWZmHUAYmb1lKOlAZQ0T1XHgv72kOwjN3La7JtfGdXWtMSttXfoxtNhdzjMbqqbN1ljB3kZsi4itHQ9BAU\/CpNWpeea7K65yyTojWWOYcWs6FchaR852VZ2T1KI8qOrX4gIxzIAKvzwO5JtcmbdS12ujMtS\/FSgmmTG42dUbKv2kUqsNr2uunaTJyDRQR3wAaZ5OQg1ceYj52w6qIOh1Tl5qvdRitI4w9uts4VyfletoiT4LmWusftbcUpkTibZ66EUm9c4X63zRyXIrNNIZ\/\/ee\/+MZNa6ApFDYPcAipQrw0xGPIUL6tTORa59gS9OrVq6fv\/mRMWQeEVgTWhahDIxAJEZyU6PB2HaK4PlkPTfBklZNrEyE5j\/vr04Bzlk0Vz7RePy2h7wMbqW0U0rde1O+tia579oyIU1tWlglwqaF9mFI2QVMZpe7FPELbtbe9t\/tu61DVPfU8Ui+b3kd7YDk1RfepMsGc9RF969JsIr4F2spkiSIOjdoQ+9IbM+kw+bHuJ9CY5PH39WaXKOJoEh6job6WRS4RR\/jiqWvyHGyh0NcLn1o2GCLitghoS89se28jEc9ibIARmABui+ybRHbO+oi+GlPslI0hqtZopZldAqJhOCs7oirgICSEva+gLBWplVUP1ffygC\/lOStPz1zkWcV11VfgLo16HRmCUbWAYAoRra+ZIuIbRKOVZiZnuN6w50K+uEiUeK\/ZX+yD8g0hj83CljBZq4MUvQUyl5ZwXW1MXbmp4xwbsGgbymztFBHfMCIVlZSYa9xjF+Y04XzO6\/yEbGnZD3MSIx5ivqSUScNvnaljSpR7LnSIU+ulgMXobwjq7RYEHEXEdwCR0biJDsHVwEUvGnnVFmhDQ\/P3Kj8P0acAOZ\/zLknEzon7HmtVKMs+x5hIWme6pg41xz4qRn8srbZdBCH61gZyzGcthTKx2UJbmRCzHBVhrsm7oZgcq682JFCXHI4vdWJzy+QoG\/8vq6mOTi\/VuZiglL2UYkwbc77IrgoiE2tMp+vanLNO0\/0Mpen8rlmd76KIeAt7EvElUkT8\/JSyWR\/FTrkwdTuja9nwXkhFJoX5KeW+PoqIX5j6Z13Kea1HQnskVQa5rJ3UkHqJKxrPDQGvry\/oM5wvXJYi4hcm1Ugsltg7qTLIJSip8xQR\/9ObrbPWLRL2RBHxC5OaGBGFNk307AHLqesRIdsp16KM1Hks397zCEgUnto4au0LYfZAr4lNvfGaUpZyoWI37c2Qa2ITqckkDFnGvRWa9sPIWd5IlbmOQt73JTNyLkHTsn3t3uKtwrLpJeKFf5JTVHQWdhlMYegvp3vLERERYWewUFJ7vgzd\/6MPTfWdkHuuW191Ghjx2c8mtf\/I2CCi774whW76ZAYVER9J7shQY+ragdCCmytXrpx+2gapybQ60grnmGBr23wp7JutLmSKjrOp7IfsfFiniHg+iojPSG4RR9eObntkbkupazvTPSJYYCuNHfkUEc9HHxEvE5sLwh4QRKueO75HlIEIfO45AftnnGuTsDUwVcAL56eI+MIgWvzfPQuLOQCb9M9hoaQg5DZQ2nPn6d6NLnPPPRTmp9gpI5nDTqnDL+ZbejY8TF+3BvGw4Mnkpb0i+NCXEhFlfOfOneP8RNunzWwJkbcyN5Gbq9yLnZKPQZ64ClzfAKnQDNHZ6+59e2GLnWaVsRtCdVFEPB+DRLxQKBQK66N44oVCobBiiogXCoXCiikiXigUCqvlcPh\/LUYBG11rgzoAAAAASUVORK5CYII=' alt='' \/><\/p>\n<p style='text-align: center;'><img src='https:\/\/ftp3.syscom.mx\/usuarios\/fotos\/DJF0230\/237385-sierra2.png' alt='' width='717' height='662' \/><\/p>\n","protected":false},"excerpt":{"rendered":"<p>Sierra de Sable de 1300 W, incluye dos Hojas \/ Seguetas y Malet\u00edn Pl\u00e1stico.<\/p>\n","protected":false},"featured_media":82289,"comment_status":"open","ping_status":"closed","template":"","meta":[],"product_brand":[],"product_cat":[130],"product_tag":[132,25,131],"class_list":{"0":"post-82290","1":"product","2":"type-product","3":"status-publish","4":"has-post-thumbnail","6":"product_cat-herramientas-electricas","7":"product_tag-dongcheng","8":"product_tag-herramientas","9":"product_tag-herramientas-electricas","11":"first","12":"instock","13":"sale","14":"shipping-taxable","15":"purchasable","16":"product-type-simple"},"_links":{"self":[{"href":"https:\/\/soydeaqui.ddns.net\/pachuca\/index.php\/wp-json\/wp\/v2\/product\/82290","targetHints":{"allow":["GET"]}}],"collection":[{"href":"https:\/\/soydeaqui.ddns.net\/pachuca\/index.php\/wp-json\/wp\/v2\/product"}],"about":[{"href":"https:\/\/soydeaqui.ddns.net\/pachuca\/index.php\/wp-json\/wp\/v2\/types\/product"}],"replies":[{"embeddable":true,"href":"https:\/\/soydeaqui.ddns.net\/pachuca\/index.php\/wp-json\/wp\/v2\/comments?post=82290"}],"wp:featuredmedia":[{"embeddable":true,"href":"https:\/\/soydeaqui.ddns.net\/pachuca\/index.php\/wp-json\/wp\/v2\/media\/82289"}],"wp:attachment":[{"href":"https:\/\/soydeaqui.ddns.net\/pachuca\/index.php\/wp-json\/wp\/v2\/media?parent=82290"}],"wp:term":[{"taxonomy":"product_brand","embeddable":true,"href":"https:\/\/soydeaqui.ddns.net\/pachuca\/index.php\/wp-json\/wp\/v2\/product_brand?post=82290"},{"taxonomy":"product_cat","embeddable":true,"href":"https:\/\/soydeaqui.ddns.net\/pachuca\/index.php\/wp-json\/wp\/v2\/product_cat?post=82290"},{"taxonomy":"product_tag","embeddable":true,"href":"https:\/\/soydeaqui.ddns.net\/pachuca\/index.php\/wp-json\/wp\/v2\/product_tag?post=82290"}],"curies":[{"name":"wp","href":"https:\/\/api.w.org\/{rel}","templated":true}]}}