{"id":82285,"date":"2026-03-19T19:19:50","date_gmt":"2026-03-19T19:19:50","guid":{"rendered":"https:\/\/soydeaqui.ddns.net\/pachuca\/index.php\/producto\/taladro-rotomartillo-de-710w-110-vca-con-broquero-de-1-2-pulgada\/"},"modified":"2026-03-19T19:19:59","modified_gmt":"2026-03-19T19:19:59","slug":"taladro-rotomartillo-de-710w-110-vca-con-broquero-de-1-2-pulgada","status":"publish","type":"product","link":"https:\/\/soydeaqui.ddns.net\/pachuca\/index.php\/producto\/taladro-rotomartillo-de-710w-110-vca-con-broquero-de-1-2-pulgada\/","title":{"rendered":"Taladro Rotomartillo de 710W ,110 Vca con broquero de 1\/2 pulgada."},"content":{"rendered":"<\/p>\n<p style='text-align: center;'><span style='font-family: tahoma&comma; arial&comma; helvetica&comma; sans-serif; font-size: 12pt;'><img class='fr-fic fr-dii' src='data:image\/png;base64&comma;iVBORw0KGgoAAAANSUhEUgAAANcAAABnCAIAAAAc1UCXAAAT7klEQVR4Ae2dd1gbR\/rHBTZuJE7suCUmubSLfYmd\/iTPXS6\/5HJpvzzJJffLpdwjATZgg8GY2MEluLfExnFix7Fjp5zL4TSrAqIITDFgehEguqkSIASoorba2V+khWG1orotQcOzf8xKu7Pzvu9nvzPzzshmYY4\/FpuLDuSBm+wBkj0Mw1iIwpvsevQ46AFEIdJ+5j2AKGQ+BlAS3LaAKEQUMu8BRCHzMXBbCYSGIwoRhcx7AFHIfAygJLhtAVGIKGTeA4hC5mPgthIIDUcUIgqZ9wCikPkYQElw2wKiEFHIvAcQhczHwG0lEBqOKEQUMu8BRCHzMYCS4LYFRCGikHkPIAqZj4HbSiA0HFGIKGTeA4hC5mMAJcFtC4hCRCHzHkAUMh8Dt5VAaDiiEFHIvAcQhczHAEqC2xYQhYhC5j2AKGQ+Bm4rgdBwRCGikHkPIAqZjwGUBLctIAoRhcx7AFHIfAzcVgKh4YhCRCHzHkAUMh8DKAluW0AUIgqZ9wCikPkYuK0EQsMRhYhC5j2AKGQ+BlAS3LaAKEQUMu8BRCHzMXBbCYSG3xAKH94kqZBrcQBGOKw2vENrzqzrjk6sfzU62ztQ6MGZhEB4cLhT\/XhLN0nWxkjP5rQmV3VJarsFJYrdouq\/H8ia5s+flFZDvMZYuDEUbpZUKnTEmP8AQbSrTd9mNL1yIGtOcOwYmz7BL5u2gv\/0jrSdgqpyudaGgyGd0W2wnM5qfuuLnElj9dUFZUJQCCPUY7D8N6d1eVTK1Rkzce6aHxr\/eWJ9Q5cBB0PzB00mCKLHYBGWtL\/4Wabb6uLEopAgCBwQnVrz8\/szJw5S423J8q2p1e264fSPyh+13G2whJwpnerHG+\/jJsH1E45CMjAao\/Wdo7lefvzfnYuf25shbdNQ8Rp7WWfC1v8oneb\/+7P6GsN0QyicvyYu7FzZbkH1cMceYfWBhLrT2S3ZDT1Gi23IOFW1657dnX6N5t3k2x\/alFzcMjSCOCDkGlNJq7a4RdPYY8Rs+JBWG8y2iPPlnr52Rbzn4yR43GRDbvLjbgiFHmzuFF\/eVL8RDv40f753oHBeSNzDn6SczGjqc2ERACKpUnmT3XEtj5u9SjQkghYb\/kuh4sWDWYvDxQtC4xeExt0VLn5mT8bXaY1mbIg3sMdgeePzHJY\/X642kUdbr5E1qXvqG0LheGM5xZf3zle5DV0GV3nwO1U43toYuX6qH28bT0YbC2I2UNyiefGzS8M16aHNEolMabIO6iJmA9Xtun8ezWWt4ENvAABY\/pN5vHhDKPQOFP55T8Yr0VnweHbX6H3rC\/szG1V90PVkobXHOH9N3HBRnDif\/2mzpKxNS208ZgPcQsV96xNHbuRv6njCLop2EOW9puiEugc+TrLfgigc2XGjfvtQZHJmbXen1gyPpIrOUe9isbnvfJVnsjp1UjgAvkzIodcKgc\/6xPsik2cECvtbzuGyODz74fKf93pwuKtOl1idh3rSVs2DHyd5uFzsevu8NXFJlcpL9d3P78ucsVLQfwGi0NVT4\/rkYZesdUFj71hqmBMcKyrtoCoKQRAxOa1THKN1sgYPNnduSOxbR3LP5baVKXRShY5b2u77XdH80DjqZSw297Ck4VRG88mMpk\/FtbcECb0DhAtC4xZvSLorImFucKzXUFNRL3\/+Q5slx9MblXoz2Qy9GbtQpHhyV1pJq6al19jSawz4TwnNFi8\/vrC0ndpsGw7e+TKXdtkIp7eHxE2lJQScKfTw589YKbgjJG7R2viFYfG3rxYNmdPx4HBvDRI+\/+mlI6lXJLWqi\/U932Q0vX44Z67zWsDCtfHrL1QekDQckDT4\/1A8M0AwK0AwLyRuUbh4YWjc7FUimidhy29fHftydPbx9KbMKz0ZDT0nM5teO5yzdLMk\/KfyHbE1G3myJZsl8OKxF25Ij3zVFHr68iLOS8nuCQY1p657cbiYNMnLn\/\/G4Zz0GhXmvBoBCKK0VcM5VUh1X6e2n6QOjdnvu6If89ra1CYzhuvNWEmbdqeg6r4NTt3lzABBxHlpu8YEHw0LJgyHY76Pfiyn+dc7SNSlt8CLCYLIrOumtoR2\/ZhOnSl84WDWibTGyg59b5+1U2fOqu\/ZcqHyXpfu\/vn9mbGlHTRVttrw9BrVP768DF+8ZVtSZAOLW5IKpe+pwjM5rTWdenWftVNrlsiUYefKZq8SUds51Y\/\/v5\/nSGRKi7Pk4wA0dBl0Jsyefu+zvn1kHO8erH9iUchic1+Nzob0kHGt7dA\/ue0ii8315PA+PFHQ1mukxptaVukt4eel0DZYD2YDKr2FtohhwfA4acfs1YO+Dj8vVRut1AqHLLtS+MSONFrlnGsfRVApJIjmHiNtFcZqw7lFCp91CdDeP+\/LqFcaaJdBEzp15oDvi8kcEJVCdZ+1t49udZ\/Fxi1S3BrU7xxPDu+D4wWtw3uefMrkofDRqNQGpdNkuV1tetGxlLJkYzJMCNtw0NjddyT1yiFJQ6VicKECAADXXSCFMBI4ALQgRQmqyCgu2SLB8P65qhnDz+e1\/e1Q9lN70veLa2k650oh+2QhfARBEBgOfD4ahANSMr4ChUJYOa3xBEFs+qWCrHZhWDxspw0H9UpDdHL97vja4hYN7DdqO\/VPbktlsblUCoerHAAicqDypRuTy+X9cy8cB3K16fTl1jOXW1t6jNQlyslD4ZKNyTUdeugagiBUBsur0dksNnfTLxUkRAYz9ll87W0DMjZ9pSA8Rqoa6BP5xe3ejikFlUKl1nyhQL5LVP1dRtMVSkqoXWuetkLg6cuLyW0jH6rus\/p9V0RqBovN9eBwX\/g0s6V7UIBdKdzwo5TaYKXOsjAsfnzMuU5inCnUGrFEaedRSUPM5VbH8nT\/AysVWnsv4cvbwa8igdCZsF2CqlkDk6pZgcID4loyHQsAsTe2xoNDp1Cls\/CLFMdSGn7Nb+ugDEhSZF1zQ+wJiq1cGSn2BrPtYELt3DX9O05mr47dJaiGHcjkoXDZJyl1nU5aqDJYXnNQWNSiJn2fWN55+2qnrTeevry9ohoyDLWd+ie223twSKHBbNvwUzmJ5jR\/\/svRWdSR0x8+TrozXAwF+MuUBtddBatPl0DOXCn86LwThSr99adwl7B6bojdZC9\/\/ptfXFao+wevVgz3XiWcHxonqVSSLTyd1TwrQDjVn788KjXkbOm5nJbiZjUcapfLtZ4cHlULNUar78kCktrpKwX\/+OKyeqCDLmvTLnXMNmTt\/Tuk4so6aJ738uMfkTSQIj15KPyf\/ZltvU7zg3aN6W+fXpoWJIJrfUOmsl\/Yn0lOLFQGy5tfXqZSKO81LqaMnzw43HzKOtuyranP7EgjNcCGg5eis1xlbOYqEQykK4XvnyiAjDo2ZIA\/bHDk\/FwVbuyfOGvhLZS3ztOPl17dRT4RB2BRuPjhLSlSR7bSaLUdSKj7NKGuVmkwU2ZUsHkmKz5rdSyVwuRK5TyH4JFWewcKEyv6ga7u0D++LfWW1SJ8YC743tf5rs555WCWymCfnE0eCv2\/LdKbnVKG9UrD09sv3r4mDs5SXz+U4+qLZ3amXXEkvTVG7N1jeVQKW7uNd1AczWJzLzb0wMA8uu0ipBDDwYsHh6IwSARXOFwpXBaVShuxBZ+hZ3NcGzzKJxQKXddOkgZAwQFYHJHw+NbUaudhDLSOfCt6+6wyhU4s7djOl80IEFApFBW3z6EgPitACJNlDgov+kQkwNH0c\/uG2Ov0l93pLT32EcskoXDGSsHRlH55h37Mbei5JyJhqj+\/2\/HCEQSxjStzDeFbX1zWGO35gg6t+RWHnsEeubXbOM95AYZG4d0fJTQPLNvsFtW4Vv7e8XzImSuFMwOFcspwiiCIkhb1tBXXtjWGQiFBECzn7GYyhUKfiMQHI5MKm\/qHK9BvAAC5xiQq7djOq\/rn0dxHtkhmBvSnxJ0oLBmFwpkBQtgPhJ4rc3XO20dytZMpU3N3REJtp9PUhCCIXwvkZKIrvryTdLFMoaWlyrz8+NwiBTmClrZp\/7gx2UkLXZYBaRR6+vISKvor1xgxclgJ3X3v+sSm7sGlRVcKp\/rxfsrvn9yQLcQBsfL7IljD1RRGpFDiTOGsQCG\/SAH5a9eaT11qfv2LnDvXim8NEs4Pje9fFRwYD4yLQhabm3ull6y8qEm9wHni5eXHvzDg+cmghZ6+vJ2iauhKsgAAWHOmlIwi+5tCo2N9DwdALO14dmfanWvj7wyLf2SL5Ex2C+w1jl+8QmaMB7VwNApZbO5LB7Pgvp7ePmvYubLln6Qs3ZT87ld5JS0aajrQlUIPDpdzqhB22WTL6zv1T2y76DrRoRHpwebeHZEQW9bx4YmCOcGxgyt+I1M4MBfBAfCJsOfe\/b8tglOulKqup7ZfvGuteFFY\/PJPUn641NylM792MAvu16RSGDuaFrLY3LCzpWTlGA7O57U9FpU6f03c\/DVxSzYlf5\/ZBD3\/u6fQk8N7\/3i+3mzvUql\/3XqLz7r+hZOFofG8IgVMUCm15vTqrrSqLupspqpdB9\/7cVH428+U9sXWQJJwAJR6S5vGBJNtsFWuFLLY3Ps\/TsobEAzyShyAVFnX4458O4086un9G5J+LZBbbcBoscVcbh3cUjlOCm8NEv6Y1wbfFpXecqlGlSLrahlIdyu15tcdqQZavjC2dJQemcXm+qxLSJF1kWMSQBBNqj5xWYe4rKNpYBhDmvz7pnCKL++D4\/nyoVLzURcGh4AeHO7SjclFTf29A8QCFmRy3SNbBtcxx0Uhi829bZXooLiWlFtYp2thSAo9fXnhMVI4fyLvwgFo7DKs+L7Ya8gxIof76qHs0hYN1DAbDuS9pq08+wSCuqdm1HEhifWc4Nif8tugMtFaXtqq+SO5W8c5az0WLfTk8J7akVbnvJpAq\/93MDspaVbPDY69g3aExC4Ijbs\/MulQYp2rCtrH+K0aT5fdnd6BopPpjR1qk9Fis+HAhgOTFVfpLNxC+QPO+ZHWXqMFwy0Y3qA03OE8O0mq6ya\/smD4sq325QTymOLLe\/dYXnGzWqkza42YzoSp9Jaqdt1mnszi2HxFEESEyzoyee+0lYLUqn7BoEYIB6CgWR10puTBzRKfdWKfcPG9kUnvnyiQyLpo1JJ3KbXm5\/aks1bwSeswHGA4oM1OEqSdNsfnFgxfNLDIzmJzZweJtvGqmlV9WhNmxnCLzb5oLu81Hk1psJM9YOYjWyTlbfZfBmI4EBQpnOfIAkFxO\/noSoXuMcdaC3njorViXrFCpTdbMHuHBABhseE9Bktdp97g2KQ80bVQa8LSalTpzkdGTXdRi4ZcCKeGjSzLe41vHB4iI8Ni23\/h+9jW1ODTJXuE1XtF1eH\/Lfvr3ozpLnqz5mxp5M8VkT9XBJ8uHdwx5YjEBycLyK8if66YF0rfvzh9peDpnWn\/+irv38cL\/rovc05I7JtHcuFIYMX3xTCctMKd4eL0ahWcTdOMIn+CrdCYRpBbld7i\/10Ri8P9bXP1Ln7VLn7VTl7VDp6MRdlVxGJzfU8Wkt9u58q8gwb2npGQcbj3bUh671j++vPSjT9XsE8WLN0smeL8Mi8IjQs7W2qvnF\/14df5VOd4+fH\/fbyArDzsbOmitU6LQNNX8J\/fl7nxp4rDSfWHk+o3\/VLx8oGsfx3PJ1eiewyWtx2ZWppbRj29SbsZaPEY9dRsxdfFSGesGHx9h7Xk+v2W3suf\/9zejEe3pnpS0iILw8XrYqTNjnwYQRAAgGVRg9rp2qrlUSmZNcOCOLLhnVoz+1QhXDx0rZzZT+ZQ+hNPPx5J9oMbk2EPoFCbXhp+Y\/kIjZ9wFAKC6DPb1sYMkZcawYzr8tVd4eLiVg0AQG20VrTrcpvUTd32Ph2iAwgiWTb6T2F8IhIu1XZbbXCqACsYtgAAIe81vn0012OoXbTXxbprrGThWnFjlyG\/SX0osS7sXFngD8VbuTJxhRKjmJlT33N1C+gTi0KjxZZUoXztkH3vws0\/PvimYMiBGsmODQeXG3rIddVR2zYjQBD5c0Vxi3pUFnEAWnuMP1xqemTLxP23ADw4vOAzJTCTNeTL1KW3\/J9jyWpU57heMCEoBATRpTP\/ki9\/71je4nDxqDk2VzOuyyfvn8jPquvus2Cu08wOjf0XIX\/aLPEcs1b9lspesjF59X9Kkis6yaUFWvBsOF4u1+6LrXlubwZc1bguhlz3SrwDhV+lNAz361UbDrLre16NzqaNPsfejBtC4bw1ccHnyrYJqkY9oriy4NMlT+9KmxkgHHuAx27euK70cGyknRUk\/MvezODTpVH8qm3CqrCzpc\/sSvfyu\/p\/1siTw7vNsVF+y6+VhyUNxy427hTVsE8W3LM+cYovj6lXblyeIbcYPxCZtC5G+muRokFlMFttJqututPwQ1bLywezXKeG46r\/hlA4rhagi5EHEIUMDEARdjQPIAoRhcx7AFHIfAxowuCGp4hCRCHzHkAUMh8DNxQ\/msmIQkQh8x5AFDIfA5owuOEpohBRyLwHEIXMx8ANxY9mMqIQUci8BxCFzMeAJgxueIooRBQy7wFEIfMxcEPxo5mMKEQUMu8BRCHzMaAJgxueIgoRhcx7AFHIfAzcUPxoJiMKEYXMewBRyHwMaMLghqeIQkQh8x5AFDIfAzcUP5rJiEJEIfMeQBQyHwOaMLjhKaIQUci8BxCFzMfADcWPZjKiEFHIvAcQhczHgCYMbniKKEQUMu8BRCHzMXBD8aOZjChEFDLvAUQh8zGgCYMbniIKEYXMewBRyHwM3FD8aCYjChGFzHsAUvj\/h+E3fXQU5i0AAAAASUVORK5CYII=' alt='' \/><\/span><\/p>\n<p style='text-align: center;'>\n<p style='text-align: justify;'><span style='font-family: helvetica&comma; arial&comma; sans-serif;'>El Taladro de Impacto <strong>DZJ-16<\/strong> es la herramienta ideal para trabajos profesionales y dom\u00e9sticos. Con un dise\u00f1o ergon\u00f3mico y un potente motor&comma; est\u00e1 dise\u00f1ado para perforar con facilidad en materiales como madera&comma; metal&comma; concreto y mamposter\u00eda.<span style='font-size: 12pt; text-align: center;'>.<\/span><\/span><\/p>\n<p style='text-align: center;'>\n<div class='row'>\n<div class='col-sm-5'>\n<div style='border-left: 5px solid #E42327; border-radius: 5px; padding: 5px; box-shadow: 2px 2px 10px #d8d8d8; -webkit-box-shadow: 2px 2px 10px #d8d8d8;'>\n<p><span style='box-sizing: border-box; font-family: helvetica&comma; arial&comma; sans-serif; font-size: 12pt;'><strong style='box-sizing: border-box;'><span style='box-sizing: border-box; color: #2880b9;'><span lang='ES' style='box-sizing: border-box; line-height: 17.12px;'>Especificaciones<\/span><\/span><\/strong><\/span><\/p>\n<ul>\n<li><span style='font-family: helvetica&comma; arial&comma; sans-serif;'><strong>Voltaje de Operaci\u00f3n: <\/strong>110 Vcc<\/span><\/li>\n<li><span style='font-family: helvetica&comma; arial&comma; sans-serif;'><strong>Mandril: <\/strong>1\/2 in.<\/span><\/li>\n<li><span style='font-family: helvetica&comma; arial&comma; sans-serif;'><strong>Velocidad sin carga: <\/strong>3000 rpm<\/span><\/li>\n<li><span style='font-family: helvetica&comma; arial&comma; sans-serif;'><strong>Frecuencia de impacto nominal: <\/strong>4500 imp.<\/span><\/li>\n<li><span style='font-family: helvetica&comma; arial&comma; sans-serif;'><strong>Peso Neto:<\/strong> 2 Kg<\/span><\/li>\n<li><span style='font-family: helvetica&comma; arial&comma; sans-serif;'><strong>Dimensiones:<\/strong> 30 x 30 x 10 cm.<\/span><\/li>\n<\/ul><\/div>\n<\/p><\/div>\n<div class='col-sm-7'>\n<div style='border-left: 5px solid #E42327; border-radius: 5px; padding: 5px; box-shadow: 2px 2px 10px #d8d8d8; -webkit-box-shadow: 2px 2px 10px #d8d8d8;'>\n<p><span style='box-sizing: border-box; font-family: helvetica&comma; arial&comma; sans-serif; font-size: 12pt;'><strong style='box-sizing: border-box;'><span lang='ES' style='box-sizing: border-box; line-height: 17.12px; color: #2880b9;'><span lang='ES' style='box-sizing: border-box; line-height: 19.2px;'>Caracter\u00edsticas<\/span><\/span><\/strong><\/span><\/p>\n<ul>\n<li><span style='font-family: helvetica&comma; arial&comma; sans-serif;'>Motor potente de 710W.<\/span><\/li>\n<li><span style='font-family: helvetica&comma; arial&comma; sans-serif;'>Mango de goma&comma; c\u00f3modo de sujetar.<\/span><\/li>\n<li><span style='font-family: helvetica&comma; arial&comma; sans-serif;'>Dos funciones: Taladro y Rotomartillo<\/span><\/li>\n<li><span style='font-family: helvetica&comma; arial&comma; sans-serif;'>Caja de engranajes de alta resistencia&comma; robusta y duradera.<\/span><\/li>\n<li><span style='font-family: helvetica&comma; arial&comma; sans-serif;'>Interruptor de bloqueo&comma;Trabajo continuo sin fatiga.<\/span><\/li>\n<\/ul><\/div>\n<\/p><\/div>\n<\/p><\/div>\n<p style='text-align: center;'>\n<p><strong><span style='font-family: helvetica&comma; arial&comma; sans-serif; color: #2880b9;'>Accesorios Incluidos:<\/span><\/strong><\/p>\n<ul type='disc'>\n<li class='MsoNormal' style='line-height: normal;'><span style='font-size: 13.5pt; font-family: 'Helvetica'&comma;sans-serif; mso-fareast-font-family: 'Times New Roman'; mso-fareast-language: ES-MX;'>Mango Auxiliar<\/span><\/li>\n<li class='MsoNormal' style='line-height: normal;'><span style='font-size: 13.5pt; font-family: 'Helvetica'&comma;sans-serif; mso-fareast-font-family: 'Times New Roman'; mso-fareast-language: ES-MX;'>Llave de Mandril<\/span><\/li>\n<li class='MsoNormal' style='line-height: normal;'><span style='font-size: 13.5pt; font-family: 'Helvetica'&comma;sans-serif; mso-fareast-font-family: 'Times New Roman'; mso-fareast-language: ES-MX;'>Indicador de Profundidad<\/span><\/li>\n<\/ul>\n<p style='text-align: center;'><img src='data:image\/png;base64&comma;iVBORw0KGgoAAAANSUhEUgAAAW4AAAB3CAYAAAAjDKpoAAAAAXNSR0IArs4c6QAAAARnQU1BAACxjwv8YQUAAAAJcEhZcwAADsMAAA7DAcdvqGQAABADSURBVHhe7Z05m9RGF4XbX47JDeRmiQ0mhjH5sORgYrYcA7FtyNlitphl8mGJ2WJsfoDtH2DzChWfulFJJamqVNV13ufpZ7p7pnvUUuvUrXNvXX3z7ycWQgghsuF\/9U8hhBCZIOEWQojMkHALIURmSLiFECIzJNxCCJEZEm4hhMgMCbcQQmSGhFsIITJDwi2EEJkh4RZCiMyQcAshRGZIuIUQIjMk3EIIkRkSbiGEyAwJtxBCZIaEWwghMmP0hRSOHz++eP78ef1IhOTixYuLS5cu1Y\/S4c2bN9Xtjz\/+qJ8pl\/379y\/27NlT\/UydXbt21fdECnz8+LG+546EOwNSEm6O+b179xZPnjxZ\/PPPP\/WzwrBjx47FsWPHFmfPnk1WxCXcaTFGuGWVCCeIqhmsuT148ECibYH9wv7Z2NhYnD59WrMREQQJt+jl\/v37i6NHj2qGNZCnT59W+43ZiRA+kXCLThDtCxcuKMIeCfvtzJkz1X4UwhcSbmHFiLaYDvtRkbfwhZKTGTBHcpJqkc3Nzc5I+8SJE4vDhw9X1RQ\/\/vhj\/Wx5cB7gZSPM2CM2SFxubW1V+2tOlJxMCyUnhTd++eUXq2gj0i9evFjcuHFjcfLkyaJFG\/j87Ic7d+5U+2Xfvn31b5Zhf2oGI3wQLOImGjt16lT9SHRBeR2VCDZiR9wcV45vGxxXBFt0c\/78eesxffjwYfGDnZhGMOFOddFIivz222+L33\/\/vX70NbH3JWVsbVP+n376qYoq5wYb5++\/\/64ftbN79+7ZLQnbOaLBT0xFwp0AKQk3grh379760f+Zy59le\/COt7e3q+\/bn3\/+Wf\/GDWwLFsLgxbMw5ttvv61\/Ex5870OHDtWPlhnjawphkMctlkAg20D0Yoo2gs2A9sMPP1S+MLbDUNGGt2\/fVq\/lPXgv3rMvWvcF+4vouo2uoEeIPiTcYglsiDZi5isQNRauMAvxWT\/Oe\/GeCHis0jwGvDZsA6QQLki4hROxkmnUjmPDjYmuXUHAYy2KwaIRwjcSbrHEnFN4ouCY5XL8r9DiHdNTF+Wg5GQCpJSctB3X0Mk0fGcsDJ\/WiCvPnj0L2smvbcHLnOcHSdOuAYtZgm2G1fdaH5+J\/8GM6\/Xr19X3wmfLXLad92+D\/0E9vk\/Y\/ps3b9aPvqZrX3ch4U4ACXd33XNoOHGorQ5FasLN8eU42+gq++x77ZTvCaKKyJFQbsO0zGW\/jU2Ud+kW7\/\/+\/fv6kR\/4TF2zyLHfA1klYnaIgOYSbeBEtiVlSyR24pT9f\/DgwUrgbKINzMb4nlBiSbDjG97fd9I6VBJcwi1mZ+yXm8iQSJkojxuWh638ro+u6X9pIGC2qNQ3CDBR8NBkNDNUKo98l3b6FFq2rat3zRQk3GJ2xojm9evXq+l80x\/EA2VFIr8bisrzlomxP7DHuizCPojOaYTmU7x9CneoaBsk3GJWOOm6psdtINZdSSR+h3c4hKHbsO6Ejrjxsn3YY77Fm9mGr9mXhFusLWO85Z9\/\/rm+Z8d3dUBpINy+bQgD733lypX60XQQ78uXL9ePpuNDcEPaJCDhFrMydEpuKgv6iLk8f10JYZcgaFgkviF69xXhIrhTB62Q0TYkKdwkKyihyukWIstdAtSxEkFjf5hbFwcOHKjvdRMqWiyJEHYJFklfIhKbi77mJunMfZ5j0O6CHvK+jvtU4S1SuEU5INRXr16tqkPMzZyw3JrPM712rXkdeuLQBlYsEyLi7lqMAuYYN2dM3Oe5R48e1c+0w4BAb3sfTBHe0DYJSLhF0jQj8bNnz\/ZG5MCJM3QGFHLlZK7gHdtWGY6la2UsgyfH2AbHqC+\/4SvinmKXhI62QcIt1g4SVUPrgl188xKJVc8NLscg5nEaK8ASbiEGMqbMzDXhWSIx69tTa8g1RoBj2CQg4RZrA8mpMWVmTM\/Vxa+dmBF3aoyxS2JE2yDhFtnDyUWJ2a1bt+pn3CHa7vJVSwfLqeQ+LkOFWMIthAMkz1g5N3YV3t27dxVt9xDTLkmNIUIcyyaBLIWbRkLNMrEYNy46K9KCaTyNhsYuV6c22KVKpXSadklpIj7ELokVbUOWwk1dZ7NMLMZt586d9X8XKWC6ynWVl3XB4D+mD3KJlBxxg6sgS7iFsED0g2BP6SqHaNNFULjB4Cifuxssu1g2CUi4RTYgHlzebEqlA1UnEu3hxIwmU8PFLom9fyTcIgtotbmxsTHaGqF65Pbt26ogGUnJZYHQJ8yxL8Qh4RbJQ332lKu\/k1imz4UW2YxHwm0XbmyS2P3cJdwiacbWZxvobbG1taVeJB6QXdJul8yxXyTcIlmmXPmdhkWUcdJ5UPhBUXe7QM9xvVIJt0iSKaLNRYSJsinjFP4ovSywTaDnsElAwi2SY4poUzXCRYS1GtI\/CJTrYpR1hBnHapvbuewjCbdIChbWjBFtqkaePXumqpHArLPP7XIxjdXP32eThLpAh4RbJAMnxZiFNYg2VSNKQIZnaJ\/znGBFdl9ri6ZQu9gkoS5aLeEWScAUHItkDLQjoGSQFZVTbnMkmURa9AktQm3sEpfZh4RbrDVYJGMX1xAF4j9Ova36l6I8XGr9jWD3DfQkyZvXzvSJhFvMDoI5pVZbCF+42iVz2iQg4RazM\/TCvkKExMUu6Qs0Ql8OT8ItZgVve2zpnxAhcBHcPuE+depUfS8MEm4xK+tcXpYroUrYcsH0+58CrRZCIuEWsyLhTg+tOJ3mT7P\/QiUlDRJuMSsxm88LNw4fPlzfK5cp\/nTIpKRBwi1mo+SrqqSMS2XFukPLBMr5hhI6KWmQcIvZkHCni6LucVE3r4nRJ0fCLWYDL3D1avpz3mJMcXNBPvc44Y7VK0fCLWbDZO9TuYVOKOWEIu7hdgn2Uqx+ORJuEY3cWoKWbOUgWqX73DBkFhZzxibhFsExDaQ2NzezEW9Em+2leVWpKOr+bJeQcHQh9KKbJhJuERSEGgFkdSRLhcd2AIwJfSjYZppexagQSJWSP3sTl\/1w4sSJqBfvkHCLYJiotdmMJ\/We2Qw0p0+frkT7+vXrlfddKiV\/9iYuwh0z2gYJtwhCU7SNALCU+tKlS9X9VDHbfPHixSXPks9TYr9uiXe\/XcL3OvZ+ylK4uUrKrl27ot7o1yzcQOA2NjaqqBUBNFPIGzduVD9TBRsH0Wba2xxgzCB04cKF4np2S7g\/0xV1z1FGqohbeOXmzZuVwAFWAwkulrVTVpWyCJCExIenkqI5wJjEqrFOSisZlM\/9GQby1br\/d+\/eLT5+\/DjLLFLCLbyBwHGVdaaVXLiXSITneHz16tX6r5Yhgk0hit3e3q7vfd4mMInVNusE6COeS5XMWMhJuFZVrDNtaw5iJiNXkXALLyDQRKz4febCvUTfXFaM1WSrkSpdAUkCHjp0qPo5twCyzZyMiPTRo0cre+Ty5cut1gnwebHs+LnuqCwwPSTcwguIM8K3tbVViTZCTESKkJtlwDyHmB88eHBx5syZL50BEUeenxOiJ6a\/iDS2CB59m3UCePi2360jHFeRFhJu4QXEGuEz00eiVQQQi4Tolch07969lZVipp1mCk7T+VSqTRBibBHDqj3CTAEPn20nSp9zuhyLWBG3S2\/2169f1\/fKRsItvINQE5EibiT9jh8\/Xp2UCPSLFy+qRCVVOibhZ\/O\/fYFnTZRMVM\/\/7bNlGETYLmCgMXaIGYBKEm3w6XN3vQ8zry7x5rj1XTKslOSxhFt4xyT6EGZOJETw\/fv3lUBjn5gEJhG6rZTKWC34zaYkkwHAtZYakWXQwJbBRydK5v\/yHiQc+X0XbBcJVraTQQgfntfxmYjKEbOS8FVd0vc+DIy2Y8MsjpyJDY5VKVUw3\/z7ifr+IDgBumqbmW6Onf5y4PqiotTAyx072iNQJLpsTNmXQ7EdV8qehkB0y0lk9gnHk5MSX5sTzCQw2+D4I5ScpPztgQMHqufNdmGzIPo2EHuiNzAnM\/+LbSFi4314Hj++75g1twUYhGyDjQ0GnVViHtNV+PwcZxvs21VfmwHTlHl20fc9YfbDQNoFx4a8CPuZ48MxYBDu0htgYO5rq9qlW33fq7G0HX\/D2O9BksJdGuso3E0QbVNWR0Kvz2Ywwkui8Nq1a1\/+tnkCd52kDBBEyVgzbTYMgwqv5\/1dkotm+\/F6x9g66yDcLoILLt8TjmGf5TEUvlcMxH2si3DLKhFBQWyNEHNi9Ik2kZ35W0S1+bdEzXfu3KkiMgY726zMTJdt9eEIPjMkxJ3t64NtQBRCe\/EpQ+TLPvMBQuXrvYDvQwnVPU0k3CI4f\/31VxXdEs10iTaY5BTRchu8noY+eM22EkKEm5MZW8Ym7ub9XSoZxGdWo\/CxcAzNAOyDEnMOEm4RFE4oolXXiMgIbVeSqU\/8wbzeJszGN3eJuMVnuo7JUPheYINNhZyDz+3KBQm3CE5fAnAVH5GdOZmbS9mbmAjNFpGLr\/Fdz03ykVnYmMgbq8W0VSgRCbdIDps3bTBi2xV5I9wIgi3iNpG2T6913WF\/kwT0CYP0q1evKivNBY4pCT2zQrdUJNwiKRAHSu+6xNuIcd8Umd\/jhbeJ971796qf6sMxjBD7i2OOlcbiLKp9EHMzQCDUPEbYsUUQeZKbLnbZWkM54Bg2Nzf\/\/e6776y3X3\/9tf5L0Qf7qm0fmlvMfWk7rrH48OFD9f\/YjjbOnTvX+fsmn8S5+lteY3j8+PGXz3jkyJH62bDwv1ZvOj\/EFBRxiyV8VQ6MBT+cig9qbSkjpDyQ+0TNLIShhA97wyxJ78JE5LyW2u7vv\/++am7F+\/E5KU0UIkck3MKJmNUX1Esj3tRzs1qPRROmmyDPu6x4BKbT9EXBLkHwd+7cWb2eKblLaaIPbIs9hJiChFssYRNEW5IvFIg3VxhBYM2NKgKeHyK4VB0g1rz25cuX1euHVrlMwbbfSk6sielIuMUSNqsEyyJ26RwCzfaY2xixwy5BrOcQSvaXSYKuoqSomIKEWyxBNNpW8kWlx9wXO8gNluVj06zCIFR8VYSYhIRbfIWteRONsFzbqpYO+8nWSKnURSPCH8G6Awp\/zNFJjj7Wtt7Hc3a2y4Gu7ndUxOC1z0lXtzoRnzGdNxVxi1bwhW0QeSPsRJV9qxxLgf2AlcR+6WpZWloXOxEGRdwZMFeEO6Rvsi2pWQKu50EqMxVF3GkxJuKWcGfAnCe8uSiBmIbrRRtiIOFOC1klwjuIjWsDINEOdeSySIRPFHFnQApTbLNsvK28TbRDIpJcQV8zrFVGnpKiIBRxCycQHzqzMYioFWo37B+63LE0f6hoC+GCIu4MSCWp1YTeJVykgJ+2ssGSYGUmgs2KyKmrNBVxiz5GCzcnrK4eEgcEIWZ\/DTEvEm7Rx2jhFkKEQaek6EMetxBCZIaEWwghMkPCLYQQmSHhFkKIzJBwCyFEZki4hRAiMyTcQgiRGRJuIYTIDAm3EEJkxWLxH3v66xXmQS6eAAAAAElFTkSuQmCC' alt='' \/><\/p>\n<p style='text-align: center;'>\n<p style='text-align: center;'>\n","protected":false},"excerpt":{"rendered":"<p>Taladro Rotomartillo de 710W ,110 Vca con broquero de 1\/2 pulgada.<\/p>\n","protected":false},"featured_media":82284,"comment_status":"open","ping_status":"closed","template":"","meta":[],"product_brand":[],"product_cat":[130],"product_tag":[132,25,131],"class_list":{"0":"post-82285","1":"product","2":"type-product","3":"status-publish","4":"has-post-thumbnail","6":"product_cat-herramientas-electricas","7":"product_tag-dongcheng","8":"product_tag-herramientas","9":"product_tag-herramientas-electricas","11":"first","12":"instock","13":"sale","14":"shipping-taxable","15":"purchasable","16":"product-type-simple"},"_links":{"self":[{"href":"https:\/\/soydeaqui.ddns.net\/pachuca\/index.php\/wp-json\/wp\/v2\/product\/82285","targetHints":{"allow":["GET"]}}],"collection":[{"href":"https:\/\/soydeaqui.ddns.net\/pachuca\/index.php\/wp-json\/wp\/v2\/product"}],"about":[{"href":"https:\/\/soydeaqui.ddns.net\/pachuca\/index.php\/wp-json\/wp\/v2\/types\/product"}],"replies":[{"embeddable":true,"href":"https:\/\/soydeaqui.ddns.net\/pachuca\/index.php\/wp-json\/wp\/v2\/comments?post=82285"}],"wp:featuredmedia":[{"embeddable":true,"href":"https:\/\/soydeaqui.ddns.net\/pachuca\/index.php\/wp-json\/wp\/v2\/media\/82284"}],"wp:attachment":[{"href":"https:\/\/soydeaqui.ddns.net\/pachuca\/index.php\/wp-json\/wp\/v2\/media?parent=82285"}],"wp:term":[{"taxonomy":"product_brand","embeddable":true,"href":"https:\/\/soydeaqui.ddns.net\/pachuca\/index.php\/wp-json\/wp\/v2\/product_brand?post=82285"},{"taxonomy":"product_cat","embeddable":true,"href":"https:\/\/soydeaqui.ddns.net\/pachuca\/index.php\/wp-json\/wp\/v2\/product_cat?post=82285"},{"taxonomy":"product_tag","embeddable":true,"href":"https:\/\/soydeaqui.ddns.net\/pachuca\/index.php\/wp-json\/wp\/v2\/product_tag?post=82285"}],"curies":[{"name":"wp","href":"https:\/\/api.w.org\/{rel}","templated":true}]}}