{"id":8221,"date":"2026-03-18T07:06:13","date_gmt":"2026-03-18T07:06:13","guid":{"rendered":"https:\/\/soydeaqui.ddns.net\/pachuca\/index.php\/producto\/receptora-de-alarmas-ip-universal-con-1-entrada-de-linea-telefonica-para-su-central-de-monitoreo-recepcion-tcp-ip-o-gprs-serie-m2m-paneles-de-alarma-hikvision-entre-otros\/"},"modified":"2026-03-18T07:06:13","modified_gmt":"2026-03-18T07:06:13","slug":"receptora-de-alarmas-ip-universal-con-1-entrada-de-linea-telefonica-para-su-central-de-monitoreo-recepcion-tcp-ip-o-gprs-serie-m2m-paneles-de-alarma-hikvision-entre-otros","status":"publish","type":"product","link":"https:\/\/soydeaqui.ddns.net\/pachuca\/index.php\/producto\/receptora-de-alarmas-ip-universal-con-1-entrada-de-linea-telefonica-para-su-central-de-monitoreo-recepcion-tcp-ip-o-gprs-serie-m2m-paneles-de-alarma-hikvision-entre-otros\/","title":{"rendered":"Receptora de alarmas IP Universal con 1 entrada de linea telef\u00f3nica, para su central de monitoreo, recepci\u00f3n TCP\/IP o GPRS, serie  M2M, paneles de alarma Hikvision, entre otros."},"content":{"rendered":"<div style='width: 100%; max-width: 1200px; margin: 0 auto; font-family: sans-serif; line-height: 1.6; color: inherit; background-color: transparent;'> <!-- Bot\u00f3n de enlace --> <\/p>\n<div style='margin: 20px 0; text-align: center;'> <a style='display: inline-block; padding: 10px 20px; background-color: #007bff; color: #fff; text-decoration: none; border-radius: 4px; font-weight: bold;' href='https:\/\/www.syscom.mx\/singlepage\/security_software'>Ver Single Page<\/a> <\/div>\n<p> <!-- Secci\u00f3n de caracter\u00edsticas en tres columnas --> <\/p>\n<div style='display: flex; flex-wrap: wrap; gap: 30px; margin: 30px 0;'> <!-- Caracter\u00edsticas principales 1 --> <\/p>\n<div style='flex: 1 1 300px; min-width: 280px;'>\n<div style='border-left: 5px solid #ff9d00; border-radius: 5px; padding: 5px; box-shadow: 2px 2px 10px rgba(216&comma; 216&comma; 216&comma; 0.5);'>\n<h3 style='font-size: 18px; margin-top: 0; color: inherit; opacity: 0.8;'>Caracter\u00edsticas principales:<\/h3>\n<ul style='padding-left: 20px; font-size: 15px; color: inherit;'>\n<li style='margin-bottom: 5px;'>Base de datos interna para 4000 cuentas<\/li>\n<li style='margin-bottom: 5px;'>Interfaz acceso web<\/li>\n<li style='margin-bottom: 5px;'>Recibe eventos IP\/GPRS y l\u00ednea telef\u00f3nica (1 entrada)<\/li>\n<li style='margin-bottom: 5px;'>Ventana Web de tr\u00e1fico<\/li>\n<li style='margin-bottom: 5px;'>Comunicaci\u00f3n directa Ip con Securithor v2 software de monitoreo de alarmas y\/u otros (Consultarlo con depto. Ingenier\u00eda)<\/li>\n<li style='margin-bottom: 5px;'>Reportes personalizados a su empresa<\/li>\n<li style='margin-bottom: 5px;'>Alerta de alarma por sonido y color personalizado<\/li>\n<\/ul><\/div>\n<\/p><\/div>\n<p> <!-- Caracter\u00edsticas principales 2 --> <\/p>\n<div style='flex: 1 1 300px; min-width: 280px;'>\n<div style='border-left: 5px solid #ff9d00; border-radius: 5px; padding: 5px; box-shadow: 2px 2px 10px rgba(216&comma; 216&comma; 216&comma; 0.5);'>\n<h3 style='font-size: 18px; margin-top: 0; color: inherit; opacity: 0.8;'>Caracter\u00edsticas principales:<\/h3>\n<ul style='padding-left: 20px; font-size: 15px; color: inherit;'>\n<li style='margin-bottom: 5px;'>Sistema Operativo Linux<\/li>\n<li style='margin-bottom: 5px;'>Dise\u00f1o compacto 160x120x40 mm<\/li>\n<li style='margin-bottom: 5px;'>Racqueable 1U de rack<\/li>\n<li style='margin-bottom: 5px;'>Entrada serial para conectar una receptora convencional<\/li>\n<li style='margin-bottom: 5px;'>Recepci\u00f3n de multi protocolos y marcas IP en paneles de alarma (Consultar al depto. de Ingenier\u00eda)<\/li>\n<\/ul><\/div>\n<\/p><\/div>\n<p> <!-- Caracter\u00edsticas destacadas --> <\/p>\n<div style='flex: 1 1 300px; min-width: 280px;'>\n<div style='border-left: 5px solid #ff9d00; border-radius: 5px; padding: 5px; box-shadow: 2px 2px 10px rgba(216&comma; 216&comma; 216&comma; 0.5);'>\n<h3 style='font-size: 18px; margin-top: 0; color: inherit; opacity: 0.8;'>Caracter\u00edsticas Destacadas:<\/h3>\n<ul style='padding-left: 20px; font-size: 15px; color: inherit;'>\n<li style='margin-bottom: 5px;'>Recepci\u00f3n de eventos SIA Dc-09 (Encriptaci\u00f3n hasta 256 bits)<\/li>\n<li style='margin-bottom: 5px;'>Paradox&comma; Nanocomm&comma; Nac87XX&comma; Roel<\/li>\n<li style='margin-bottom: 5px;'>Telesignal&comma; TELL&comma; Eldes<\/li>\n<li style='margin-bottom: 5px;'>Paneles IP Hikvision&comma; PIMA y M2M<\/li>\n<li style='margin-bottom: 5px;'>DCHP activado para tomar IP en su red LAN<\/li>\n<li style='margin-bottom: 5px;'>1 puerto ethernet<\/li>\n<li style='margin-bottom: 5px;'>1 Entrada de linea telef\u00f3nica<\/li>\n<li style='margin-bottom: 5px;'>Alimentaci\u00f3n 5Vcc 2A (ya incluye la fuentes de alimentaci\u00f3n P5DC2A)<\/li>\n<\/ul>\n<div style='margin-top: 15px; font-size: 14px; font-style: italic; color: inherit;'> <strong>Nota:<\/strong> Asegurar que el suministro de energ\u00eda el\u00e9ctrica sea estable y no se cuente con variaciones constante en el mismo ya que puede llegar a da\u00f1ar el equipo. Es recomendable utilizar un respaldo de energ\u00eda para proteger el equipo y mantener el servicio en caso de fallas de suministro el\u00e9ctrico. <\/div>\n<\/p><\/div>\n<\/p><\/div>\n<\/p><\/div>\n<p> <!-- T\u00edtulo y imagen responsiva --> <\/p>\n<div style='text-align: center; margin: 30px 0;'>\n<h1 style='font-size: 24px; font-weight: 800; margin: 0; color: inherit; font-family: 'Lato'&comma; sans-serif;'>Receptora H\u00edbrida IP\/GSM<\/h1>\n<h4 style='font-size: 18px; margin: 5px 0 0; color: inherit; font-family: 'Lato'&comma; sans-serif;'>Celular y L\u00ednea Telef\u00f3nica<\/h4>\n<div style='margin-top: 15px;'> <img style='width: 90%; max-width: 500px; height: auto; border: 1px solid rgba(150&comma;150&comma;150&comma;0.3); border-radius: 8px;' src='https:\/\/ftp3.syscom.mx\/usuarios\/ftp\/single_page\/MCDISECURITYPRODUCTS\/imagen1.png' alt='Receptora H\u00edbrida IP\/GSM'> <\/div>\n<\/p><\/div>\n<p> <!-- Imagen adicional --> <\/p>\n<div style='text-align: center; margin: 30px 0;'> <img style='width: 80%; max-width: 700px; height: auto; border: 1px solid rgba(150&comma;150&comma;150&comma;0.3); border-radius: 8px;' src='https:\/\/ftp3.syscom.mx\/usuarios\/ftp\/single_page\/MCDISECURITYPRODUCTS\/imagen2.jpg' alt='Diagrama de conexi\u00f3n'> <\/div>\n<p> <!-- Texto adicional --> <\/p>\n<div style='margin: 20px 0; font-size: 14px; color: inherit;'>\n<p style='text-align: center; margin: 10px 0; color: inherit;'>Para aquellos softwares de monitoreo que no cuentan con el protocolo Surgard en IP&comma; tipo customizados o desarrollos propios consultar con ingenier\u00eda.<\/p>\n<p style='text-align: center; margin: 10px 0; color: inherit;'>Contacte MCDI o el departamento de ingenier\u00eda ver dem\u00e1s compatibilidades.<\/p>\n<\/p><\/div>\n<p> <!-- Videos de YouTube --> <\/p>\n<div style='margin: 30px 0;'>\n<div style='position: relative; padding-bottom: 56.25%; height: 0; overflow: hidden; margin-bottom: 30px;'>   <\/div>\n<div style='position: relative; padding-bottom: 56.25%; height: 0; overflow: hidden;'>   <\/div>\n<\/p><\/div>\n<p> <!-- Separador final --> <\/p>\n<hr style='border: 0; border-top: 1px solid rgba(150&comma; 150&comma; 150&comma; 0.3); margin: 30px 0;'> <\/div>\n","protected":false},"excerpt":{"rendered":"<p>Receptora de alarmas IP Universal con 1 entrada de linea telef\u00f3nica, para su central de monitoreo, recepci\u00f3n TCP\/IP o GPRS, serie  M2M, paneles de alarma Hikvision, entre otros.<\/p>\n","protected":false},"featured_media":8220,"comment_status":"open","ping_status":"closed","template":"","meta":[],"product_brand":[],"product_cat":[39],"product_tag":[40,41,165,164],"class_list":{"0":"post-8221","1":"product","2":"type-product","3":"status-publish","4":"has-post-thumbnail","6":"product_cat-centrales-de-monitoreo-de-alarmas","7":"product_tag-centrales-de-monitoreo","8":"product_tag-centrales-de-monitoreo-de-alarmas","9":"product_tag-inc","10":"product_tag-mcdi-security-products","12":"first","13":"outofstock","14":"sale","15":"shipping-taxable","16":"purchasable","17":"product-type-simple"},"_links":{"self":[{"href":"https:\/\/soydeaqui.ddns.net\/pachuca\/index.php\/wp-json\/wp\/v2\/product\/8221","targetHints":{"allow":["GET"]}}],"collection":[{"href":"https:\/\/soydeaqui.ddns.net\/pachuca\/index.php\/wp-json\/wp\/v2\/product"}],"about":[{"href":"https:\/\/soydeaqui.ddns.net\/pachuca\/index.php\/wp-json\/wp\/v2\/types\/product"}],"replies":[{"embeddable":true,"href":"https:\/\/soydeaqui.ddns.net\/pachuca\/index.php\/wp-json\/wp\/v2\/comments?post=8221"}],"wp:featuredmedia":[{"embeddable":true,"href":"https:\/\/soydeaqui.ddns.net\/pachuca\/index.php\/wp-json\/wp\/v2\/media\/8220"}],"wp:attachment":[{"href":"https:\/\/soydeaqui.ddns.net\/pachuca\/index.php\/wp-json\/wp\/v2\/media?parent=8221"}],"wp:term":[{"taxonomy":"product_brand","embeddable":true,"href":"https:\/\/soydeaqui.ddns.net\/pachuca\/index.php\/wp-json\/wp\/v2\/product_brand?post=8221"},{"taxonomy":"product_cat","embeddable":true,"href":"https:\/\/soydeaqui.ddns.net\/pachuca\/index.php\/wp-json\/wp\/v2\/product_cat?post=8221"},{"taxonomy":"product_tag","embeddable":true,"href":"https:\/\/soydeaqui.ddns.net\/pachuca\/index.php\/wp-json\/wp\/v2\/product_tag?post=8221"}],"curies":[{"name":"wp","href":"https:\/\/api.w.org\/{rel}","templated":true}]}}