{"id":82195,"date":"2026-03-19T19:16:08","date_gmt":"2026-03-19T19:16:08","guid":{"rendered":"https:\/\/soydeaqui.ddns.net\/pachuca\/index.php\/producto\/adaptador-de-telefonos-analogicos-ata-2-puertos-fxs-conectar-telefono-analogo-soporta-2-perfiles-sip-ethernet-10-100mbps-seguridad-tls-y-srtp-conferencia-de-voz-3-vias\/"},"modified":"2026-03-19T19:16:15","modified_gmt":"2026-03-19T19:16:15","slug":"adaptador-de-telefonos-analogicos-ata-2-puertos-fxs-conectar-telefono-analogo-soporta-2-perfiles-sip-ethernet-10-100mbps-seguridad-tls-y-srtp-conferencia-de-voz-3-vias","status":"publish","type":"product","link":"https:\/\/soydeaqui.ddns.net\/pachuca\/index.php\/producto\/adaptador-de-telefonos-analogicos-ata-2-puertos-fxs-conectar-telefono-analogo-soporta-2-perfiles-sip-ethernet-10-100mbps-seguridad-tls-y-srtp-conferencia-de-voz-3-vias\/","title":{"rendered":"Adaptador de Tel\u00e9fonos Anal\u00f3gicos ATA \/ 2 Puertos FXS (Conectar Tel\u00e9fono An\u00e1logo) \/ Soporta 2 Perfiles SIP \/ Ethernet 10\/100Mbps \/ Seguridad TLS y SRTP \/ Conferencia de Voz 3 V\u00edas \/"},"content":{"rendered":"<div style='width: 100%; max-width: 1200px; margin: 0 auto; font-family: sans-serif; line-height: 1.6; color: inherit; background-color: transparent;'>\n<div style='margin-bottom: 30px;'>\n<p style='font-size: 18px; line-height: 1.6; margin: 0; color: inherit;'>El HT802 V2 es un adaptador de tel\u00e9fonos anal\u00f3gicos de 2 puertos dise\u00f1ado para crear soluciones de telefon\u00eda IP de alta calidad tanto en entornos residenciales como de oficina. Proporciona una funcionalidad de VoIP avanzada&comma; calidad de voz superior y opciones de aprovisionamiento autom\u00e1tico&comma; permitiendo a los usuarios y proveedores de servicios utilizar VoIP en tel\u00e9fonos anal\u00f3gicos con facilidad.<\/p>\n<\/div>\n<div style='margin-bottom: 30px;'>\n<h2 style='font-size: 24px; font-weight: 600; margin: 0 0 20px 0; color: inherit; border-bottom: 2px solid currentColor; padding-bottom: 5px; opacity: 0.9;'>Caracter\u00edsticas Principales<\/h2>\n<div style='display: flex; flex-wrap: wrap; gap: 20px;'>\n<div style='flex: 1 1 280px; min-width: 280px; background-color: rgba(150&comma;150&comma;150&comma;0.05); border: 1px solid rgba(150&comma;150&comma;150&comma;0.2); border-radius: 8px; overflow: hidden;'>\n<div style='padding: 15px; color: inherit;'>\n<ul style='padding-left: 20px; margin: 0; font-size: 14px; list-style-type: disc;'>\n<li style='margin-bottom: 5px;'>Soporte para 2 perfiles SIP a trav\u00e9s de 2 puertos FXS (Conectar Tel\u00e9fono An\u00e1logo).<\/li>\n<li style='margin-bottom: 5px;'>Un puerto Ethernet 10\/100Mbps con auto detecci\u00f3n.<\/li>\n<li style='margin-bottom: 5px;'>Tecnolog\u00eda de cifrado de seguridad TLS y SRTP para protecci\u00f3n de llamadas y cuentas.<\/li>\n<li style='margin-bottom: 5px;'>Aprovisionamiento autom\u00e1tico mediante TR-069 y archivos de configuraci\u00f3n XML.<\/li>\n<li style='margin-bottom: 5px;'>Conferencia de voz de 3 v\u00edas.<\/li>\n<li style='margin-bottom: 5px;'>Soporte de Fax T.38 para Fax-over-IP.<\/li>\n<li style='margin-bottom: 5px;'>Compatibilidad con una amplia gama de formatos de identificaci\u00f3n de llamadas.<\/li>\n<li style='margin-bottom: 5px;'>Uso con la serie UCM de IP PBXs de Grandstream para aprovisionamiento sin configuraci\u00f3n.<\/li>\n<li style='margin-bottom: 5px;'>Funciones avanzadas de telefon\u00eda: transferencia&comma; desv\u00edo&comma; no molestar y m\u00e1s.<\/li>\n<\/ul>\n<\/div>\n<\/div>\n<\/div>\n<\/div>\n<\/div>\n<div style='margin-bottom: 30px;'>\n<h2 style='font-size: 24px; font-weight: 600; margin: 0 0 20px 0; color: inherit; border-bottom: 2px solid currentColor; padding-bottom: 5px; opacity: 0.9;'>Detalles T\u00e9cnicos<\/h2>\n<div style='display: flex; flex-wrap: wrap; gap: 20px;'>\n<div style='flex: 1 1 250px; border: 1px solid rgba(150&comma; 150&comma; 150&comma; 0.4); border-radius: 8px; overflow: hidden; display: flex; flex-direction: column;'>\n<div style='padding: 15px; border-bottom: 1px solid rgba(150&comma; 150&comma; 150&comma; 0.2); font-weight: bold; font-size: 18px; color: inherit;'>Especificaciones<\/div>\n<div style='padding: 15px; color: inherit;'>\n<ul style='padding-left: 20px; margin: 0; font-size: 14px; list-style-type: disc;'>\n<li style='margin-bottom: 5px;'><strong>Puertos FXS:<\/strong> 2<\/li>\n<li style='margin-bottom: 5px;'><strong>Ethernet:<\/strong> 1 puerto 10\/100Mbps (RJ45)<\/li>\n<li style='margin-bottom: 5px;'><strong>C\u00f3decs de Voz:<\/strong> G.711&comma; G.722&comma; G.723.1&comma; G.729A\/B&comma; G.726-32&comma; iLBC&comma; OPUS<\/li>\n<li style='margin-bottom: 5px;'><strong>Identificaci\u00f3n de llamadas soportada:<\/strong> Bellcore&comma; ETSI&comma; BT&comma; NTT&comma; CID DTMF<\/li>\n<li style='margin-bottom: 5px;'><strong>Fuente de Alimentaci\u00f3n:<\/strong> 100-240VAC&comma; 5.0VDC\/1.0A<\/li>\n<li style='margin-bottom: 5px;'><strong>Dimensiones:<\/strong> 100 mm x 100 mm x 29.5 mm<\/li>\n<li style='margin-bottom: 5px;'><strong>Peso:<\/strong> 114 g<\/li>\n<\/ul>\n<\/div>\n<\/div>\n<\/div>\n<div style='flex: 1 1 250px; border: 1px solid rgba(150&comma; 150&comma; 150&comma; 0.4); border-radius: 8px; overflow: hidden; display: flex; flex-direction: column;'>\n<div style='padding: 15px; border-bottom: 1px solid rgba(150&comma; 150&comma; 150&comma; 0.2); font-weight: bold; font-size: 18px; color: inherit;'>Interfaces y Conectividad<\/div>\n<div style='padding: 15px; color: inherit;'>\n<ul style='padding-left: 20px; margin: 0; font-size: 14px; list-style-type: disc;'>\n<li style='margin-bottom: 5px;'><strong>Protocolo de Red:<\/strong> TCP\/IP\/UDP&comma; RTP\/RTC&comma; SIP&comma; SRTP&comma; SNMP<\/li>\n<li style='margin-bottom: 5px;'><strong>Seguridad:<\/strong> TLS\/SIPS\/HTTPS<\/li>\n<li style='margin-bottom: 5px;'><strong>M\u00e9todo de DTMF:<\/strong> Audio de entrada&comma; RFC2833&comma; SIP INFO<\/li>\n<li style='margin-bottom: 5px;'><strong>Aprovisionamiento:<\/strong> HTTP&comma; HTTPS&comma; SSH&comma; TR-069<\/li>\n<li style='margin-bottom: 5px;'><strong>Gesti\u00f3n:<\/strong> Syslog&comma; SSH&comma; gesti\u00f3n remota por navegador<\/li>\n<\/ul>\n<\/div>\n<\/div>\n<\/div>\n<\/div>\n<\/div>\n<div style='margin-bottom: 30px;'>\n<h2 style='font-size: 24px; font-weight: 600; margin: 0 0 20px 0; color: inherit; border-bottom: 2px solid currentColor; padding-bottom: 5px; opacity: 0.9;'>Aplicaciones y Casos de Uso<\/h2>\n<div style='display: flex; flex-wrap: wrap; gap: 20px;'>\n<div style='flex: 1 1 280px; min-width: 280px; background-color: rgba(150&comma;150&comma;150&comma;0.05); border: 1px solid rgba(150&comma;150&comma;150&comma;0.2); border-radius: 8px; overflow: hidden;'>\n<div style='padding: 15px; color: inherit;'>\n<ul style='padding-left: 20px; margin: 0; font-size: 14px; list-style-type: disc;'>\n<li style='margin-bottom: 5px;'>Implementaciones residenciales para conexi\u00f3n de tel\u00e9fonos anal\u00f3gicos a redes IP.<\/li>\n<li style='margin-bottom: 5px;'>Configuraciones de oficinas peque\u00f1as para aprovechar funcionalidades de VoIP.<\/li>\n<li style='margin-bottom: 5px;'>Implementaciones comerciales a gran escala con gesti\u00f3n remota y seguridad avanzada.<\/li>\n<\/ul>\n<\/div>\n<\/div>\n<\/div>\n<\/div>\n<\/div>\n<\/div>\n","protected":false},"excerpt":{"rendered":"<p>Adaptador de Tel\u00e9fonos Anal\u00f3gicos ATA \/ 2 Puertos FXS (Conectar Tel\u00e9fono An\u00e1logo) \/ Soporta 2 Perfiles SIP \/ Ethernet 10\/100Mbps \/ Seguridad TLS y SRTP \/ Conferencia de Voz 3 V\u00edas \/<\/p>\n","protected":false},"featured_media":82194,"comment_status":"open","ping_status":"closed","template":"","meta":[],"product_brand":[],"product_cat":[2040],"product_tag":[93,909,2004],"class_list":{"0":"post-82195","1":"product","2":"type-product","3":"status-publish","4":"has-post-thumbnail","6":"product_cat-accesorios-voip-telefonia-ip-videoconferencia","7":"product_tag-accesorios","8":"product_tag-grandstream","9":"product_tag-voip-telefonia-ip-videoconferencia","11":"first","12":"outofstock","13":"sale","14":"shipping-taxable","15":"purchasable","16":"product-type-simple"},"_links":{"self":[{"href":"https:\/\/soydeaqui.ddns.net\/pachuca\/index.php\/wp-json\/wp\/v2\/product\/82195","targetHints":{"allow":["GET"]}}],"collection":[{"href":"https:\/\/soydeaqui.ddns.net\/pachuca\/index.php\/wp-json\/wp\/v2\/product"}],"about":[{"href":"https:\/\/soydeaqui.ddns.net\/pachuca\/index.php\/wp-json\/wp\/v2\/types\/product"}],"replies":[{"embeddable":true,"href":"https:\/\/soydeaqui.ddns.net\/pachuca\/index.php\/wp-json\/wp\/v2\/comments?post=82195"}],"wp:featuredmedia":[{"embeddable":true,"href":"https:\/\/soydeaqui.ddns.net\/pachuca\/index.php\/wp-json\/wp\/v2\/media\/82194"}],"wp:attachment":[{"href":"https:\/\/soydeaqui.ddns.net\/pachuca\/index.php\/wp-json\/wp\/v2\/media?parent=82195"}],"wp:term":[{"taxonomy":"product_brand","embeddable":true,"href":"https:\/\/soydeaqui.ddns.net\/pachuca\/index.php\/wp-json\/wp\/v2\/product_brand?post=82195"},{"taxonomy":"product_cat","embeddable":true,"href":"https:\/\/soydeaqui.ddns.net\/pachuca\/index.php\/wp-json\/wp\/v2\/product_cat?post=82195"},{"taxonomy":"product_tag","embeddable":true,"href":"https:\/\/soydeaqui.ddns.net\/pachuca\/index.php\/wp-json\/wp\/v2\/product_tag?post=82195"}],"curies":[{"name":"wp","href":"https:\/\/api.w.org\/{rel}","templated":true}]}}