{"id":82191,"date":"2026-03-19T19:15:58","date_gmt":"2026-03-19T19:15:58","guid":{"rendered":"https:\/\/soydeaqui.ddns.net\/pachuca\/index.php\/producto\/adaptador-de-telefono-analogico-ht801-v2-1-puerto-fxs-conectar-telefono-analogo-voip-avanzado-seguridad-tls-y-srtp-soporte-fax-t-38-compatibilidad-con-serie-ucm\/"},"modified":"2026-03-19T19:16:05","modified_gmt":"2026-03-19T19:16:05","slug":"adaptador-de-telefono-analogico-ht801-v2-1-puerto-fxs-conectar-telefono-analogo-voip-avanzado-seguridad-tls-y-srtp-soporte-fax-t-38-compatibilidad-con-serie-ucm","status":"publish","type":"product","link":"https:\/\/soydeaqui.ddns.net\/pachuca\/index.php\/producto\/adaptador-de-telefono-analogico-ht801-v2-1-puerto-fxs-conectar-telefono-analogo-voip-avanzado-seguridad-tls-y-srtp-soporte-fax-t-38-compatibilidad-con-serie-ucm\/","title":{"rendered":"Adaptador de Tel\u00e9fono Anal\u00f3gico HT801 V2 \/ 1 Puerto FXS (Conectar Tel\u00e9fono An\u00e1logo) \/ VoIP Avanzado \/ Seguridad TLS y SRTP \/ Soporte Fax T.38 \/ Compatibilidad con Serie UCM \/"},"content":{"rendered":"<div style='width: 100%; max-width: 1200px; margin: 0 auto; font-family: sans-serif; line-height: 1.6; color: inherit; background-color: transparent;'>\n<div style='margin-bottom: 30px;'>\n<p style='font-size: 18px; line-height: 1.6; margin: 0;'>El HT801 V2 es un adaptador de tel\u00e9fono anal\u00f3gico (ATA) de un \u00fanico puerto dise\u00f1ado para proporcionar una soluci\u00f3n de telefon\u00eda IP de alta calidad y f\u00e1cilmente manejable&comma; adecuada para entornos residenciales y de oficina. Aprovechando su tama\u00f1o compacto&comma; avanzada funcionalidad VoIP y s\u00f3lidas medidas de seguridad&comma; es ideal para usuarios individuales y despliegues comerciales de voz IP.<\/p>\n<\/p><\/div>\n<div style='margin-bottom: 30px;'>\n<h2 style='font-size: 24px; font-weight: 600; margin: 0 0 20px 0; padding: 0; color: inherit;'>Caracter\u00edsticas Principales<\/h2>\n<div style='display: flex; flex-wrap: wrap; gap: 20px;'>\n<div style='flex: 1 1 300px; min-width: 280px;'>\n<ul style='padding-left: 20px; font-size: 15px; color: inherit; list-style-type: disc;'>\n<li style='margin-bottom: 8px;'>Tama\u00f1o ultra compacto para instalaciones discretas.<\/li>\n<li style='margin-bottom: 8px;'>Calidad de voz superior a trav\u00e9s de c\u00f3decs avanzados y cancelaci\u00f3n de eco.<\/li>\n<li style='margin-bottom: 8px;'>Opciones de aprovisionamiento autom\u00e1tico para una implementaci\u00f3n sencilla.<\/li>\n<li style='margin-bottom: 8px;'>Capacidades de seguridad mejoradas mediante TLS y SRTP.<\/li>\n<li style='margin-bottom: 8px;'>Compatible con conferencia de voz de 3 v\u00edas y fax T.38.<\/li>\n<li style='margin-bottom: 8px;'>Versatilidad en el aprovisionamiento cuando se utiliza con IP PBX de la serie UCM.<\/li>\n<\/ul><\/div>\n<\/p><\/div>\n<\/p><\/div>\n<div style='margin-bottom: 30px;'>\n<h2 style='font-size: 24px; font-weight: 600; margin: 0 0 20px 0; padding: 0; color: inherit;'>Detalles T\u00e9cnicos<\/h2>\n<div style='display: flex; flex-wrap: wrap; gap: 20px;'>\n<div style='flex: 1 1 45%; min-width: 280px; border: 1px solid rgba(150&comma; 150&comma; 150&comma; 0.4); border-radius: 8px; overflow: hidden; display: flex; flex-direction: column;'>\n<div style='padding: 15px; border-bottom: 1px solid rgba(150&comma; 150&comma; 150&comma; 0.2); font-weight: bold; font-size: 18px; color: inherit;'>Especificaciones<\/div>\n<div style='padding: 15px; color: inherit;'>\n<ul style='padding-left: 20px; margin: 0; font-size: 14px; list-style-type: disc;'>\n<li style='margin-bottom: 5px;'>Un puerto FXS (Conectar Tel\u00e9fono An\u00e1logo) y un puerto de red (RJ45) ethernet de 10\/100Mbps.<\/li>\n<li style='margin-bottom: 5px;'>Soporta un perfil SIP.<\/li>\n<li style='margin-bottom: 5px;'>Funci\u00f3n de tolerancia a fallos en el servidor SIP.<\/li>\n<li style='margin-bottom: 5px;'>Compatible con c\u00f3decs de voz G.711&comma; G.722&comma; G.723.1&comma; G.729A\/B&comma; G.726-32&comma; iLBC&comma; OPUS.<\/li>\n<li style='margin-bottom: 5px;'>Hasta 5 REN en distancias de 1 km sobre cables de 24 AWG.<\/li>\n<li style='margin-bottom: 5px;'>Compatibilidad con identificadores de llamada Bellcore Tipo 1 y 2&comma; ETSI&comma; BT&comma; NTT y basados en DTMF.<\/li>\n<li style='margin-bottom: 5px;'>Fuente de alimentaci\u00f3n universal: Entrada 100-240VAC&comma; Salida 5.0VDC\/1.0A.<\/li>\n<\/ul><\/div>\n<\/p><\/div>\n<div style='flex: 1 1 45%; min-width: 280px; border: 1px solid rgba(150&comma; 150&comma; 150&comma; 0.4); border-radius: 8px; overflow: hidden; display: flex; flex-direction: column;'>\n<div style='padding: 15px; border-bottom: 1px solid rgba(150&comma; 150&comma; 150&comma; 0.2); font-weight: bold; font-size: 18px; color: inherit;'>Interfaces y Conectividad<\/div>\n<div style='padding: 15px; color: inherit;'>\n<ul style='padding-left: 20px; margin: 0; font-size: 14px; list-style-type: disc;'>\n<li style='margin-bottom: 5px;'>Un puerto FXS para conexi\u00f3n de tel\u00e9fono anal\u00f3gico.<\/li>\n<li style='margin-bottom: 5px;'>Un puerto de red Ethernet (RJ45) con autonegociaci\u00f3n 10\/100Mbps.<\/li>\n<li style='margin-bottom: 5px;'>Se\u00f1alizaci\u00f3n basada en protocolos como SIP&comma; SRTP y TR-069.<\/li>\n<li style='margin-bottom: 5px;'>Opciones de aprovisionamiento seguro utilizando cifrado AES.<\/li>\n<li style='margin-bottom: 5px;'>Compatibilidad con DTMF por audio&comma; RFC2833 y\/o SIP INFO.<\/li>\n<\/ul><\/div>\n<\/p><\/div>\n<\/p><\/div>\n<\/p><\/div>\n<div style='margin-bottom: 30px;'>\n<h2 style='font-size: 24px; font-weight: 600; margin: 0 0 20px 0; padding: 0; color: inherit;'>Aplicaciones y Casos de Uso<\/h2>\n<div style='display: flex; flex-wrap: wrap; gap: 20px;'>\n<div style='flex: 1 1 30%; min-width: 280px; border: 1px solid rgba(150&comma; 150&comma; 150&comma; 0.4); border-radius: 8px; overflow: hidden; display: flex; flex-direction: column;'>\n<div style='padding: 15px; border-bottom: 1px solid rgba(150&comma; 150&comma; 150&comma; 0.2); font-weight: bold; font-size: 18px; color: inherit;'>Entornos Residenciales<\/div>\n<div style='padding: 15px; color: inherit;'>\n<p style='margin: 0;'>Convierta los tel\u00e9fonos anal\u00f3gicos tradicionales en dispositivos VoIP&comma; mejorando la calidad de las llamadas y reduciendo costos de comunicaci\u00f3n.<\/p>\n<\/p><\/div>\n<\/p><\/div>\n<div style='flex: 1 1 30%; min-width: 280px; border: 1px solid rgba(150&comma; 150&comma; 150&comma; 0.4); border-radius: 8px; overflow: hidden; display: flex; flex-direction: column;'>\n<div style='padding: 15px; border-bottom: 1px solid rgba(150&comma; 150&comma; 150&comma; 0.2); font-weight: bold; font-size: 18px; color: inherit;'>Despliegues Comerciales<\/div>\n<div style='padding: 15px; color: inherit;'>\n<p style='margin: 0;'>Implementaciones en oficinas peque\u00f1as y mediadas que requieren soluciones de voz IP confiables y escalables.<\/p>\n<\/p><\/div>\n<\/p><\/div>\n<div style='flex: 1 1 30%; min-width: 280px; border: 1px solid rgba(150&comma; 150&comma; 150&comma; 0.4); border-radius: 8px; overflow: hidden; display: flex; flex-direction: column;'>\n<div style='padding: 15px; border-bottom: 1px solid rgba(150&comma; 150&comma; 150&comma; 0.2); font-weight: bold; font-size: 18px; color: inherit;'>Proveedores de Servicios<\/div>\n<div style='padding: 15px; color: inherit;'>\n<p style='margin: 0;'>Permite a los proveedores ofrecer servicios VoIP de calidad sin comprometer la seguridad ni la calidad de servicio.<\/p>\n<\/p><\/div>\n<\/p><\/div>\n<\/p><\/div>\n<\/p><\/div>\n<\/p><\/div>\n","protected":false},"excerpt":{"rendered":"<p>Adaptador de Tel\u00e9fono Anal\u00f3gico HT801 V2 \/ 1 Puerto FXS (Conectar Tel\u00e9fono An\u00e1logo) \/ VoIP Avanzado \/ Seguridad TLS y SRTP \/ Soporte Fax T.38 \/ Compatibilidad con Serie UCM \/<\/p>\n","protected":false},"featured_media":82190,"comment_status":"open","ping_status":"closed","template":"","meta":[],"product_brand":[],"product_cat":[2040],"product_tag":[93,909,2004],"class_list":{"0":"post-82191","1":"product","2":"type-product","3":"status-publish","4":"has-post-thumbnail","6":"product_cat-accesorios-voip-telefonia-ip-videoconferencia","7":"product_tag-accesorios","8":"product_tag-grandstream","9":"product_tag-voip-telefonia-ip-videoconferencia","11":"first","12":"instock","13":"sale","14":"shipping-taxable","15":"purchasable","16":"product-type-simple"},"_links":{"self":[{"href":"https:\/\/soydeaqui.ddns.net\/pachuca\/index.php\/wp-json\/wp\/v2\/product\/82191","targetHints":{"allow":["GET"]}}],"collection":[{"href":"https:\/\/soydeaqui.ddns.net\/pachuca\/index.php\/wp-json\/wp\/v2\/product"}],"about":[{"href":"https:\/\/soydeaqui.ddns.net\/pachuca\/index.php\/wp-json\/wp\/v2\/types\/product"}],"replies":[{"embeddable":true,"href":"https:\/\/soydeaqui.ddns.net\/pachuca\/index.php\/wp-json\/wp\/v2\/comments?post=82191"}],"wp:featuredmedia":[{"embeddable":true,"href":"https:\/\/soydeaqui.ddns.net\/pachuca\/index.php\/wp-json\/wp\/v2\/media\/82190"}],"wp:attachment":[{"href":"https:\/\/soydeaqui.ddns.net\/pachuca\/index.php\/wp-json\/wp\/v2\/media?parent=82191"}],"wp:term":[{"taxonomy":"product_brand","embeddable":true,"href":"https:\/\/soydeaqui.ddns.net\/pachuca\/index.php\/wp-json\/wp\/v2\/product_brand?post=82191"},{"taxonomy":"product_cat","embeddable":true,"href":"https:\/\/soydeaqui.ddns.net\/pachuca\/index.php\/wp-json\/wp\/v2\/product_cat?post=82191"},{"taxonomy":"product_tag","embeddable":true,"href":"https:\/\/soydeaqui.ddns.net\/pachuca\/index.php\/wp-json\/wp\/v2\/product_tag?post=82191"}],"curies":[{"name":"wp","href":"https:\/\/api.w.org\/{rel}","templated":true}]}}