{"id":82184,"date":"2026-03-19T19:15:41","date_gmt":"2026-03-19T19:15:41","guid":{"rendered":"https:\/\/soydeaqui.ddns.net\/pachuca\/index.php\/producto\/kit-3-routers-inalambrico-mesh-interior-para-hogar-doble-banda-wi-fi-7-be3600-mbps-2-puerto-2-5-gigabit-wan-lan-4-antenas-internas-operacion-multi-link-mlo-administracion-mediante-la-app-dec\/"},"modified":"2026-03-19T19:15:44","modified_gmt":"2026-03-19T19:15:44","slug":"kit-3-routers-inalambrico-mesh-interior-para-hogar-doble-banda-wi-fi-7-be3600-mbps-2-puerto-2-5-gigabit-wan-lan-4-antenas-internas-operacion-multi-link-mlo-administracion-mediante-la-app-dec","status":"publish","type":"product","link":"https:\/\/soydeaqui.ddns.net\/pachuca\/index.php\/producto\/kit-3-routers-inalambrico-mesh-interior-para-hogar-doble-banda-wi-fi-7-be3600-mbps-2-puerto-2-5-gigabit-wan-lan-4-antenas-internas-operacion-multi-link-mlo-administracion-mediante-la-app-dec\/","title":{"rendered":"KIT 3 Routers Inal\u00e1mbrico MESH Interior para Hogar \/ Doble Banda Wi-Fi 7 BE3600 Mbps \/ 2 Puerto 2.5 Gigabit WAN\/LAN \/ 4 Antenas Internas \/ Operaci\u00f3n Multi-Link MLO \/ Administraci\u00f3n Mediante la App Deco (iOS, Android) \/ HomeShield"},"content":{"rendered":"<div style='width: 100%; max-width: 1200px; margin: 0 auto; font-family: sans-serif; line-height: 1.6; color: inherit; background-color: transparent;'> <!-- Imagen principal --> <\/p>\n<div style='margin-bottom: 30px;'> <img style='width: 100%; height: auto; border: 1px solid rgba(150&comma;150&comma;150&comma;0.3); border-radius: 8px;' src='https:\/\/ftp3.syscom.mx\/usuarios\/fotos\/DECOBE25\/237082-captura_de_pantalla_2025-01-21_a_la(s)_3.00.03 p.m..png' alt=''> <\/div>\n<p> <!-- Caracter\u00edsticas Principales --> <\/p>\n<h2 style='text-align: center; font-size: 24px; margin-bottom: 20px; color: inherit; opacity: 0.9;'>Caracter\u00edsticas Principales.<\/h2>\n<p> <!-- Imagen de caracter\u00edstica --> <\/p>\n<div style='margin-bottom: 30px;'> <img style='width: 100%; height: auto; border: 1px solid rgba(150&comma;150&comma;150&comma;0.3); border-radius: 8px;' src='https:\/\/ftp3.syscom.mx\/usuarios\/fotos\/DECOBE25\/237082-captura_de_pantalla_2025-01-21_a_la(s)_3.22.10 p.m..png' alt=''> <\/div>\n<p> <!-- M\u00e1s Rendimiento --> <\/p>\n<h2 style='text-align: center; font-size: 24px; margin-bottom: 20px; color: inherit; opacity: 0.9;'>M\u00e1s Rendimiento para la Red de tu Hogar.<\/h2>\n<p> <!-- Imagen de rendimiento --> <\/p>\n<div style='margin-bottom: 30px;'> <img style='width: 100%; height: auto; border: 1px solid rgba(150&comma;150&comma;150&comma;0.3); border-radius: 8px;' src='https:\/\/ftp3.syscom.mx\/usuarios\/fotos\/DECOBE25\/237082-captura_de_pantalla_2025-01-21_a_la(s)_3.00.57 p.m..png' alt=''> <\/div>\n<p> <!-- F\u00e1cil Configuraci\u00f3n --> <\/p>\n<h2 style='text-align: center; font-size: 24px; margin-bottom: 20px; color: inherit; opacity: 0.9;'>F\u00e1cil Configuraci\u00f3n mediante la aplicaci\u00f3n<\/h2>\n<p> <!-- Imagen de configuraci\u00f3n --> <\/p>\n<div style='margin-bottom: 30px;'> <img style='width: 100%; height: auto; border: 1px solid rgba(150&comma;150&comma;150&comma;0.3); border-radius: 8px;' src='https:\/\/ftp3.syscom.mx\/usuarios\/fotos\/DECOBE25\/237082-captura_de_pantalla_2025-01-21_a_la(s)_3.05.05 p.m..png' alt=''> <\/div>\n<p> <!-- Protege tu Red --> <\/p>\n<h2 style='text-align: center; font-size: 24px; margin-bottom: 20px; color: inherit; opacity: 0.9;'>Protege tu Red y Todo lo que Hay en Ella.<\/h2>\n<p> <!-- Imagen de protecci\u00f3n --> <\/p>\n<div style='margin-bottom: 30px;'> <img style='width: 100%; height: auto; border: 1px solid rgba(150&comma;150&comma;150&comma;0.3); border-radius: 8px;' src='https:\/\/ftp3.syscom.mx\/usuarios\/fotos\/DECOBE25\/237082-captura_de_pantalla_2025-01-21_a_la(s)_3.02.33 p.m..png' alt=''> <\/div>\n<p> <!-- Se\u00f1ales m\u00e1s Potentes --> <\/p>\n<h2 style='text-align: center; font-size: 24px; margin-bottom: 20px; color: inherit; opacity: 0.9;'>Se\u00f1ales m\u00e1s Potentes con Wi-Fi 7 Mesh IA.<\/h2>\n<p> <!-- Imagen de se\u00f1ales --> <\/p>\n<div style='margin-bottom: 30px;'> <img style='width: 100%; height: auto; border: 1px solid rgba(150&comma;150&comma;150&comma;0.3); border-radius: 8px;' src='https:\/\/ftp3.syscom.mx\/usuarios\/fotos\/DECOBE25\/237082-captura_de_pantalla_2025-01-21_a_la(s)_3.23.27 p.m..png' alt=''> <\/div>\n<p> <!-- Separador --> <\/p>\n<hr style='border: 0; border-top: 1px solid rgba(150&comma; 150&comma; 150&comma; 0.3); margin: 30px 0;'> <!-- Especificaciones --> <\/p>\n<div style='margin-bottom: 30px;'>\n<div style='display: flex; flex-wrap: wrap; gap: 20px; margin-bottom: 30px;'>\n<div style='flex: 1 1 300px; min-width: 280px;'>\n<h3 style='font-size: 22px; border-bottom: 2px solid currentColor; padding-bottom: 5px; margin-top: 0; color: inherit; opacity: 0.8;'>Especificaciones<\/h3>\n<ul style='padding-left: 20px; font-size: 15px; color: inherit;'>\n<li style='margin-bottom: 5px;'><strong>Dimensiones:<\/strong> 150 x 150 x 62 mm<\/li>\n<li style='margin-bottom: 5px;'><strong>Puertos:<\/strong> (2) Puertos 2.5 Gbps&comma; Detecci\u00f3n Autom\u00e1tica WAN\/LAN<\/li>\n<li style='margin-bottom: 5px;'><strong>Modos de Operaci\u00f3n:<\/strong> Router \/ Punto de Acceso<\/li>\n<li style='margin-bottom: 5px;'><strong>Garant\u00eda:<\/strong> 2 a\u00f1os<\/li>\n<li style='margin-bottom: 5px;'><strong>Gesti\u00f3n:<\/strong> Mediante Aplicaci\u00f3n (iOS \/ Android)<\/li>\n<li style='margin-bottom: 5px;'><strong>Consumo m\u00e1x:<\/strong> 14.9 W<\/li>\n<li style='margin-bottom: 5px;'><strong>Alimentaci\u00f3n:<\/strong> 12 Vcc \/ 1.5A<\/li>\n<li style='margin-bottom: 5px;'><strong>Antenas:<\/strong> 4 Antenas Internas<\/li>\n<li style='margin-bottom: 5px;'><strong>WiFi:<\/strong> 7<\/li>\n<li style='margin-bottom: 5px;'><strong>Bot\u00f3n Reset:<\/strong> S\u00ed<\/li>\n<li style='margin-bottom: 5px;'><strong>Seguridad Inal\u00e1mbrica:<\/strong> WPA\/WPA2\/WPA3<\/li>\n<li style='margin-bottom: 5px;'><strong>Reenv\u00edo NAT:<\/strong> Reenv\u00edo de puertos \/ uPnP<\/li>\n<li style='margin-bottom: 5px;'><strong>Funciones Avanzadas:<\/strong> Multi-Link Operation (MLO)&comma; Canal de 160 MHz&comma; 4K-QAM&comma; Multi-RUs<\/li>\n<li style='margin-bottom: 5px;'><strong>Servidor\/Cliente VPN:<\/strong> OpenVPN&comma; PPTP&comma; L2TP\/IPSec<\/li>\n<li style='margin-bottom: 5px;'><strong>Tipos de conexi\u00f3n WAN:<\/strong> IP est\u00e1tica\/din\u00e1mica&comma; PPPoE&comma; PPTP&comma; L2TP<\/li>\n<li style='margin-bottom: 5px;'><strong>IPV6\/IPV4:<\/strong> Conexi\u00f3n WAN<\/li>\n<li style='margin-bottom: 5px;'><strong>IPTV:<\/strong> Proxy IGMP \/ IGMP Snooping \/ Bridge \/ Tag VLAN<\/li>\n<li style='margin-bottom: 5px;'><strong>Temperatura de operaci\u00f3n:<\/strong> 0 a 40\u00b0 C<\/li>\n<li style='margin-bottom: 5px;'><strong>Certificaciones:<\/strong> CE&comma; FCC&comma; RoHS<\/li>\n<\/ul><\/div>\n<div style='flex: 1 1 300px; min-width: 280px;'>\n<h3 style='font-size: 22px; border-bottom: 2px solid currentColor; padding-bottom: 5px; margin-top: 0; color: inherit; opacity: 0.8;'>Caracter\u00edsticas<\/h3>\n<ul style='padding-left: 20px; font-size: 15px; color: inherit;'>\n<li style='margin-bottom: 5px;'><strong>WiFi:<\/strong> Tecnolog\u00eda Mesh TP-Link (Solo Compatible con Decos)&comma; MU-MIMO 2X2&comma; OFDMA&comma; 4 Streams<\/li>\n<li style='margin-bottom: 5px;'><strong>Seguridad:<\/strong> Seguridad de la red&comma; Calidad de Servicio&comma; Controles Parentales&comma; Informes Completos<\/li>\n<li style='margin-bottom: 5px;'><strong>Control Parental:<\/strong> Perfiles de Usuario por edad&comma; Bloqueo de aplicaciones&comma; Filtrado web&comma; Busqueda segura<\/li>\n<li style='margin-bottom: 5px;'><strong>Potencia de Transmisi\u00f3n WiFi:<\/strong> CE: <20 dBm (2&comma;4 GHz) \/ <23 dBm (5 GHz) \/ <23 dBm (6 GHz)&comma; FCC:<30 dBm (2&comma;4 GHz) \/ <30 dBm (5 GHz) \/ <30 dBm (6 GHz)<\/li>\n<\/ul><\/div>\n<\/p><\/div>\n<\/p><\/div>\n<p> <!-- Contenido del Paquete --> <\/p>\n<div style='margin-bottom: 30px;'>\n<h3 style='font-size: 22px; border-bottom: 2px solid currentColor; padding-bottom: 5px; margin-top: 0; color: inherit; opacity: 0.8;'>Contenido del Paquete<\/h3>\n<ul style='padding-left: 20px; font-size: 15px; color: inherit;'>\n<li style='margin-bottom: 5px;'>3x Deco BE25<\/li>\n<li style='margin-bottom: 5px;'>1x Cable Ethernet RJ45<\/li>\n<li style='margin-bottom: 5px;'>3x Fuentes de Poder<\/li>\n<li style='margin-bottom: 5px;'>1x Gu\u00eda de instalaci\u00f3n r\u00e1pida<\/li>\n<\/ul><\/div>\n<\/p><\/div>\n","protected":false},"excerpt":{"rendered":"<p>KIT 3 Routers Inal\u00e1mbrico MESH Interior para Hogar \/ Doble Banda Wi-Fi 7 BE3600 Mbps \/ 2 Puerto 2.5 Gigabit WAN\/LAN \/ 4 Antenas Internas \/ Operaci\u00f3n Multi-Link MLO \/ Administraci\u00f3n Mediante la App Deco (iOS, Android) \/ HomeShield<\/p>\n","protected":false},"featured_media":82183,"comment_status":"open","ping_status":"closed","template":"","meta":[],"product_brand":[],"product_cat":[2024],"product_tag":[1479,2025,71],"class_list":{"0":"post-82184","1":"product","2":"type-product","3":"status-publish","4":"has-post-thumbnail","6":"product_cat-routers-inalambricos","7":"product_tag-redes-wifi","8":"product_tag-routers-inalambricos","9":"product_tag-tp-link","11":"first","12":"instock","13":"sale","14":"shipping-taxable","15":"purchasable","16":"product-type-simple"},"_links":{"self":[{"href":"https:\/\/soydeaqui.ddns.net\/pachuca\/index.php\/wp-json\/wp\/v2\/product\/82184","targetHints":{"allow":["GET"]}}],"collection":[{"href":"https:\/\/soydeaqui.ddns.net\/pachuca\/index.php\/wp-json\/wp\/v2\/product"}],"about":[{"href":"https:\/\/soydeaqui.ddns.net\/pachuca\/index.php\/wp-json\/wp\/v2\/types\/product"}],"replies":[{"embeddable":true,"href":"https:\/\/soydeaqui.ddns.net\/pachuca\/index.php\/wp-json\/wp\/v2\/comments?post=82184"}],"wp:featuredmedia":[{"embeddable":true,"href":"https:\/\/soydeaqui.ddns.net\/pachuca\/index.php\/wp-json\/wp\/v2\/media\/82183"}],"wp:attachment":[{"href":"https:\/\/soydeaqui.ddns.net\/pachuca\/index.php\/wp-json\/wp\/v2\/media?parent=82184"}],"wp:term":[{"taxonomy":"product_brand","embeddable":true,"href":"https:\/\/soydeaqui.ddns.net\/pachuca\/index.php\/wp-json\/wp\/v2\/product_brand?post=82184"},{"taxonomy":"product_cat","embeddable":true,"href":"https:\/\/soydeaqui.ddns.net\/pachuca\/index.php\/wp-json\/wp\/v2\/product_cat?post=82184"},{"taxonomy":"product_tag","embeddable":true,"href":"https:\/\/soydeaqui.ddns.net\/pachuca\/index.php\/wp-json\/wp\/v2\/product_tag?post=82184"}],"curies":[{"name":"wp","href":"https:\/\/api.w.org\/{rel}","templated":true}]}}