{"id":82181,"date":"2026-03-19T19:15:35","date_gmt":"2026-03-19T19:15:35","guid":{"rendered":"https:\/\/soydeaqui.ddns.net\/pachuca\/index.php\/producto\/kit-2-routers-inalambrico-mesh-interior-para-hogar-doble-banda-wi-fi-7-be3600-mbps-2-puerto-2-5-gigabit-wan-lan-4-antenas-internas-operacion-multi-link-mlo-administracion-mediante-la-app-dec\/"},"modified":"2026-03-19T19:15:39","modified_gmt":"2026-03-19T19:15:39","slug":"kit-2-routers-inalambrico-mesh-interior-para-hogar-doble-banda-wi-fi-7-be3600-mbps-2-puerto-2-5-gigabit-wan-lan-4-antenas-internas-operacion-multi-link-mlo-administracion-mediante-la-app-dec","status":"publish","type":"product","link":"https:\/\/soydeaqui.ddns.net\/pachuca\/index.php\/producto\/kit-2-routers-inalambrico-mesh-interior-para-hogar-doble-banda-wi-fi-7-be3600-mbps-2-puerto-2-5-gigabit-wan-lan-4-antenas-internas-operacion-multi-link-mlo-administracion-mediante-la-app-dec\/","title":{"rendered":"KIT 2 Routers Inal\u00e1mbrico MESH Interior para Hogar \/ Doble Banda Wi-Fi 7 BE3600 Mbps \/ 2 Puerto 2.5 Gigabit WAN\/LAN \/ 4 Antenas Internas \/ Operaci\u00f3n Multi-Link MLO \/ Administraci\u00f3n Mediante la App Deco (iOS, Android) \/ HomeShield"},"content":{"rendered":"<div style='width: 100%; max-width: 1200px; margin: 0 auto; font-family: sans-serif; line-height: 1.6; color: inherit; background-color: transparent;'>\n<div style='display: flex; flex-wrap: wrap; gap: 30px; margin-bottom: 30px;'>\n<div style='flex: 1 1 300px; min-width: 280px;'>\n<h3 style='font-size: 22px; border-bottom: 2px solid currentColor; padding-bottom: 5px; margin-top: 0; color: inherit; opacity: 0.8;'>Caracter\u00edsticas principales<\/h3>\n<ul style='padding-left: 20px; font-size: 15px; color: inherit;'>\n<li style='margin-bottom: 5px;'>Modo de operaci\u00f3n: Router&comma; Punto de acceso (en ambos modos puede repetir la se\u00f1al con otros decos)<\/li>\n<li style='margin-bottom: 5px;'>4 streams&comma; ancho de banda suficiente para dispositivos conectados<\/li>\n<li style='margin-bottom: 5px;'>Multi-Link Operation (MLO)<\/li>\n<li style='margin-bottom: 5px;'>Gesti\u00f3n Web \/ Omada App<\/li>\n<li style='margin-bottom: 5px;'>Certificaciones: CE&comma; FCC&comma; RoHS<\/li>\n<li style='margin-bottom: 5px;'>Seguridad de red con HomeShield Security<\/li>\n<li style='margin-bottom: 5px;'>Tecnolog\u00eda Malla TP-Link (compatible solo con equipos Deco&comma; cualquier modelo)<\/li>\n<li style='margin-bottom: 5px;'><a href='https:\/\/www.tp-link.com\/mx\/homeshield\/' style='color: inherit; text-decoration: underline;'>Aprende m\u00e1s sobre HomeShield<\/a><\/li>\n<\/ul><\/div>\n<div style='flex: 1 1 300px; min-width: 280px;'>\n<h3 style='font-size: 22px; border-bottom: 2px solid currentColor; padding-bottom: 5px; margin-top: 0; color: inherit; opacity: 0.8;'>Caracter\u00edsticas f\u00edsicas y el\u00e9ctricas<\/h3>\n<ul style='padding-left: 20px; font-size: 15px; color: inherit;'>\n<li style='margin-bottom: 5px;'>(2) Puertos 2.5G WAN\/LAN (autoajustable)<\/li>\n<li style='margin-bottom: 5px;'>(4) Antenas de alto rendimiento (internas)<\/li>\n<li style='margin-bottom: 5px;'>Dimensiones: 150 x 150 x 62 mm<\/li>\n<li style='margin-bottom: 5px;'>Alimentaci\u00f3n: 12 Vcc&comma; 1.5 A<\/li>\n<li style='margin-bottom: 5px;'>Consumo m\u00e1ximo: 14.9 W m\u00e1x<\/li>\n<li style='margin-bottom: 5px;'>Canal de 160 MHz<\/li>\n<li style='margin-bottom: 5px;'>Temperatura de operaci\u00f3n: 0\u00ba a 40\u00ba<\/li>\n<li style='margin-bottom: 5px;'>Humedad de operaci\u00f3n: 10 a 90% sin condensaci\u00f3n<\/li>\n<li style='margin-bottom: 5px;'>WiFi 7\n<ul style='margin: 5px 0; padding-left: 20px;'>\n<li style='margin-bottom: 3px;'>IEEE 802.11be\/ax\/ac\/n\/a 5 GHz hasta 2882 Mbps<\/li>\n<li style='margin-bottom: 3px;'>IEEE 802.11be\/ax\/n\/b\/g 2.4 GHz hasta 688 Mbps<\/li>\n<\/ul>\n<\/li>\n<li style='margin-bottom: 5px;'>Botones: 1 Reset \/ 1 WPS<\/li>\n<\/ul><\/div>\n<div style='flex: 1 1 300px; min-width: 280px;'>\n<h3 style='font-size: 22px; border-bottom: 2px solid currentColor; padding-bottom: 5px; margin-top: 0; color: inherit; opacity: 0.8;'>Contenido del Paquete<\/h3>\n<ul style='padding-left: 20px; font-size: 15px; color: inherit;'>\n<li style='margin-bottom: 5px;'>(2) Router Deco BE25<\/li>\n<li style='margin-bottom: 5px;'>(1) Cable Ethernet RJ45<\/li>\n<li style='margin-bottom: 5px;'>(2) Adaptador de corriente<\/li>\n<li style='margin-bottom: 5px;'>Gu\u00eda de instalaci\u00f3n<\/li>\n<\/ul><\/div>\n<div style='flex: 1 1 300px; min-width: 280px;'>\n<h3 style='font-size: 22px; border-bottom: 2px solid currentColor; padding-bottom: 5px; margin-top: 0; color: inherit; opacity: 0.8;'>Funciones Avanzadas<\/h3>\n<ul style='padding-left: 20px; font-size: 15px; color: inherit;'>\n<li style='margin-bottom: 5px;'>Protecci\u00f3n IoT en tiempo real<\/li>\n<li style='margin-bottom: 5px;'>Bloqueador de sitios maliciosos<\/li>\n<li style='margin-bottom: 5px;'>Red de invitados (HotSpot)<\/li>\n<li style='margin-bottom: 5px;'>Esc\u00e1ner de red dom\u00e9stica<\/li>\n<li style='margin-bottom: 5px;'>Cifrado WiFi:\n<ul style='margin: 5px 0; padding-left: 20px;'>\n<li style='margin-bottom: 3px;'>WPA-Personal<\/li>\n<li style='margin-bottom: 3px;'>WPA2-Personal<\/li>\n<li style='margin-bottom: 3px;'>WPA3-Personal<\/li>\n<\/ul>\n<\/li>\n<li style='margin-bottom: 5px;'>Prevenci\u00f3n de ataques DDoS<\/li>\n<li style='margin-bottom: 5px;'>Controles Parentales HomeShield: Restricci\u00f3n de YouTube&comma; Pausa Internet&comma; Hora de dormir&comma; entre otros<\/li>\n<li style='margin-bottom: 5px;'>Sistema de prevenci\u00f3n de intrusiones<\/li>\n<li style='margin-bottom: 5px;'>Servidor y Cliente:\n<ul style='margin: 5px 0; padding-left: 20px;'>\n<li style='margin-bottom: 3px;'>OpenVPN<\/li>\n<li style='margin-bottom: 3px;'>PPTP VPN<\/li>\n<li style='margin-bottom: 3px;'>L2TP\/IPSec VPN<\/li>\n<\/ul>\n<\/li>\n<li style='margin-bottom: 5px;'>OFDMA: Se comunica simult\u00e1neamente con varios clientes WiFi 7<\/li>\n<\/ul><\/div>\n<\/p><\/div>\n<hr style='border: 0; border-top: 1px solid rgba(150&comma; 150&comma; 150&comma; 0.3); margin: 30px 0;'>\n<div style='display: flex; flex-wrap: wrap; gap: 30px; align-items: center; margin-bottom: 30px;'>\n<div style='flex: 1 1 300px; min-width: 280px;'> <img style='width: 100%; height: auto; border: 1px solid rgba(150&comma;150&comma;150&comma;0.3); border-radius: 8px;' src='http:\/\/ftp3.syscom.mx\/usuarios\/ftp\/2026\/01\/22\/1908\/2.jpg_froala_697261857e29f' alt='Switch Industrial eKit S210I-8T4SX'> <\/div>\n<div style='flex: 1 1 300px; min-width: 280px;'>\n<h3 style='font-size: 22px; margin-top: 0; color: inherit;'>Kit Router Mesh para el hogar<\/h3>\n<p style='color: inherit; font-size: 15px;'>Es un sistema de internet avanzado (WiFi 7) dise\u00f1ado para cubrir toda tu casa con una se\u00f1al potente y sin interrupciones. Sus puntos clave son: s\u00faper r\u00e1pido: ideal para ver videos en alta calidad y jugar sin retrasos&comma; sin cortes: te permite moverte por toda la casa manteniendo siempre la mejor conexi\u00f3n&comma; dise\u00f1o moderno: es peque\u00f1o&comma; est\u00e9tico y no tiene antenas estorbosas a la vista&comma; se instala y controla r\u00e1pidamente desde una app en tu celular<\/p>\n<\/p><\/div>\n<\/p><\/div>\n<div style='display: flex; flex-wrap: wrap; gap: 30px; align-items: center; margin-bottom: 30px;'>\n<div style='flex: 1 1 300px; min-width: 280px;'> <img style='width: 100%; height: auto; border: 1px solid rgba(150&comma;150&comma;150&comma;0.3); border-radius: 8px;' src='http:\/\/ftp3.syscom.mx\/usuarios\/ftp\/2026\/01\/22\/1908\/4.jpg_froala_697262b1d23e4' alt='Switch Industrial eKit S210I-8T4SX'> <\/div>\n<div style='flex: 1 1 300px; min-width: 280px;'>\n<h3 style='font-size: 22px; margin-top: 0; color: inherit;'>Wi-Fi 7&comma; m\u00e1s rendimiento para la red de tu hogar<\/h3>\n<p style='color: inherit; font-size: 15px;'>Wi-Fi 7 ofrece un rendimiento superior al de las anteriores generaciones de Wi-Fi&comma; alcanzando una mayor velocidad con menor latencia y menos interferencias. 4.8 veces m\u00e1s r\u00e1pido&comma; 4 veces menor latencia&comma; 5 veces m\u00e1s capacidad de red.<\/p>\n<\/p><\/div>\n<\/p><\/div>\n<div style='display: flex; flex-wrap: wrap; gap: 30px; align-items: center; margin-bottom: 30px;'>\n<div style='flex: 1 1 300px; min-width: 280px;'>\n<h3 style='font-size: 22px; margin-top: 0; color: inherit;'>Red exclusiva sin cortes al moverte por la casa<\/h3>\n<p style='color: inherit; font-size: 15px;'>Configura una red Wi-Fi exclusiva para los dispositivos inteligentes IoT&comma; aumentando su seguridad con la protecci\u00f3n HomeShield y el cifrado avanzado WPA3. Todas las unidades Deco trabajan juntas creando una red unificada bajo un mismo nombre y contrase\u00f1a. Con la tecnolog\u00eda AI-Roaming&comma; tu m\u00f3vil&comma; tablet&comma; port\u00e1til o consola se conecta autom\u00e1ticamente a la unidad Deco que mejor se\u00f1al pueda ofrecer a medida que te mueves por la casa<\/p>\n<\/p><\/div>\n<div style='flex: 1 1 300px; min-width: 280px;'> <img style='width: 100%; height: auto; border: 1px solid rgba(150&comma;150&comma;150&comma;0.3); border-radius: 8px;' src='http:\/\/ftp3.syscom.mx\/usuarios\/ftp\/2026\/01\/22\/1908\/1.jpg_froala_697263b67c46d' alt='Switch Industrial eKit S210I-8T4SX'> <\/div>\n<\/p><\/div>\n<div style='display: flex; flex-wrap: wrap; gap: 30px; align-items: center; margin-bottom: 30px;'>\n<div style='flex: 1 1 300px; min-width: 280px;'> <img style='width: 100%; height: auto; border: 1px solid rgba(150&comma;150&comma;150&comma;0.3); border-radius: 8px;' src='http:\/\/ftp3.syscom.mx\/usuarios\/ftp\/2026\/01\/22\/1908\/3.jpg_froala_6972650ae89c8' alt='Switch Industrial eKit S210I-8T4SX'> <\/div>\n<div style='flex: 1 1 300px; min-width: 280px;'>\n<h3 style='font-size: 22px; margin-top: 0; color: inherit;'>F\u00e1cil de configurar mediante la App<\/h3>\n<p style='color: inherit; font-size: 15px;'>Con la aplicaci\u00f3n Deco podr\u00e1s configurar todo el sistema Wi-Fi 7 Mesh en pocos minutos&comma; f\u00e1cilmente siguiendo los pasos indicados en la App. No es necesario tener conocimientos t\u00e9cnicos.<\/p>\n<ol style='padding-left: 20px; font-size: 15px; color: inherit;'>\n<li style='margin-bottom: 5px;'>CONECTA la unidad principal Deco a un m\u00f3dem y enciende ambos<\/li>\n<li style='margin-bottom: 5px;'>DESCARGA la App Deco y \u00e1brela<\/li>\n<li style='margin-bottom: 5px;'>CONFIGURA el sistema siguiendo los pasos<\/li>\n<\/ol><\/div>\n<\/p><\/div>\n<div style='display: flex; flex-wrap: wrap; gap: 30px; align-items: center; margin-bottom: 30px;'>\n<div style='flex: 1 1 300px; min-width: 280px;'>\n<h3 style='font-size: 22px; margin-top: 0; color: inherit;'>Protege tu Red y todo lo que hay en ella<\/h3>\n<ul style='padding-left: 20px; font-size: 15px; color: inherit;'>\n<li style='margin-bottom: 5px;'><strong>Protecci\u00f3n de la red:<\/strong> HomeShield escanea la red&comma; identifica riesgos y los bloquea para mantener tu privacidad y los dispositivos conectados bien protegidos<\/li>\n<li style='margin-bottom: 5px;'><strong>Control parental avanzado:<\/strong> Administra el tiempo de conexi\u00f3n de tus hijos&comma; bloqueando el contenido inapropiado de la web o de aplicaciones para crear unos h\u00e1bitos digitales saludables<\/li>\n<li style='margin-bottom: 5px;'><strong>Protecci\u00f3n dentro y fuera de la casa:<\/strong> Los dispositivos est\u00e1n protegidos en cualquier lugar con la app Devices Security. Con KidShield&comma; se puede conocer la ubicaci\u00f3n de los menores para protegerles digitalmente incluso fuera de casa<\/li>\n<\/ul><\/div>\n<div style='flex: 1 1 300px; min-width: 280px;'> <img style='width: 100%; height: auto; border: 1px solid rgba(150&comma;150&comma;150&comma;0.3); border-radius: 8px;' src='http:\/\/ftp3.syscom.mx\/usuarios\/ftp\/2026\/01\/22\/1908\/5.jpg_froala_697265f5271c5' alt='Switch Industrial eKit S210I-8T4SX'> <\/div>\n<\/p><\/div>\n<\/p><\/div>\n","protected":false},"excerpt":{"rendered":"<p>KIT 2 Routers Inal\u00e1mbrico MESH Interior para Hogar \/ Doble Banda Wi-Fi 7 BE3600 Mbps \/ 2 Puerto 2.5 Gigabit WAN\/LAN \/ 4 Antenas Internas \/ Operaci\u00f3n Multi-Link MLO \/ Administraci\u00f3n Mediante la App Deco (iOS, Android) \/ HomeShield<\/p>\n","protected":false},"featured_media":82180,"comment_status":"open","ping_status":"closed","template":"","meta":[],"product_brand":[],"product_cat":[2024],"product_tag":[1479,2025,71],"class_list":{"0":"post-82181","1":"product","2":"type-product","3":"status-publish","4":"has-post-thumbnail","6":"product_cat-routers-inalambricos","7":"product_tag-redes-wifi","8":"product_tag-routers-inalambricos","9":"product_tag-tp-link","11":"first","12":"instock","13":"sale","14":"shipping-taxable","15":"purchasable","16":"product-type-simple"},"_links":{"self":[{"href":"https:\/\/soydeaqui.ddns.net\/pachuca\/index.php\/wp-json\/wp\/v2\/product\/82181","targetHints":{"allow":["GET"]}}],"collection":[{"href":"https:\/\/soydeaqui.ddns.net\/pachuca\/index.php\/wp-json\/wp\/v2\/product"}],"about":[{"href":"https:\/\/soydeaqui.ddns.net\/pachuca\/index.php\/wp-json\/wp\/v2\/types\/product"}],"replies":[{"embeddable":true,"href":"https:\/\/soydeaqui.ddns.net\/pachuca\/index.php\/wp-json\/wp\/v2\/comments?post=82181"}],"wp:featuredmedia":[{"embeddable":true,"href":"https:\/\/soydeaqui.ddns.net\/pachuca\/index.php\/wp-json\/wp\/v2\/media\/82180"}],"wp:attachment":[{"href":"https:\/\/soydeaqui.ddns.net\/pachuca\/index.php\/wp-json\/wp\/v2\/media?parent=82181"}],"wp:term":[{"taxonomy":"product_brand","embeddable":true,"href":"https:\/\/soydeaqui.ddns.net\/pachuca\/index.php\/wp-json\/wp\/v2\/product_brand?post=82181"},{"taxonomy":"product_cat","embeddable":true,"href":"https:\/\/soydeaqui.ddns.net\/pachuca\/index.php\/wp-json\/wp\/v2\/product_cat?post=82181"},{"taxonomy":"product_tag","embeddable":true,"href":"https:\/\/soydeaqui.ddns.net\/pachuca\/index.php\/wp-json\/wp\/v2\/product_tag?post=82181"}],"curies":[{"name":"wp","href":"https:\/\/api.w.org\/{rel}","templated":true}]}}