{"id":82159,"date":"2026-03-19T19:14:40","date_gmt":"2026-03-19T19:14:40","guid":{"rendered":"https:\/\/soydeaqui.ddns.net\/pachuca\/index.php\/producto\/enterprise-campus-48-poe-switch-empresarial-etherlighting-poe-capa-3-de-48-puertos-32-x-10-gbe-y-16-x-2-5-gbe-y-4-puertos-sfp28-de-25-g-de-alta-disponibilidad\/"},"modified":"2026-03-19T19:14:59","modified_gmt":"2026-03-19T19:14:59","slug":"enterprise-campus-48-poe-switch-empresarial-etherlighting-poe-capa-3-de-48-puertos-32-x-10-gbe-y-16-x-2-5-gbe-y-4-puertos-sfp28-de-25-g-de-alta-disponibilidad","status":"publish","type":"product","link":"https:\/\/soydeaqui.ddns.net\/pachuca\/index.php\/producto\/enterprise-campus-48-poe-switch-empresarial-etherlighting-poe-capa-3-de-48-puertos-32-x-10-gbe-y-16-x-2-5-gbe-y-4-puertos-sfp28-de-25-g-de-alta-disponibilidad\/","title":{"rendered":"Enterprise Campus 48 PoE, Switch Empresarial Etherlighting\u2122 PoE+++ Capa 3 de 48 Puertos (32 x 10 GbE y 16 x 2.5 GbE) y 4 Puertos SFP28 de 25 G de Alta Disponibilidad"},"content":{"rendered":"<div style='width: 100%; max-width: 1200px; margin: 0 auto; font-family: sans-serif; line-height: 1.6; color: inherit; background-color: transparent;'>\n<div style='width: 100%; border: 1px solid rgba(150&comma;150&comma;150&comma;0.3); border-radius: 12px; padding: 16px; margin-bottom: 30px;'>\n<div style='position: relative; width: 100%; padding-bottom: 56.25%; height: 0; overflow: hidden;'><video style='position: absolute; top: 0; left: 0; width: 100%; height: 100%; border: 1px solid rgba(150&comma;150&comma;150&comma;0.3); border-radius: 12px; background: transparent;' autoplay muted loop playsinline><source src='https:\/\/ftp3.syscom.mx\/usuarios\/adiaz\/Ubiquiti\/Imagenes\/ECS24POE\/switching.mp4' type='video\/mp4'><img src='https:\/\/ftp3.syscom.mx\/usuarios\/adiaz\/Ubiquiti\/Imagenes\/ECS48POE\/fallback.png' alt='Ubiquiti ECS-48-PoE' style='width: 100%; height: auto; border: 1px solid rgba(150&comma;150&comma;150&comma;0.3); border-radius: 12px; background: transparent;'><\/video><\/div>\n<\/div>\n<div style='display: flex; flex-wrap: wrap; gap: 30px; margin-bottom: 30px;'>\n<div style='flex: 1 1 320px; min-width: 280px;'>\n<div style='position: relative; width: 100%; padding-bottom: 56.25%; height: 0; overflow: hidden;'><video style='position: absolute; top: 0; left: 0; width: 100%; height: 100%; border: 1px solid rgba(150&comma;150&comma;150&comma;0.3); border-radius: 12px; background: transparent;' autoplay muted loop playsinline><source src='https:\/\/ftp3.syscom.mx\/usuarios\/adiaz\/Ubiquiti\/Imagenes\/ECS48POE\/ECS48POEloop.mp4' type='video\/mp4'><img src='https:\/\/ftp3.syscom.mx\/usuarios\/adiaz\/Ubiquiti\/Imagenes\/ECS48POE\/fallback.png' alt='Ubiquiti ECS-48-PoE' style='width: 100%; height: auto; border: 1px solid rgba(150&comma;150&comma;150&comma;0.3); border-radius: 12px; background: transparent;'><\/video><\/div>\n<\/div>\n<div style='flex: 1 1 360px; min-width: 280px;'>\n<h2 style='font-size: 24px; margin-top: 0; margin-bottom: 8px; color: inherit;'>Enterprise Campus 48 PoE<\/h2>\n<div style='margin-bottom: 12px; font-weight: 600; opacity: 0.8; color: inherit;'>Modelo: <span style='font-weight: 700; opacity: 1; color: inherit;'>ECS-48-PoE<\/span><\/div>\n<p style='margin: 0; color: inherit;'>Switch <strong>Empresarial<\/strong> Etherlighting\u2122 PoE+++ Capa 3 de 48 puertos con conexiones RJ45 de 10 GbE de alta capacidad y SFP28 de 25 G para un dise\u00f1o de sistema de alta disponibilidad.<\/p>\n<\/div>\n<\/div>\n<div style='text-align: center; margin: 40px 0 20px;'><span style='font-size: 1.35rem; font-weight: 700; color: inherit;'>Especificaciones<\/span><\/div>\n<div style='display: flex; flex-wrap: wrap; gap: 20px; margin-bottom: 30px;'>\n<div style='flex: 1 1 250px; border: 1px solid rgba(150&comma; 150&comma; 150&comma; 0.4); border-radius: 8px; overflow: hidden; display: flex; flex-direction: column;'>\n<div style='padding: 15px; border-bottom: 1px solid rgba(150&comma; 150&comma; 150&comma; 0.2); font-weight: bold; font-size: 18px; color: inherit;'>Caracter\u00edsticas principales<\/div>\n<div style='padding: 15px; color: inherit;'>\n<ul style='padding-left: 20px; margin: 0; font-size: 14px; list-style-type: disc;'>\n<li style='margin-bottom: 5px;'>(32) Puertos 10 GbE&comma; (16) Puertos de 2&comma;5 GbE&comma; todos PoE+++ (capacidad de 90 W)<\/li>\n<li style='margin-bottom: 5px;'>(4) Puertos SFP28 de 25G<\/li>\n<li style='margin-bottom: 5px;'>Disponibilidad de PoE de hasta 2&comma;150 W* (Requiere modo compartido (pr\u00f3ximamente).)<\/li>\n<li style='margin-bottom: 5px;'>(2) M\u00f3dulos de alimentaci\u00f3n intercambiables en caliente incluidos<\/li>\n<li style='margin-bottom: 5px;'>(4) M\u00f3dulos de ventilador intercambiables en caliente incluidos con uno de respaldo<\/li>\n<li style='margin-bottom: 5px;'>Requiere un rack de 4 postes&comma; o un soporte de montaje central o un estante voladizo en racks de 2 postes para un soporte \u00f3ptimo.<\/li>\n<\/ul>\n<\/div>\n<\/div>\n<div style='flex: 1 1 250px; border: 1px solid rgba(150&comma; 150&comma; 150&comma; 0.4); border-radius: 8px; overflow: hidden; display: flex; flex-direction: column;'>\n<div style='padding: 15px; border-bottom: 1px solid rgba(150&comma; 150&comma; 150&comma; 0.2); font-weight: bold; font-size: 18px; color: inherit;'>Caracter\u00edsticas f\u00edsicas y el\u00e9ctricas<\/div>\n<div style='padding: 15px; color: inherit;'>\n<ul style='padding-left: 20px; margin: 0; font-size: 14px; list-style-type: disc;'>\n<li style='margin-bottom: 5px;'><strong>Dimensiones<\/strong>: 442.4 x 43.7 x 496 mm (17.4 x 1.7 x 19.5&#8242;)<\/li>\n<li style='margin-bottom: 5px;'><strong>Peso<\/strong>: Sin brackets: 9.46 kg (20.9 lb); Con brackets: 9.56 kg (21.1 lb)<\/li>\n<li style='margin-bottom: 5px;'><strong>Material de la carcasa<\/strong>: Acero SGCC<\/li>\n<li style='margin-bottom: 5px;'><strong>Alimentaci\u00f3n<\/strong>: (2) Entradas 100\u2014240Vca&comma; 13A Max.&comma; 50\/60 Hz<\/li>\n<li style='margin-bottom: 5px;'><strong>Temperatura de operaci\u00f3n<\/strong>: -5 a 40 \u00b0C (23 a 104 \u00b0F)<\/li>\n<li style='margin-bottom: 5px;'><strong>Humedad de operaci\u00f3n<\/strong>: 10\u201390% sin condensaci\u00f3n<\/li>\n<\/ul>\n<\/div>\n<\/div>\n<div style='flex: 1 1 250px; border: 1px solid rgba(150&comma; 150&comma; 150&comma; 0.4); border-radius: 8px; overflow: hidden; display: flex; flex-direction: column;'>\n<div style='padding: 15px; border-bottom: 1px solid rgba(150&comma; 150&comma; 150&comma; 0.2); font-weight: bold; font-size: 18px; color: inherit;'>Rendimiento<\/div>\n<div style='padding: 15px; color: inherit;'>\n<ul style='padding-left: 20px; margin: 0; font-size: 14px; list-style-type: disc;'>\n<li style='margin-bottom: 5px;'><strong>Capacidad de Switching<\/strong>: 920 Gbps<\/li>\n<li style='margin-bottom: 5px;'><strong>Rendimiento Total sin Bloqueo<\/strong>: 460 Gbps<\/li>\n<li style='margin-bottom: 5px;'><strong>Forwarding Rate<\/strong>: 684 Mpps<\/li>\n<li style='margin-bottom: 5px;'><strong>VLANs Soportadas<\/strong>: 1&comma;000<\/li>\n<li style='margin-bottom: 5px; font-weight: bold;'><strong>Capa 3<\/strong><\/li>\n<\/ul>\n<\/div>\n<\/div>\n<div style='flex: 1 1 250px; border: 1px solid rgba(150&comma; 150&comma; 150&comma; 0.4); border-radius: 8px; overflow: hidden; display: flex; flex-direction: column;'>\n<div style='padding: 15px; border-bottom: 1px solid rgba(150&comma; 150&comma; 150&comma; 0.2); font-weight: bold; font-size: 18px; color: inherit;'>Caracter\u00edsticas avanzadas<\/div>\n<div style='padding: 15px; color: inherit;'>\n<ul style='padding-left: 20px; margin: 0; font-size: 14px; list-style-type: disc;'>\n<li style='margin-bottom: 5px;'>DHCP Server<\/li>\n<li style='margin-bottom: 5px;'>DHCP Relay<\/li>\n<li style='margin-bottom: 5px;'>Inter-VLAN Routing<\/li>\n<li style='margin-bottom: 5px;'>Rutero Est\u00e1tico<\/li>\n<li style='margin-bottom: 5px;'>LACP Port Aggregation<\/li>\n<li style='margin-bottom: 5px;'>STP &#038; RSTP<\/li>\n<li style='margin-bottom: 5px;'>QoS (DSCP)<\/li>\n<li style='margin-bottom: 5px;'>IGMP Snooping<\/li>\n<\/ul>\n<\/div>\n<\/div>\n<\/div>\n<div style='width: 100%; border: 1px solid rgba(150&comma;150&comma;150&comma;0.4); border-radius: 8px; padding: 16px; margin-top: 30px; text-align: center;'>\n<h3 style='font-size: 20px; margin-top: 0; margin-bottom: 12px; color: inherit;'>Contenido del Paquete<\/h3>\n<p><img style='width: 100%; height: auto; border: 1px solid rgba(150&comma;150&comma;150&comma;0.3); border-radius: 8px;' src='https:\/\/ftp3.syscom.mx\/usuarios\/adiaz\/Ubiquiti\/Imagenes\/ECS48POE\/contenido.png' alt='Contenido del paquete ECS-48-PoE'><\/div>\n<\/div>\n","protected":false},"excerpt":{"rendered":"<p>Enterprise Campus 48 PoE, Switch Empresarial Etherlighting\u2122 PoE+++ Capa 3 de 48 Puertos (32 x 10 GbE y 16 x 2.5 GbE) y 4 Puertos SFP28 de 25 G de Alta Disponibilidad<\/p>\n","protected":false},"featured_media":82158,"comment_status":"open","ping_status":"closed","template":"","meta":[],"product_brand":[],"product_cat":[1986],"product_tag":[664,1987,166],"class_list":{"0":"post-82159","1":"product","2":"type-product","3":"status-publish","4":"has-post-thumbnail","6":"product_cat-switches-poe","7":"product_tag-networking","8":"product_tag-switches-poe","9":"product_tag-ubiquiti","11":"first","12":"instock","13":"sale","14":"shipping-taxable","15":"purchasable","16":"product-type-simple"},"_links":{"self":[{"href":"https:\/\/soydeaqui.ddns.net\/pachuca\/index.php\/wp-json\/wp\/v2\/product\/82159","targetHints":{"allow":["GET"]}}],"collection":[{"href":"https:\/\/soydeaqui.ddns.net\/pachuca\/index.php\/wp-json\/wp\/v2\/product"}],"about":[{"href":"https:\/\/soydeaqui.ddns.net\/pachuca\/index.php\/wp-json\/wp\/v2\/types\/product"}],"replies":[{"embeddable":true,"href":"https:\/\/soydeaqui.ddns.net\/pachuca\/index.php\/wp-json\/wp\/v2\/comments?post=82159"}],"wp:featuredmedia":[{"embeddable":true,"href":"https:\/\/soydeaqui.ddns.net\/pachuca\/index.php\/wp-json\/wp\/v2\/media\/82158"}],"wp:attachment":[{"href":"https:\/\/soydeaqui.ddns.net\/pachuca\/index.php\/wp-json\/wp\/v2\/media?parent=82159"}],"wp:term":[{"taxonomy":"product_brand","embeddable":true,"href":"https:\/\/soydeaqui.ddns.net\/pachuca\/index.php\/wp-json\/wp\/v2\/product_brand?post=82159"},{"taxonomy":"product_cat","embeddable":true,"href":"https:\/\/soydeaqui.ddns.net\/pachuca\/index.php\/wp-json\/wp\/v2\/product_cat?post=82159"},{"taxonomy":"product_tag","embeddable":true,"href":"https:\/\/soydeaqui.ddns.net\/pachuca\/index.php\/wp-json\/wp\/v2\/product_tag?post=82159"}],"curies":[{"name":"wp","href":"https:\/\/api.w.org\/{rel}","templated":true}]}}