{"id":82150,"date":"2026-03-19T19:14:17","date_gmt":"2026-03-19T19:14:17","guid":{"rendered":"https:\/\/soydeaqui.ddns.net\/pachuca\/index.php\/producto\/enterprise-campus-24-poe-switch-empresarial-etherlighting-poe-capa-3-de-24-puertos-16-x-10-gbe-y-8-x-2-5-gbe-y-2-puertos-sfp28-de-25-g-de-alta-disponibilidad\/"},"modified":"2026-03-19T19:14:36","modified_gmt":"2026-03-19T19:14:36","slug":"enterprise-campus-24-poe-switch-empresarial-etherlighting-poe-capa-3-de-24-puertos-16-x-10-gbe-y-8-x-2-5-gbe-y-2-puertos-sfp28-de-25-g-de-alta-disponibilidad","status":"publish","type":"product","link":"https:\/\/soydeaqui.ddns.net\/pachuca\/index.php\/producto\/enterprise-campus-24-poe-switch-empresarial-etherlighting-poe-capa-3-de-24-puertos-16-x-10-gbe-y-8-x-2-5-gbe-y-2-puertos-sfp28-de-25-g-de-alta-disponibilidad\/","title":{"rendered":"Enterprise Campus 24 PoE, Switch Empresarial Etherlighting\u2122 PoE+++ Capa 3 de 24 Puertos (16 x 10 GbE y 8 x 2.5 GbE)  y 2 Puertos SFP28 de 25 G de Alta Disponibilidad"},"content":{"rendered":"<div style='width: 100%; max-width: 1200px; margin: 0 auto; font-family: sans-serif; line-height: 1.6; color: inherit; background-color: transparent;'> <!-- HERO PRINCIPAL (video grande) --> <\/p>\n<div style='border: 1px solid rgba(150&comma;150&comma;150&comma;0.3); border-radius: 8px; overflow: hidden; margin-bottom: 30px;'> <video style='width: 100%; height: auto; display: block; background: transparent; border: none;' autoplay muted loop playsinline><source src='https:\/\/ftp3.syscom.mx\/usuarios\/adiaz\/Ubiquiti\/Imagenes\/ECS24POE\/switching.mp4' type='video\/mp4'><img src='https:\/\/ftp3.syscom.mx\/usuarios\/adiaz\/Ubiquiti\/Imagenes\/ECS24POE\/fallback.png' alt='Ubiquiti ECS-24-PoE' style='width: 100%; height: auto; border: none; display: block;'><\/video> <\/div>\n<p> <!-- HERO TEXTO + VIDEO SECUNDARIO --> <\/p>\n<div style='display: flex; flex-wrap: wrap; gap: 30px; margin-bottom: 30px;'> <!-- Video secundario --> <\/p>\n<div style='flex: 1 1 320px; min-width: 280px;'>\n<div style='border: 1px solid rgba(150&comma;150&comma;150&comma;0.3); border-radius: 8px; overflow: hidden;'> <video style='width: 100%; height: auto; display: block; background: transparent; border: none;' autoplay muted loop playsinline><source src='https:\/\/ftp3.syscom.mx\/usuarios\/adiaz\/Ubiquiti\/Imagenes\/ECS24POE\/ECS24POEloop.mp4' type='video\/mp4'><img src='https:\/\/ftp3.syscom.mx\/usuarios\/adiaz\/Ubiquiti\/Imagenes\/ECS24POE\/fallback.png' alt='Ubiquiti ECS-24-PoE' style='width: 100%; height: auto; border: none; display: block;'><\/video> <\/div>\n<\/p><\/div>\n<p> <!-- Texto --> <\/p>\n<div style='flex: 1 1 360px; min-width: 280px;'>\n<h2 style='font-size: 22px; margin-top: 0; margin-bottom: 10px; color: inherit; opacity: 0.9;'>Enterprise Campus 24 PoE<\/h2>\n<div style='margin-bottom: 15px; font-weight: 600; color: inherit; opacity: 0.8;'>Modelo: <span style='font-weight: 700; opacity: 1;'>ECS-24-PoE<\/span><\/div>\n<p style='margin: 0; color: inherit;'>Switch <strong>Empresarial<\/strong> Etherlighting\u2122 PoE+++ Capa 3 de 24 puertos con conexiones RJ45 de 10 GbE de alta capacidad y SFP28 de 25 G para un dise\u00f1o de sistema de alta disponibilidad.<\/p>\n<\/p><\/div>\n<\/p><\/div>\n<p> <!-- T\u00edtulo Especificaciones --> <\/p>\n<div style='text-align: center; margin: 40px 0 20px;'>\n<h3 style='font-size: 24px; font-weight: 700; margin: 0; color: inherit;'>Especificaciones<\/h3>\n<\/p><\/div>\n<p> <!-- Grid de tarjetas --> <\/p>\n<div style='display: flex; flex-wrap: wrap; gap: 20px; margin-bottom: 30px;'> <!-- Card: Caracter\u00edsticas principales --> <\/p>\n<div style='flex: 1 1 250px; border: 1px solid rgba(150&comma;150&comma;150&comma;0.4); border-radius: 8px; overflow: hidden; display: flex; flex-direction: column;'>\n<div style='padding: 15px; border-bottom: 1px solid rgba(150&comma;150&comma;150&comma;0.2); font-weight: bold; font-size: 18px; color: inherit;'>Caracter\u00edsticas principales<\/div>\n<div style='padding: 15px; color: inherit; flex: 1 1 auto;'>\n<ul style='padding-left: 20px; margin: 0; font-size: 14px; list-style-type: disc;'>\n<li style='margin-bottom: 5px;'>(16) Puertos 10 GbE&comma; (8) Puertos de 2.5 GbE&comma; todos PoE+++ (capacidad de 90 W)<\/li>\n<li style='margin-bottom: 5px;'>(2) Puertos SFP28 de 25G<\/li>\n<li style='margin-bottom: 5px;'>Disponibilidad de PoE de hasta 1050 W* (Requiere modo compartido (pr\u00f3ximamente).)<\/li>\n<li style='margin-bottom: 5px;'>(2) M\u00f3dulos de alimentaci\u00f3n intercambiables en caliente incluidos<\/li>\n<li style='margin-bottom: 5px;'>(4) M\u00f3dulos de ventilador intercambiables en caliente incluidos con uno de respaldo<\/li>\n<li style='margin-bottom: 5px;'>Requiere un rack de 4 postes&comma; o un soporte de montaje central o un estante voladizo en racks de 2 postes para un soporte \u00f3ptimo.<\/li>\n<\/ul><\/div>\n<\/p><\/div>\n<p> <!-- Card: F\u00edsicas y el\u00e9ctricas --> <\/p>\n<div style='flex: 1 1 250px; border: 1px solid rgba(150&comma;150&comma;150&comma;0.4); border-radius: 8px; overflow: hidden; display: flex; flex-direction: column;'>\n<div style='padding: 15px; border-bottom: 1px solid rgba(150&comma;150&comma;150&comma;0.2); font-weight: bold; font-size: 18px; color: inherit;'>Caracter\u00edsticas f\u00edsicas y el\u00e9ctricas<\/div>\n<div style='padding: 15px; color: inherit; flex: 1 1 auto;'>\n<ul style='padding-left: 20px; margin: 0; font-size: 14px; list-style-type: disc;'>\n<li style='margin-bottom: 5px;'><strong>Dimensiones<\/strong>: 442.4 x 43.7 x 496 mm (17.4 x 1.7 x 19.5&#8242;)<\/li>\n<li style='margin-bottom: 5px;'><strong>Peso<\/strong>: Sin brackets: 9.46 kg (20.9 lb); Con brackets: 9.56 kg (21.1 lb)<\/li>\n<li style='margin-bottom: 5px;'><strong>Material de la carcasa<\/strong>: Acero SGCC<\/li>\n<li style='margin-bottom: 5px;'><strong>Alimentaci\u00f3n<\/strong>: (2) Entradas 100\u2014240Vca&comma; 9A Max.&comma; 50\/60 Hz<\/li>\n<li style='margin-bottom: 5px;'><strong>Temperatura de operaci\u00f3n<\/strong>: -5 a 40 \u00b0C (23 a 104 \u00b0F)<\/li>\n<li style='margin-bottom: 5px;'><strong>Humedad de operaci\u00f3n<\/strong>: 10\u201390% sin condensaci\u00f3n<\/li>\n<\/ul><\/div>\n<\/p><\/div>\n<p> <!-- Card: Rendimiento --> <\/p>\n<div style='flex: 1 1 250px; border: 1px solid rgba(150&comma;150&comma;150&comma;0.4); border-radius: 8px; overflow: hidden; display: flex; flex-direction: column;'>\n<div style='padding: 15px; border-bottom: 1px solid rgba(150&comma;150&comma;150&comma;0.2); font-weight: bold; font-size: 18px; color: inherit;'>Rendimiento<\/div>\n<div style='padding: 15px; color: inherit; flex: 1 1 auto;'>\n<ul style='padding-left: 20px; margin: 0; font-size: 14px; list-style-type: disc;'>\n<li style='margin-bottom: 5px;'><strong>Capacidad de Switching<\/strong>: 460 Gbps<\/li>\n<li style='margin-bottom: 5px;'><strong>Rendimiento Total sin Bloqueo<\/strong>: 230 Gbps<\/li>\n<li style='margin-bottom: 5px;'><strong>Forwarding Rate<\/strong>: 342 Mpps<\/li>\n<li style='margin-bottom: 5px;'><strong>VLANs Soportadas<\/strong>: 1&comma;000<\/li>\n<li style='margin-bottom: 5px; font-weight: bold;'><strong>Capa 3<\/strong><\/li>\n<\/ul><\/div>\n<\/p><\/div>\n<p> <!-- Card: Caracter\u00edsticas avanzadas --> <\/p>\n<div style='flex: 1 1 250px; border: 1px solid rgba(150&comma;150&comma;150&comma;0.4); border-radius: 8px; overflow: hidden; display: flex; flex-direction: column;'>\n<div style='padding: 15px; border-bottom: 1px solid rgba(150&comma;150&comma;150&comma;0.2); font-weight: bold; font-size: 18px; color: inherit;'>Caracter\u00edsticas avanzadas<\/div>\n<div style='padding: 15px; color: inherit; flex: 1 1 auto;'>\n<ul style='padding-left: 20px; margin: 0; font-size: 14px; list-style-type: disc;'>\n<li style='margin-bottom: 5px;'>DHCP Server<\/li>\n<li style='margin-bottom: 5px;'>DHCP Relay<\/li>\n<li style='margin-bottom: 5px;'>Inter-VLAN Routing<\/li>\n<li style='margin-bottom: 5px;'>Rutero Est\u00e1tico<\/li>\n<li style='margin-bottom: 5px;'>LACP Port Aggregation<\/li>\n<li style='margin-bottom: 5px;'>STP &#038; RSTP<\/li>\n<li style='margin-bottom: 5px;'>QoS (DSCP)<\/li>\n<li style='margin-bottom: 5px;'>IGMP Snooping<\/li>\n<\/ul><\/div>\n<\/p><\/div>\n<\/p><\/div>\n<p> <!-- Contenido del paquete --> <\/p>\n<div style='border: 1px solid rgba(150&comma;150&comma;150&comma;0.4); border-radius: 8px; overflow: hidden; margin: 30px 0; text-align: center;'>\n<div style='padding: 20px; border-bottom: 1px solid rgba(150&comma;150&comma;150&comma;0.2); font-weight: bold; font-size: 18px; color: inherit;'>Contenido del paquete<\/div>\n<div style='padding: 20px;'> <img src='https:\/\/ftp3.syscom.mx\/usuarios\/adiaz\/Ubiquiti\/Imagenes\/ECS24POE\/contenido.png' alt='Contenido del paquete ECS-24-PoE' style='width: 100%; height: auto; border: 1px solid rgba(150&comma;150&comma;150&comma;0.3); border-radius: 8px;'> <\/div>\n<\/p><\/div>\n<\/p><\/div>\n","protected":false},"excerpt":{"rendered":"<p>Enterprise Campus 24 PoE, Switch Empresarial Etherlighting\u2122 PoE+++ Capa 3 de 24 Puertos (16 x 10 GbE y 8 x 2.5 GbE)  y 2 Puertos SFP28 de 25 G de Alta Disponibilidad<\/p>\n","protected":false},"featured_media":82149,"comment_status":"open","ping_status":"closed","template":"","meta":[],"product_brand":[],"product_cat":[1986],"product_tag":[664,1987,166],"class_list":{"0":"post-82150","1":"product","2":"type-product","3":"status-publish","4":"has-post-thumbnail","6":"product_cat-switches-poe","7":"product_tag-networking","8":"product_tag-switches-poe","9":"product_tag-ubiquiti","11":"first","12":"instock","13":"sale","14":"shipping-taxable","15":"purchasable","16":"product-type-simple"},"_links":{"self":[{"href":"https:\/\/soydeaqui.ddns.net\/pachuca\/index.php\/wp-json\/wp\/v2\/product\/82150","targetHints":{"allow":["GET"]}}],"collection":[{"href":"https:\/\/soydeaqui.ddns.net\/pachuca\/index.php\/wp-json\/wp\/v2\/product"}],"about":[{"href":"https:\/\/soydeaqui.ddns.net\/pachuca\/index.php\/wp-json\/wp\/v2\/types\/product"}],"replies":[{"embeddable":true,"href":"https:\/\/soydeaqui.ddns.net\/pachuca\/index.php\/wp-json\/wp\/v2\/comments?post=82150"}],"wp:featuredmedia":[{"embeddable":true,"href":"https:\/\/soydeaqui.ddns.net\/pachuca\/index.php\/wp-json\/wp\/v2\/media\/82149"}],"wp:attachment":[{"href":"https:\/\/soydeaqui.ddns.net\/pachuca\/index.php\/wp-json\/wp\/v2\/media?parent=82150"}],"wp:term":[{"taxonomy":"product_brand","embeddable":true,"href":"https:\/\/soydeaqui.ddns.net\/pachuca\/index.php\/wp-json\/wp\/v2\/product_brand?post=82150"},{"taxonomy":"product_cat","embeddable":true,"href":"https:\/\/soydeaqui.ddns.net\/pachuca\/index.php\/wp-json\/wp\/v2\/product_cat?post=82150"},{"taxonomy":"product_tag","embeddable":true,"href":"https:\/\/soydeaqui.ddns.net\/pachuca\/index.php\/wp-json\/wp\/v2\/product_tag?post=82150"}],"curies":[{"name":"wp","href":"https:\/\/api.w.org\/{rel}","templated":true}]}}