{"id":82133,"date":"2026-03-19T19:13:33","date_gmt":"2026-03-19T19:13:33","guid":{"rendered":"https:\/\/soydeaqui.ddns.net\/pachuca\/index.php\/producto\/kit-2-routers-inalambrico-mesh-interior-para-hogar-triple-banda-wi-fi-7-be9300-mbps-2-puerto-2-5-gigabit-wan-lan-4-antenas-internas-operacion-multi-link-mlo-administracion-mediante-la-app-de\/"},"modified":"2026-03-19T19:13:39","modified_gmt":"2026-03-19T19:13:39","slug":"kit-2-routers-inalambrico-mesh-interior-para-hogar-triple-banda-wi-fi-7-be9300-mbps-2-puerto-2-5-gigabit-wan-lan-4-antenas-internas-operacion-multi-link-mlo-administracion-mediante-la-app-de","status":"publish","type":"product","link":"https:\/\/soydeaqui.ddns.net\/pachuca\/index.php\/producto\/kit-2-routers-inalambrico-mesh-interior-para-hogar-triple-banda-wi-fi-7-be9300-mbps-2-puerto-2-5-gigabit-wan-lan-4-antenas-internas-operacion-multi-link-mlo-administracion-mediante-la-app-de\/","title":{"rendered":"KIT 2 Routers Inal\u00e1mbrico MESH Interior para Hogar \/ Triple Banda Wi-Fi 7 BE9300 Mbps \/ 2 Puerto 2.5 Gigabit WAN\/LAN \/ 4 Antenas Internas \/ Operaci\u00f3n Multi-Link MLO \/ Administraci\u00f3n Mediante la App Deco (iOS, Android) \/ HomeShield"},"content":{"rendered":"<div style='width: 100%; max-width: 1200px; margin: 0 auto; font-family: sans-serif; line-height: 1.6; color: inherit; background-color: transparent;'> <!-- Secci\u00f3n Hero con background --> <\/p>\n<section style='width: 100%; background-image: url('http:\/\/ftp3.syscom.mx\/usuarios\/ftp\/2025\/03\/06\/1908\/a.jpg_froala_67ca0b41dc3b6'); background-size: cover; background-repeat: no-repeat; background-position: center; padding: 80px 0; text-align: center; border-bottom: 1px solid rgba(150&comma;150&comma;150&comma;0.3);'>\n<div style='max-width: 1200px; margin: auto; display: flex; flex-wrap: wrap; align-items: center; justify-content: center; padding: 20px;'>\n<div style='flex: 1 1 300px; min-width: 280px; text-align: left; padding: 20px;'> <img src='http:\/\/ftp3.syscom.mx\/usuarios\/ftp\/2025\/03\/06\/1908\/awifi7Certified.png_froala_67ca09906ce1d' alt='Wi-Fi 6E' style='width: 120px; height: auto; border: 1px solid rgba(150&comma;150&comma;150&comma;0.3); border-radius: 8px; margin-bottom: 15px;'> <\/p>\n<h2 style='font-size: 24px; margin-bottom: 10px; color: inherit; opacity: 0.8;'>Internet en toda la casa con Wi-Fi 7 Mesh AI a m\u00e1xima velocidad<\/h2>\n<p style='font-size: 18px; margin-bottom: 10px; color: inherit;'>Sistema Wi-Fi 7 Mesh Triple Banda BE9300<\/p>\n<p style='font-size: 20px; font-weight: bold; margin-bottom: 20px; color: inherit;'>Deco BE65 2Pack<\/p>\n<div style='display: flex; flex-wrap: wrap; gap: 15px; margin-top: 20px;'> <img src='http:\/\/ftp3.syscom.mx\/usuarios\/ftp\/2025\/03\/06\/1908\/googlehome.png_froala_67ca097fd82e0' alt='Frecuencia' style='width: 100px; height: auto; border: 1px solid rgba(150&comma;150&comma;150&comma;0.3); border-radius: 8px;'> <img src='http:\/\/ftp3.syscom.mx\/usuarios\/ftp\/2025\/03\/05\/1908\/homeshield.jpg_froala_67c88c6ba75f9' alt='HomeShield' style='width: 140px; height: auto; border: 1px solid rgba(150&comma;150&comma;150&comma;0.3); border-radius: 8px;'> <img src='http:\/\/ftp3.syscom.mx\/usuarios\/ftp\/2025\/03\/05\/1908\/tag-compatible-amazon-alexa.png_froala_67c88fb4057d2' alt='HomeShield' style='width: 112px; height: auto; border: 1px solid rgba(150&comma;150&comma;150&comma;0.3); border-radius: 8px;'> <\/div>\n<\/p><\/div>\n<\/p><\/div>\n<\/section>\n<p> <!-- Secci\u00f3n AI Roaming --> <\/p>\n<div style='margin: 40px 0; padding: 20px;'>\n<div style='text-align: center; max-width: 800px; margin: 0 auto 20px auto;'>\n<h2 style='font-size: 24px; margin-bottom: 15px; color: inherit; opacity: 0.8;'>Roaming sin interrupciones impulsada por IA<\/h2>\n<p style='font-size: 15px; margin-bottom: 20px; color: inherit;'>Deco Mesh forma una red unificada con un \u00fanico nombre de Red. Con la tecnolog\u00eda AI-Roaming integrada&comma; crea la soluci\u00f3n WiFi ideal con sus algoritmos y autoaprendizaje. Recorre tu casa y disfruta de una transmisi\u00f3n sin interrupciones a las velocidades m\u00e1s r\u00e1pidas posibles.<\/p>\n<p style='text-align: center; margin-top: 20px;'> <a href='https:\/\/www.tp-link.com\/en\/mesh\/ai-driven-mesh\/' style='color: inherit; text-decoration: underline;'>Obtenga m\u00e1s informaci\u00f3n sobre AI-Roaming<\/a> <\/p>\n<\/p><\/div>\n<\/p><\/div>\n<p> <!-- Secci\u00f3n Videos --> <\/p>\n<div style='display: flex; flex-wrap: wrap; gap: 20px; margin: 40px 0;'>\n<div style='flex: 1 1 300px; min-width: 280px;'>\n<div style='position: relative; padding-bottom: 56.25%; height: 0; overflow: hidden; border: 1px solid rgba(150&comma;150&comma;150&comma;0.3); border-radius: 8px;'> <video autoplay='' playsinline='' loop='' muted='' preload='auto' style='position: absolute; top: 0; left: 0; width: 100%; height: 100%; object-fit: cover;' src='https:\/\/ftp3.syscom.mx\/usuarios\/vvillarreal\/TP-Link\/DECO\/video\/msh.mp4'><source src='ftp:\/\/vvillarreal@172.31.13.99\/TP-Link\/DECO\/video\/msh.mp4' type='video\/mp4'>Tu navegador no es compatible con video HTML5.<\/video> <\/div>\n<\/p><\/div>\n<div style='flex: 1 1 300px; min-width: 280px;'>\n<div style='position: relative; padding-bottom: 56.25%; height: 0; overflow: hidden; border: 1px solid rgba(150&comma;150&comma;150&comma;0.3); border-radius: 8px;'> <video playsinline='' loop='' muted='' preload='auto' style='position: absolute; top: 0; left: 0; width: 100%; height: 100%; object-fit: cover;' autoplay=''><source src='https:\/\/ftp3.syscom.mx\/usuarios\/vvillarreal\/TP-Link\/DECO\/video\/deco2.mp4' type='video\/mp4'>Tu navegador no es compatible con video HTML5.<\/video> <\/div>\n<\/p><\/div>\n<\/p><\/div>\n<p> <!-- Secci\u00f3n HomeShield --> <\/p>\n<div style='text-align: center; margin: 40px 0;'> <img src='http:\/\/ftp3.syscom.mx\/usuarios\/ftp\/2025\/03\/05\/1908\/homeshield.jpg_froala_67c8d63d3da8a' alt='HomeShield' style='width: 322px; height: auto; border: 1px solid rgba(150&comma;150&comma;150&comma;0.3); border-radius: 8px; margin: 0 auto 20px;'> <\/p>\n<h2 style='font-size: 24px; margin-bottom: 15px; color: inherit; opacity: 0.8; text-align: center;'>Proteja su red y todo lo que contiene<\/h2>\n<p style='font-size: 15px; margin-bottom: 20px; color: inherit; text-align: center;'>Los servicios de seguridad premium de TP-Link mantienen su red dom\u00e9stica segura con funciones de vanguardia para protecci\u00f3n de red e IoT.<\/p>\n<p style='text-align: center; margin-top: 20px;'> <a href='https:\/\/www.tp-link.com\/mx\/homeshield\/' style='color: inherit; text-decoration: underline;'>Obtenga m\u00e1s informaci\u00f3n sobre HomeShield<\/a> <\/p>\n<\/p><\/div>\n<p> <!-- Secci\u00f3n de Features --> <\/p>\n<div style='display: grid; grid-template-columns: repeat(auto-fill&comma; minmax(250px&comma; 1fr)); gap: 20px; margin: 40px 0;'>\n<div style='border: 1px solid rgba(150&comma;150&comma;150&comma;0.4); border-radius: 8px; overflow: hidden; display: flex; flex-direction: column;'>\n<div style='padding: 15px; border-bottom: 1px solid rgba(150&comma;150&comma;150&comma;0.2); font-weight: bold; font-size: 18px; color: inherit;'>Protecci\u00f3n de red<\/div>\n<div style='padding: 15px; color: inherit;'> <img src='http:\/\/ftp3.syscom.mx\/usuarios\/ftp\/2025\/03\/05\/1908\/j1.jpg_froala_67c8d2b6a1651' alt='Protecci\u00f3n de red' style='width: 100%; max-width: 200px; height: auto; border: 1px solid rgba(150&comma;150&comma;150&comma;0.3); border-radius: 8px; margin: 0 auto 0 0; display: block;'> <\/p>\n<p style='margin-top: 15px; margin-bottom: 15px; font-size: 14px; color: inherit;'>Detecta amenazas cibern\u00e9ticas para mantener tu privacidad y tus dispositivos conectados bien protegidos.<\/p>\n<ul style='padding-left: 20px; margin: 0; font-size: 14px; list-style-type: disc; color: inherit;'>\n<li style='margin-bottom: 5px;'>Protecci\u00f3n de IoT en tiempo real<\/li>\n<li style='margin-bottom: 5px;'>Bloqueador de sitios maliciosos<\/li>\n<li style='margin-bottom: 5px;'>Prevenci\u00f3n de intrusiones<\/li>\n<li style='margin-bottom: 5px;'>Esc\u00e1ner de red dom\u00e9stica<\/li>\n<\/ul><\/div>\n<\/p><\/div>\n<div style='border: 1px solid rgba(150&comma;150&comma;150&comma;0.4); border-radius: 8px; overflow: hidden; display: flex; flex-direction: column;'>\n<div style='padding: 15px; border-bottom: 1px solid rgba(150&comma;150&comma;150&comma;0.2); font-weight: bold; font-size: 18px; color: inherit;'>Controles parentales robustos<\/div>\n<div style='padding: 15px; color: inherit;'> <img src='http:\/\/ftp3.syscom.mx\/usuarios\/ftp\/2025\/03\/05\/1908\/j2.jpg_froala_67c8d3107950f' alt='Controles parentales robustos' style='width: 100%; max-width: 200px; height: auto; border: 1px solid rgba(150&comma;150&comma;150&comma;0.3); border-radius: 8px; margin: 0 auto 0 0; display: block;'> <\/p>\n<p style='margin-top: 15px; margin-bottom: 15px; font-size: 14px; color: inherit;'>Administre el tiempo en l\u00ednea y bloquee contenido inapropiado para mantener a las familias saludables en l\u00ednea.<\/p>\n<ul style='padding-left: 20px; margin: 0; font-size: 14px; list-style-type: disc; color: inherit;'>\n<li style='margin-bottom: 5px;'>Perfil de usuario por edad<\/li>\n<li style='margin-bottom: 5px;'>Filtro de contenido<\/li>\n<li style='margin-bottom: 5px;'>Hora de dormir<\/li>\n<li style='margin-bottom: 5px;'>Recompensas de tiempo<\/li>\n<\/ul><\/div>\n<\/p><\/div>\n<div style='border: 1px solid rgba(150&comma;150&comma;150&comma;0.4); border-radius: 8px; overflow: hidden; display: flex; flex-direction: column;'>\n<div style='padding: 15px; border-bottom: 1px solid rgba(150&comma;150&comma;150&comma;0.2); font-weight: bold; font-size: 18px; color: inherit;'>Calidad de servicio (QoS)<\/div>\n<div style='padding: 15px; color: inherit;'> <img src='http:\/\/ftp3.syscom.mx\/usuarios\/ftp\/2025\/03\/05\/1908\/j3.jpg_froala_67c8d3212c8b9' alt='Calidad de servicio (QoS)' style='width: 100%; max-width: 200px; height: auto; border: 1px solid rgba(150&comma;150&comma;150&comma;0.3); border-radius: 8px; margin: 0 auto 0 0; display: block;'> <\/p>\n<p style='margin-top: 15px; margin-bottom: 15px; font-size: 14px; color: inherit;'>Priorice sus necesidades de ancho de banda para obtener una experiencia de red m\u00e1s r\u00e1pida.<\/p>\n<ul style='padding-left: 20px; margin: 0; font-size: 14px; list-style-type: disc; color: inherit;'>\n<li style='margin-bottom: 5px;'>Prioridad del dispositivo<\/li>\n<\/ul><\/div>\n<\/p><\/div>\n<div style='border: 1px solid rgba(150&comma;150&comma;150&comma;0.4); border-radius: 8px; overflow: hidden; display: flex; flex-direction: column;'>\n<div style='padding: 15px; border-bottom: 1px solid rgba(150&comma;150&comma;150&comma;0.2); font-weight: bold; font-size: 18px; color: inherit;'>Informes completos<\/div>\n<div style='padding: 15px; color: inherit;'> <img src='http:\/\/ftp3.syscom.mx\/usuarios\/ftp\/2025\/03\/05\/1908\/j4.jpg_froala_67c8d337a9278' alt='Informes completos' style='width: 100%; max-width: 200px; height: auto; border: 1px solid rgba(150&comma;150&comma;150&comma;0.3); border-radius: 8px; margin: 0 auto 0 0; display: block;'> <\/p>\n<p style='margin-top: 15px; margin-bottom: 15px; font-size: 14px; color: inherit;'>Obtenga estad\u00edsticas e informaci\u00f3n completa que le ayudar\u00e1n a conocer mejor su red dom\u00e9stica.<\/p>\n<ul style='padding-left: 20px; margin: 0; font-size: 14px; list-style-type: disc; color: inherit;'>\n<li style='margin-bottom: 5px;'>Descripci\u00f3n general del usuario de Internet<\/li>\n<li style='margin-bottom: 5px;'>An\u00e1lisis de tiempo en l\u00ednea<\/li>\n<li style='margin-bottom: 5px;'>An\u00e1lisis del historial del navegador<\/li>\n<li style='margin-bottom: 5px;'>Estad\u00edsticas del dispositivo final<\/li>\n<\/ul><\/div>\n<\/p><\/div>\n<\/p><\/div>\n<p> <!-- Secci\u00f3n Configuraci\u00f3n --> <\/p>\n<div style='margin: 40px 0; padding: 20px;'>\n<h2 style='font-size: 24px; margin-bottom: 25px; color: inherit; opacity: 0.8; text-align: center;'>Sencillo&comma; F\u00e1cil y Poderoso<\/h2>\n<p style='font-size: 15px; margin-bottom: 30px; color: inherit; text-align: center;'>Configura y administra tu red en cualquier momento y lugar con la sencilla aplicaci\u00f3n TP-Link Deco. En solo tres sencillos pasos.<\/p>\n<section style='width: 100%; background-image: url('http:\/\/ftp3.syscom.mx\/usuarios\/ftp\/2025\/03\/06\/1908\/h.jpg_froala_67ca0eb3243ab'); background-size: cover; background-repeat: no-repeat; background-position: center; padding: 60px 0; text-align: center; border: 1px solid rgba(150&comma;150&comma;150&comma;0.3); border-radius: 8px;'>\n<div style='max-width: 1000px; margin: 0 auto; padding: 20px;'>\n<div style='display: flex; flex-wrap: wrap; justify-content: space-between;'>\n<div style='flex: 1 1 30%; min-width: 250px; padding: 10px; text-align: center;'> <img src='http:\/\/ftp3.syscom.mx\/usuarios\/ftp\/2025\/03\/06\/1908\/l1.png_froala_67c9c6217667a' alt='Paso 1' style='width: 120px; height: 100px; border: 1px solid rgba(150&comma;150&comma;150&comma;0.3); border-radius: 8px; margin-bottom: 10px;'> <\/p>\n<h3 style='font-size: 18px; margin-bottom: 10px; color: inherit; opacity: 0.8;'>Paso 1<\/h3>\n<p style='font-size: 14px; color: inherit;'>Con\u00e9ctate al m\u00f3dem y enci\u00e9ndelo.<\/p>\n<\/p><\/div>\n<div style='flex: 1 1 30%; min-width: 250px; padding: 10px; text-align: center;'> <img src='http:\/\/ftp3.syscom.mx\/usuarios\/ftp\/2025\/03\/06\/1908\/l2.png_froala_67c9c62e99047' alt='Paso 2' style='width: 65px; height: 100px; border: 1px solid rgba(150&comma;150&comma;150&comma;0.3); border-radius: 8px; margin-bottom: 10px;'> <\/p>\n<h3 style='font-size: 18px; margin-bottom: 10px; color: inherit; opacity: 0.8;'>Paso 2<\/h3>\n<p style='font-size: 14px; color: inherit;'>Descarga y ejecuta la aplicaci\u00f3n.<\/p>\n<\/p><\/div>\n<div style='flex: 1 1 30%; min-width: 250px; padding: 10px; text-align: center;'> <img src='http:\/\/ftp3.syscom.mx\/usuarios\/ftp\/2025\/03\/06\/1908\/l3.png_froala_67c9c638a7256' alt='Paso 3' style='width: 100px; height: 100px; border: 1px solid rgba(150&comma;150&comma;150&comma;0.3); border-radius: 8px; margin-bottom: 10px;'> <\/p>\n<h3 style='font-size: 18px; margin-bottom: 10px; color: inherit; opacity: 0.8;'>Paso 3<\/h3>\n<p style='font-size: 14px; color: inherit;'>Configura siguiendo las instrucciones.<\/p>\n<\/p><\/div>\n<\/p><\/div>\n<\/p><\/div>\n<\/section><\/div>\n<p> <!-- Secci\u00f3n Tipos de casas --> <\/p>\n<div style='margin: 40px 0; padding: 20px;'>\n<h2 style='font-size: 24px; margin-bottom: 25px; color: inherit; opacity: 0.8; text-align: center;'>Se adapta a cualquier tipo de casa.<\/h2>\n<p style='font-size: 15px; margin-bottom: 30px; color: inherit; text-align: center;'>Ladrillos y cemento. Pisos y techos. Paredes y pasillos. Todos ellos dificultan la transmisi\u00f3n de WiFi por toda la casa. Las unidades Deco trabajan juntas para hacer que la se\u00f1al WiFi supere los obst\u00e1culos de la casa y ofrecer una cobertura completa.<\/p>\n<div style='display: flex; flex-wrap: wrap; justify-content: center; gap: 30px;'>\n<div style='flex: 1 1 250px; min-width: 250px; text-align: center;'> <img src='http:\/\/ftp3.syscom.mx\/usuarios\/ftp\/2025\/03\/06\/1908\/f1.jpg_froala_67c9cccb057a3' alt='Departamento' style='width: 100%; max-width: 300px; height: auto; border: 1px solid rgba(150&comma;150&comma;150&comma;0.3); border-radius: 8px; margin-bottom: 10px;'> <\/p>\n<p style='margin-top: 15px; font-size: 15px; color: inherit;'>Departamento<\/p>\n<\/p><\/div>\n<div style='flex: 1 1 250px; min-width: 250px; text-align: center;'> <img src='http:\/\/ftp3.syscom.mx\/usuarios\/ftp\/2025\/03\/06\/1908\/f2.jpg_froala_67c9ccd376f14' alt='Casa de varios pisos' style='width: 100%; max-width: 300px; height: auto; border: 1px solid rgba(150&comma;150&comma;150&comma;0.3); border-radius: 8px; margin-bottom: 10px;'> <\/p>\n<p style='margin-top: 15px; font-size: 15px; color: inherit;'>Casa de varios pisos<\/p>\n<\/p><\/div>\n<div style='flex: 1 1 250px; min-width: 250px; text-align: center;'> <img src='http:\/\/ftp3.syscom.mx\/usuarios\/ftp\/2025\/03\/06\/1908\/f3.jpg_froala_67c9ccdba2eb9' alt='Casa estilo rancho' style='width: 100%; max-width: 300px; height: auto; border: 1px solid rgba(150&comma;150&comma;150&comma;0.3); border-radius: 8px; margin-bottom: 10px;'> <\/p>\n<p style='margin-top: 15px; font-size: 15px; color: inherit;'>Casa estilo rancho<\/p>\n<\/p><\/div>\n<\/p><\/div>\n<\/p><\/div>\n<p> <!-- Secci\u00f3n Especificaciones --> <\/p>\n<div style='margin: 40px 0; padding: 20px;'>\n<h3 style='font-size: 22px; border-bottom: 2px solid currentColor; padding-bottom: 5px; margin-top: 0; margin-bottom: 20px; color: inherit; opacity: 0.8;'>Especificaciones<\/h3>\n<div style='display: flex; flex-wrap: wrap; gap: 20px;'>\n<div style='flex: 1 1 250px; min-width: 280px;'>\n<ul style='padding-left: 20px; font-size: 15px; color: inherit;'>\n<li style='margin-bottom: 5px;'><strong>Dimensiones:<\/strong> 107.5 x 107.5 x 176 mm<\/li>\n<li style='margin-bottom: 5px;'><strong>Puertos:<\/strong> (4) Puerto 2.5G Detecci\u00f3n Autom\u00e1tica WAN\/LAN<\/li>\n<li style='margin-bottom: 5px;'><strong>Modos de Operaci\u00f3n:<\/strong> Router \/ Punto de Acceso<\/li>\n<li style='margin-bottom: 5px;'><strong>Garant\u00eda:<\/strong> 2 a\u00f1os<\/li>\n<li style='margin-bottom: 5px;'><strong>Gesti\u00f3n:<\/strong> Mediante Aplicaci\u00f3n (iOS \/ Android)<\/li>\n<li style='margin-bottom: 5px;'><strong>Consumo m\u00e1x:<\/strong> 26 W<\/li>\n<\/ul><\/div>\n<div style='flex: 1 1 250px; min-width: 280px;'>\n<ul style='padding-left: 20px; font-size: 15px; color: inherit;'>\n<li style='margin-bottom: 5px;'><strong>Alimentaci\u00f3n:<\/strong> 12 Vcc \/ 1.5A<\/li>\n<li style='margin-bottom: 5px;'><strong>Antenas:<\/strong> 4 Antenas Internas<\/li>\n<li style='margin-bottom: 5px;'><strong>WiFi:<\/strong> 6E<\/li>\n<li style='margin-bottom: 5px;'><strong>Bot\u00f3n Reset:<\/strong> S\u00ed<\/li>\n<\/ul><\/div>\n<\/p><\/div>\n<\/p><\/div>\n<p> <!-- Secci\u00f3n Caracter\u00edsticas T\u00e9cnicas --> <\/p>\n<div style='margin: 40px 0; padding: 20px;'>\n<h3 style='font-size: 22px; border-bottom: 2px solid currentColor; padding-bottom: 5px; margin-top: 0; margin-bottom: 20px; color: inherit; opacity: 0.8;'>Caracter\u00edsticas<\/h3>\n<div style='display: flex; flex-wrap: wrap; gap: 20px;'>\n<div style='flex: 1 1 250px; min-width: 280px;'>\n<ul style='padding-left: 20px; font-size: 15px; color: inherit;'>\n<li style='margin-bottom: 5px;'><strong>Seguridad Inal\u00e1mbrica:<\/strong> WPA\/WPA2\/WPA3<\/li>\n<li style='margin-bottom: 5px;'><strong>Reenv\u00edo NAT:<\/strong> Reenv\u00edo de puertos&comma; uPnP<\/li>\n<li style='margin-bottom: 5px;'><strong>Tipos de conexi\u00f3n WAN:<\/strong> IP est\u00e1tica\/ din\u00e1mica&comma; PPPoE&comma; PPTP&comma; L2TP&comma; Banda ancha m\u00f3vil<\/li>\n<li style='margin-bottom: 5px;'><strong>IPV6\/IPV4:<\/strong> Conexi\u00f3n WAN<\/li>\n<\/ul><\/div>\n<div style='flex: 1 1 250px; min-width: 280px;'>\n<ul style='padding-left: 20px; font-size: 15px; color: inherit;'>\n<li style='margin-bottom: 5px;'><strong>IPTV:<\/strong> Proxy IGMP<\/li>\n<li style='margin-bottom: 5px;'><strong>Temperatura de operaci\u00f3n:<\/strong> 0 a 40\u00b0 C<\/li>\n<li style='margin-bottom: 5px;'><strong>Certificaciones:<\/strong> CE&comma; FCC&comma; RoHS<\/li>\n<\/ul><\/div>\n<\/p><\/div>\n<\/p><\/div>\n<p> <!-- Secci\u00f3n WiFi --> <\/p>\n<div style='margin: 40px 0; padding: 20px;'>\n<h3 style='font-size: 22px; border-bottom: 2px solid currentColor; padding-bottom: 5px; margin-top: 0; margin-bottom: 20px; color: inherit; opacity: 0.8;'>WiFi<\/h3>\n<ul style='padding-left: 20px; font-size: 15px; color: inherit;'>\n<li style='margin-bottom: 5px;'>Tecnolog\u00eda Mesh TP-Link <span style='color: #3598db;'>(Solo Compatible con Decos)<\/span><\/li>\n<li style='margin-bottom: 5px;'>MU-MIMO 2X2: Se comunica simult\u00e1neamente con m\u00faltiples clientes<\/li>\n<li style='margin-bottom: 5px;'>OFDMA: Se comunica simult\u00e1neamente con m\u00faltiples clientes WiFi 6<\/li>\n<li style='margin-bottom: 5px;'>6 Streams: Ancho de Banda para los dispositivos<\/li>\n<\/ul><\/div>\n<p> <!-- Secci\u00f3n Seguridad HomeShield --> <\/p>\n<div style='margin: 40px 0; padding: 20px;'>\n<h3 style='font-size: 22px; border-bottom: 2px solid currentColor; padding-bottom: 5px; margin-top: 0; margin-bottom: 20px; color: inherit; opacity: 0.8;'>Seguridad <a href='https:\/\/www.tp-link.com\/mx\/homeshield\/' style='color: inherit; text-decoration: underline;'>HomeShield<\/a><\/h3>\n<div style='display: flex; flex-wrap: wrap; gap: 20px;'>\n<div style='flex: 1 1 250px; min-width: 280px;'>\n<ul style='padding-left: 20px; font-size: 15px; color: inherit;'>\n<li style='margin-bottom: 5px;'>Seguridad de la red<\/li>\n<li style='margin-bottom: 5px;'>Calidad de Servicio<\/li>\n<li style='margin-bottom: 5px;'>Controles Parentales<\/li>\n<li style='margin-bottom: 5px;'>Informes Completos<\/li>\n<\/ul><\/div>\n<\/p><\/div>\n<\/p><\/div>\n<p> <!-- Secci\u00f3n Control Parental --> <\/p>\n<div style='margin: 40px 0; padding: 20px;'>\n<h3 style='font-size: 22px; border-bottom: 2px solid currentColor; padding-bottom: 5px; margin-top: 0; margin-bottom: 20px; color: inherit; opacity: 0.8;'>Control Parental<\/h3>\n<div style='display: flex; flex-wrap: wrap; gap: 20px;'>\n<div style='flex: 1 1 250px; min-width: 280px;'>\n<ul style='padding-left: 20px; font-size: 15px; color: inherit;'>\n<li style='margin-bottom: 5px;'>Perfiles de Usuario por edad<\/li>\n<li style='margin-bottom: 5px;'>Bloqueo de aplicaciones<\/li>\n<li style='margin-bottom: 5px;'>Filtrado web<\/li>\n<li style='margin-bottom: 5px;'>B\u00fasqueda segura<\/li>\n<\/ul><\/div>\n<\/p><\/div>\n<\/p><\/div>\n<p> <!-- Secci\u00f3n Potencia de Transmisi\u00f3n WiFi --> <\/p>\n<div style='margin: 40px 0; padding: 20px;'>\n<h3 style='font-size: 22px; border-bottom: 2px solid currentColor; padding-bottom: 5px; margin-top: 0; margin-bottom: 20px; color: inherit; opacity: 0.8;'>Potencia de Transmisi\u00f3n WiFi<\/h3>\n<div style='display: flex; flex-wrap: wrap; gap: 20px;'>\n<div style='flex: 1 1 250px; min-width: 280px;'>\n<ul style='padding-left: 20px; font-size: 15px; color: inherit;'>\n<li style='margin-bottom: 5px;'><strong>CE:<\/strong> <20 dBm (2&comma;4 GHz) \/ <23 dBm (5 GHz) \/ <23 dBm (6 GHz)<\/li>\n<li style='margin-bottom: 5px;'><strong>FCC:<\/strong> <30 dBm (2&comma;4 GHz) \/ <30 dBm (5 GHz) \/ <30 dBm (6 GHz)<\/li>\n<\/ul><\/div>\n<\/p><\/div>\n<\/p><\/div>\n<p> <!-- Secci\u00f3n Contenido del Paquete --> <\/p>\n<div style='margin: 40px 0; padding: 20px;'>\n<h3 style='font-size: 22px; border-bottom: 2px solid currentColor; padding-bottom: 5px; margin-top: 0; margin-bottom: 20px; color: inherit; opacity: 0.8;'>Contenido del Paquete<\/h3>\n<div style='display: flex; flex-wrap: wrap; gap: 20px;'>\n<div style='flex: 1 1 250px; min-width: 280px;'>\n<ul style='padding-left: 20px; font-size: 15px; color: inherit;'>\n<li style='margin-bottom: 5px;'>2 Deco BE65 Pro<\/li>\n<li style='margin-bottom: 5px;'>1 Cable Ethernet RJ45<\/li>\n<li style='margin-bottom: 5px;'>2 Fuentes de Poder<\/li>\n<li style='margin-bottom: 5px;'>1 Gu\u00eda de instalaci\u00f3n r\u00e1pida<\/li>\n<\/ul><\/div>\n<\/p><\/div>\n<\/p><\/div>\n<p> <!-- Separador final --> <\/p>\n<hr style='border: 0; border-top: 1px solid rgba(150&comma;150&comma;150&comma;0.3); margin: 30px 0;'> <\/div>\n","protected":false},"excerpt":{"rendered":"<p>KIT 2 Routers Inal\u00e1mbrico MESH Interior para Hogar \/ Triple Banda Wi-Fi 7 BE9300 Mbps \/ 2 Puerto 2.5 Gigabit WAN\/LAN \/ 4 Antenas Internas \/ Operaci\u00f3n Multi-Link MLO \/ Administraci\u00f3n Mediante la App Deco (iOS, Android) \/ HomeShield<\/p>\n","protected":false},"featured_media":82132,"comment_status":"open","ping_status":"closed","template":"","meta":[],"product_brand":[],"product_cat":[2024],"product_tag":[1479,2025,71],"class_list":{"0":"post-82133","1":"product","2":"type-product","3":"status-publish","4":"has-post-thumbnail","6":"product_cat-routers-inalambricos","7":"product_tag-redes-wifi","8":"product_tag-routers-inalambricos","9":"product_tag-tp-link","11":"first","12":"instock","13":"sale","14":"shipping-taxable","15":"purchasable","16":"product-type-simple"},"_links":{"self":[{"href":"https:\/\/soydeaqui.ddns.net\/pachuca\/index.php\/wp-json\/wp\/v2\/product\/82133","targetHints":{"allow":["GET"]}}],"collection":[{"href":"https:\/\/soydeaqui.ddns.net\/pachuca\/index.php\/wp-json\/wp\/v2\/product"}],"about":[{"href":"https:\/\/soydeaqui.ddns.net\/pachuca\/index.php\/wp-json\/wp\/v2\/types\/product"}],"replies":[{"embeddable":true,"href":"https:\/\/soydeaqui.ddns.net\/pachuca\/index.php\/wp-json\/wp\/v2\/comments?post=82133"}],"wp:featuredmedia":[{"embeddable":true,"href":"https:\/\/soydeaqui.ddns.net\/pachuca\/index.php\/wp-json\/wp\/v2\/media\/82132"}],"wp:attachment":[{"href":"https:\/\/soydeaqui.ddns.net\/pachuca\/index.php\/wp-json\/wp\/v2\/media?parent=82133"}],"wp:term":[{"taxonomy":"product_brand","embeddable":true,"href":"https:\/\/soydeaqui.ddns.net\/pachuca\/index.php\/wp-json\/wp\/v2\/product_brand?post=82133"},{"taxonomy":"product_cat","embeddable":true,"href":"https:\/\/soydeaqui.ddns.net\/pachuca\/index.php\/wp-json\/wp\/v2\/product_cat?post=82133"},{"taxonomy":"product_tag","embeddable":true,"href":"https:\/\/soydeaqui.ddns.net\/pachuca\/index.php\/wp-json\/wp\/v2\/product_tag?post=82133"}],"curies":[{"name":"wp","href":"https:\/\/api.w.org\/{rel}","templated":true}]}}