{"id":82124,"date":"2026-03-19T19:13:13","date_gmt":"2026-03-19T19:13:13","guid":{"rendered":"https:\/\/soydeaqui.ddns.net\/pachuca\/index.php\/producto\/kit-punto-de-acceso-ac-ptp-y-ptmp-en-5-ghz-poe-hasta-867-mbps-salida-poe-alimenta-una-camara-antena-sectorial-de-h-50-mimo-2x2-8-dbi-de-ganancia-uso-en-exterior-administraci\/"},"modified":"2026-03-19T19:13:14","modified_gmt":"2026-03-19T19:13:14","slug":"kit-punto-de-acceso-ac-ptp-y-ptmp-en-5-ghz-poe-hasta-867-mbps-salida-poe-alimenta-una-camara-antena-sectorial-de-h-50-mimo-2x2-8-dbi-de-ganancia-uso-en-exterior-administraci","status":"publish","type":"product","link":"https:\/\/soydeaqui.ddns.net\/pachuca\/index.php\/producto\/kit-punto-de-acceso-ac-ptp-y-ptmp-en-5-ghz-poe-hasta-867-mbps-salida-poe-alimenta-una-camara-antena-sectorial-de-h-50-mimo-2x2-8-dbi-de-ganancia-uso-en-exterior-administraci\/","title":{"rendered":"Kit Punto de Acceso (AC) PTP y PTMP en 5 GHz \/ PoE \/ Hasta 867 Mbps \/ Salida PoE (Alimenta una C\u00e1mara) \/ Antena Sectorial de H: 50\u00b0 \/ MIMO 2X2 \/ 8 dBi de Ganancia \/ Uso en Exterior \/ Administraci\u00f3n Gratuita desde la Nube"},"content":{"rendered":"<div style='width: 100%; max-width: 1200px; margin: 0 auto; font-family: sans-serif; line-height: 1.6; color: inherit; background-color: transparent;'> <!-- Logo Hikvision --> <\/p>\n<p style='text-align: center; margin: 20px 0;'><img style='width: 45%; height: auto; border: 1px solid rgba(150&comma;150&comma;150&comma;0.3); border-radius: 8px;' src='https:\/\/ftp3.syscom.mx\/usuarios\/jsosa\/HIKVISION\/imagenes\/logo\/hikvision%20see%20far.png' alt='Logo Hikvision'><\/p>\n<p> <!-- Video principal --> <\/p>\n<div style='position: relative; padding-bottom: 56.25%; height: 0; overflow: hidden; margin-bottom: 30px;'>   <\/div>\n<p> <!-- Videos adicionales --> <\/p>\n<div style='display: flex; flex-wrap: wrap; gap: 30px; margin-bottom: 30px;'>\n<div style='flex: 1 1 300px; min-width: 280px;'>\n<h3 style='font-size: 18px; text-align: center; margin-bottom: 15px; color: inherit; opacity: 0.8;'>\u00bfQu\u00e9 es Hik-Partner Pro?<\/h3>\n<div style='position: relative; padding-bottom: 56.25%; height: 0; overflow: hidden;'>   <\/div>\n<\/p><\/div>\n<div style='flex: 1 1 300px; min-width: 280px;'>\n<h3 style='font-size: 18px; text-align: center; margin-bottom: 15px; color: inherit; opacity: 0.8;'>Activa tus Equipos en 3 Pasos<\/h3>\n<div style='position: relative; padding-bottom: 56.25%; height: 0; overflow: hidden;'>   <\/div>\n<\/p><\/div>\n<div style='flex: 1 1 300px; min-width: 280px;'>\n<h3 style='font-size: 18px; text-align: center; margin-bottom: 15px; color: inherit; opacity: 0.8;'>\u00a1Vincula tus dispositivos!<\/h3>\n<div style='position: relative; padding-bottom: 56.25%; height: 0; overflow: hidden;'>   <\/div>\n<\/p><\/div>\n<\/p><\/div>\n<p> <!-- Caracter\u00edsticas principales --> <\/p>\n<div style='display: flex; flex-wrap: wrap; gap: 30px; margin-bottom: 30px;'>\n<div style='flex: 1 1 300px; min-width: 280px;'>\n<h3 style='font-size: 22px; border-bottom: 2px solid currentColor; padding-bottom: 5px; margin-top: 0; color: inherit; opacity: 0.8;'>Caracter\u00edsticas Principales<\/h3>\n<ul style='padding-left: 20px; font-size: 15px; color: inherit;'>\n<li style='margin-bottom: 5px;'>Equipos para conexi\u00f3n punto a punto y punto multipunto<\/li>\n<li style='margin-bottom: 5px;'>Distancia de <strong>HASTA 3 KM<\/strong><\/li>\n<li style='margin-bottom: 5px;'>Cuenta con salida <strong>PoE de 10 W<\/strong> (para alimentar camara)<\/li>\n<li style='margin-bottom: 5px;'>Interfaz WEB para f\u00e1cil acceso a su configuraci\u00f3n<\/li>\n<li style='margin-bottom: 5px;'>IP Default <strong>AP<\/strong> (192.168.1.35)<\/li>\n<li style='margin-bottom: 5px;'>IP Default <strong>CPE<\/strong> (192.168.1.36)<\/li>\n<li style='margin-bottom: 5px;'>Soporta est\u00e1ndar WiFi: IEEE802.11 a\/n\/ac<\/li>\n<li style='margin-bottom: 5px;'>Velocidad de hasta: 867 Mbps<\/li>\n<li style='margin-bottom: 5px;'>Antenas interconstruida de 8 dBi<\/li>\n<li style='margin-bottom: 5px;'>Poder de Trasmisi\u00f3n: 22 dBm<\/li>\n<li style='margin-bottom: 5px;'>Encriptaci\u00f3n: WPA-PSK \/ WPA2-PSK<\/li>\n<\/ul><\/div>\n<p> <!-- Caracter\u00edsticas f\u00edsicas y el\u00e9ctricas --> <\/p>\n<div style='flex: 1 1 300px; min-width: 280px;'>\n<h3 style='font-size: 22px; border-bottom: 2px solid currentColor; padding-bottom: 5px; margin-top: 0; color: inherit; opacity: 0.8;'>Caracter\u00edsticas F\u00edsicas y El\u00e9ctricas<\/h3>\n<ul style='padding-left: 20px; font-size: 15px; color: inherit;'>\n<li style='margin-bottom: 5px;'>Ancho de canal ajustable: 20 MHz \/ 40 MHz \/ 80 MHz<\/li>\n<li style='margin-bottom: 5px;'>Alimentaci\u00f3n: 48V PoE \/ 1 Amp (PoE Pasivo)<\/li>\n<li style='margin-bottom: 5px;'>Frecuencia de operaci\u00f3n: 5150 ~ 5825 MHz<\/li>\n<li style='margin-bottom: 5px;'><strong>Incluye 2 piezas de PoE pasivo<\/strong><\/li>\n<li style='margin-bottom: 5px;'>Consumo en Watts: 3.6 W<\/li>\n<li style='margin-bottom: 5px;'>Potencia: 22 dBm<\/li>\n<li style='margin-bottom: 5px;'>Dimensiones: 90.8 mm \u00d7 187.87 mm \u00d7 57.87 mm<\/li>\n<li style='margin-bottom: 5px;'>Temperatura de Operaci\u00f3n: -30 \u00b0C a 65 \u00b0C<\/li>\n<li style='margin-bottom: 5px;'>Garant\u00eda: 5 a\u00f1os<\/li>\n<\/ul><\/div>\n<\/p><\/div>\n<p> <!-- Caracter\u00edsticas avanzadas --> <\/p>\n<div style='margin-bottom: 30px;'>\n<h3 style='font-size: 22px; border-bottom: 2px solid currentColor; padding-bottom: 5px; margin-top: 0; color: inherit; opacity: 0.8;'>Caracter\u00edsticas Avanzadas<\/h3>\n<ul style='padding-left: 20px; font-size: 15px; color: inherit;'>\n<li style='margin-bottom: 5px;'>Access Point para enlaces PTP<\/li>\n<li style='margin-bottom: 5px;'>CPE (suscriptor) de enlaces PTP<\/li>\n<li style='margin-bottom: 5px;'>Access Point para enlaces PTMP<\/li>\n<li style='margin-bottom: 5px;'>CPE (suscriptor) de enlaces PTMP<\/li>\n<\/ul><\/div>\n<p> <!-- Consideraciones --> <\/p>\n<div style='margin-bottom: 30px;'>\n<h3 style='font-size: 22px; border-bottom: 2px solid currentColor; padding-bottom: 5px; margin-top: 0; color: inherit; opacity: 0.8;'>Consideraciones<\/h3>\n<ul style='padding-left: 20px; font-size: 15px; color: inherit;'>\n<li style='margin-bottom: 5px;'>El <strong>AP<\/strong> se alimenta por PoE Estandarizado (PoE Activo) o tambien puede alimentarse con PoE pasivo (ya incluye inyector PoE y fuente de alimentaci\u00f3n). <em>Imagen ilustrativa abajo.<\/em><\/li>\n<li style='margin-bottom: 5px;'>El <strong>CPE<\/strong> se alimenta con PoE pasivo (ya incluye inyector PoE y fuente de alimentaci\u00f3n) y puede dar salida PoE Estandarizado para una c\u00e1mara IP por ejemplo. No es posible alimentar el CPE con PoE Estandarizado (PoE Activo). <em>Imagen ilustrativa abajo.<\/em><\/li>\n<li style='margin-bottom: 5px;'>La Antena cuenta con un <strong>bot\u00f3n<\/strong> para regresar a valores de f\u00e1brica (es necesario dejar presionado por 10 seg)<\/li>\n<li style='margin-bottom: 5px;'><strong>Distancias PTP:<\/strong> 90 Mbps\/0.5 KM&comma; 90 Mbps\/1 KM&comma; 40 Mbps\/3 KM<\/li>\n<li style='margin-bottom: 5px;'><strong>Distancias PTMP:<\/strong> (1 to 4): 20 Mbps\/3 KM<\/li>\n<\/ul><\/div>\n<p> <!-- Im\u00e1genes de escenarios --> <\/p>\n<div style='display: flex; flex-wrap: wrap; gap: 30px; justify-content: center; margin-bottom: 30px;'>\n<div style='flex: 1 1 300px; min-width: 280px;'>\n<h3 style='font-size: 18px; text-align: center; margin-bottom: 15px; color: inherit; opacity: 0.8;'>Escenario 1<\/h3>\n<p> <img style='width: 100%; height: auto; border: 1px solid rgba(150&comma;150&comma;150&comma;0.3); border-radius: 8px;' src='http:\/\/ftp3.syscom.mx\/usuarios\/roberto.espino\/Transmision\/Antenas\/como%20conectar%20antenas%20exterior.png' alt='Escenario 1'> <\/div>\n<div style='flex: 1 1 300px; min-width: 280px;'>\n<h3 style='font-size: 18px; text-align: center; margin-bottom: 15px; color: inherit; opacity: 0.8;'>Escenario 2<\/h3>\n<p> <img style='width: 100%; height: auto; border: 1px solid rgba(150&comma;150&comma;150&comma;0.3); border-radius: 8px;' src='http:\/\/ftp3.syscom.mx\/usuarios\/roberto.espino\/Transmision\/Antenas\/como%20conectar%20antenas%20exterior%20inye.png' alt='Escenario 2'> <\/div>\n<div style='flex: 1 1 300px; min-width: 280px;'> <img style='width: 100%; height: auto; border: 1px solid rgba(150&comma;150&comma;150&comma;0.3); border-radius: 8px;' src='http:\/\/ftp3.syscom.mx\/usuarios\/roberto.espino\/Transmision\/Antenas\/enlace%20exterior.PNG' alt='Escenario 3'> <\/div>\n<\/p><\/div>\n<\/p><\/div>\n","protected":false},"excerpt":{"rendered":"<p>Kit Punto de Acceso (AC) PTP y PTMP en 5 GHz \/ PoE \/ Hasta 867 Mbps \/ Salida PoE (Alimenta una C\u00e1mara) \/ Antena Sectorial de H: 50\u00b0 \/ MIMO 2X2 \/ 8 dBi de Ganancia \/ Uso en Exterior \/ Administraci\u00f3n Gratuita desde la Nube<\/p>\n","protected":false},"featured_media":82123,"comment_status":"open","ping_status":"closed","template":"","meta":[],"product_brand":[],"product_cat":[1998],"product_tag":[1999,1980,54],"class_list":{"0":"post-82124","1":"product","2":"type-product","3":"status-publish","4":"has-post-thumbnail","6":"product_cat-5-y-6-ghz","7":"product_tag-5-y-6-ghz","8":"product_tag-enlaces-ptp-y-ptmp","9":"product_tag-hikvision","11":"first","12":"instock","13":"sale","14":"shipping-taxable","15":"purchasable","16":"product-type-simple"},"_links":{"self":[{"href":"https:\/\/soydeaqui.ddns.net\/pachuca\/index.php\/wp-json\/wp\/v2\/product\/82124","targetHints":{"allow":["GET"]}}],"collection":[{"href":"https:\/\/soydeaqui.ddns.net\/pachuca\/index.php\/wp-json\/wp\/v2\/product"}],"about":[{"href":"https:\/\/soydeaqui.ddns.net\/pachuca\/index.php\/wp-json\/wp\/v2\/types\/product"}],"replies":[{"embeddable":true,"href":"https:\/\/soydeaqui.ddns.net\/pachuca\/index.php\/wp-json\/wp\/v2\/comments?post=82124"}],"wp:featuredmedia":[{"embeddable":true,"href":"https:\/\/soydeaqui.ddns.net\/pachuca\/index.php\/wp-json\/wp\/v2\/media\/82123"}],"wp:attachment":[{"href":"https:\/\/soydeaqui.ddns.net\/pachuca\/index.php\/wp-json\/wp\/v2\/media?parent=82124"}],"wp:term":[{"taxonomy":"product_brand","embeddable":true,"href":"https:\/\/soydeaqui.ddns.net\/pachuca\/index.php\/wp-json\/wp\/v2\/product_brand?post=82124"},{"taxonomy":"product_cat","embeddable":true,"href":"https:\/\/soydeaqui.ddns.net\/pachuca\/index.php\/wp-json\/wp\/v2\/product_cat?post=82124"},{"taxonomy":"product_tag","embeddable":true,"href":"https:\/\/soydeaqui.ddns.net\/pachuca\/index.php\/wp-json\/wp\/v2\/product_tag?post=82124"}],"curies":[{"name":"wp","href":"https:\/\/api.w.org\/{rel}","templated":true}]}}