{"id":82122,"date":"2026-03-19T19:13:07","date_gmt":"2026-03-19T19:13:07","guid":{"rendered":"https:\/\/soydeaqui.ddns.net\/pachuca\/index.php\/producto\/extensor-wifi-hasta-1200-mbps-doble-banda-ac-2-4-ghz-y-5-ghz-1-puertos-10-100-mbps-2-antenas-omnidireccional-de-3-dbi-interior\/"},"modified":"2026-03-19T19:13:08","modified_gmt":"2026-03-19T19:13:08","slug":"extensor-wifi-hasta-1200-mbps-doble-banda-ac-2-4-ghz-y-5-ghz-1-puertos-10-100-mbps-2-antenas-omnidireccional-de-3-dbi-interior","status":"publish","type":"product","link":"https:\/\/soydeaqui.ddns.net\/pachuca\/index.php\/producto\/extensor-wifi-hasta-1200-mbps-doble-banda-ac-2-4-ghz-y-5-ghz-1-puertos-10-100-mbps-2-antenas-omnidireccional-de-3-dbi-interior\/","title":{"rendered":"Extensor WiFi \/ Hasta 1200 Mbps \/ Doble Banda AC (2.4 GHz y 5 GHz) \/ 1 Puertos 10\/100 Mbps \/  2 Antenas Omnidireccional de 3 dBi \/ Interior"},"content":{"rendered":"<div style='width: 100%; max-width: 1200px; margin: 0 auto; font-family: sans-serif; line-height: 1.6; color: inherit; background-color: transparent;'>\n<p style='text-align: center;'><img style='width: 100%; max-width: 450px; height: auto; border: 1px solid rgba(150&comma;150&comma;150&comma;0.3); border-radius: 8px;' src='https:\/\/ftp3.syscom.mx\/usuarios\/jsosa\/HIKVISION\/imagenes\/logo\/hikvision%20see%20far.png' alt='Logo Hikvision'><\/p>\n<div style='display: flex; flex-wrap: wrap; gap: 30px; margin-bottom: 30px; margin-top: 30px;'>\n<div style='flex: 1 1 300px; min-width: 280px;'>\n<h3 style='font-size: 22px; border-bottom: 2px solid currentColor; padding-bottom: 5px; margin-top: 0; color: inherit; opacity: 0.8;'>Caracter\u00edsticas principales<\/h3>\n<ul style='padding-left: 20px; font-size: 15px; color: inherit;'>\n<li style='margin-bottom: 5px;'>Est\u00e1ndar Inal\u00e1mbrico IEEE 802.11\/a\/n\/ac wave 2 @5GHz&comma; IEEE 802.11b\/g\/n @2.4GHz<\/li>\n<li style='margin-bottom: 5px;'>Rendimiento inal\u00e1mbrico: Compatible con 2 \u00d7 2 MIMO<\/li>\n<li style='margin-bottom: 5px;'>Antena: 2 antenas de alta ganancia<\/li>\n<li style='margin-bottom: 5px;'>Ajuste de se\u00f1al compatible<\/li>\n<li style='margin-bottom: 5px;'>Modo De Seguridad: Compatible con WPA-PSK&comma; WPA2-PSK&comma; WPA y WPA2<\/li>\n<li style='margin-bottom: 5px;'>M\u00e9todo De Gesti\u00f3n: Interfaz WEB<\/li>\n<\/ul><\/div>\n<div style='flex: 1 1 300px; min-width: 280px;'>\n<h3 style='font-size: 22px; border-bottom: 2px solid currentColor; padding-bottom: 5px; margin-top: 0; color: inherit; opacity: 0.8;'>Caracter\u00edsticas F\u00edsicas y El\u00e9ctricas<\/h3>\n<ul style='padding-left: 20px; font-size: 15px; color: inherit;'>\n<li style='margin-bottom: 5px;'>Interfaz De Red: 1 \u00d7 RJ45&comma; 10\/100 Mbps<\/li>\n<li style='margin-bottom: 5px;'>Bot\u00f3n de reinicio<\/li>\n<li style='margin-bottom: 5px;'>Alimentacion 9 vcd 0.8 A (intercostruida)<\/li>\n<li style='margin-bottom: 5px;'>Consumo Max De Energia: 5.2 W<\/li>\n<li style='margin-bottom: 5px;'>Dimensi\u00f3n del producto 80mm\u00d758mm\u00d748mm<\/li>\n<\/ul>\n<h3 style='font-size: 22px; border-bottom: 2px solid currentColor; padding-bottom: 5px; margin-top: 20px; color: inherit; opacity: 0.8;'>Modos de Operacion<\/h3>\n<ul style='padding-left: 20px; font-size: 15px; color: inherit;'>\n<li style='margin-bottom: 5px;'>WISP<\/li>\n<\/ul><\/div>\n<\/p><\/div>\n<div style='display: flex; flex-wrap: wrap; gap: 30px; margin-bottom: 30px;'>\n<div style='flex: 1 1 100%; min-width: 280px;'>\n<h3 style='font-size: 22px; border-bottom: 2px solid currentColor; padding-bottom: 5px; margin-top: 0; color: inherit; opacity: 0.8;'>Consideraciones<\/h3>\n<ul style='padding-left: 20px; font-size: 15px; color: inherit;'>\n<li style='margin-bottom: 5px;'>Coloca tu extensor en un lugar central de tu hogar u oficina para obtener una cobertura Wi-Fi uniforme. Evita obst\u00e1culos como paredes gruesas o electrodom\u00e9sticos que puedan debilitar la se\u00f1al.<\/li>\n<\/ul><\/div>\n<\/p><\/div>\n<hr style='border: 0; border-top: 1px solid rgba(150&comma; 150&comma; 150&comma; 0.3); margin: 30px 0;'> <\/div>\n","protected":false},"excerpt":{"rendered":"<p>Extensor WiFi \/ Hasta 1200 Mbps \/ Doble Banda AC (2.4 GHz y 5 GHz) \/ 1 Puertos 10\/100 Mbps \/  2 Antenas Omnidireccional de 3 dBi \/ Interior<\/p>\n","protected":false},"featured_media":82121,"comment_status":"open","ping_status":"closed","template":"","meta":[],"product_brand":[],"product_cat":[2036,2035,2034],"product_tag":[2039,2038,54,664,2037],"class_list":{"0":"post-82122","1":"product","2":"type-product","3":"status-publish","4":"has-post-thumbnail","6":"product_cat-balanceadores","7":"product_cat-firewalls","8":"product_cat-routers","9":"product_tag-balanceadores","10":"product_tag-firewalls","11":"product_tag-hikvision","12":"product_tag-networking","13":"product_tag-routers","15":"first","16":"instock","17":"sale","18":"shipping-taxable","19":"purchasable","20":"product-type-simple"},"_links":{"self":[{"href":"https:\/\/soydeaqui.ddns.net\/pachuca\/index.php\/wp-json\/wp\/v2\/product\/82122","targetHints":{"allow":["GET"]}}],"collection":[{"href":"https:\/\/soydeaqui.ddns.net\/pachuca\/index.php\/wp-json\/wp\/v2\/product"}],"about":[{"href":"https:\/\/soydeaqui.ddns.net\/pachuca\/index.php\/wp-json\/wp\/v2\/types\/product"}],"replies":[{"embeddable":true,"href":"https:\/\/soydeaqui.ddns.net\/pachuca\/index.php\/wp-json\/wp\/v2\/comments?post=82122"}],"wp:featuredmedia":[{"embeddable":true,"href":"https:\/\/soydeaqui.ddns.net\/pachuca\/index.php\/wp-json\/wp\/v2\/media\/82121"}],"wp:attachment":[{"href":"https:\/\/soydeaqui.ddns.net\/pachuca\/index.php\/wp-json\/wp\/v2\/media?parent=82122"}],"wp:term":[{"taxonomy":"product_brand","embeddable":true,"href":"https:\/\/soydeaqui.ddns.net\/pachuca\/index.php\/wp-json\/wp\/v2\/product_brand?post=82122"},{"taxonomy":"product_cat","embeddable":true,"href":"https:\/\/soydeaqui.ddns.net\/pachuca\/index.php\/wp-json\/wp\/v2\/product_cat?post=82122"},{"taxonomy":"product_tag","embeddable":true,"href":"https:\/\/soydeaqui.ddns.net\/pachuca\/index.php\/wp-json\/wp\/v2\/product_tag?post=82122"}],"curies":[{"name":"wp","href":"https:\/\/api.w.org\/{rel}","templated":true}]}}