{"id":82115,"date":"2026-03-19T19:12:50","date_gmt":"2026-03-19T19:12:50","guid":{"rendered":"https:\/\/soydeaqui.ddns.net\/pachuca\/index.php\/producto\/cloud-router-switch-con-1-puerto-gbe-5-puertos-sfp-4-puertos-sfp-ideal-para-enlaces-de-alto-rendimiento\/"},"modified":"2026-03-19T19:12:57","modified_gmt":"2026-03-19T19:12:57","slug":"cloud-router-switch-con-1-puerto-gbe-5-puertos-sfp-4-puertos-sfp-ideal-para-enlaces-de-alto-rendimiento","status":"publish","type":"product","link":"https:\/\/soydeaqui.ddns.net\/pachuca\/index.php\/producto\/cloud-router-switch-con-1-puerto-gbe-5-puertos-sfp-4-puertos-sfp-ideal-para-enlaces-de-alto-rendimiento\/","title":{"rendered":"Cloud Router Switch con 1 puerto GbE\/ 5 Puertos SFP\/ 4 puertos SFP+ Ideal para Enlaces de Alto Rendimiento"},"content":{"rendered":"<div style='width: 100%; max-width: 1200px; margin: 0 auto; font-family: sans-serif; line-height: 1.6; color: inherit; background-color: transparent;'>\n<div style='display: flex; flex-direction: column; gap: 30px;'>\n<div style='margin-bottom: 30px;'>\n<p style='margin: 0; font-size: 15px; color: inherit; text-align: justify; line-height: 1.6;'> Este conmutador es una variante para interiores del famoso conmutador netFiber 9&comma; utilizado por muchos ISP peque\u00f1os y medianos para conexiones de fibra \u00f3ptica de 10 Gigabit fiables que se extienden a lo largo de 100 metros. Con <strong style='color: inherit; font-weight: 600;'>cinco puertos SFP de 1 G<\/strong>&comma; <strong style='color: inherit; font-weight: 600;'>cuatro puertos SFP+ de 10 G<\/strong> y un puerto <strong style='color: inherit; font-weight: 600;'>Gigabit Ethernet<\/strong> adicional&comma; es la actualizaci\u00f3n perfecta para las configuraciones CRS212 existentes. Obtendr\u00e1 la moderna CPU ARM v7&comma; 256 MB de RAM y una mejor refrigeraci\u00f3n. \u00a1Los nuevos chips de conmutador Marvell aportan un rendimiento fenomenal! <\/p>\n<\/p><\/div>\n<div style='margin-bottom: 30px;'>\n<p style='margin: 0; font-size: 15px; color: inherit; text-align: justify; line-height: 1.6;'> El puerto Gigabit Ethernet tiene una conexi\u00f3n directa al chip del conmutador&comma; por lo que puede disfrutar de la m\u00e1xima velocidad Gigabit all\u00ed. Adem\u00e1s&comma; es compatible con PoE-in&comma; lo que le brinda una opci\u00f3n de alimentaci\u00f3n adicional en lugares dif\u00edciles. <\/p>\n<\/p><\/div>\n<div style='margin-bottom: 30px;'>\n<p style='margin: 0; font-size: 15px; color: inherit; text-align: justify; line-height: 1.6;'> Puede montar este conmutador en un bastidor est\u00e1ndar de 1U para mantener todo organizado. Y tiene toda la potencia que esperar\u00eda de un dispositivo de montaje en bastidor: <strong style='color: inherit; font-weight: 600;'>CRS310 admite filtrado de VLAN con descarga de hardware e incluso enrutamiento de capa 3 con descarga de hardware.<\/strong> <\/p>\n<\/p><\/div>\n<div style='margin-bottom: 30px;'>\n<p style='margin: 0; font-size: 15px; color: inherit; text-align: justify; line-height: 1.6;'> <strong style='color: inherit; font-weight: 600;'>El CRS310-1G-5S-4S+IN es una herramienta fant\u00e1stica para quienes trabajan con conexiones interiores de m\u00e1s de 100 metros y mantienen la p\u00e9rdida de datos y el ping bajo.<\/strong> La fibra \u00f3ptica puede ser una gran alternativa al cobre si le preocupan las interferencias electromagn\u00e9ticas&comma; la manipulaci\u00f3n o las escuchas ilegales. <\/p>\n<\/p><\/div>\n<div style='display: flex; flex-wrap: wrap; gap: 20px; margin-bottom: 30px;'>\n<div style='flex: 1 1 250px; min-width: 280px; border: 1px solid rgba(150&comma; 150&comma; 150&comma; 0.4); border-radius: 8px; overflow: hidden; display: flex; flex-direction: column;'>\n<div style='padding: 15px; border-bottom: 1px solid rgba(150&comma; 150&comma; 150&comma; 0.2); font-weight: bold; font-size: 18px; color: inherit;'>Presupuesto<\/div>\n<div style='padding: 15px; color: inherit;'>\n<ul style='padding-left: 20px; margin: 0; font-size: 14px; list-style-type: disc; color: inherit;'>\n<li style='margin-bottom: 5px;'><strong style='color: inherit; font-weight: 600;'>C\u00f3digo del producto:<\/strong> CRS310-1G-5S-4S+IN<\/li>\n<li style='margin-bottom: 5px;'><strong style='color: inherit; font-weight: 600;'>Arquitectura:<\/strong> ARM de 32 bits<\/li>\n<li style='margin-bottom: 5px;'><strong style='color: inherit; font-weight: 600;'>UPC:<\/strong> 98DX226S<\/li>\n<li style='margin-bottom: 5px;'><strong style='color: inherit; font-weight: 600;'>N\u00famero de n\u00facleos de CPU:<\/strong> 1<\/li>\n<li style='margin-bottom: 5px;'><strong style='color: inherit; font-weight: 600;'>Frecuencia nominal de la CPU:<\/strong> 800 MHz<\/li>\n<li style='margin-bottom: 5px;'><strong style='color: inherit; font-weight: 600;'>Modelo de chip de conmutaci\u00f3n:<\/strong> 98DX226S<\/li>\n<li style='margin-bottom: 5px;'><strong style='color: inherit; font-weight: 600;'>Dimensiones:<\/strong> 200 x 166 x 44 mm<\/li>\n<li style='margin-bottom: 5px;'><strong style='color: inherit; font-weight: 600;'>Licencia de RouterOS:<\/strong> 5<\/li>\n<li style='margin-bottom: 5px;'><strong style='color: inherit; font-weight: 600;'>Sistema operativo:<\/strong> <a style='color: inherit; text-decoration: none;' href='https:\/\/help.mikrotik.com\/docs\/display\/ROS\/RouterOS' target='_blank' rel='noopener'>RouterOS v7 \/ SwitchOS<\/a><\/li>\n<li style='margin-bottom: 5px;'><strong style='color: inherit; font-weight: 600;'>Tama\u00f1o de RAM:<\/strong> 256 MB<\/li>\n<li style='margin-bottom: 5px;'><strong style='color: inherit; font-weight: 600;'>Tama\u00f1o de almacenamiento:<\/strong> 16 MB<\/li>\n<li style='margin-bottom: 5px;'><strong style='color: inherit; font-weight: 600;'>Tipo de almacenamiento:<\/strong> FLASH<\/li>\n<li style='margin-bottom: 5px;'><strong style='color: inherit; font-weight: 600;'>Tiempo medio entre fallos:<\/strong> Aproximadamente 200.000 horas a 25 \u00b0C<\/li>\n<li style='margin-bottom: 5px;'><strong style='color: inherit; font-weight: 600;'>Temperatura ambiente probada:<\/strong> -40\u00b0C a 70\u00b0C<\/li>\n<\/ul><\/div>\n<\/p><\/div>\n<div style='flex: 1 1 250px; min-width: 280px; border: 1px solid rgba(150&comma; 150&comma; 150&comma; 0.4); border-radius: 8px; overflow: hidden; display: flex; flex-direction: column;'>\n<div style='padding: 15px; border-bottom: 1px solid rgba(150&comma; 150&comma; 150&comma; 0.2); font-weight: bold; font-size: 18px; color: inherit;'>Alimentaci\u00f3n<\/div>\n<div style='padding: 15px; color: inherit;'>\n<ul style='padding-left: 20px; margin: 0; font-size: 14px; list-style-type: disc; color: inherit;'>\n<li style='margin-bottom: 5px;'><strong style='color: inherit; font-weight: 600;'>N\u00famero de entradas de CC:<\/strong> 2 (entrada PoE&comma; conector CC)<\/li>\n<li style='margin-bottom: 5px;'><strong style='color: inherit; font-weight: 600;'>Voltaje de entrada del conector DC:<\/strong> 18-57 V<\/li>\n<li style='margin-bottom: 5px;'><strong style='color: inherit; font-weight: 600;'>Consumo m\u00e1ximo de energ\u00eda:<\/strong> 20 W<\/li>\n<li style='margin-bottom: 5px;'><strong style='color: inherit; font-weight: 600;'>Consumo m\u00e1ximo de energ\u00eda sin accesorios:<\/strong> 17 W<\/li>\n<\/ul><\/div>\n<\/p><\/div>\n<\/p><\/div>\n<div style='display: flex; flex-direction: column; gap: 15px;'>\n<h3 style='font-size: 22px; border-bottom: 2px solid currentColor; padding-bottom: 5px; margin: 0; color: inherit; opacity: 0.8;'>Resultados de Switching<\/h3>\n<div style='overflow-x: auto;'>\n<table style='width: 100%; border-collapse: collapse;'>\n<thead>\n<tr style='background-color: rgba(150&comma; 150&comma; 150&comma; 0.1);'>\n<th colspan='2' style='padding: 10px; border: 1px solid rgba(150&comma; 150&comma; 150&comma; 0.3); font-weight: 600; color: inherit; text-align: left;'>CRS310-1G-5S-4S+IN<\/th>\n<th colspan='2' style='padding: 10px; border: 1px solid rgba(150&comma; 150&comma; 150&comma; 0.3); font-weight: 600; color: inherit; text-align: left;'>1518 bytes<\/th>\n<th colspan='2' style='padding: 10px; border: 1px solid rgba(150&comma; 150&comma; 150&comma; 0.3); font-weight: 600; color: inherit; text-align: left;'>512 bytes<\/th>\n<th colspan='2' style='padding: 10px; border: 1px solid rgba(150&comma; 150&comma; 150&comma; 0.3); font-weight: 600; color: inherit; text-align: left;'>64 bytes<\/th>\n<\/tr>\n<tr style='background-color: rgba(150&comma; 150&comma; 150&comma; 0.1);'>\n<th style='padding: 10px; border: 1px solid rgba(150&comma; 150&comma; 150&comma; 0.3); font-weight: 600; color: inherit; text-align: left;'>kpps<\/th>\n<th style='padding: 10px; border: 1px solid rgba(150&comma; 150&comma; 150&comma; 0.3); font-weight: 600; color: inherit; text-align: left;'>Mbps<\/th>\n<th style='padding: 10px; border: 1px solid rgba(150&comma; 150&comma; 150&comma; 0.3); font-weight: 600; color: inherit; text-align: left;'>kpps<\/th>\n<th style='padding: 10px; border: 1px solid rgba(150&comma; 150&comma; 150&comma; 0.3); font-weight: 600; color: inherit; text-align: left;'>Mbps<\/th>\n<th style='padding: 10px; border: 1px solid rgba(150&comma; 150&comma; 150&comma; 0.3); font-weight: 600; color: inherit; text-align: left;'>kpps<\/th>\n<th style='padding: 10px; border: 1px solid rgba(150&comma; 150&comma; 150&comma; 0.3); font-weight: 600; color: inherit; text-align: left;'>Mbps<\/th>\n<\/tr>\n<\/thead>\n<tbody>\n<tr style='background-color: rgba(150&comma; 150&comma; 150&comma; 0.05);'>\n<td style='padding: 10px; border: 1px solid rgba(150&comma; 150&comma; 150&comma; 0.3); color: inherit;'>Traspuesta<\/td>\n<td style='padding: 10px; border: 1px solid rgba(150&comma; 150&comma; 150&comma; 0.3); color: inherit;'>Rendimiento de capa 2 sin bloqueo<\/td>\n<td style='padding: 10px; border: 1px solid rgba(150&comma; 150&comma; 150&comma; 0.3); color: inherit;'>3.738&comma;6<\/td>\n<td style='padding: 10px; border: 1px solid rgba(150&comma; 150&comma; 150&comma; 0.3); color: inherit;'>45.401&comma;8<\/td>\n<td style='padding: 10px; border: 1px solid rgba(150&comma; 150&comma; 150&comma; 0.3); color: inherit;'>10.808&comma;3<\/td>\n<td style='padding: 10px; border: 1px solid rgba(150&comma; 150&comma; 150&comma; 0.3); color: inherit;'>44.270&comma;7<\/td>\n<td style='padding: 10px; border: 1px solid rgba(150&comma; 150&comma; 150&comma; 0.3); color: inherit;'>68.452&comma;4<\/td>\n<td style='padding: 10px; border: 1px solid rgba(150&comma; 150&comma; 150&comma; 0.3); color: inherit;'>35.047&comma;6<\/td>\n<\/tr>\n<tr>\n<td style='padding: 10px; border: 1px solid rgba(150&comma; 150&comma; 150&comma; 0.3); color: inherit;'>Traspuesta<\/td>\n<td style='padding: 10px; border: 1px solid rgba(150&comma; 150&comma; 150&comma; 0.3); color: inherit;'>Capacidad de capa 2 sin bloqueo<\/td>\n<td style='padding: 10px; border: 1px solid rgba(150&comma; 150&comma; 150&comma; 0.3); color: inherit;'>3.738&comma;6<\/td>\n<td style='padding: 10px; border: 1px solid rgba(150&comma; 150&comma; 150&comma; 0.3); color: inherit;'>90.803&comma;6<\/td>\n<td style='padding: 10px; border: 1px solid rgba(150&comma; 150&comma; 150&comma; 0.3); color: inherit;'>10.808&comma;3<\/td>\n<td style='padding: 10px; border: 1px solid rgba(150&comma; 150&comma; 150&comma; 0.3); color: inherit;'>88.541&comma;4<\/td>\n<td style='padding: 10px; border: 1px solid rgba(150&comma; 150&comma; 150&comma; 0.3); color: inherit;'>68.452&comma;4<\/td>\n<td style='padding: 10px; border: 1px solid rgba(150&comma; 150&comma; 150&comma; 0.3); color: inherit;'>70.095&comma;2<\/td>\n<\/tr>\n<tr style='background-color: rgba(150&comma; 150&comma; 150&comma; 0.05);'>\n<td style='padding: 10px; border: 1px solid rgba(150&comma; 150&comma; 150&comma; 0.3); color: inherit;'>Traspuesta<\/td>\n<td style='padding: 10px; border: 1px solid rgba(150&comma; 150&comma; 150&comma; 0.3); color: inherit;'>Rendimiento de capa 1 sin bloqueo<\/td>\n<td style='padding: 10px; border: 1px solid rgba(150&comma; 150&comma; 150&comma; 0.3); color: inherit;'>3.738&comma;6<\/td>\n<td style='padding: 10px; border: 1px solid rgba(150&comma; 150&comma; 150&comma; 0.3); color: inherit;'>46.000&comma;0<\/td>\n<td style='padding: 10px; border: 1px solid rgba(150&comma; 150&comma; 150&comma; 0.3); color: inherit;'>10.808&comma;3<\/td>\n<td style='padding: 10px; border: 1px solid rgba(150&comma; 150&comma; 150&comma; 0.3); color: inherit;'>46.000&comma;0<\/td>\n<td style='padding: 10px; border: 1px solid rgba(150&comma; 150&comma; 150&comma; 0.3); color: inherit;'>68.452&comma;4<\/td>\n<td style='padding: 10px; border: 1px solid rgba(150&comma; 150&comma; 150&comma; 0.3); color: inherit;'>46.000&comma;0<\/td>\n<\/tr>\n<tr>\n<td style='padding: 10px; border: 1px solid rgba(150&comma; 150&comma; 150&comma; 0.3); color: inherit;'>Traspuesta<\/td>\n<td style='padding: 10px; border: 1px solid rgba(150&comma; 150&comma; 150&comma; 0.3); color: inherit;'>Capacidad de capa 1 sin bloqueo<\/td>\n<td style='padding: 10px; border: 1px solid rgba(150&comma; 150&comma; 150&comma; 0.3); color: inherit;'>3.738&comma;6<\/td>\n<td style='padding: 10px; border: 1px solid rgba(150&comma; 150&comma; 150&comma; 0.3); color: inherit;'>92.000&comma;0<\/td>\n<td style='padding: 10px; border: 1px solid rgba(150&comma; 150&comma; 150&comma; 0.3); color: inherit;'>10.808&comma;3<\/td>\n<td style='padding: 10px; border: 1px solid rgba(150&comma; 150&comma; 150&comma; 0.3); color: inherit;'>92.000&comma;0<\/td>\n<td style='padding: 10px; border: 1px solid rgba(150&comma; 150&comma; 150&comma; 0.3); color: inherit;'>68.452&comma;4<\/td>\n<td style='padding: 10px; border: 1px solid rgba(150&comma; 150&comma; 150&comma; 0.3); color: inherit;'>92.000&comma;0<\/td>\n<\/tr>\n<\/tbody>\n<\/table><\/div>\n<\/p><\/div>\n<div style='display: flex; flex-direction: column; gap: 15px;'>\n<h3 style='font-size: 22px; border-bottom: 2px solid currentColor; padding-bottom: 5px; margin: 30px 0 15px 0; color: inherit; opacity: 0.8;'>Resultados de la prueba de Ethernet<\/h3>\n<div style='overflow-x: auto;'>\n<table style='width: 100%; border-collapse: collapse;'>\n<thead>\n<tr style='background-color: rgba(150&comma; 150&comma; 150&comma; 0.1);'>\n<td colspan='2' style='padding: 10px; border: 1px solid rgba(150&comma; 150&comma; 150&comma; 0.3); font-weight: 600; color: inherit; text-align: left;'>CRS310-1G-5S-4S+IN<\/td>\n<td colspan='6' style='padding: 10px; border: 1px solid rgba(150&comma; 150&comma; 150&comma; 0.3); font-weight: 600; color: inherit; text-align: left;'>Prueba de todos los puertos 98DX226<\/td>\n<\/tr>\n<tr style='background-color: rgba(150&comma; 150&comma; 150&comma; 0.1);'>\n<th style='padding: 10px; border: 1px solid rgba(150&comma; 150&comma; 150&comma; 0.3); font-weight: 600; color: inherit; text-align: left;'>Modo<\/th>\n<th style='padding: 10px; border: 1px solid rgba(150&comma; 150&comma; 150&comma; 0.3); font-weight: 600; color: inherit; text-align: left;'>Configuraci\u00f3n<\/th>\n<th style='padding: 10px; border: 1px solid rgba(150&comma; 150&comma; 150&comma; 0.3); font-weight: 600; color: inherit; text-align: left;'>1518 bytes<\/th>\n<th style='padding: 10px; border: 1px solid rgba(150&comma; 150&comma; 150&comma; 0.3); font-weight: 600; color: inherit; text-align: left;'>512 bytes<\/th>\n<th style='padding: 10px; border: 1px solid rgba(150&comma; 150&comma; 150&comma; 0.3); font-weight: 600; color: inherit; text-align: left;'>64 bytes<\/th>\n<\/tr>\n<tr style='background-color: rgba(150&comma; 150&comma; 150&comma; 0.05);'>\n<th style='padding: 10px; border: 1px solid rgba(150&comma; 150&comma; 150&comma; 0.3); font-weight: 600; color: inherit; text-align: left;'>kpps<\/th>\n<th style='padding: 10px; border: 1px solid rgba(150&comma; 150&comma; 150&comma; 0.3); font-weight: 600; color: inherit; text-align: left;'>Mbps<\/th>\n<th style='padding: 10px; border: 1px solid rgba(150&comma; 150&comma; 150&comma; 0.3); font-weight: 600; color: inherit; text-align: left;'>kpps<\/th>\n<th style='padding: 10px; border: 1px solid rgba(150&comma; 150&comma; 150&comma; 0.3); font-weight: 600; color: inherit; text-align: left;'>Mbps<\/th>\n<th style='padding: 10px; border: 1px solid rgba(150&comma; 150&comma; 150&comma; 0.3); font-weight: 600; color: inherit; text-align: left;'>kpps<\/th>\n<th style='padding: 10px; border: 1px solid rgba(150&comma; 150&comma; 150&comma; 0.3); font-weight: 600; color: inherit; text-align: left;'>Mbps<\/th>\n<\/tr>\n<\/thead>\n<tbody>\n<tr>\n<td style='padding: 10px; border: 1px solid rgba(150&comma; 150&comma; 150&comma; 0.3); color: inherit;'>Puente<\/td>\n<td style='padding: 10px; border: 1px solid rgba(150&comma; 150&comma; 150&comma; 0.3); color: inherit;'>ninguna (ruta r\u00e1pida)<\/td>\n<td style='padding: 10px; border: 1px solid rgba(150&comma; 150&comma; 150&comma; 0.3); color: inherit;'>104&comma;1<\/td>\n<td style='padding: 10px; border: 1px solid rgba(150&comma; 150&comma; 150&comma; 0.3); color: inherit;'>1264.2<\/td>\n<td style='padding: 10px; border: 1px solid rgba(150&comma; 150&comma; 150&comma; 0.3); color: inherit;'>119&comma;1<\/td>\n<td style='padding: 10px; border: 1px solid rgba(150&comma; 150&comma; 150&comma; 0.3); color: inherit;'>487.8<\/td>\n<td style='padding: 10px; border: 1px solid rgba(150&comma; 150&comma; 150&comma; 0.3); color: inherit;'>141&comma;1<\/td>\n<td style='padding: 10px; border: 1px solid rgba(150&comma; 150&comma; 150&comma; 0.3); color: inherit;'>72.2<\/td>\n<\/tr>\n<tr style='background-color: rgba(150&comma; 150&comma; 150&comma; 0.05);'>\n<td style='padding: 10px; border: 1px solid rgba(150&comma; 150&comma; 150&comma; 0.3); color: inherit;'>Puente<\/td>\n<td style='padding: 10px; border: 1px solid rgba(150&comma; 150&comma; 150&comma; 0.3); color: inherit;'>25 reglas de filtro de puente<\/td>\n<td style='padding: 10px; border: 1px solid rgba(150&comma; 150&comma; 150&comma; 0.3); color: inherit;'>59&comma;7<\/td>\n<td style='padding: 10px; border: 1px solid rgba(150&comma; 150&comma; 150&comma; 0.3); color: inherit;'>725.0<\/td>\n<td style='padding: 10px; border: 1px solid rgba(150&comma; 150&comma; 150&comma; 0.3); color: inherit;'>59&comma;7<\/td>\n<td style='padding: 10px; border: 1px solid rgba(150&comma; 150&comma; 150&comma; 0.3); color: inherit;'>244.5<\/td>\n<td style='padding: 10px; border: 1px solid rgba(150&comma; 150&comma; 150&comma; 0.3); color: inherit;'>70&comma;4<\/td>\n<td style='padding: 10px; border: 1px solid rgba(150&comma; 150&comma; 150&comma; 0.3); color: inherit;'>36.0<\/td>\n<\/tr>\n<tr>\n<td style='padding: 10px; border: 1px solid rgba(150&comma; 150&comma; 150&comma; 0.3); color: inherit;'>Enrutamiento<\/td>\n<td style='padding: 10px; border: 1px solid rgba(150&comma; 150&comma; 150&comma; 0.3); color: inherit;'>ninguna (ruta r\u00e1pida)<\/td>\n<td style='padding: 10px; border: 1px solid rgba(150&comma; 150&comma; 150&comma; 0.3); color: inherit;'>104&comma;1<\/td>\n<td style='padding: 10px; border: 1px solid rgba(150&comma; 150&comma; 150&comma; 0.3); color: inherit;'>1264.2<\/td>\n<td style='padding: 10px; border: 1px solid rgba(150&comma; 150&comma; 150&comma; 0.3); color: inherit;'>129&comma;7<\/td>\n<td style='padding: 10px; border: 1px solid rgba(150&comma; 150&comma; 150&comma; 0.3); color: inherit;'>531.3<\/td>\n<td style='padding: 10px; border: 1px solid rgba(150&comma; 150&comma; 150&comma; 0.3); color: inherit;'>143&comma;5<\/td>\n<td style='padding: 10px; border: 1px solid rgba(150&comma; 150&comma; 150&comma; 0.3); color: inherit;'>73.5<\/td>\n<\/tr>\n<tr style='background-color: rgba(150&comma; 150&comma; 150&comma; 0.05);'>\n<td style='padding: 10px; border: 1px solid rgba(150&comma; 150&comma; 150&comma; 0.3); color: inherit;'>Enrutamiento<\/td>\n<td style='padding: 10px; border: 1px solid rgba(150&comma; 150&comma; 150&comma; 0.3); color: inherit;'>25 colas simples<\/td>\n<td style='padding: 10px; border: 1px solid rgba(150&comma; 150&comma; 150&comma; 0.3); color: inherit;'>56&comma;7<\/td>\n<td style='padding: 10px; border: 1px solid rgba(150&comma; 150&comma; 150&comma; 0.3); color: inherit;'>688.6<\/td>\n<td style='padding: 10px; border: 1px solid rgba(150&comma; 150&comma; 150&comma; 0.3); color: inherit;'>57&comma;9<\/td>\n<td style='padding: 10px; border: 1px solid rgba(150&comma; 150&comma; 150&comma; 0.3); color: inherit;'>237.2<\/td>\n<td style='padding: 10px; border: 1px solid rgba(150&comma; 150&comma; 150&comma; 0.3); color: inherit;'>65&comma;2<\/td>\n<td style='padding: 10px; border: 1px solid rgba(150&comma; 150&comma; 150&comma; 0.3); color: inherit;'>33.4<\/td>\n<\/tr>\n<tr>\n<td style='padding: 10px; border: 1px solid rgba(150&comma; 150&comma; 150&comma; 0.3); color: inherit;'>Enrutamiento<\/td>\n<td style='padding: 10px; border: 1px solid rgba(150&comma; 150&comma; 150&comma; 0.3); color: inherit;'>25 reglas de filtrado de IP<\/td>\n<td style='padding: 10px; border: 1px solid rgba(150&comma; 150&comma; 150&comma; 0.3); color: inherit;'>44&comma;1<\/td>\n<td style='padding: 10px; border: 1px solid rgba(150&comma; 150&comma; 150&comma; 0.3); color: inherit;'>535.6<\/td>\n<td style='padding: 10px; border: 1px solid rgba(150&comma; 150&comma; 150&comma; 0.3); color: inherit;'>45&comma;6<\/td>\n<td style='padding: 10px; border: 1px solid rgba(150&comma; 150&comma; 150&comma; 0.3); color: inherit;'>186.8<\/td>\n<td style='padding: 10px; border: 1px solid rgba(150&comma; 150&comma; 150&comma; 0.3); color: inherit;'>48&comma;4<\/td>\n<td style='padding: 10px; border: 1px solid rgba(150&comma; 150&comma; 150&comma; 0.3); color: inherit;'>24.8<\/td>\n<\/tr>\n<\/tbody>\n<\/table><\/div>\n<\/p><\/div>\n<\/p><\/div>\n<\/p><\/div>\n","protected":false},"excerpt":{"rendered":"<p>Cloud Router Switch con 1 puerto GbE\/ 5 Puertos SFP\/ 4 puertos SFP+ Ideal para Enlaces de Alto Rendimiento<\/p>\n","protected":false},"featured_media":82114,"comment_status":"open","ping_status":"closed","template":"","meta":[],"product_brand":[],"product_cat":[1970],"product_tag":[643,664,1971],"class_list":{"0":"post-82115","1":"product","2":"type-product","3":"status-publish","4":"has-post-thumbnail","6":"product_cat-switches","7":"product_tag-mikrotik","8":"product_tag-networking","9":"product_tag-switches","11":"first","12":"outofstock","13":"sale","14":"shipping-taxable","15":"purchasable","16":"product-type-simple"},"_links":{"self":[{"href":"https:\/\/soydeaqui.ddns.net\/pachuca\/index.php\/wp-json\/wp\/v2\/product\/82115","targetHints":{"allow":["GET"]}}],"collection":[{"href":"https:\/\/soydeaqui.ddns.net\/pachuca\/index.php\/wp-json\/wp\/v2\/product"}],"about":[{"href":"https:\/\/soydeaqui.ddns.net\/pachuca\/index.php\/wp-json\/wp\/v2\/types\/product"}],"replies":[{"embeddable":true,"href":"https:\/\/soydeaqui.ddns.net\/pachuca\/index.php\/wp-json\/wp\/v2\/comments?post=82115"}],"wp:featuredmedia":[{"embeddable":true,"href":"https:\/\/soydeaqui.ddns.net\/pachuca\/index.php\/wp-json\/wp\/v2\/media\/82114"}],"wp:attachment":[{"href":"https:\/\/soydeaqui.ddns.net\/pachuca\/index.php\/wp-json\/wp\/v2\/media?parent=82115"}],"wp:term":[{"taxonomy":"product_brand","embeddable":true,"href":"https:\/\/soydeaqui.ddns.net\/pachuca\/index.php\/wp-json\/wp\/v2\/product_brand?post=82115"},{"taxonomy":"product_cat","embeddable":true,"href":"https:\/\/soydeaqui.ddns.net\/pachuca\/index.php\/wp-json\/wp\/v2\/product_cat?post=82115"},{"taxonomy":"product_tag","embeddable":true,"href":"https:\/\/soydeaqui.ddns.net\/pachuca\/index.php\/wp-json\/wp\/v2\/product_tag?post=82115"}],"curies":[{"name":"wp","href":"https:\/\/api.w.org\/{rel}","templated":true}]}}