{"id":82107,"date":"2026-03-19T19:12:29","date_gmt":"2026-03-19T19:12:29","guid":{"rendered":"https:\/\/soydeaqui.ddns.net\/pachuca\/index.php\/producto\/antena-direccional-de-alto-rendimiento-parabola-profunda-para-mayor-aislamiento-al-ruido-conector-guia-de-onda-para-radio-c5x-y-b5x-3-ft-4-9-a-6-4-ghz-ganancia-de-32-dbi-soporte-de-acero-ino\/"},"modified":"2026-03-19T19:12:46","modified_gmt":"2026-03-19T19:12:46","slug":"antena-direccional-de-alto-rendimiento-parabola-profunda-para-mayor-aislamiento-al-ruido-conector-guia-de-onda-para-radio-c5x-y-b5x-3-ft-4-9-a-6-4-ghz-ganancia-de-32-dbi-soporte-de-acero-ino","status":"publish","type":"product","link":"https:\/\/soydeaqui.ddns.net\/pachuca\/index.php\/producto\/antena-direccional-de-alto-rendimiento-parabola-profunda-para-mayor-aislamiento-al-ruido-conector-guia-de-onda-para-radio-c5x-y-b5x-3-ft-4-9-a-6-4-ghz-ganancia-de-32-dbi-soporte-de-acero-ino\/","title":{"rendered":"Antena Direccional de Alto Rendimiento\/ Par\u00e1bola profunda para mayor aislamiento al ruido\/ Conector gu\u00eda de onda para radio C5x y B5x \/ 3 ft \/ 4.9 a 6.4 GHz \/ Ganancia de 32 dBi \/ Soporte de acero inoxidable \/ Incluye montaje."},"content":{"rendered":"<div style='width: 100%; max-width: 1200px; margin: 0 auto; font-family: sans-serif; line-height: 1.6; color: inherit; background-color: transparent;'>\n<div style='display: flex; flex-wrap: wrap; gap: 30px; margin-bottom: 30px;'>\n<div style='flex: 1 1 300px; min-width: 280px;'>\n<h3 style='font-size: 22px; border-bottom: 2px solid currentColor; padding-bottom: 5px; margin-top: 0; color: inherit; opacity: 0.8;'>Caracter\u00edsticas principales<\/h3>\n<ul style='padding-left: 20px; font-size: 15px; color: inherit;'>\n<li style='margin-bottom: 5px;'>La antena parab\u00f3lica de doble polarizaci\u00f3n JRC-32 Deep Dish MIMO Precision MimX est\u00e1 dise\u00f1ada para enlaces con unidades de radio C5x&comma; B5x y C6x de doble polarizaci\u00f3n en la banda de frecuencia de 5\/6 GHz<\/li>\n<li style='margin-bottom: 5px;'>Dise\u00f1ada para entornos con m\u00faltiples reflexiones a largas y medias distancias en condiciones dif\u00edciles<\/li>\n<li style='margin-bottom: 5px;'>Dise\u00f1o de plato profundo que aumenta el aislamiento entre antenas en un m\u00e1stil y la relaci\u00f3n anteroposterior<\/li>\n<li style='margin-bottom: 5px;'>Versi\u00f3n JRC-32DD MIMO Precision MimX incluye un soporte JDMW-900 de gran tama\u00f1o&comma; desarrollado para enlaces de microondas<\/li>\n<\/ul><\/div>\n<div style='flex: 1 1 300px; min-width: 280px;'> <img style='width: 100%; height: auto; border: 1px solid rgba(150&comma;150&comma;150&comma;0.3); border-radius: 8px;' src='https:\/\/ftp3.syscom.mx\/usuarios\/fotos\/BancoFotografiasSyscom\/JIROUS\/JRC32DMCB5X\/JRC32DMCB5X-l.PNG' alt='Antena Direccional JIROUS JRC32DMCB5X'> <\/div>\n<\/p><\/div>\n<div style='display: flex; flex-wrap: wrap; gap: 20px; margin-bottom: 30px;'>\n<div style='flex: 1 1 250px; border: 1px solid rgba(150&comma; 150&comma; 150&comma; 0.4); border-radius: 8px; overflow: hidden; display: flex; flex-direction: column;'>\n<div style='padding: 15px; border-bottom: 1px solid rgba(150&comma; 150&comma; 150&comma; 0.2); font-weight: bold; font-size: 18px; color: inherit;'>Caracter\u00edsticas t\u00e9cnicas<\/div>\n<div style='padding: 15px; color: inherit;'>\n<ul style='padding-left: 20px; margin: 0; font-size: 14px; list-style-type: disc;'>\n<li style='margin-bottom: 5px;'><strong>Dimensiones:<\/strong> 1000 x 990 x 430 mm \/ 18 kg (39.7 lbs.)<\/li>\n<li style='margin-bottom: 5px;'><strong>Peso de la antena:<\/strong> 8.2 kg (18.1 lbs.)<\/li>\n<li style='margin-bottom: 5px;'><strong>Tipo de conector:<\/strong> Gu\u00eda de onda<\/li>\n<li style='margin-bottom: 5px;'><strong>Rango de frecuencia:<\/strong> 4.9 &#8211; 6.4 GHz<\/li>\n<li style='margin-bottom: 5px;'><strong>Ganancia:<\/strong> 32.1 \u00b1 1 dBi<\/li>\n<li style='margin-bottom: 5px;'><strong>Front to Back Ratio (F\/B):<\/strong> \u2265 52 dB<\/li>\n<li style='margin-bottom: 5px;'>etc.<\/li>\n<\/ul><\/div>\n<\/p><\/div>\n<div style='flex: 1 1 250px; border: 1px solid rgba(150&comma; 150&comma; 150&comma; 0.4); border-radius: 8px; overflow: hidden; display: flex; flex-direction: column;'> <img style='width: 100%; height: auto; border: 1px solid rgba(150&comma;150&comma;150&comma;0.3); border-radius: 8px;' src='https:\/\/ftp3.syscom.mx\/usuarios\/fotos\/BancoFotografiasSyscom\/JIROUS\/JRC32DMCB5X\/JRC32DMCB5X-AD-3-l.PNG' alt='Antena Direccional JIROUS JRC32DMCB5X'> <\/p>\n<div style='padding: 15px; color: inherit;'>\n<h3 style='font-size: 18px; margin-top: 0; margin-bottom: 10px; color: inherit; opacity: 0.9;'>Enlaces Punto a Punto<\/h3>\n<ul style='padding-left: 20px; margin: 0; font-size: 14px; list-style-type: disc;'>\n<li style='margin-bottom: 5px;'>Enlaces punto a punto de 24&comma; 29&comma; 32&comma; 35 dBi para distancias desde 10 hasta 100 km&comma; en frecuencia de 4.9 hasta 6.4 GHz<\/li>\n<li style='margin-bottom: 5px;'>Antenas PTP de plato hondo dise\u00f1ada para enlaces robustos de alta capacidad y para evitar la interferencia en el ambiente<\/li>\n<li style='margin-bottom: 5px;'>Ideal para el paso de internet&comma; datos&comma; telefon\u00eda IP o video vigilancia en diferentes sectores a distancia de 1 hasta 100 km<\/li>\n<\/ul><\/div>\n<\/p><\/div>\n<div style='flex: 1 1 250px; border: 1px solid rgba(150&comma; 150&comma; 150&comma; 0.4); border-radius: 8px; overflow: hidden; display: flex; flex-direction: column;'> <img style='width: 100%; height: auto; border: 1px solid rgba(150&comma;150&comma;150&comma;0.3); border-radius: 8px;' src='https:\/\/ftp3.syscom.mx\/usuarios\/ftp\/single_page\/jirous\/header2.jpg' alt='Antena Direccional JIROUS JRC32DMCB5X'> <\/p>\n<div style='padding: 15px; color: inherit;'>\n<h3 style='font-size: 18px; margin-top: 0; margin-bottom: 10px; color: inherit; opacity: 0.9;'>Antenas Backhaul de Alta Gama para Enlaces PTP<\/h3>\n<ul style='padding-left: 20px; margin: 0; font-size: 14px; list-style-type: disc;'>\n<li style='margin-bottom: 5px;'>Antenas de alta gama en backhaul&comma; dise\u00f1adas con material de s\u00faper alta calidad para trabajar en las condiciones m\u00e1s dif\u00edciles<\/li>\n<li style='margin-bottom: 5px;'>Soportan condiciones de saturaci\u00f3n de ruido o ambiente salino<\/li>\n<li style='margin-bottom: 5px;'>Dise\u00f1o de frecuencia 4.9 Ghz &#8211; 6.4 GHz<\/li>\n<\/ul><\/div>\n<\/p><\/div>\n<\/p><\/div>\n<\/p><\/div>\n","protected":false},"excerpt":{"rendered":"<p>Antena Direccional de Alto Rendimiento\/ Par\u00e1bola profunda para mayor aislamiento al ruido\/ Conector gu\u00eda de onda para radio C5x y B5x \/ 3 ft \/ 4.9 a 6.4 GHz \/ Ganancia de 32 dBi \/ Soporte de acero inoxidable \/ Incluye montaje.<\/p>\n","protected":false},"featured_media":82106,"comment_status":"open","ping_status":"closed","template":"","meta":[],"product_brand":[],"product_cat":[1998],"product_tag":[1999,1980,1936],"class_list":{"0":"post-82107","1":"product","2":"type-product","3":"status-publish","4":"has-post-thumbnail","6":"product_cat-5-y-6-ghz","7":"product_tag-5-y-6-ghz","8":"product_tag-enlaces-ptp-y-ptmp","9":"product_tag-jirous","11":"first","12":"instock","13":"sale","14":"shipping-taxable","15":"purchasable","16":"product-type-simple"},"_links":{"self":[{"href":"https:\/\/soydeaqui.ddns.net\/pachuca\/index.php\/wp-json\/wp\/v2\/product\/82107","targetHints":{"allow":["GET"]}}],"collection":[{"href":"https:\/\/soydeaqui.ddns.net\/pachuca\/index.php\/wp-json\/wp\/v2\/product"}],"about":[{"href":"https:\/\/soydeaqui.ddns.net\/pachuca\/index.php\/wp-json\/wp\/v2\/types\/product"}],"replies":[{"embeddable":true,"href":"https:\/\/soydeaqui.ddns.net\/pachuca\/index.php\/wp-json\/wp\/v2\/comments?post=82107"}],"wp:featuredmedia":[{"embeddable":true,"href":"https:\/\/soydeaqui.ddns.net\/pachuca\/index.php\/wp-json\/wp\/v2\/media\/82106"}],"wp:attachment":[{"href":"https:\/\/soydeaqui.ddns.net\/pachuca\/index.php\/wp-json\/wp\/v2\/media?parent=82107"}],"wp:term":[{"taxonomy":"product_brand","embeddable":true,"href":"https:\/\/soydeaqui.ddns.net\/pachuca\/index.php\/wp-json\/wp\/v2\/product_brand?post=82107"},{"taxonomy":"product_cat","embeddable":true,"href":"https:\/\/soydeaqui.ddns.net\/pachuca\/index.php\/wp-json\/wp\/v2\/product_cat?post=82107"},{"taxonomy":"product_tag","embeddable":true,"href":"https:\/\/soydeaqui.ddns.net\/pachuca\/index.php\/wp-json\/wp\/v2\/product_tag?post=82107"}],"curies":[{"name":"wp","href":"https:\/\/api.w.org\/{rel}","templated":true}]}}