{"id":82093,"date":"2026-03-19T19:11:56","date_gmt":"2026-03-19T19:11:56","guid":{"rendered":"https:\/\/soydeaqui.ddns.net\/pachuca\/index.php\/producto\/ont-gpon-optixstar-wifi6-con-4-puertos-ge-1-pots-1-catv-conector-sc-apc\/"},"modified":"2026-03-19T19:12:18","modified_gmt":"2026-03-19T19:12:18","slug":"ont-gpon-optixstar-wifi6-con-4-puertos-ge-1-pots-1-catv-conector-sc-apc","status":"publish","type":"product","link":"https:\/\/soydeaqui.ddns.net\/pachuca\/index.php\/producto\/ont-gpon-optixstar-wifi6-con-4-puertos-ge-1-pots-1-catv-conector-sc-apc\/","title":{"rendered":"ONT GPON OptiXstar WiFi6 con 4 puertos GE + 1 POTS + 1 CATV, conector SC\/APC"},"content":{"rendered":"<div style='width: 100%; max-width: 1200px; margin: 0 auto; font-family: sans-serif; line-height: 1.6; color: inherit; background-color: transparent;'> <!-- Logo --> <\/p>\n<div style='width: 100%; text-align: center; margin: 20px 0;'> <img style='width: 100%; max-width: 450px; height: auto; border: 1px solid rgba(150&comma;150&comma;150&comma;0.3); border-radius: 8px;' src='https:\/\/ftp3.syscom.mx\/usuarios\/orobles\/Huawei\/Huawei-horizontal-logo_2018.jpg' alt='Logo Huawei'> <\/div>\n<p> <!-- Descripci\u00f3n principal --> <\/p>\n<div style='margin: 30px 0; font-size: 15px;'>\n<p>El Huawei OptiXstar EG8147X6-10 es un ONT inteligente de enrutamiento GPON y Wi-Fi. Utiliza la tecnolog\u00eda Wi-Fi GPON para implementar acceso de banda ultra ancha&comma; alto rendimiento y amplia cobertura para los usuarios. Su alto rendimiento de reenv\u00edo garantiza la experiencia del usuario con servicios de voz&comma; datos y video HD&comma; y ofrece a los clientes una soluci\u00f3n ideal de acceso totalmente \u00f3ptico y capacidad de soporte de servicios con visi\u00f3n de futuro.<\/p>\n<p>Ofrece cuatro puertos GE&comma; un puerto POTS&comma; un puerto CATV&comma; un puerto USB y funci\u00f3n Wi-Fi.<\/p>\n<\/p><\/div>\n<p> <!-- Caracter\u00edsticas principales --> <\/p>\n<div style='margin: 30px 0;'>\n<h3 style='font-size: 22px; border-bottom: 2px solid currentColor; padding-bottom: 5px; margin-top: 0; color: inherit; opacity: 0.8;'>Caracter\u00edsticas principales<\/h3>\n<ul style='padding-left: 20px; font-size: 15px; color: inherit;'>\n<li style='margin-bottom: 5px;'>Tecnolog\u00eda Wi-Fi de \u00faltima generaci\u00f3n<\/li>\n<li style='margin-bottom: 5px;'>Servicio inteligente<\/li>\n<li style='margin-bottom: 5px;'>Interconexi\u00f3n inteligente<\/li>\n<li style='margin-bottom: 5px;'>Operaci\u00f3n y mantenimiento inteligentes<\/li>\n<\/ul><\/div>\n<p> <!-- Especificaciones --> <\/p>\n<div style='display: flex; flex-wrap: wrap; gap: 20px; margin: 30px 0;'>\n<div style='flex: 1 1 300px; border: 1px solid rgba(150&comma; 150&comma; 150&comma; 0.4); border-radius: 8px; overflow: hidden; display: flex; flex-direction: column;'>\n<div style='padding: 15px; border-bottom: 1px solid rgba(150&comma; 150&comma; 150&comma; 0.2); font-weight: bold; font-size: 18px; color: inherit;'>Caracter\u00edsticas t\u00e9cnicas<\/div>\n<div style='padding: 15px; color: inherit;'>\n<ul style='padding-left: 20px; margin: 0; font-size: 14px; list-style-type: disc;'>\n<li style='margin-bottom: 5px;'><strong>WiFi 6:<\/strong> doble banda 2.4 GHz &#038; 5 GHz<\/li>\n<li style='margin-bottom: 5px;'><strong>Mayor cobertura:<\/strong> menos visitas a sitio<\/li>\n<li style='margin-bottom: 5px;'><strong>Estabilidad:<\/strong> No se reinicia por calentamiento<\/li>\n<li style='margin-bottom: 5px;'><strong>Antenas:<\/strong> 2 antenas de 5 dBi (5GHz)<\/li>\n<li style='margin-bottom: 5px;'><strong>Dimensiones:<\/strong> 35 x 195 x 120 mm<\/li>\n<li style='margin-bottom: 5px;'><strong>Consumo standby:<\/strong> 6.8 W<\/li>\n<li style='margin-bottom: 5px;'><strong>Consumo m\u00e1ximo:<\/strong> 18 W<\/li>\n<li style='margin-bottom: 5px;'><strong>Peso:<\/strong> 305g<\/li>\n<li style='margin-bottom: 5px;'><strong>Temperatura de operaci\u00f3n:<\/strong> 0\u00b0C a 40\u00b0C<\/li>\n<\/ul><\/div>\n<\/p><\/div>\n<div style='flex: 1 1 300px; border: 1px solid rgba(150&comma; 150&comma; 150&comma; 0.4); border-radius: 8px; overflow: hidden; display: flex; flex-direction: column;'>\n<div style='padding: 15px; border-bottom: 1px solid rgba(150&comma; 150&comma; 150&comma; 0.2); font-weight: bold; font-size: 18px; color: inherit;'>Conectividad<\/div>\n<div style='padding: 15px; color: inherit;'>\n<ul style='padding-left: 20px; margin: 0; font-size: 14px; list-style-type: disc;'>\n<li style='margin-bottom: 5px;'><strong>Adaptador de corriente:<\/strong> 100-240 Vac 50\/60 Hz<\/li>\n<li style='margin-bottom: 5px;'><strong>Entrada del equipo:<\/strong> 12Vdc&comma; 1.5A<\/li>\n<li style='margin-bottom: 5px;'><strong>Entrada \u00f3ptica:<\/strong> SC\/APC clase B+<\/li>\n<li style='margin-bottom: 5px;'><strong>Downlink:<\/strong> OFDMA<\/li>\n<li style='margin-bottom: 5px;'><strong>Downlink MU-MIMO:<\/strong> 2&#215;2<\/li>\n<li style='margin-bottom: 5px;'><strong>Puertos LAN:<\/strong> 4 puertos Gigabit Ethernet<\/li>\n<li style='margin-bottom: 5px;'><strong>Puerto POTS:<\/strong> RJ11<\/li>\n<li style='margin-bottom: 5px;'><strong>Puerto CATV:<\/strong> 1 puerto<\/li>\n<li style='margin-bottom: 5px;'><strong>Puerto USB:<\/strong> 2.0<\/li>\n<\/ul><\/div>\n<\/p><\/div>\n<\/p><\/div>\n<p> <!-- Credenciales --> <\/p>\n<div style='margin: 30px 0;'>\n<h3 style='font-size: 22px; border-bottom: 2px solid currentColor; padding-bottom: 5px; margin-top: 0; color: inherit; opacity: 0.8;'>Credenciales de acceso<\/h3>\n<ul style='padding-left: 20px; font-size: 15px; color: inherit;'>\n<li style='margin-bottom: 5px;'><strong>Usuario:<\/strong> Epadmin<\/li>\n<li style='margin-bottom: 5px;'><strong>Contrase\u00f1a:<\/strong> adminEp<\/li>\n<\/ul><\/div>\n<p> <!-- Video --> <\/p>\n<div style='position: relative; padding-bottom: 56.25%; height: 0; overflow: hidden; margin: 30px 0;'>   <\/div>\n<\/p><\/div>\n","protected":false},"excerpt":{"rendered":"<p>ONT GPON OptiXstar WiFi6 con 4 puertos GE + 1 POTS + 1 CATV, conector SC\/APC<\/p>\n","protected":false},"featured_media":82092,"comment_status":"open","ping_status":"closed","template":"","meta":[],"product_brand":[],"product_cat":[2010],"product_tag":[718,2012,2011],"class_list":{"0":"post-82093","1":"product","2":"type-product","3":"status-publish","4":"has-post-thumbnail","6":"product_cat-onus-onts","7":"product_tag-huawei","8":"product_tag-onus-onts","9":"product_tag-redes-ftth-pon","11":"first","12":"instock","13":"sale","14":"shipping-taxable","15":"purchasable","16":"product-type-simple"},"_links":{"self":[{"href":"https:\/\/soydeaqui.ddns.net\/pachuca\/index.php\/wp-json\/wp\/v2\/product\/82093","targetHints":{"allow":["GET"]}}],"collection":[{"href":"https:\/\/soydeaqui.ddns.net\/pachuca\/index.php\/wp-json\/wp\/v2\/product"}],"about":[{"href":"https:\/\/soydeaqui.ddns.net\/pachuca\/index.php\/wp-json\/wp\/v2\/types\/product"}],"replies":[{"embeddable":true,"href":"https:\/\/soydeaqui.ddns.net\/pachuca\/index.php\/wp-json\/wp\/v2\/comments?post=82093"}],"wp:featuredmedia":[{"embeddable":true,"href":"https:\/\/soydeaqui.ddns.net\/pachuca\/index.php\/wp-json\/wp\/v2\/media\/82092"}],"wp:attachment":[{"href":"https:\/\/soydeaqui.ddns.net\/pachuca\/index.php\/wp-json\/wp\/v2\/media?parent=82093"}],"wp:term":[{"taxonomy":"product_brand","embeddable":true,"href":"https:\/\/soydeaqui.ddns.net\/pachuca\/index.php\/wp-json\/wp\/v2\/product_brand?post=82093"},{"taxonomy":"product_cat","embeddable":true,"href":"https:\/\/soydeaqui.ddns.net\/pachuca\/index.php\/wp-json\/wp\/v2\/product_cat?post=82093"},{"taxonomy":"product_tag","embeddable":true,"href":"https:\/\/soydeaqui.ddns.net\/pachuca\/index.php\/wp-json\/wp\/v2\/product_tag?post=82093"}],"curies":[{"name":"wp","href":"https:\/\/api.w.org\/{rel}","templated":true}]}}