{"id":82081,"date":"2026-03-19T19:11:29","date_gmt":"2026-03-19T19:11:29","guid":{"rendered":"https:\/\/soydeaqui.ddns.net\/pachuca\/index.php\/producto\/kit-router-firewall-con-licencia-incluida-nse-sub-3000-3-funcion-sd-wan-nse3000-2-puertos-wan-gigabit-2-sfp-combo-4-puertos-lan-gigabit-gestion-unificada-de-amenazadas-administracion-desde\/"},"modified":"2026-03-19T19:11:31","modified_gmt":"2026-03-19T19:11:31","slug":"kit-router-firewall-con-licencia-incluida-nse-sub-3000-3-funcion-sd-wan-nse3000-2-puertos-wan-gigabit-2-sfp-combo-4-puertos-lan-gigabit-gestion-unificada-de-amenazadas-administracion-desde","status":"publish","type":"product","link":"https:\/\/soydeaqui.ddns.net\/pachuca\/index.php\/producto\/kit-router-firewall-con-licencia-incluida-nse-sub-3000-3-funcion-sd-wan-nse3000-2-puertos-wan-gigabit-2-sfp-combo-4-puertos-lan-gigabit-gestion-unificada-de-amenazadas-administracion-desde\/","title":{"rendered":"Kit Router\/Firewall con licencia incluida NSE-SUB-3000-3 \/ funci\u00f3n SD-WAN NSE3000 \/ 2 puertos WAN Gigabit + 2 SFP combo \/ 4 puertos LAN Gigabit \/ Gesti\u00f3n Unificada de Amenazadas \/ Administraci\u00f3n desde la Nube \/ Hasta 1,000 dispositivo"},"content":{"rendered":"<div style='width: 100%; max-width: 1200px; margin: 0 auto; font-family: sans-serif; line-height: 1.6; color: inherit; background-color: transparent;'> <!-- T\u00edtulo principal --> <\/p>\n<h1 style='font-size: 2.625rem; margin: 0 0 1rem; font-weight: 400; line-height: 1.04762; color: inherit; text-shadow: rgba(0&comma; 0&comma; 0&comma; 0.2) 2px 4px 3px; text-align: center;'> Router\/Firewall SD-WAN NSE3000 Lider de tu infraestructura de red enterprise <\/h1>\n<p> <!-- Especificaciones destacadas --> <\/p>\n<div style='display: flex; flex-wrap: wrap; gap: 15px; margin-bottom: 30px; justify-content: center;'>\n<div style='flex: 1 1 auto; min-width: 200px; background: rgba(150&comma;150&comma;150&comma;0.1); border-radius: 8px; padding: 10px 15px; text-align: center;'> <strong style='display: block; font-size: 1.2em; color: inherit;'>Hasta 300<\/strong> <span style='font-size: 0.9em; color: inherit;'>Dispositivos<\/span> <\/div>\n<div style='flex: 1 1 auto; min-width: 200px; background: rgba(150&comma;150&comma;150&comma;0.1); border-radius: 8px; padding: 10px 15px; text-align: center;'> <strong style='display: block; font-size: 1.2em; color: inherit;'>Gesti\u00f3n v\u00eda cnMaestro<\/strong> <\/div>\n<\/p><\/div>\n<p> <!-- Descripci\u00f3n general --> <\/p>\n<div style='margin-bottom: 30px;'>\n<p style='font-size: 15px; color: inherit; text-align: justify;'> <strong>Network Service Edge (NSE) Proporciona servicios avanzados de WAN&comma; red y seguridad para redes de peque\u00f1as y medianas empresas.<\/strong> <\/p>\n<p style='font-size: 15px; color: inherit; text-align: justify;'> <strong>Estos servicios est\u00e1n integrados en la soluci\u00f3n ONE network de Cambium&comma; el cual permite a las organizaciones implementar y administrar la pol\u00edtica de seguridad de la red cableada e inal\u00e1mbrica&comma; todo completamente administrado y controlado.<\/strong> <\/p>\n<\/p><\/div>\n<p> <!-- Secci\u00f3n de caracter\u00edsticas --> <\/p>\n<div style='display: flex; flex-wrap: wrap; gap: 30px; margin-bottom: 30px;'>\n<div style='flex: 1 1 300px; min-width: 280px;'>\n<h3 style='font-size: 22px; border-bottom: 2px solid currentColor; padding-bottom: 5px; margin-top: 0; color: inherit; opacity: 0.8;'>Caracter\u00edsticas principales<\/h3>\n<ul style='padding-left: 20px; font-size: 15px; color: inherit;'>\n<li style='margin-bottom: 5px;'>Pol\u00edticas de Firewall y NAT<\/li>\n<li style='margin-bottom: 5px;'>DHCP Server<\/li>\n<li style='margin-bottom: 5px;'>Anal\u00edticos para toma de decisiones<\/li>\n<li style='margin-bottom: 5px;'>VLANs<\/li>\n<li style='margin-bottom: 5px;'>VPN L2TP-IPsec<\/li>\n<li style='margin-bottom: 5px;'>SD-WAN<\/li>\n<li style='margin-bottom: 5px;'>Gesti\u00f3n de ancho de banda por aplicaci\u00f3n<\/li>\n<li style='margin-bottom: 5px;'>Bloqueo de aplicaciones<\/li>\n<li style='margin-bottom: 5px;'>Control de ancho de banda por usuario<\/li>\n<\/ul><\/div>\n<div style='flex: 1 1 300px; min-width: 280px;'>\n<h3 style='font-size: 22px; border-bottom: 2px solid currentColor; padding-bottom: 5px; margin-top: 0; color: inherit; opacity: 0.8;'>Administraci\u00f3n<\/h3>\n<ul style='padding-left: 20px; font-size: 15px; color: inherit;'>\n<li style='margin-bottom: 5px;'>Interfaz WEB<\/li>\n<li style='margin-bottom: 5px;'>Desde la nube con cnMaestro<\/li>\n<\/ul><\/div>\n<div style='flex: 1 1 300px; min-width: 280px;'>\n<h3 style='font-size: 22px; border-bottom: 2px solid currentColor; padding-bottom: 5px; margin-top: 0; color: inherit; opacity: 0.8;'>Caracter\u00edsticas f\u00edsicas y el\u00e9ctricas<\/h3>\n<ul style='padding-left: 20px; font-size: 15px; color: inherit;'>\n<li style='margin-bottom: 5px;'>Consumo m\u00e1ximo: 22.8 W<\/li>\n<li style='margin-bottom: 5px;'>Temperatura de operaci\u00f3n: 0\u00baC -40\u00baC<\/li>\n<li style='margin-bottom: 5px;'>Dimensiones: 175.16 mm x 232.72 mm x 43 mm<\/li>\n<li style='margin-bottom: 5px;'>Peso: .65 kg<\/li>\n<li style='margin-bottom: 5px;'>Ancho de banda clientes VPN: 300 Mbps<\/li>\n<li style='margin-bottom: 5px;'>Routed throughput: 945 Mbps &#8211; Layer 3 forwarding throughput<\/li>\n<\/ul><\/div>\n<\/p><\/div>\n<p> <!-- Evaluaci\u00f3n de vulnerabilidad LAN --> <\/p>\n<div style='margin-bottom: 30px;'>\n<h3 style='font-size: 20px; color: inherit; margin-top: 0; margin-bottom: 10px;'>Evaluaci\u00f3n de vulnerabilidad LAN<\/h3>\n<hr style='border: 0; border-top: 1px solid rgba(150&comma;150&comma;150&comma;0.3); margin: 15px 0;'>\n<p style='font-size: 15px; color: inherit; text-align: justify;'> NSE 3000 ofrece evaluaci\u00f3n de vulnerabilidades para dispositivos conectados. El servicio ejecuta escaneos peri\u00f3dicos para detectar CVE (vulnerabilidades y exposiciones comunes) y se proporciona una puntuaci\u00f3n con la correcci\u00f3n recomendada. <\/p>\n<p> <img style='width: 100%; height: auto; border: 1px solid rgba(150&comma;150&comma;150&comma;0.3); border-radius: 8px; margin: 15px 0;' src='https:\/\/www.cambiumnetworks.com\/wp-content\/uploads\/lan-vulnerability-assessment.png' alt='Evaluaci\u00f3n de vulnerabilidad LAN'> <\/div>\n<p> <!-- Seguridad IoT --> <\/p>\n<div style='margin-bottom: 30px;'>\n<h3 style='font-size: 20px; color: inherit; margin-top: 0; margin-bottom: 10px;'>Seguridad IoT<\/h3>\n<hr style='border: 0; border-top: 1px solid rgba(150&comma;150&comma;150&comma;0.3); margin: 15px 0;'>\n<p style='font-size: 15px; color: inherit; text-align: justify;'> NSE 3000 ofrece visibilidad de dispositivos IOT al tomar huellas dactilares y compararlas con bases de datos de dispositivos que se actualizan con frecuencia. Proporciona una lista din\u00e1mica de dispositivos OT e IOT en la red. <\/p>\n<p> <img style='width: 100%; height: auto; border: 1px solid rgba(150&comma;150&comma;150&comma;0.3); border-radius: 8px; margin: 15px 0;' src='https:\/\/www.cambiumnetworks.com\/wp-content\/uploads\/iot_visibility.png' alt='Seguridad IoT'> <\/div>\n<p> <!-- Seguridad con y sin licencia --> <\/p>\n<div style='display: flex; flex-wrap: wrap; gap: 30px; margin-bottom: 30px;'>\n<div style='flex: 1 1 300px; min-width: 280px;'>\n<h3 style='font-size: 20px; color: inherit; margin-top: 0; margin-bottom: 10px;'>Seguridad sin licenciamiento<\/h3>\n<hr style='border: 0; border-top: 1px solid rgba(150&comma;150&comma;150&comma;0.3); margin: 15px 0;'>\n<ul style='padding-left: 20px; font-size: 15px; color: inherit;'>\n<li style='margin-bottom: 5px;'><strong>SD-WAN<\/strong><\/li>\n<li style='margin-bottom: 5px;'>WAN Activa-Activa y Activa-Backup<\/li>\n<li style='margin-bottom: 5px;'>Preferencias de flujo de Capa 3 y Capa 7<\/li>\n<li style='margin-bottom: 5px;'>VPN de sitio a sitio<\/li>\n<li style='margin-bottom: 5px;'>VPN remotas<\/li>\n<li style='margin-bottom: 5px;'>L2TP-IPSec&comma; IKEv2&comma; WireGuard<\/li>\n<li style='margin-bottom: 5px;'>Cortafuegos de nueva generaci\u00f3n<\/li>\n<li style='margin-bottom: 5px;'>Capa 3 y capa 7 (basado en aplicaciones)<\/li>\n<li style='margin-bottom: 5px;'>Detecci\u00f3n y prevenci\u00f3n de intrusiones<\/li>\n<li style='margin-bottom: 5px;'>Elecci\u00f3n de conjuntos de reglas gratuitos y comerciales<\/li>\n<li style='margin-bottom: 5px;'>Visibilidad y control de aplicaciones<\/li>\n<li style='margin-bottom: 5px;'>Servicios LAN (DHCP&comma; RADIUS)<\/li>\n<li style='margin-bottom: 5px;'>Gesti\u00f3n en la nube a trav\u00e9s de cnMaestro<\/li>\n<\/ul><\/div>\n<div style='flex: 1 1 300px; min-width: 280px;'>\n<h3 style='font-size: 20px; color: inherit; margin-top: 0; margin-bottom: 10px;'>Seguridad con licencia<\/h3>\n<hr style='border: 0; border-top: 1px solid rgba(150&comma;150&comma;150&comma;0.3); margin: 15px 0;'>\n<ul style='padding-left: 20px; font-size: 15px; color: inherit;'>\n<li style='margin-bottom: 5px;'><strong>Toda la seguridad<\/strong><\/li>\n<li style='margin-bottom: 5px;'><strong>Cortafuegos Geo-IP<\/strong><\/li>\n<li style='margin-bottom: 5px;'>Filtrado de contenidos DNS<\/li>\n<li style='margin-bottom: 5px;'><strong>M\u00e1s de 80 categor\u00edas<\/strong><\/li>\n<li style='margin-bottom: 5px;'>R\u00e1pido con cach\u00e9s de datos en todo el mundo<\/li>\n<li style='margin-bottom: 5px;'>Evaluaci\u00f3n de vulnerabilidades de LAN<\/li>\n<li style='margin-bottom: 5px;'>Alta disponibilidad<\/li>\n<li style='margin-bottom: 5px;'>1 + 1 en modo de copia de seguridad activa<\/li>\n<li style='margin-bottom: 5px;'>VPN autom\u00e1tica<\/li>\n<li style='margin-bottom: 5px;'><strong>Configuraci\u00f3n de t\u00faneles VPN con un solo clic<\/strong><\/li>\n<li style='margin-bottom: 5px;'>Identificaci\u00f3n de dispositivos IoT<\/li>\n<li style='margin-bottom: 5px;'>cnMaestro Informes y An\u00e1lisis<\/li>\n<\/ul><\/div>\n<\/p><\/div>\n<p> <!-- Licencias requeridas --> <\/p>\n<div style='margin-bottom: 30px;'>\n<h3 style='font-size: 20px; color: inherit; margin-top: 0; margin-bottom: 10px;'>Licencias requeridas<\/h3>\n<hr style='border: 0; border-top: 1px solid rgba(150&comma;150&comma;150&comma;0.3); margin: 15px 0;'>\n<p style='font-size: 15px; color: inherit; margin-bottom: 15px;'><strong>Necesita forzosamente alguna de las siguientes licencias:<\/strong><\/p>\n<ul style='padding-left: 20px; font-size: 15px; color: inherit; margin-bottom: 15px;'>\n<li style='margin-bottom: 5px;'><a href='https:\/\/www.syscom.mx\/producto\/NSE-SUB-3000-1-CAMBIUM-NETWORKS-226183.html' style='color: inherit; text-decoration: underline;'>NSE-SUB-3000-1<\/a> (Suscripci\u00f3n de cnMaestro por 1 a\u00f1o)<\/li>\n<li style='margin-bottom: 5px;'><a href='https:\/\/www.syscom.mx\/producto\/NSE-SUB-3000-3-CAMBIUM-NETWORKS-226184.html' style='color: inherit; text-decoration: underline;'>NSE-SUB-3000-3<\/a> (Suscripci\u00f3n de cnMaestro por 3 a\u00f1os)<\/li>\n<li style='margin-bottom: 5px;'><a href='https:\/\/www.syscom.mx\/producto\/NSE-SUB-3000-5-CAMBIUM-NETWORKS-226185.html' style='color: inherit; text-decoration: underline;'>NSE-SUB-3000-5<\/a> (Suscripci\u00f3n de cnMaestro por 5 a\u00f1os)<\/li>\n<\/ul><\/div>\n<p> <!-- Accesorio recomendado --> <\/p>\n<div style='margin-bottom: 30px;'>\n<p style='font-size: 15px; color: inherit;'><strong>Agregar el cable de corriente:<\/strong> <a href='https:\/\/www.syscom.mx\/producto\/AC-CORD-1.5M-EPCOM-POWERLINE-205295.html' style='color: inherit; text-decoration: underline;'>AC-CORD-1.5M<\/a><\/p>\n<\/p><\/div>\n<\/p><\/div>\n","protected":false},"excerpt":{"rendered":"<p>Kit Router\/Firewall con licencia incluida NSE-SUB-3000-3 \/ funci\u00f3n SD-WAN NSE3000 \/ 2 puertos WAN Gigabit + 2 SFP combo \/ 4 puertos LAN Gigabit \/ Gesti\u00f3n Unificada de Amenazadas \/ Administraci\u00f3n desde la Nube \/ Hasta 1,000 dispositivo<\/p>\n","protected":false},"featured_media":82080,"comment_status":"open","ping_status":"closed","template":"","meta":[],"product_brand":[],"product_cat":[2036,2035,2034],"product_tag":[2039,1316,2038,664,2037],"class_list":{"0":"post-82081","1":"product","2":"type-product","3":"status-publish","4":"has-post-thumbnail","6":"product_cat-balanceadores","7":"product_cat-firewalls","8":"product_cat-routers","9":"product_tag-balanceadores","10":"product_tag-cambium-networks","11":"product_tag-firewalls","12":"product_tag-networking","13":"product_tag-routers","15":"first","16":"outofstock","17":"sale","18":"shipping-taxable","19":"purchasable","20":"product-type-simple"},"_links":{"self":[{"href":"https:\/\/soydeaqui.ddns.net\/pachuca\/index.php\/wp-json\/wp\/v2\/product\/82081","targetHints":{"allow":["GET"]}}],"collection":[{"href":"https:\/\/soydeaqui.ddns.net\/pachuca\/index.php\/wp-json\/wp\/v2\/product"}],"about":[{"href":"https:\/\/soydeaqui.ddns.net\/pachuca\/index.php\/wp-json\/wp\/v2\/types\/product"}],"replies":[{"embeddable":true,"href":"https:\/\/soydeaqui.ddns.net\/pachuca\/index.php\/wp-json\/wp\/v2\/comments?post=82081"}],"wp:featuredmedia":[{"embeddable":true,"href":"https:\/\/soydeaqui.ddns.net\/pachuca\/index.php\/wp-json\/wp\/v2\/media\/82080"}],"wp:attachment":[{"href":"https:\/\/soydeaqui.ddns.net\/pachuca\/index.php\/wp-json\/wp\/v2\/media?parent=82081"}],"wp:term":[{"taxonomy":"product_brand","embeddable":true,"href":"https:\/\/soydeaqui.ddns.net\/pachuca\/index.php\/wp-json\/wp\/v2\/product_brand?post=82081"},{"taxonomy":"product_cat","embeddable":true,"href":"https:\/\/soydeaqui.ddns.net\/pachuca\/index.php\/wp-json\/wp\/v2\/product_cat?post=82081"},{"taxonomy":"product_tag","embeddable":true,"href":"https:\/\/soydeaqui.ddns.net\/pachuca\/index.php\/wp-json\/wp\/v2\/product_tag?post=82081"}],"curies":[{"name":"wp","href":"https:\/\/api.w.org\/{rel}","templated":true}]}}