{"id":8208,"date":"2026-03-18T07:06:04","date_gmt":"2026-03-18T07:06:04","guid":{"rendered":"https:\/\/soydeaqui.ddns.net\/pachuca\/index.php\/producto\/ax-hub-transmisor-inalambrico-con-1-entrada-de-alarma-agregar-sensores-cableados\/"},"modified":"2026-03-18T07:06:08","modified_gmt":"2026-03-18T07:06:08","slug":"ax-hub-transmisor-inalambrico-con-1-entrada-de-alarma-agregar-sensores-cableados","status":"publish","type":"product","link":"https:\/\/soydeaqui.ddns.net\/pachuca\/index.php\/producto\/ax-hub-transmisor-inalambrico-con-1-entrada-de-alarma-agregar-sensores-cableados\/","title":{"rendered":"(AX HUB) Transmisor Inal\u00e1mbrico con 1 Entrada de Alarma \/ AGREGAR SENSORES CABLEADOS"},"content":{"rendered":"<div style='width: 100%; max-width: 1200px; margin: 0 auto; font-family: sans-serif; line-height: 1.6; color: inherit; background-color: transparent;'>\n<p style='text-align: left; margin-bottom: 20px; font-size: 15px; color: inherit;'>Este equipo permite agregar sensores cableados de otras marcas y monitorear en HIKVISION.<\/p>\n<p style='text-align: center; margin-bottom: 30px;'> <img style='width: 45%; height: auto; border: 1px solid rgba(150&comma;150&comma;150&comma;0.3); border-radius: 8px; max-width: 100%;' src='https:\/\/ftp3.syscom.mx\/usuarios\/jsosa\/HIKVISION\/imagenes\/logo\/hikvision%20see%20far.png' alt='Logo Hikvision'> <\/p>\n<div style='display: flex; flex-wrap: wrap; gap: 30px; margin-bottom: 30px;'>\n<div style='flex: 1 1 300px; min-width: 280px;'>\n<div style='border-left: 5px solid #ff0000; border-radius: 5px; padding: 5px; box-shadow: 2px 2px 10px rgba(216&comma;216&comma;216&comma;0.4);'>\n<h3 style='font-size: 18px; margin-top: 0; margin-bottom: 10px; color: inherit; font-family: sans-serif; font-weight: bold;'>Caracter\u00edsticas principales<\/h3>\n<ul style='padding-left: 20px; font-size: 14px; color: inherit; list-style-type: disc;'>\n<li style='margin-bottom: 5px;'>Comunicaci\u00f3n inal\u00e1mbrica con el panel de alarma<\/li>\n<li style='margin-bottom: 5px;'>Los datos inal\u00e1mbricos est\u00e1n protegidos por el cifrado AES-128<\/li>\n<\/ul><\/div>\n<\/p><\/div>\n<div style='flex: 1 1 300px; min-width: 280px;'>\n<div style='border-left: 5px solid #ff0000; border-radius: 5px; padding: 5px; box-shadow: 2px 2px 10px rgba(216&comma;216&comma;216&comma;0.4);'>\n<h3 style='font-size: 18px; margin-top: 0; margin-bottom: 10px; color: inherit; font-family: sans-serif; font-weight: bold;'>Caracter\u00edsticas F\u00edsicas y El\u00e9ctricas:<\/h3>\n<ul style='padding-left: 20px; font-size: 14px; color: inherit; list-style-type: disc;'>\n<li style='margin-bottom: 5px;'>Alimentaci\u00f3n: CR123 (Incluida).<\/li>\n<li style='margin-bottom: 5px;'>Temperatura de operaci\u00f3n: -10 \u00b0C a 55 \u00b0C<\/li>\n<li style='margin-bottom: 5px;'>Uso interior<\/li>\n<li style='margin-bottom: 5px;'>Dimensiones: 84 mm \u00d7 25 mm \u00d7 21 mm<\/li>\n<li style='margin-bottom: 5px;'>Peso: 38.5 g<\/li>\n<\/ul><\/div>\n<\/p><\/div>\n<div style='flex: 1 1 300px; min-width: 280px;'>\n<div style='border-left: 5px solid #ff0000; border-radius: 5px; padding: 5px; box-shadow: 2px 2px 10px rgba(216&comma;216&comma;216&comma;0.4);'>\n<h3 style='font-size: 18px; margin-top: 0; margin-bottom: 10px; color: inherit; font-family: sans-serif; font-weight: bold;'>Caracter\u00edsticas Destacadas:<\/h3>\n<p style='margin-bottom: 10px; font-size: 14px; color: inherit;'>El transmisor manda el cambio de estado de sensor convencional al panel principal de manera inal\u00e1mbrica&comma; ideal para adaptar sensores ya existentes en el lugar.<\/p>\n<p style='margin-bottom: 0; font-size: 14px; color: inherit;'><strong>Configuraciones b\u00e1sicas clic<\/strong> <a href='http:\/\/soporte.syscom.mx\/videovigilancia\/hikvision-configuraciones-del-panel-de-alarmas' target='_blank' rel='noopener noreferrer' style='color: #007bff; text-decoration: none; font-weight: bold;'>Aqu\u00ed<\/a><\/p>\n<\/p><\/div>\n<\/p><\/div>\n<\/p><\/div>\n<hr style='border: 0; border-top: 1px solid rgba(150&comma;150&comma;150&comma;0.3); margin: 30px 0;'>\n<h3 style='text-align: center; margin-bottom: 20px; font-size: 16px; color: inherit; font-family: sans-serif; font-weight: bold;'> <span style='color: inherit;'>Para verificar la compatibilidad de la serie de clic en la imagen o <\/span> <a href='https:\/\/www.syscom.mx\/principal\/promociones\/paneles_y_accesorios_de_alarmas_de_hikvision-4053.html?ordenar=Relevancia&#038;pag=1' target='_blank' rel='noopener noreferrer' style='color: #007bff; text-decoration: none; font-weight: bold;'>aqu\u00ed<\/a> <\/h3>\n<p style='margin-bottom: 30px; text-align: center;'> <img style='width: 100%; height: auto; border: 1px solid rgba(150&comma;150&comma;150&comma;0.3); border-radius: 8px; max-width: 100%;' src='https:\/\/ftp3.syscom.mx\/usuarios\/jsosa\/HIKVISION\/alarmas\/imagenes\/panel%20ax%20hub%20diagrama%20hikvision.jpg' alt='Diagrama Panel AX Hub Hikvision'> <\/p>\n<p style='margin-bottom: 0; text-align: center;'> <a title='Paneles y accesorios de alarma de Hikvision' href='https:\/\/www.syscom.mx\/principal\/listadoproductosazul\/intrusion-hikvision-paneles-de-alarma-y-accesorios-ax-hub-series-66285.html?ordenar=Precio_de_Menor_a_Mayor&#038;pag=1' target='_blank' rel='noopener noreferrer'> <img style='width: 100%; height: auto; border: 1px solid rgba(150&comma;150&comma;150&comma;0.3); border-radius: 8px; max-width: 100%;' src='https:\/\/ftp3.syscom.mx\/usuarios\/jsosa\/banners\/hikvision-integracion.jpg' alt='Banner Hikvision Integraci\u00f3n'> <\/a> <\/p>\n<\/p><\/div>\n","protected":false},"excerpt":{"rendered":"<p>(AX HUB) Transmisor Inal\u00e1mbrico con 1 Entrada de Alarma \/ AGREGAR SENSORES CABLEADOS<\/p>\n","protected":false},"featured_media":8207,"comment_status":"open","ping_status":"closed","template":"","meta":[],"product_brand":[],"product_cat":[410],"product_tag":[54,172,411],"class_list":{"0":"post-8208","1":"product","2":"type-product","3":"status-publish","4":"has-post-thumbnail","6":"product_cat-receptores-inalambricos","7":"product_tag-hikvision","8":"product_tag-modulos-de-expansion","9":"product_tag-receptores-inalambricos","11":"first","12":"instock","13":"sale","14":"shipping-taxable","15":"purchasable","16":"product-type-simple"},"_links":{"self":[{"href":"https:\/\/soydeaqui.ddns.net\/pachuca\/index.php\/wp-json\/wp\/v2\/product\/8208","targetHints":{"allow":["GET"]}}],"collection":[{"href":"https:\/\/soydeaqui.ddns.net\/pachuca\/index.php\/wp-json\/wp\/v2\/product"}],"about":[{"href":"https:\/\/soydeaqui.ddns.net\/pachuca\/index.php\/wp-json\/wp\/v2\/types\/product"}],"replies":[{"embeddable":true,"href":"https:\/\/soydeaqui.ddns.net\/pachuca\/index.php\/wp-json\/wp\/v2\/comments?post=8208"}],"wp:featuredmedia":[{"embeddable":true,"href":"https:\/\/soydeaqui.ddns.net\/pachuca\/index.php\/wp-json\/wp\/v2\/media\/8207"}],"wp:attachment":[{"href":"https:\/\/soydeaqui.ddns.net\/pachuca\/index.php\/wp-json\/wp\/v2\/media?parent=8208"}],"wp:term":[{"taxonomy":"product_brand","embeddable":true,"href":"https:\/\/soydeaqui.ddns.net\/pachuca\/index.php\/wp-json\/wp\/v2\/product_brand?post=8208"},{"taxonomy":"product_cat","embeddable":true,"href":"https:\/\/soydeaqui.ddns.net\/pachuca\/index.php\/wp-json\/wp\/v2\/product_cat?post=8208"},{"taxonomy":"product_tag","embeddable":true,"href":"https:\/\/soydeaqui.ddns.net\/pachuca\/index.php\/wp-json\/wp\/v2\/product_tag?post=8208"}],"curies":[{"name":"wp","href":"https:\/\/api.w.org\/{rel}","templated":true}]}}