{"id":82067,"date":"2026-03-19T19:10:56","date_gmt":"2026-03-19T19:10:56","guid":{"rendered":"https:\/\/soydeaqui.ddns.net\/pachuca\/index.php\/producto\/convertidor-de-medios-poe-industrial-puertos-10g-sfp-y-10gbase-t-poe-802-3bt-95w-40-a-75c-operacion-vlan-erps-qos-cuenta-con-doble-entrada-para-fuente-de-alimentacion-1254v\/"},"modified":"2026-03-19T19:11:00","modified_gmt":"2026-03-19T19:11:00","slug":"convertidor-de-medios-poe-industrial-puertos-10g-sfp-y-10gbase-t-poe-802-3bt-95w-40-a-75c-operacion-vlan-erps-qos-cuenta-con-doble-entrada-para-fuente-de-alimentacion-1254v","status":"publish","type":"product","link":"https:\/\/soydeaqui.ddns.net\/pachuca\/index.php\/producto\/convertidor-de-medios-poe-industrial-puertos-10g-sfp-y-10gbase-t-poe-802-3bt-95w-40-a-75c-operacion-vlan-erps-qos-cuenta-con-doble-entrada-para-fuente-de-alimentacion-1254v\/","title":{"rendered":"Convertidor de Medios PoE Industrial \/ Puertos 10G SFP+ y 10GBASE-T \/ PoE++ 802.3bt 95W \/ -40 a 75\u00b0C Operaci\u00f3n \/ VLAN, ERPS, QoS \/Cuenta con Doble Entrada para Fuente de Alimentaci\u00f3n 12~54V"},"content":{"rendered":"<div style='width: 100%; max-width: 1200px; margin: 0 auto; font-family: sans-serif; line-height: 1.6; color: inherit; background-color: transparent;'> <!-- Secci\u00f3n de overview --> <\/p>\n<div style='margin-bottom: 30px;'>\n<div style='display: flex; flex-wrap: wrap; align-items: center; gap: 15px; margin-bottom: 15px;'> <img style='width: 48px; height: 48px; border: 1px solid rgba(150&comma;150&comma;150&comma;0.3); border-radius: 8px;' src='https:\/\/www.planet.com.tw\/storage\/icons\/460\/4icon_10Gbps_RJ45.png' alt='10Gbps RJ45'> <img style='width: 48px; height: 48px; border: 1px solid rgba(150&comma;150&comma;150&comma;0.3); border-radius: 8px;' src='https:\/\/www.planet.com.tw\/storage\/icons\/3icon_10Gbps_SFP+.png' alt='10Gbps SFP+'> <img style='width: 48px; height: 48px; border: 1px solid rgba(150&comma;150&comma;150&comma;0.3); border-radius: 8px;' src='https:\/\/www.planet.com.tw\/storage\/icons\/8icon_-40-degree-~75-degree.png' alt='75\u00b0C~-40\u00b0C'> <img style='width: 48px; height: 48px; border: 1px solid rgba(150&comma;150&comma;150&comma;0.3); border-radius: 8px;' src='https:\/\/www.planet.com.tw\/storage\/icons\/691\/LFP.png' alt='LFP'> <img style='width: 48px; height: 48px; border: 1px solid rgba(150&comma;150&comma;150&comma;0.3); border-radius: 8px;' src='https:\/\/www.planet.com.tw\/storage\/icons\/0WEB_Management.png' alt='WEB Management'> <img style='width: 48px; height: 48px; border: 1px solid rgba(150&comma;150&comma;150&comma;0.3); border-radius: 8px;' src='https:\/\/www.planet.com.tw\/storage\/icons\/623\/4icon_95W_PoE++.png' alt='95W PoE++'> <\/div>\n<p style='font-size: 16px; margin-bottom: 15px; color: inherit;'> El IXT-900 PoE de PLANET es un convertidor de medios industrial gestionado&comma; dise\u00f1ado para ofrecer conectividad ultra r\u00e1pida de 10G y conversi\u00f3n de medios con compatibilidad poderosa IEEE 802.3bt en condiciones extremas. Este dispositivo es ideal para operativas empresariales y de telecomunicaciones remotas&comma; optimizando la velocidad y la flexibilidad de la red con una gesti\u00f3n segura y funciones PoE avanzadas. <\/p>\n<p> <img style='width: 100%; height: auto; border: 1px solid rgba(150&comma;150&comma;150&comma;0.3); border-radius: 8px; margin-bottom: 30px;' src='https:\/\/www.planet.com.tw\/storage\/products\/49746\/IXT-900-PoE-series_32.png' alt=''> <\/div>\n<p> <!-- Secci\u00f3n de caracter\u00edsticas principales --> <\/p>\n<div style='margin-bottom: 30px;'>\n<h3 style='font-size: 22px; border-bottom: 2px solid currentColor; padding-bottom: 5px; margin-top: 0; margin-bottom: 20px; color: inherit; opacity: 0.8;'>Caracter\u00edsticas Principales<\/h3>\n<div style='border: 1px solid rgba(150&comma; 150&comma; 150&comma; 0.4); border-radius: 8px; overflow: hidden;'>\n<div style='padding: 15px; background-color: rgba(40&comma; 128&comma; 185&comma; 0.1); color: inherit; font-weight: bold; font-size: 18px;'>Caracter\u00edsticas Principales<\/div>\n<div style='padding: 15px; color: inherit;'>\n<ul style='padding-left: 20px; margin: 0; font-size: 14px; list-style-type: disc;'>\n<li style='margin-bottom: 5px;'>Robusta construcci\u00f3n para condiciones extremas: opera en un rango de temperatura de -40 a 75\u00b0C.<\/li>\n<li style='margin-bottom: 5px;'>Conectividad de alta velocidad de 10G en cobre y fibra&comma; aumentando la eficiencia de transmisi\u00f3n de datos.<\/li>\n<li style='margin-bottom: 5px;'>Entrega de energ\u00eda PoE de hasta 95 watts&comma; ideal para dispositivos compatibles como c\u00e1maras IP y puntos de acceso Wi-Fi.<\/li>\n<li style='margin-bottom: 5px;'>Funcionalidades avanzadas de gesti\u00f3n remota&comma; incluyendo interfaces web&comma; CLI y SNMP.<\/li>\n<li style='margin-bottom: 5px;'>Capacidad de manejo y monitoreo de red a trav\u00e9s de protocolos como SSHv2&comma; TLSv1.2 y SNMPv3.<\/li>\n<li style='margin-bottom: 5px;'>Compatibilidad con IEEE 802.3bt&comma; permitiendo una instalaci\u00f3n vers\u00e1til y eficiente.<\/li>\n<li style='margin-bottom: 5px;'>Integraci\u00f3n con gesti\u00f3n PLANET NMS Controller y aplicaci\u00f3n CloudViewerPro.<\/li>\n<\/ul><\/div>\n<\/p><\/div>\n<\/p><\/div>\n<p> <!-- Secci\u00f3n de detalles t\u00e9cnicos --> <\/p>\n<div style='margin-bottom: 30px;'>\n<h3 style='font-size: 22px; border-bottom: 2px solid currentColor; padding-bottom: 5px; margin-top: 0; margin-bottom: 20px; color: inherit; opacity: 0.8;'>Detalles T\u00e9cnicos<\/h3>\n<div style='display: flex; flex-wrap: wrap; gap: 20px;'>\n<div style='flex: 1 1 400px; border: 1px solid rgba(150&comma; 150&comma; 150&comma; 0.4); border-radius: 8px; overflow: hidden; display: flex; flex-direction: column;'>\n<div style='padding: 15px; background-color: rgba(40&comma; 128&comma; 185&comma; 0.1); color: inherit; font-weight: bold; font-size: 18px;'>Especificaciones<\/div>\n<div style='padding: 15px; color: inherit;'>\n<ul style='padding-left: 20px; margin: 0; font-size: 14px; list-style-type: disc;'>\n<li style='margin-bottom: 5px;'>Interfaz de cobre: 1x puerto 10G\/5G\/2.5G\/1G\/100BASE-T RJ45 con funci\u00f3n auto MDI\/MDI-X.<\/li>\n<li style='margin-bottom: 5px;'>Interfaz de fibra: 1x puerto 10G\/2.5G\/1G\/100BASE-X SFP+.<\/li>\n<li style='margin-bottom: 5px;'>Cumple con el est\u00e1ndar PoE++ IEEE 802.3bt Tipo-4.<\/li>\n<li style='margin-bottom: 5px;'>Presupuesto de energ\u00eda PoE m\u00e1ximo de 95W.<\/li>\n<li style='margin-bottom: 5px;'>Soporte VLAN: compatibilidad con VLAN etiquetada IEEE 802.1Q y Q-in-Q IEEE 802.1ad.<\/li>\n<li style='margin-bottom: 5px;'>PoE avanzado con modos de salida seleccionables y caracter\u00edsticas inteligentes como control de temperatura y programaci\u00f3n PoE.<\/li>\n<li style='margin-bottom: 5px;'>Protecci\u00f3n ESD: 4KVDC Contact \/ 8KVDC Air.<\/li>\n<\/ul><\/div>\n<\/p><\/div>\n<div style='flex: 1 1 400px; border: 1px solid rgba(150&comma; 150&comma; 150&comma; 0.4); border-radius: 8px; overflow: hidden; display: flex; flex-direction: column;'>\n<div style='padding: 15px; background-color: rgba(40&comma; 128&comma; 185&comma; 0.1); color: inherit; font-weight: bold; font-size: 18px;'>Interfaces y Conectividad<\/div>\n<div style='padding: 15px; color: inherit;'>\n<ul style='padding-left: 20px; margin: 0; font-size: 14px; list-style-type: disc;'>\n<li style='margin-bottom: 5px;'>Puertos de fibra \u00f3ptica 10GBASE-X SFP+ compatibles con velocidades 10GBASE-SR\/LR&comma; 2500BASE-X&comma; 1000BASE-SX\/LX y 100BASE-FX.<\/li>\n<li style='margin-bottom: 5px;'>Conectividad remota segura a trav\u00e9s de SSHv2&comma; TLSv1.2.<\/li>\n<li style='margin-bottom: 5px;'>Protocolo de Descubrimiento de Enlace (LLDP) y soporte SNMPv3 para monitoreo y gesti\u00f3n detallada.<\/li>\n<li style='margin-bottom: 5px;'>Integraci\u00f3n con utilidades PLANET Smart Discovery y PLANET NMS Controller.<\/li>\n<\/ul><\/div>\n<\/p><\/div>\n<\/p><\/div>\n<\/p><\/div>\n<p> <!-- Secci\u00f3n de aplicaciones y casos de uso --> <\/p>\n<div style='margin-bottom: 30px;'>\n<h3 style='font-size: 22px; border-bottom: 2px solid currentColor; padding-bottom: 5px; margin-top: 0; margin-bottom: 20px; color: inherit; opacity: 0.8;'>Aplicaciones y Casos de Uso<\/h3>\n<div style='display: flex; flex-wrap: wrap; gap: 20px;'>\n<div style='flex: 1 1 300px; border: 1px solid rgba(150&comma; 150&comma; 150&comma; 0.4); border-radius: 8px; overflow: hidden; display: flex; flex-direction: column;'>\n<div style='padding: 15px; background-color: rgba(40&comma; 128&comma; 185&comma; 0.1); color: inherit; font-weight: bold; font-size: 18px;'>Redes Industriales<\/div>\n<div style='padding: 15px; color: inherit;'>\n<p style='margin: 0; font-size: 14px;'>Ideal para su uso en f\u00e1bricas y plantas industriales&comma; donde se requiere alta resistencia a las condiciones extremas y una conectividad r\u00e1pida.<\/p>\n<\/p><\/div>\n<\/p><\/div>\n<div style='flex: 1 1 300px; border: 1px solid rgba(150&comma; 150&comma; 150&comma; 0.4); border-radius: 8px; overflow: hidden; display: flex; flex-direction: column;'>\n<div style='padding: 15px; background-color: rgba(40&comma; 128&comma; 185&comma; 0.1); color: inherit; font-weight: bold; font-size: 18px;'>Salas de Servidores y Centros de Datos<\/div>\n<div style='padding: 15px; color: inherit;'>\n<p style='margin: 0; font-size: 14px;'>Perfecto para actualizaciones de red en espacios que requieren gran capacidad de transmisi\u00f3n y seguridad de manejo remoto.<\/p>\n<\/p><\/div>\n<\/p><\/div>\n<div style='flex: 1 1 300px; border: 1px solid rgba(150&comma; 150&comma; 150&comma; 0.4); border-radius: 8px; overflow: hidden; display: flex; flex-direction: column;'>\n<div style='padding: 15px; background-color: rgba(40&comma; 128&comma; 185&comma; 0.1); color: inherit; font-weight: bold; font-size: 18px;'>Sectores Empresariales<\/div>\n<div style='padding: 15px; color: inherit;'>\n<p style='margin: 0; font-size: 14px;'>Ofrece soluciones de red avanzadas para oficinas modernas&comma; facilitando una gesti\u00f3n eficiente y segura de PoE y redes LAN\/WAN.<\/p>\n<\/p><\/div>\n<\/p><\/div>\n<\/p><\/div>\n<\/p><\/div>\n<p> <!-- Separador final --> <\/p>\n<hr style='border: 0; border-top: 1px solid rgba(150&comma; 150&comma; 150&comma; 0.3); margin: 30px 0;'> <\/div>\n","protected":false},"excerpt":{"rendered":"<p>Convertidor de Medios PoE Industrial \/ Puertos 10G SFP+ y 10GBASE-T \/ PoE++ 802.3bt 95W \/ -40 a 75\u00b0C Operaci\u00f3n \/ VLAN, ERPS, QoS \/Cuenta con Doble Entrada para Fuente de Alimentaci\u00f3n 12~54V<\/p>\n","protected":false},"featured_media":82066,"comment_status":"open","ping_status":"closed","template":"","meta":[],"product_brand":[],"product_cat":[2000],"product_tag":[2001,664,2033],"class_list":{"0":"post-82067","1":"product","2":"type-product","3":"status-publish","4":"has-post-thumbnail","6":"product_cat-convertidores-de-medios","7":"product_tag-convertidores-de-medios","8":"product_tag-networking","9":"product_tag-planet","11":"first","12":"outofstock","13":"sale","14":"shipping-taxable","15":"purchasable","16":"product-type-simple"},"_links":{"self":[{"href":"https:\/\/soydeaqui.ddns.net\/pachuca\/index.php\/wp-json\/wp\/v2\/product\/82067","targetHints":{"allow":["GET"]}}],"collection":[{"href":"https:\/\/soydeaqui.ddns.net\/pachuca\/index.php\/wp-json\/wp\/v2\/product"}],"about":[{"href":"https:\/\/soydeaqui.ddns.net\/pachuca\/index.php\/wp-json\/wp\/v2\/types\/product"}],"replies":[{"embeddable":true,"href":"https:\/\/soydeaqui.ddns.net\/pachuca\/index.php\/wp-json\/wp\/v2\/comments?post=82067"}],"wp:featuredmedia":[{"embeddable":true,"href":"https:\/\/soydeaqui.ddns.net\/pachuca\/index.php\/wp-json\/wp\/v2\/media\/82066"}],"wp:attachment":[{"href":"https:\/\/soydeaqui.ddns.net\/pachuca\/index.php\/wp-json\/wp\/v2\/media?parent=82067"}],"wp:term":[{"taxonomy":"product_brand","embeddable":true,"href":"https:\/\/soydeaqui.ddns.net\/pachuca\/index.php\/wp-json\/wp\/v2\/product_brand?post=82067"},{"taxonomy":"product_cat","embeddable":true,"href":"https:\/\/soydeaqui.ddns.net\/pachuca\/index.php\/wp-json\/wp\/v2\/product_cat?post=82067"},{"taxonomy":"product_tag","embeddable":true,"href":"https:\/\/soydeaqui.ddns.net\/pachuca\/index.php\/wp-json\/wp\/v2\/product_tag?post=82067"}],"curies":[{"name":"wp","href":"https:\/\/api.w.org\/{rel}","templated":true}]}}