{"id":82022,"date":"2026-03-19T19:08:56","date_gmt":"2026-03-19T19:08:56","guid":{"rendered":"https:\/\/soydeaqui.ddns.net\/pachuca\/index.php\/producto\/gabinete-de-uso-exterior-nema-4-12-ip66-ik10-600-x-400-x-240-mm-de-acero-color-gris-claro\/"},"modified":"2026-03-19T19:08:58","modified_gmt":"2026-03-19T19:08:58","slug":"gabinete-de-uso-exterior-nema-4-12-ip66-ik10-600-x-400-x-240-mm-de-acero-color-gris-claro","status":"publish","type":"product","link":"https:\/\/soydeaqui.ddns.net\/pachuca\/index.php\/producto\/gabinete-de-uso-exterior-nema-4-12-ip66-ik10-600-x-400-x-240-mm-de-acero-color-gris-claro\/","title":{"rendered":"Gabinete de Uso Exterior NEMA 4\/12; IP66; IK10, 600 x 400 x 240 mm, De Acero, Color Gris Claro"},"content":{"rendered":"<div style='width: 100%; max-width: 1200px; margin: 0 auto; font-family: sans-serif; line-height: 1.6; color: inherit; background-color: transparent;'>\n<div style='display: flex; flex-wrap: wrap; gap: 30px; margin-bottom: 30px;'>\n<div style='flex: 1 1 300px; min-width: 280px;'>\n<h3 style='font-size: 22px; border-bottom: 2px solid currentColor; padding-bottom: 5px; margin-top: 0; color: inherit; opacity: 0.8;'>Caracter\u00edsticas principales<\/h3>\n<ul style='padding-left: 20px; font-size: 15px; color: inherit;'>\n<li style='margin-bottom: 5px;'>Cuerpo: Plegado y costura soldada. Cuatro orificios de 8.5 mm de di\u00e1metro para fijaci\u00f3n a la pared&comma; presionados en depresiones de 20.4 mm de di\u00e1metro \u00d7 2 mm&comma; para permitir la circulaci\u00f3n de aire alrededor de la parte posterior del gabinete.<\/li>\n<li style='margin-bottom: 5px;'>Puerta: Montada en superficie con apertura de 130 grados; bisagras ocultas extra\u00edbles con pasador cautivo<\/li>\n<li style='margin-bottom: 5px;'>Puerta: Se pueden montar bisagras para permitir la apertura hacia la izquierda o hacia la derecha.<\/li>\n<li style='margin-bottom: 5px;'>Puerta: pernos soldados internos M6 para montar perfiles de puerta MMDP<\/li>\n<li style='margin-bottom: 5px;'>Puerta: La estanqueidad est\u00e1 asegurada mediante una junta de poliuretano inyectada de una sola pieza.<\/li>\n<li style='margin-bottom: 5px;'>Cerradura: Cerradura personalizada con doble palet\u00f3n para facilitar la apertura de la puerta<\/li>\n<li style='margin-bottom: 5px;'>Placa prensaestopas: situada en el extremo posterior del gabinete&comma; para facilitar el cableado a la placa de montaje.<\/li>\n<li style='margin-bottom: 5px;'>Placa de montaje: La placa de montaje est\u00e1 marcada verticalmente a intervalos de 10 mm&comma; para facilitar el posicionamiento horizontal del equipo.<\/li>\n<li style='margin-bottom: 5px;'>Placa de montaje: En la parte superior e inferior hay orificios para facilitar la fijaci\u00f3n del cable<\/li>\n<\/ul><\/div>\n<\/p><\/div>\n<hr style='border: 0; border-top: 1px solid rgba(150&comma; 150&comma; 150&comma; 0.3); margin: 30px 0;'>\n<div style='display: flex; flex-wrap: wrap; gap: 20px; margin-bottom: 30px;'>\n<div style='flex: 1 1 250px; border: 1px solid rgba(150&comma; 150&comma; 150&comma; 0.4); border-radius: 8px; overflow: hidden; display: flex; flex-direction: column;'>\n<div style='padding: 15px; border-bottom: 1px solid rgba(150&comma; 150&comma; 150&comma; 0.2); font-weight: bold; font-size: 18px; color: inherit;'>Especificaciones T\u00e9cnicas<\/div>\n<div style='padding: 15px; color: inherit;'>\n<ul style='padding-left: 20px; margin: 0; font-size: 14px; list-style-type: disc;'>\n<li style='margin-bottom: 5px;'><strong>Altura:<\/strong> 23.62 pulgadas\/600 mm<\/li>\n<li style='margin-bottom: 5px;'><strong>Ancho:<\/strong> 15.75 pulgadas\/400 mm<\/li>\n<li style='margin-bottom: 5px;'><strong>Profundidad:<\/strong> 8.27 pulgadas\/210 mm<\/li>\n<li style='margin-bottom: 5px;'><strong>Clasificaci\u00f3n de protecci\u00f3n:<\/strong> NEMA tipo 4; NEMA tipo 12; IP66; IK10<\/li>\n<li style='margin-bottom: 5px;'><strong>Material:<\/strong> acero<\/li>\n<li style='margin-bottom: 5px;'><strong>Acabado:<\/strong> Recubierto en polvo<\/li>\n<li style='margin-bottom: 5px;'><strong>Color:<\/strong> Gris claro<\/li>\n<li style='margin-bottom: 5px;'><strong>C\u00f3digo de color:<\/strong> RAL 7035<\/li>\n<li style='margin-bottom: 5px;'><strong>Grosor del cuerpo:<\/strong> 16 ga\/1.5 mm<\/li>\n<li style='margin-bottom: 5px;'><strong>Grosor de la puerta:<\/strong> 16 ga\/1.5 mm.<\/li>\n<li style='margin-bottom: 5px;'><strong>Con panel incluido<\/strong><\/li>\n<li style='margin-bottom: 5px;'><strong>Estilo:<\/strong> Con placa de montaje<\/li>\n<li style='margin-bottom: 5px;'><strong>Tama\u00f1o del panel:<\/strong> 22.44 x 13.78 pulgadas \/ 570 x 350 mm<\/li>\n<li style='margin-bottom: 5px;'><strong>Peso:<\/strong> 31.64 lb (14.4 kg)<\/li>\n<\/ul><\/div>\n<\/p><\/div>\n<\/p><\/div>\n<div style='display: flex; justify-content: center; margin: 30px 0;'> <img style='width: 100%; max-width: 300px; height: auto; border: 1px solid rgba(150&comma;150&comma;150&comma;0.3); border-radius: 8px;' src='https:\/\/ftp3.syscom.mx\/usuarios\/fotos\/A12108CH\/224288-hoffman_logo.png' alt='Logo Hoffman'> <\/div>\n<\/p><\/div>\n","protected":false},"excerpt":{"rendered":"<p>Gabinete de Uso Exterior NEMA 4\/12; IP66; IK10, 600 x 400 x 240 mm, De Acero, Color Gris Claro<\/p>\n","protected":false},"featured_media":82021,"comment_status":"open","ping_status":"closed","template":"","meta":[],"product_brand":[],"product_cat":[678],"product_tag":[679,698,605],"class_list":{"0":"post-82022","1":"product","2":"type-product","3":"status-publish","4":"has-post-thumbnail","6":"product_cat-gabinetes-uso-multiple","7":"product_tag-gabinetes-uso-multiple","8":"product_tag-hoffman","9":"product_tag-racks-y-gabinetes","11":"first","12":"outofstock","13":"sale","14":"shipping-taxable","15":"purchasable","16":"product-type-simple"},"_links":{"self":[{"href":"https:\/\/soydeaqui.ddns.net\/pachuca\/index.php\/wp-json\/wp\/v2\/product\/82022","targetHints":{"allow":["GET"]}}],"collection":[{"href":"https:\/\/soydeaqui.ddns.net\/pachuca\/index.php\/wp-json\/wp\/v2\/product"}],"about":[{"href":"https:\/\/soydeaqui.ddns.net\/pachuca\/index.php\/wp-json\/wp\/v2\/types\/product"}],"replies":[{"embeddable":true,"href":"https:\/\/soydeaqui.ddns.net\/pachuca\/index.php\/wp-json\/wp\/v2\/comments?post=82022"}],"wp:featuredmedia":[{"embeddable":true,"href":"https:\/\/soydeaqui.ddns.net\/pachuca\/index.php\/wp-json\/wp\/v2\/media\/82021"}],"wp:attachment":[{"href":"https:\/\/soydeaqui.ddns.net\/pachuca\/index.php\/wp-json\/wp\/v2\/media?parent=82022"}],"wp:term":[{"taxonomy":"product_brand","embeddable":true,"href":"https:\/\/soydeaqui.ddns.net\/pachuca\/index.php\/wp-json\/wp\/v2\/product_brand?post=82022"},{"taxonomy":"product_cat","embeddable":true,"href":"https:\/\/soydeaqui.ddns.net\/pachuca\/index.php\/wp-json\/wp\/v2\/product_cat?post=82022"},{"taxonomy":"product_tag","embeddable":true,"href":"https:\/\/soydeaqui.ddns.net\/pachuca\/index.php\/wp-json\/wp\/v2\/product_tag?post=82022"}],"curies":[{"name":"wp","href":"https:\/\/api.w.org\/{rel}","templated":true}]}}