{"id":8201,"date":"2026-03-18T07:05:57","date_gmt":"2026-03-18T07:05:57","guid":{"rendered":"https:\/\/soydeaqui.ddns.net\/pachuca\/index.php\/producto\/interfaz-convertidor-de-senal-rts-rs485-5-contactos-secos\/"},"modified":"2026-03-18T07:06:01","modified_gmt":"2026-03-18T07:06:01","slug":"interfaz-convertidor-de-senal-rts-rs485-5-contactos-secos","status":"publish","type":"product","link":"https:\/\/soydeaqui.ddns.net\/pachuca\/index.php\/producto\/interfaz-convertidor-de-senal-rts-rs485-5-contactos-secos\/","title":{"rendered":"Interfaz convertidor de se\u00f1al RTS \/\/ RS485 \/ 5 contactos secos."},"content":{"rendered":"<div style='width: 100%; max-width: 1200px; margin: 0 auto; font-family: sans-serif; line-height: 1.6; color: inherit; background-color: transparent;'> <!-- Secci\u00f3n de caracter\u00edsticas principales --> <\/p>\n<div style='display: flex; flex-wrap: wrap; gap: 30px; margin-bottom: 30px;'>\n<div style='flex: 1 1 300px; min-width: 280px;'>\n<h3 style='font-size: 22px; border-bottom: 2px solid currentColor; padding-bottom: 5px; margin-top: 0; color: inherit; opacity: 0.8;'>Caracter\u00edsticas Principales<\/h3>\n<ul style='padding-left: 20px; font-size: 15px; color: inherit;'>\n<li style='margin-bottom: 5px;'>Interfaz digital para gestionar aplicaciones RTS f\u00e1cilmente<\/li>\n<li style='margin-bottom: 5px;'>Control de hasta 16 grupos de motores\/receptores RTS (433MHz)<\/li>\n<li style='margin-bottom: 5px;'>Compatible con comandos SOMFY RS485 y entradas de contactos secos<\/li>\n<li style='margin-bottom: 5px;'>Frecuencia radio 433&comma;42 MHz para estabilidad<\/li>\n<li style='margin-bottom: 5px;'>\u00cdndice de protecci\u00f3n IP20 para seguridad<\/li>\n<\/ul><\/div>\n<\/p><\/div>\n<p> <!-- Secci\u00f3n de especificaciones t\u00e9cnicas --> <\/p>\n<div style='display: flex; flex-wrap: wrap; gap: 20px; margin-bottom: 30px;'>\n<div style='flex: 1 1 250px; border: 1px solid rgba(150&comma; 150&comma; 150&comma; 0.4); border-radius: 8px; overflow: hidden; display: flex; flex-direction: column;'>\n<div style='padding: 15px; border-bottom: 1px solid rgba(150&comma; 150&comma; 150&comma; 0.2); font-weight: bold; font-size: 18px; color: inherit;'>Especificaciones T\u00e9cnicas<\/div>\n<div style='padding: 15px; color: inherit;'>\n<ul style='padding-left: 20px; margin: 0; font-size: 14px; list-style-type: disc;'>\n<li style='margin-bottom: 5px;'><strong>Frecuencia:<\/strong> 433&comma;42 MHz<\/li>\n<li style='margin-bottom: 5px;'><strong>Material:<\/strong> ABS<\/li>\n<li style='margin-bottom: 5px;'><strong>Color:<\/strong> Negro<\/li>\n<li style='margin-bottom: 5px;'><strong>\u00cdndice de protecci\u00f3n:<\/strong> IP20<\/li>\n<li style='margin-bottom: 5px;'><strong>Tensi\u00f3n:<\/strong> 90-255 V<\/li>\n<li style='margin-bottom: 5px;'><strong>Frecuencia:<\/strong> 50-60 Hz<\/li>\n<li style='margin-bottom: 5px;'><strong>Consumo:<\/strong> 65mA @ 90V a 30mA @ 255V<\/li>\n<\/ul><\/div>\n<\/p><\/div>\n<p> <!-- Secci\u00f3n de especificaciones de conexi\u00f3n --> <\/p>\n<div style='flex: 1 1 250px; border: 1px solid rgba(150&comma; 150&comma; 150&comma; 0.4); border-radius: 8px; overflow: hidden; display: flex; flex-direction: column;'>\n<div style='padding: 15px; border-bottom: 1px solid rgba(150&comma; 150&comma; 150&comma; 0.2); font-weight: bold; font-size: 18px; color: inherit;'>Conexiones<\/div>\n<div style='padding: 15px; color: inherit;'>\n<ul style='padding-left: 20px; margin: 0; font-size: 14px; list-style-type: disc;'>\n<li style='margin-bottom: 5px;'><strong>Contactos secos:<\/strong> 5 x Phoenix Contact 3&comma;5mm 3 pines<\/li>\n<li style='margin-bottom: 5px;'><strong>RS485:<\/strong> 1 x Phoenix Contact 3&comma;5mm 4 pines<\/li>\n<li style='margin-bottom: 5px;'><strong>Antena:<\/strong> 1 x BNC<\/li>\n<li style='margin-bottom: 5px;'><strong>Alimentaci\u00f3n:<\/strong> IEC C8<\/li>\n<\/ul><\/div>\n<\/p><\/div>\n<p> <!-- Secci\u00f3n de dimensiones --> <\/p>\n<div style='flex: 1 1 250px; border: 1px solid rgba(150&comma; 150&comma; 150&comma; 0.4); border-radius: 8px; overflow: hidden; display: flex; flex-direction: column;'>\n<div style='padding: 15px; border-bottom: 1px solid rgba(150&comma; 150&comma; 150&comma; 0.2); font-weight: bold; font-size: 18px; color: inherit;'>Dimensiones<\/div>\n<div style='padding: 15px; color: inherit;'>\n<ul style='padding-left: 20px; margin: 0; font-size: 14px; list-style-type: disc;'>\n<li style='margin-bottom: 5px;'><strong>Longitud:<\/strong> 175 mm<\/li>\n<li style='margin-bottom: 5px;'><strong>Ancho:<\/strong> 100 mm<\/li>\n<li style='margin-bottom: 5px;'><strong>Profundidad:<\/strong> 46 mm<\/li>\n<li style='margin-bottom: 5px;'><strong>Peso:<\/strong> 430 g (con antena y cable de alimentaci\u00f3n)<\/li>\n<\/ul><\/div>\n<\/p><\/div>\n<p> <!-- Secci\u00f3n de condiciones ambientales --> <\/p>\n<div style='flex: 1 1 250px; border: 1px solid rgba(150&comma; 150&comma; 150&comma; 0.4); border-radius: 8px; overflow: hidden; display: flex; flex-direction: column;'>\n<div style='padding: 15px; border-bottom: 1px solid rgba(150&comma; 150&comma; 150&comma; 0.2); font-weight: bold; font-size: 18px; color: inherit;'>Condiciones Ambientales<\/div>\n<div style='padding: 15px; color: inherit;'>\n<ul style='padding-left: 20px; margin: 0; font-size: 14px; list-style-type: disc;'>\n<li style='margin-bottom: 5px;'><strong>Almacenamiento:<\/strong> -30\u00b0C a +80\u00b0C<\/li>\n<li style='margin-bottom: 5px;'><strong>Operaci\u00f3n:<\/strong> 0\u00b0C a +60\u00b0C<\/li>\n<\/ul><\/div>\n<\/p><\/div>\n<p> <!-- Secci\u00f3n de certificaciones --> <\/p>\n<div style='flex: 1 1 250px; border: 1px solid rgba(150&comma; 150&comma; 150&comma; 0.4); border-radius: 8px; overflow: hidden; display: flex; flex-direction: column;'>\n<div style='padding: 15px; border-bottom: 1px solid rgba(150&comma; 150&comma; 150&comma; 0.2); font-weight: bold; font-size: 18px; color: inherit;'>Certificaciones<\/div>\n<div style='padding: 15px; color: inherit;'>\n<ul style='padding-left: 20px; margin: 0; font-size: 14px; list-style-type: disc;'>\n<li style='margin-bottom: 5px;'>CE<\/li>\n<li style='margin-bottom: 5px;'>RoHS Compliant<\/li>\n<\/ul><\/div>\n<\/p><\/div>\n<\/p><\/div>\n<p> <!-- Secci\u00f3n de descripci\u00f3n detallada --> <\/p>\n<div style='display: flex; flex-wrap: wrap; gap: 30px; margin-bottom: 30px;'>\n<div style='flex: 1 1 300px; min-width: 280px;'>\n<h3 style='font-size: 22px; border-bottom: 2px solid currentColor; padding-bottom: 5px; margin-top: 0; color: inherit; opacity: 0.8;'>Descripci\u00f3n Detallada<\/h3>\n<ul style='padding-left: 20px; font-size: 15px; color: inherit;'>\n<li style='margin-bottom: 5px;'>Convierte comandos RS485 Somfy desde sistemas de control central a \u00f3rdenes RTS<\/li>\n<li style='margin-bottom: 5px;'>Permite controlar hasta 16 grupos de productos RTS desde red RS485 y entradas de contactos secos<\/li>\n<li style='margin-bottom: 5px;'>Funciones con motores\/receptores RTS: abrir&comma; cerrar&comma; parar&comma; ir\/grabar\/eliminar posici\u00f3n favorita&comma; activar\/desactivar protecci\u00f3n solar&comma; modo programaci\u00f3n&comma; inclinaci\u00f3n arriba y abajo<\/li>\n<li style='margin-bottom: 5px;'>Funciones con receptores de iluminaci\u00f3n RTS: ON&comma; OFF&comma; ir\/grabar\/eliminar nivel de luz favorito&comma; modo programaci\u00f3n&comma; atenuaci\u00f3n arriba y abajo<\/li>\n<li style='margin-bottom: 5px;'>No permite configurar motores (finales de carrera)<\/li>\n<\/ul><\/div>\n<\/p><\/div>\n<p> <!-- Separador --> <\/p>\n<hr style='border: 0; border-top: 1px solid rgba(150&comma; 150&comma; 150&comma; 0.3); margin: 30px 0;'> <\/div>\n","protected":false},"excerpt":{"rendered":"<p>Interfaz convertidor de se\u00f1al RTS \/\/ RS485 \/ 5 contactos secos.<\/p>\n","protected":false},"featured_media":8200,"comment_status":"open","ping_status":"closed","template":"","meta":[],"product_brand":[],"product_cat":[29],"product_tag":[30,31,46],"class_list":{"0":"post-8201","1":"product","2":"type-product","3":"status-publish","4":"has-post-thumbnail","6":"product_cat-persianas-y-cortineros","7":"product_tag-automatizacion-casa-inteligente","8":"product_tag-persianas-y-cortineros","9":"product_tag-somfy","11":"first","12":"instock","13":"sale","14":"shipping-taxable","15":"purchasable","16":"product-type-simple"},"_links":{"self":[{"href":"https:\/\/soydeaqui.ddns.net\/pachuca\/index.php\/wp-json\/wp\/v2\/product\/8201","targetHints":{"allow":["GET"]}}],"collection":[{"href":"https:\/\/soydeaqui.ddns.net\/pachuca\/index.php\/wp-json\/wp\/v2\/product"}],"about":[{"href":"https:\/\/soydeaqui.ddns.net\/pachuca\/index.php\/wp-json\/wp\/v2\/types\/product"}],"replies":[{"embeddable":true,"href":"https:\/\/soydeaqui.ddns.net\/pachuca\/index.php\/wp-json\/wp\/v2\/comments?post=8201"}],"wp:featuredmedia":[{"embeddable":true,"href":"https:\/\/soydeaqui.ddns.net\/pachuca\/index.php\/wp-json\/wp\/v2\/media\/8200"}],"wp:attachment":[{"href":"https:\/\/soydeaqui.ddns.net\/pachuca\/index.php\/wp-json\/wp\/v2\/media?parent=8201"}],"wp:term":[{"taxonomy":"product_brand","embeddable":true,"href":"https:\/\/soydeaqui.ddns.net\/pachuca\/index.php\/wp-json\/wp\/v2\/product_brand?post=8201"},{"taxonomy":"product_cat","embeddable":true,"href":"https:\/\/soydeaqui.ddns.net\/pachuca\/index.php\/wp-json\/wp\/v2\/product_cat?post=8201"},{"taxonomy":"product_tag","embeddable":true,"href":"https:\/\/soydeaqui.ddns.net\/pachuca\/index.php\/wp-json\/wp\/v2\/product_tag?post=8201"}],"curies":[{"name":"wp","href":"https:\/\/api.w.org\/{rel}","templated":true}]}}