{"id":81983,"date":"2026-03-19T19:07:19","date_gmt":"2026-03-19T19:07:19","guid":{"rendered":"https:\/\/soydeaqui.ddns.net\/pachuca\/index.php\/producto\/punto-de-acceso-mesh-wi-fi-6-para-interior-en-pared-hasta-320-usuarios-ideal-para-hoteleria-u-oficina\/"},"modified":"2026-03-19T19:07:28","modified_gmt":"2026-03-19T19:07:28","slug":"punto-de-acceso-mesh-wi-fi-6-para-interior-en-pared-hasta-320-usuarios-ideal-para-hoteleria-u-oficina","status":"publish","type":"product","link":"https:\/\/soydeaqui.ddns.net\/pachuca\/index.php\/producto\/punto-de-acceso-mesh-wi-fi-6-para-interior-en-pared-hasta-320-usuarios-ideal-para-hoteleria-u-oficina\/","title":{"rendered":"Punto de Acceso Mesh Wi-Fi 6 para interior en pared, hasta 320 usuarios ideal para Hoteler\u00eda u Oficina."},"content":{"rendered":"<div style='width: 100%; max-width: 1200px; margin: 0 auto; font-family: sans-serif; line-height: 1.6; color: inherit; background-color: transparent;'>\n<div style='margin-bottom: 20px;'> <img style='width: 100%; height: auto; border: 1px solid rgba(150&comma;150&comma;150&comma;0.3); border-radius: 8px;' src='https:\/\/ftp3.syscom.mx\/usuarios\/fotos\/RGRAP2260(G)\/203964-output.png' alt='Imagen Principal'> <\/div>\n<div style='margin-bottom: 30px;'>\n<h2 style='font-size: 28px; margin-bottom: 10px; color: inherit; font-weight: normal;'> <strong style='font-weight: bold;'>Access Point Reyee modelo:<\/strong> RG-RAP62-Wall <\/h2>\n<p style='text-align: justify; font-size: 16px; color: inherit; opacity: 0.9;'> Conecta todos tus dispositivos a velocidades ultra r\u00e1pidas (hasta 3 Gbps) sin interrupciones. Incluye 4 puertos para conectar tu TV&comma; consola o computadora por cable&comma; y su dise\u00f1o ultra-delgado de solo 23 mm se integra perfectamente en cualquier pared. Config\u00faralo f\u00e1cilmente desde tu celular con la app Ruijie Reyee y disfruta de streaming&comma; videojuegos y videollamadas sin lag. <\/p>\n<\/p><\/div>\n<div style='display: flex; flex-wrap: wrap; gap: 30px; margin-bottom: 30px;'>\n<div style='flex: 1 1 300px; min-width: 280px;'> <img style='width: 100%; height: auto; border: 1px solid rgba(150&comma;150&comma;150&comma;0.3); border-radius: 8px;' src='http:\/\/ftp3.syscom.mx\/usuarios\/ftp\/2026\/01\/09\/2251\/rgrap62wall.png_froala_69614d1b871c6' alt='Imagen Secundaria'> <\/div>\n<div style='flex: 1 1 300px; min-width: 280px;'>\n<h3 style='font-size: 22px; border-bottom: 2px solid currentColor; padding-bottom: 5px; margin-top: 0; color: inherit; opacity: 0.8;'> <span style='font-size: 24px;'>Caracter\u00edsticas Generales<\/span> <\/h3>\n<ul style='padding-left: 20px; font-size: 15px; color: inherit;'>\n<li style='margin-bottom: 5px;'><strong>Est\u00e1ndar<\/strong><strong>:<\/strong> Wi-Fi 6 AX3000 (802.11ax).<\/li>\n<li style='margin-bottom: 5px;'><strong>Bandas de Operaci\u00f3n:<\/strong> 2.4 GHz (2&#215;2) \/ 5 GHz (2&#215;2).<\/li>\n<li style='margin-bottom: 5px;'><strong>Modos de operaci\u00f3n:<\/strong> Access Point&comma; Mesh o Repetidor Universal.<\/li>\n<li style='margin-bottom: 5px;'><strong>Configuraci\u00f3n a trav\u00e9s de<\/strong><strong>:<\/strong> Interfaz web (red local)&comma; aplicaci\u00f3n m\u00f3vil (remoto o en red local)&comma; plataforma cloud (remoto).<\/li>\n<li style='margin-bottom: 5px;'><strong>Puertos:<\/strong> 1 WAN Gigabit&comma; 3 LAN Gigabit&comma; 1 LAN PoE+ Gigabit<\/li>\n<li style='margin-bottom: 5px;'><strong>Garant\u00eda:<\/strong> 3 a\u00f1os<\/li>\n<\/ul><\/div>\n<\/p><\/div>\n<div style='display: flex; flex-wrap: wrap; gap: 20px; margin-bottom: 30px;'>\n<div style='flex: 1 1 250px; border: 1px solid rgba(150&comma;150&comma;150&comma;0.4); border-radius: 8px; overflow: hidden; display: flex; flex-direction: column;'>\n<div style='padding: 15px; border-bottom: 1px solid rgba(150&comma;150&comma;150&comma;0.2); font-weight: bold; font-size: 18px; color: inherit;'> Caracter\u00edsticas RF <\/div>\n<div style='padding: 15px; color: inherit;'>\n<ul style='padding-left: 20px; margin: 0; font-size: 14px; list-style-type: disc;'>\n<li style='margin-bottom: 5px;'><strong>Ancho de Banda:<\/strong> 2.4 GHz 573 Mbps; 5 GHz 2401 Mbps<\/li>\n<li style='margin-bottom: 5px;'><strong>Ganancia de Antenas:<\/strong> 2.4 GHz 4.08 dBi \/ 5 GHz 5.4 dBi<\/li>\n<li style='margin-bottom: 5px;'><strong>Potencia de Transmisi\u00f3n:<\/strong> 2.4 GHz 21 dBm (125.89 mW); 5 GHz 21 dBm (125.89 mW)<\/li>\n<li style='margin-bottom: 5px;'><strong>Clientes Soportados:<\/strong> 64 en 2.4 GHz \/ 256 en 5 GHz<\/li>\n<li style='margin-bottom: 5px;'><strong>Cobertura 2.4 GHz:<\/strong> 47m &#8211; 53m<\/li>\n<li style='margin-bottom: 5px;'><strong>Cobertura 5 GHz:<\/strong> 31m &#8211; 35m<\/li>\n<\/ul>\n<p style='font-size: 12px; opacity: 0.7; margin-top: 10px;'> *Notas: Considere que las distancias de cobertura mencionadas son en <strong><u>\u00e1rea libre y sin interferencias<\/u><\/strong> en un rango de -45 dBm a -65 dBm&comma; estas tendr\u00e1n variaci\u00f3n dependiendo del ambiente&comma; la instalaci\u00f3n y capacidad de recepci\u00f3n en los dispositivos clientes (celular \/ Laptop \/ etc). <\/p>\n<\/p><\/div>\n<\/p><\/div>\n<div style='flex: 1 1 250px; border: 1px solid rgba(150&comma;150&comma;150&comma;0.4); border-radius: 8px; overflow: hidden; display: flex; flex-direction: column;'>\n<div style='padding: 15px; border-bottom: 1px solid rgba(150&comma;150&comma;150&comma;0.2); font-weight: bold; font-size: 18px; color: inherit;'> <span style='font-size: 24px;'>F\u00edsicas y El\u00e9ctricas<\/span> <\/div>\n<div style='padding: 15px; color: inherit;'>\n<ul style='padding-left: 20px; margin: 0; font-size: 14px; list-style-type: disc;'>\n<li style='margin-bottom: 5px;'><strong>Alimentaci\u00f3n:<\/strong> PoE AF (12W) \/ AT con PoE Out (22W)<\/li>\n<li style='margin-bottom: 5px;'><strong>Dimensiones:<\/strong> 86 mm x 23.5 mm x 125 mm<\/li>\n<li style='margin-bottom: 5px;'><strong>Peso:<\/strong> 0.33 Kg<\/li>\n<li style='margin-bottom: 5px;'><strong>Temp. Operaci\u00f3n:<\/strong> 0\u00b0 a 40\u00b0C<\/li>\n<li style='margin-bottom: 5px;'><strong>Grado de Protecci\u00f3n:<\/strong> IP41<\/li>\n<\/ul><\/div>\n<\/p><\/div>\n<div style='flex: 1 1 250px; border: 1px solid rgba(150&comma;150&comma;150&comma;0.4); border-radius: 8px; overflow: hidden; display: flex; flex-direction: column;'>\n<div style='padding: 15px; border-bottom: 1px solid rgba(150&comma;150&comma;150&comma;0.2); font-weight: bold; font-size: 18px; color: inherit;'> <span style='font-size: 24px;'>Contenido del Paquete<\/span> <\/div>\n<div style='padding: 15px; color: inherit;'>\n<ul style='padding-left: 20px; margin: 0; font-size: 14px; list-style-type: disc;'>\n<li style='margin-bottom: 5px;'>1x Access Point RG-RAP62-Wall<\/li>\n<li style='margin-bottom: 5px;'>1x Montaje Universal de Pared<\/li>\n<li style='margin-bottom: 5px;'>1x Llave de Seguridad y Tornilleria<\/li>\n<li style='margin-bottom: 5px;'>1x Gu\u00eda r\u00e1pida<\/li>\n<\/ul>\n<div style='margin-top: 15px; text-align: center;'> <img style='max-width: 100%; height: auto; border: 1px solid rgba(150&comma;150&comma;150&comma;0.3); border-radius: 4px;' src='http:\/\/ftp3.syscom.mx\/usuarios\/ftp\/2026\/01\/09\/2251\/rgrap62wall_caja.png_froala_6961561fad8f9'> <\/div>\n<\/p><\/div>\n<\/p><\/div>\n<\/p><\/div>\n<hr style='border: 0; border-top: 1px solid rgba(150&comma;150&comma;150&comma;0.3); margin: 30px 0;'>\n<div style='display: flex; flex-wrap: wrap; gap: 20px; margin-bottom: 30px; color: inherit;'>\n<div style='flex: 1 1 200px;'>\n<h4 style='font-size: 16px; font-weight: bold; text-transform: uppercase; opacity: 0.8; color: inherit;'> <span style='font-size: 18px;'>Documentaci\u00f3n<\/span> <\/h4>\n<ul style='list-style: none; padding: 0; font-size: 14px;'>\n<li style='margin-bottom: 8px; font-size: 18px;'>\u2709\ufe0f <a style='text-decoration: underline; color: inherit; font-size: 18px;' href='https:\/\/ftp3.syscom.mx\/usuarios\/ftp\/2026\/01\/09\/2251\/RGRAP62Wall_Datasheet.pdf' target='_blank' rel='noopener noreferrer'>Hoja de Especificaciones<\/a><\/li>\n<li style='margin-bottom: 8px; font-size: 18px;'>\u270f\ufe0f <a style='text-decoration: underline; color: inherit; font-size: 18px;' href='https:\/\/ftp3.syscom.mx\/usuarios\/ftp\/2026\/01\/09\/2251\/Guia_de_instalacion_del_Access_Point_RGRAP62Wall.pdf' target='_blank' rel='noopener noreferrer'>Manual de Instalaci\u00f3n<\/a><\/li>\n<li style='margin-bottom: 8px; font-size: 18px;'>\u2734\ufe0f <a style='text-decoration: underline; color: inherit; font-size: 18px;' href='https:\/\/reyee.ruijie.com\/en-global\/support\/' target='_blank' rel='noopener noreferrer'>Firmware m\u00e1s reciente<\/a><\/li>\n<\/ul><\/div>\n<div style='flex: 1 1 200px;'>\n<h4 style='font-size: 16px; font-weight: bold; text-transform: uppercase; opacity: 0.8; color: inherit;'> <span style='font-size: 18px;'>Accesorios<\/span> <\/h4>\n<ul style='list-style: none; padding: 0; font-size: 14px;'>\n<li style='margin-bottom: 8px; font-size: 18px;'> <span style='font-size: 24px;'>\u260d<\/span> Injectror <a style='text-decoration: underline; color: inherit; font-size: 18px;' href='https:\/\/www.syscom.mx\/producto\/RG-E-120(GE)-RUIJIE-205965.html' target='_blank' rel='noopener noreferrer'>RG-E-120(GE)<\/a> <\/li>\n<li style='margin-bottom: 8px; font-size: 18px;'> <span style='font-size: 24px;'>\u260d<\/span> Injectror <a style='text-decoration: underline; color: inherit; font-size: 18px;' href='https:\/\/www.syscom.mx\/products\/205955' target='_blank' rel='noopener noreferrer'>RG-E-130(GE)<\/a> <\/li>\n<\/ul><\/div>\n<div style='flex: 1 1 200px;'>\n<h4 style='font-size: 16px; font-weight: bold; text-transform: uppercase; opacity: 0.8; color: inherit;'> <span style='font-size: 18px;'>Utilidades<\/span> <\/h4>\n<ul style='list-style: none; padding: 0; font-size: 14px;'>\n<li style='margin-bottom: 8px; font-size: 18px;'>\u2601\ufe0f <a style='text-decoration: underline; color: inherit; font-size: 18px;' href='https:\/\/cloud-la.ruijienetworks.com\/' target='_blank' rel='noopener'>Ruijie Cloud<\/a><\/li>\n<li style='margin-bottom: 8px; font-size: 18px;'>\u25b6\ufe0f <strong>App:<\/strong> <a style='text-decoration: underline; color: inherit; font-size: 18px;' href='https:\/\/play.google.com\/store\/apps\/details?id=cn.com.ruijie.cloudapp&#038;hl=es_MX&#038;pli=1' target='_blank' rel='noopener noreferrer'>Android<\/a> | <a style='text-decoration: underline; color: inherit; font-size: 18px;' href='https:\/\/apps.apple.com\/us\/app\/ruijie-reyee\/id1423429270' target='_blank' rel='noopener noreferrer'>iOS<\/a><\/li>\n<\/ul><\/div>\n<\/p><\/div>\n<div style='text-align: center;'>\n<hr style='border: 0; border-top: 1px solid rgba(150&comma;150&comma;150&comma;0.3); margin: 30px 0;'>\n<p><\/p>\n<p> <img style='width: 100%; height: auto; border: 1px solid rgba(150&comma;150&comma;150&comma;0.3); border-radius: 8px;' src='http:\/\/ftp3.syscom.mx\/usuarios\/ftp\/2026\/01\/09\/2251\/20260109_13_29_19Greenshot.jpg_froala_6961575433afd'> <img style='width: 100%; height: auto; border: 1px solid rgba(150&comma;150&comma;150&comma;0.3); border-radius: 8px;' src='http:\/\/ftp3.syscom.mx\/usuarios\/ftp\/2026\/01\/09\/2251\/20260109_13_29_41Greenshot.jpg_froala_6961579df05e4'> <\/div>\n<\/p><\/div>\n","protected":false},"excerpt":{"rendered":"<p>Punto de Acceso Mesh Wi-Fi 6 para interior en pared, hasta 320 usuarios ideal para Hoteler\u00eda u Oficina.<\/p>\n","protected":false},"featured_media":81982,"comment_status":"open","ping_status":"closed","template":"","meta":[],"product_brand":[],"product_cat":[1794],"product_tag":[1795,1479,2123],"class_list":{"0":"post-81983","1":"product","2":"type-product","3":"status-publish","4":"has-post-thumbnail","6":"product_cat-puntos-de-acceso","7":"product_tag-puntos-de-acceso","8":"product_tag-redes-wifi","9":"product_tag-ruijie","11":"first","12":"instock","13":"sale","14":"shipping-taxable","15":"purchasable","16":"product-type-simple"},"_links":{"self":[{"href":"https:\/\/soydeaqui.ddns.net\/pachuca\/index.php\/wp-json\/wp\/v2\/product\/81983","targetHints":{"allow":["GET"]}}],"collection":[{"href":"https:\/\/soydeaqui.ddns.net\/pachuca\/index.php\/wp-json\/wp\/v2\/product"}],"about":[{"href":"https:\/\/soydeaqui.ddns.net\/pachuca\/index.php\/wp-json\/wp\/v2\/types\/product"}],"replies":[{"embeddable":true,"href":"https:\/\/soydeaqui.ddns.net\/pachuca\/index.php\/wp-json\/wp\/v2\/comments?post=81983"}],"wp:featuredmedia":[{"embeddable":true,"href":"https:\/\/soydeaqui.ddns.net\/pachuca\/index.php\/wp-json\/wp\/v2\/media\/81982"}],"wp:attachment":[{"href":"https:\/\/soydeaqui.ddns.net\/pachuca\/index.php\/wp-json\/wp\/v2\/media?parent=81983"}],"wp:term":[{"taxonomy":"product_brand","embeddable":true,"href":"https:\/\/soydeaqui.ddns.net\/pachuca\/index.php\/wp-json\/wp\/v2\/product_brand?post=81983"},{"taxonomy":"product_cat","embeddable":true,"href":"https:\/\/soydeaqui.ddns.net\/pachuca\/index.php\/wp-json\/wp\/v2\/product_cat?post=81983"},{"taxonomy":"product_tag","embeddable":true,"href":"https:\/\/soydeaqui.ddns.net\/pachuca\/index.php\/wp-json\/wp\/v2\/product_tag?post=81983"}],"curies":[{"name":"wp","href":"https:\/\/api.w.org\/{rel}","templated":true}]}}