{"id":81952,"date":"2026-03-19T19:06:09","date_gmt":"2026-03-19T19:06:09","guid":{"rendered":"https:\/\/soydeaqui.ddns.net\/pachuca\/index.php\/producto\/switch-poe-administracion-en-la-nube-con-8-puertos-10-100-1000-mbps-poe-af-at-bt-1-puerto-ethernet-uplink-10-100-1000-mbps-1-puerto-sfp-uplink-10-100-1000-mbps-presupuesto-110-w-poe-hasta\/"},"modified":"2026-03-19T19:06:10","modified_gmt":"2026-03-19T19:06:10","slug":"switch-poe-administracion-en-la-nube-con-8-puertos-10-100-1000-mbps-poe-af-at-bt-1-puerto-ethernet-uplink-10-100-1000-mbps-1-puerto-sfp-uplink-10-100-1000-mbps-presupuesto-110-w-poe-hasta","status":"publish","type":"product","link":"https:\/\/soydeaqui.ddns.net\/pachuca\/index.php\/producto\/switch-poe-administracion-en-la-nube-con-8-puertos-10-100-1000-mbps-poe-af-at-bt-1-puerto-ethernet-uplink-10-100-1000-mbps-1-puerto-sfp-uplink-10-100-1000-mbps-presupuesto-110-w-poe-hasta\/","title":{"rendered":"Switch PoE \/ Administraci\u00f3n en la nube \/ Con 8 puertos 10\/100\/1000 Mbps PoE af\/at\/bt  \/ 1 Puerto Ethernet Uplink 10\/100\/1000 MBPS\/1 Puerto SFP Uplink 10\/100\/1000 MBPS  \/ Presupuesto 110 W \/ PoE hasta 250 metros \/ Soporta protocolo ONVIF"},"content":{"rendered":"<div style='width: 100%; max-width: 1200px; margin: 0 auto; font-family: sans-serif; line-height: 1.6; color: inherit; background-color: transparent;'>\n<div style='display: flex; flex-wrap: wrap; gap: 30px; margin-bottom: 30px;'>\n<div style='flex: 1 1 300px; min-width: 280px;'>\n<p style='font-size: 15px; color: inherit; margin: 0 0 20px 0;'>El switch WI-PCES309GF-O para exteriores Cloud Easy Smart ofrece una soluci\u00f3n integrada y rentable para su sistema de videovigilancia\/WLAN exterior con 8 puertos PoE RJ45&comma; que permiten alimentar y transmitir datos a c\u00e1maras IP y otros dispositivos PoE a trav\u00e9s de un \u00fanico cable Ethernet&comma; reduciendo el tiempo de instalaci\u00f3n y los costos. Esta serie de switches admite la gesti\u00f3n en la nube&comma; lo que le permite administrar sus dispositivos de forma remota desde la plataforma en la nube o la aplicaci\u00f3n m\u00f3vil&comma; brind\u00e1ndole medidas de gesti\u00f3n inteligentes&comma; sencillas y f\u00e1ciles de mantener. Los usuarios pueden ver el estado de la red&comma; modificar la configuraci\u00f3n y solucionar problemas desde casa en cualquier momento.<\/p>\n<\/p><\/div>\n<div style='flex: 1 1 300px; min-width: 280px;'> <img style='width: 100%; height: auto; border: 1px solid rgba(150&comma;150&comma;150&comma;0.3); border-radius: 8px;' src='https:\/\/ftp3.syscom.mx\/usuarios\/fotos\/WIPCES310G\/239643-wi-pces309gf-o_imagen_2.jpg' alt=''> <\/div>\n<\/p><\/div>\n<div style='display: flex; flex-wrap: wrap; gap: 20px; margin-bottom: 30px;'>\n<div style='flex: 1 1 250px; border: 1px solid rgba(150&comma; 150&comma; 150&comma; 0.4); border-radius: 8px; overflow: hidden; display: flex; flex-direction: column;'>\n<div style='padding: 15px; border-bottom: 1px solid rgba(150&comma; 150&comma; 150&comma; 0.2); font-weight: bold; font-size: 18px; color: inherit;'>Caracter\u00edsticas Principales:<\/div>\n<div style='padding: 15px; color: inherit;'>\n<ul style='padding-left: 20px; margin: 0; font-size: 14px; list-style-type: disc;'>\n<li style='margin-bottom: 5px;'>8 Puertos PoE 10\/100\/1000 Mbps<\/li>\n<li style='margin-bottom: 5px;'>Port 1-2: 802.3af\/at\/bt<\/li>\n<li style='margin-bottom: 5px;'>Port 3-8: 802.3af\/at<\/li>\n<li style='margin-bottom: 5px;'>1 Puerto 10\/100\/1000 Mbps RJ45<\/li>\n<li style='margin-bottom: 5px;'>1 Puerto 10\/100\/1000 Mbps SFP<\/li>\n<li style='margin-bottom: 5px;'>Switching Capacity: 20 Gbps<\/li>\n<li style='margin-bottom: 5px;'>Packet Forwarding Rate: 14.88 Mpps<\/li>\n<li style='margin-bottom: 5px;'>MAC Address Table: 8k<\/li>\n<li style='margin-bottom: 5px;'>Packet Buffer Memory: 4.1Mbit<\/li>\n<li style='margin-bottom: 5px;'>Jumbo Frame: 10000 Byte<\/li>\n<li style='margin-bottom: 5px;'>Configuraciones: (Port Mirroring \/ Port lsolation \/ Storm Control \/ Extend PoE \/PD Alive \/ ONVIF \/ Etc.)<\/li>\n<li style='margin-bottom: 5px;'><a href='https:\/\/app-gateway.wireless-tek.com\/witek-auth\/oauth2\/authorize?access_type=online&#038;client_id=671944230925173991&#038;code_challenge=s-7Hla3iD_2zDGu8n3m2vJnJpLinmklkLhNieYC9QNQ&#038;code_challenge_method=S256&#038;redirect_uri=https%3A%2F%2Fcloud2.wireless-tek.com%2Fv1%2Fuser%2Foauth2&#038;response_type=code&#038;state=1#\/login' target='_blank' rel='noopener' style='color: inherit; text-decoration: underline; opacity: 0.8;'>Cloud<\/a><\/li>\n<li style='margin-bottom: 5px;'>Certificaciones: CE&comma; FCC&comma; RoHS&comma; UKCA&comma; RCM<\/li>\n<\/ul><\/div>\n<\/p><\/div>\n<div style='flex: 1 1 250px; border: 1px solid rgba(150&comma; 150&comma; 150&comma; 0.4); border-radius: 8px; overflow: hidden; display: flex; flex-direction: column;'>\n<div style='padding: 15px; border-bottom: 1px solid rgba(150&comma; 150&comma; 150&comma; 0.2); font-weight: bold; font-size: 18px; color: inherit;'>Caracter\u00edsticas F\u00edsicas y El\u00e9ctricas:<\/div>\n<div style='padding: 15px; color: inherit;'>\n<ul style='padding-left: 20px; margin: 0; font-size: 14px; list-style-type: disc;'>\n<li style='margin-bottom: 5px;'>Dimensiones: 314*210*89 mm<\/li>\n<li style='margin-bottom: 5px;'>Peso: 2.14kg<\/li>\n<li style='margin-bottom: 5px;'>Alimentaci\u00f3n: 100~240V AC 50\/60Hz<\/li>\n<li style='margin-bottom: 5px;'>Presupuesto PoE 110 W<\/li>\n<li style='margin-bottom: 5px;'>Consumo m\u00e1ximo: Idle: 2.4W 100% Traffic Rate with PoE: 102.4W<\/li>\n<li style='margin-bottom: 5px;'>Temperatura de operaci\u00f3n: -30\u2103-60\u2103 (-22\u2109-122\u2109)<\/li>\n<li style='margin-bottom: 5px;'>Humedad de operaci\u00f3n: 10-90 % de humedad relativa sin condensaci\u00f3n<\/li>\n<li style='margin-bottom: 5px;'>Bot\u00f3n: Reset<\/li>\n<li style='margin-bottom: 5px;'>Sin ventiladores<\/li>\n<\/ul><\/div>\n<\/p><\/div>\n<div style='flex: 1 1 250px; border: 1px solid rgba(150&comma; 150&comma; 150&comma; 0.4); border-radius: 8px; overflow: hidden; display: flex; flex-direction: column;'>\n<div style='padding: 15px; border-bottom: 1px solid rgba(150&comma; 150&comma; 150&comma; 0.2); font-weight: bold; font-size: 18px; color: inherit;'>Contenido del Paquete:<\/div>\n<div style='padding: 15px; color: inherit;'>\n<ul style='padding-left: 20px; margin: 0; font-size: 14px; list-style-type: disc;'>\n<li style='margin-bottom: 5px;'>1 Switch WI-PCES309GF-O<\/li>\n<li style='margin-bottom: 5px;'>2 Tapones de goma<\/li>\n<li style='margin-bottom: 5px;'>1 Adhesivo de posicionamiento para colgar en la pared<\/li>\n<li style='margin-bottom: 5px;'>1 Cable de corriente<\/li>\n<li style='margin-bottom: 5px;'>2 corbata de metal<\/li>\n<li style='margin-bottom: 5px;'>1 Gu\u00eda de instalaci\u00f3n<\/li>\n<li style='margin-bottom: 5px;'>2 Gl\u00e1ndula impermeable M36<\/li>\n<\/ul><\/div>\n<\/p><\/div>\n<\/p><\/div>\n<hr style='border: 0; border-top: 1px solid rgba(150&comma; 150&comma; 150&comma; 0.3); margin: 30px 0;'>\n<div style='display: flex; flex-wrap: wrap; gap: 15px; margin-bottom: 30px;'>\n<div style='flex: 1 1 100%; min-width: 280px;'> <img style='width: 100%; height: auto; border: 1px solid rgba(150&comma;150&comma;150&comma;0.3); border-radius: 8px;' src='https:\/\/ftp3.syscom.mx\/usuarios\/fotos\/WIPCES309GFO\/237579-wi-pces309gf-o_imagen_3.jpg' alt=''> <\/div>\n<div style='flex: 1 1 100%; min-width: 280px;'> <img style='width: 100%; height: auto; border: 1px solid rgba(150&comma;150&comma;150&comma;0.3); border-radius: 8px;' src='https:\/\/ftp3.syscom.mx\/usuarios\/fotos\/WIPCES309GFO\/237579-wi-pces309gf-o_imagen_4.jpg' alt=''> <\/div>\n<div style='flex: 1 1 100%; min-width: 280px;'> <img style='width: 100%; height: auto; border: 1px solid rgba(150&comma;150&comma;150&comma;0.3); border-radius: 8px;' src='https:\/\/ftp3.syscom.mx\/usuarios\/fotos\/WIPCES309GFO\/237579-wi-pces309gf-o_imagen_5.jpg' alt=''> <\/div>\n<\/p><\/div>\n<\/p><\/div>\n","protected":false},"excerpt":{"rendered":"<p>Switch PoE \/ Administraci\u00f3n en la nube \/ Con 8 puertos 10\/100\/1000 Mbps PoE af\/at\/bt  \/ 1 Puerto Ethernet Uplink 10\/100\/1000 MBPS\/1 Puerto SFP Uplink 10\/100\/1000 MBPS  \/ Presupuesto 110 W \/ PoE hasta 250 metros \/ Soporta protocolo ONVIF<\/p>\n","protected":false},"featured_media":81951,"comment_status":"open","ping_status":"closed","template":"","meta":[],"product_brand":[],"product_cat":[1986],"product_tag":[664,1987,1262],"class_list":{"0":"post-81952","1":"product","2":"type-product","3":"status-publish","4":"has-post-thumbnail","6":"product_cat-switches-poe","7":"product_tag-networking","8":"product_tag-switches-poe","9":"product_tag-wi-tek","11":"first","12":"outofstock","13":"sale","14":"shipping-taxable","15":"purchasable","16":"product-type-simple"},"_links":{"self":[{"href":"https:\/\/soydeaqui.ddns.net\/pachuca\/index.php\/wp-json\/wp\/v2\/product\/81952","targetHints":{"allow":["GET"]}}],"collection":[{"href":"https:\/\/soydeaqui.ddns.net\/pachuca\/index.php\/wp-json\/wp\/v2\/product"}],"about":[{"href":"https:\/\/soydeaqui.ddns.net\/pachuca\/index.php\/wp-json\/wp\/v2\/types\/product"}],"replies":[{"embeddable":true,"href":"https:\/\/soydeaqui.ddns.net\/pachuca\/index.php\/wp-json\/wp\/v2\/comments?post=81952"}],"wp:featuredmedia":[{"embeddable":true,"href":"https:\/\/soydeaqui.ddns.net\/pachuca\/index.php\/wp-json\/wp\/v2\/media\/81951"}],"wp:attachment":[{"href":"https:\/\/soydeaqui.ddns.net\/pachuca\/index.php\/wp-json\/wp\/v2\/media?parent=81952"}],"wp:term":[{"taxonomy":"product_brand","embeddable":true,"href":"https:\/\/soydeaqui.ddns.net\/pachuca\/index.php\/wp-json\/wp\/v2\/product_brand?post=81952"},{"taxonomy":"product_cat","embeddable":true,"href":"https:\/\/soydeaqui.ddns.net\/pachuca\/index.php\/wp-json\/wp\/v2\/product_cat?post=81952"},{"taxonomy":"product_tag","embeddable":true,"href":"https:\/\/soydeaqui.ddns.net\/pachuca\/index.php\/wp-json\/wp\/v2\/product_tag?post=81952"}],"curies":[{"name":"wp","href":"https:\/\/api.w.org\/{rel}","templated":true}]}}