{"id":81907,"date":"2026-03-19T19:04:13","date_gmt":"2026-03-19T19:04:13","guid":{"rendered":"https:\/\/soydeaqui.ddns.net\/pachuca\/index.php\/producto\/taladro-industrial-tipo-espada-de-1650w-broquero-de-1-2-in-110-vca\/"},"modified":"2026-03-19T19:04:21","modified_gmt":"2026-03-19T19:04:21","slug":"taladro-industrial-tipo-espada-de-1650w-broquero-de-1-2-in-110-vca","status":"publish","type":"product","link":"https:\/\/soydeaqui.ddns.net\/pachuca\/index.php\/producto\/taladro-industrial-tipo-espada-de-1650w-broquero-de-1-2-in-110-vca\/","title":{"rendered":"Taladro Industrial tipo Espada de 1650W, Broquero de 1\/2 in. 110 Vca"},"content":{"rendered":"<\/p>\n<p style='text-align: center;'><span style='font-family: tahoma&comma; arial&comma; helvetica&comma; sans-serif; font-size: 12pt;'><img class='fr-fic fr-dii' src='data:image\/png;base64&comma;iVBORw0KGgoAAAANSUhEUgAAANcAAABnCAIAAAAc1UCXAAAT7klEQVR4Ae2dd1gbR\/rHBTZuJE7suCUmubSLfYmd\/iTPXS6\/5HJpvzzJJffLpdwjATZgg8GY2MEluLfExnFix7Fjp5zL4TSrAqIITDFgehEguqkSIASoorba2V+khWG1orotQcOzf8xKu7Pzvu9nvzPzzshmYY4\/FpuLDuSBm+wBkj0Mw1iIwpvsevQ46AFEIdJ+5j2AKGQ+BlAS3LaAKEQUMu8BRCHzMXBbCYSGIwoRhcx7AFHIfAygJLhtAVGIKGTeA4hC5mPgthIIDUcUIgqZ9wCikPkYQElw2wKiEFHIvAcQhczHwG0lEBqOKEQUMu8BRCHzMYCS4LYFRCGikHkPIAqZj4HbSiA0HFGIKGTeA4hC5mMAJcFtC4hCRCHzHkAUMh8Dt5VAaDiiEFHIvAcQhczHAEqC2xYQhYhC5j2AKGQ+Bm4rgdBwRCGikHkPIAqZjwGUBLctIAoRhcx7AFHIfAzcVgKh4YhCRCHzHkAUMh8DKAluW0AUIgqZ9wCikPkYuK0EQsMRhYhC5j2AKGQ+BlAS3LaAKEQUMu8BRCHzMXBbCYSG3xAKH94kqZBrcQBGOKw2vENrzqzrjk6sfzU62ztQ6MGZhEB4cLhT\/XhLN0nWxkjP5rQmV3VJarsFJYrdouq\/H8ia5s+flFZDvMZYuDEUbpZUKnTEmP8AQbSrTd9mNL1yIGtOcOwYmz7BL5u2gv\/0jrSdgqpyudaGgyGd0W2wnM5qfuuLnElj9dUFZUJQCCPUY7D8N6d1eVTK1Rkzce6aHxr\/eWJ9Q5cBB0PzB00mCKLHYBGWtL\/4Wabb6uLEopAgCBwQnVrz8\/szJw5S423J8q2p1e264fSPyh+13G2whJwpnerHG+\/jJsH1E45CMjAao\/Wdo7lefvzfnYuf25shbdNQ8Rp7WWfC1v8oneb\/+7P6GsN0QyicvyYu7FzZbkH1cMceYfWBhLrT2S3ZDT1Gi23IOFW1657dnX6N5t3k2x\/alFzcMjSCOCDkGlNJq7a4RdPYY8Rs+JBWG8y2iPPlnr52Rbzn4yR43GRDbvLjbgiFHmzuFF\/eVL8RDv40f753oHBeSNzDn6SczGjqc2ERACKpUnmT3XEtj5u9SjQkghYb\/kuh4sWDWYvDxQtC4xeExt0VLn5mT8bXaY1mbIg3sMdgeePzHJY\/X642kUdbr5E1qXvqG0LheGM5xZf3zle5DV0GV3nwO1U43toYuX6qH28bT0YbC2I2UNyiefGzS8M16aHNEolMabIO6iJmA9Xtun8ezWWt4ENvAABY\/pN5vHhDKPQOFP55T8Yr0VnweHbX6H3rC\/szG1V90PVkobXHOH9N3HBRnDif\/2mzpKxNS208ZgPcQsV96xNHbuRv6njCLop2EOW9puiEugc+TrLfgigc2XGjfvtQZHJmbXen1gyPpIrOUe9isbnvfJVnsjp1UjgAvkzIodcKgc\/6xPsik2cECvtbzuGyODz74fKf93pwuKtOl1idh3rSVs2DHyd5uFzsevu8NXFJlcpL9d3P78ucsVLQfwGi0NVT4\/rkYZesdUFj71hqmBMcKyrtoCoKQRAxOa1THKN1sgYPNnduSOxbR3LP5baVKXRShY5b2u77XdH80DjqZSw297Ck4VRG88mMpk\/FtbcECb0DhAtC4xZvSLorImFucKzXUFNRL3\/+Q5slx9MblXoz2Qy9GbtQpHhyV1pJq6al19jSawz4TwnNFi8\/vrC0ndpsGw7e+TKXdtkIp7eHxE2lJQScKfTw589YKbgjJG7R2viFYfG3rxYNmdPx4HBvDRI+\/+mlI6lXJLWqi\/U932Q0vX44Z67zWsDCtfHrL1QekDQckDT4\/1A8M0AwK0AwLyRuUbh4YWjc7FUimidhy29fHftydPbx9KbMKz0ZDT0nM5teO5yzdLMk\/KfyHbE1G3myJZsl8OKxF25Ij3zVFHr68iLOS8nuCQY1p657cbiYNMnLn\/\/G4Zz0GhXmvBoBCKK0VcM5VUh1X6e2n6QOjdnvu6If89ra1CYzhuvNWEmbdqeg6r4NTt3lzABBxHlpu8YEHw0LJgyHY76Pfiyn+dc7SNSlt8CLCYLIrOumtoR2\/ZhOnSl84WDWibTGyg59b5+1U2fOqu\/ZcqHyXpfu\/vn9mbGlHTRVttrw9BrVP768DF+8ZVtSZAOLW5IKpe+pwjM5rTWdenWftVNrlsiUYefKZq8SUds51Y\/\/v5\/nSGRKi7Pk4wA0dBl0Jsyefu+zvn1kHO8erH9iUchic1+Nzob0kHGt7dA\/ue0ii8315PA+PFHQ1mukxptaVukt4eel0DZYD2YDKr2FtohhwfA4acfs1YO+Dj8vVRut1AqHLLtS+MSONFrlnGsfRVApJIjmHiNtFcZqw7lFCp91CdDeP+\/LqFcaaJdBEzp15oDvi8kcEJVCdZ+1t49udZ\/Fxi1S3BrU7xxPDu+D4wWtw3uefMrkofDRqNQGpdNkuV1tetGxlLJkYzJMCNtw0NjddyT1yiFJQ6VicKECAADXXSCFMBI4ALQgRQmqyCgu2SLB8P65qhnDz+e1\/e1Q9lN70veLa2k650oh+2QhfARBEBgOfD4ahANSMr4ChUJYOa3xBEFs+qWCrHZhWDxspw0H9UpDdHL97vja4hYN7DdqO\/VPbktlsblUCoerHAAicqDypRuTy+X9cy8cB3K16fTl1jOXW1t6jNQlyslD4ZKNyTUdeugagiBUBsur0dksNnfTLxUkRAYz9ll87W0DMjZ9pSA8Rqoa6BP5xe3ejikFlUKl1nyhQL5LVP1dRtMVSkqoXWuetkLg6cuLyW0jH6rus\/p9V0RqBovN9eBwX\/g0s6V7UIBdKdzwo5TaYKXOsjAsfnzMuU5inCnUGrFEaedRSUPM5VbH8nT\/AysVWnsv4cvbwa8igdCZsF2CqlkDk6pZgcID4loyHQsAsTe2xoNDp1Cls\/CLFMdSGn7Nb+ugDEhSZF1zQ+wJiq1cGSn2BrPtYELt3DX9O05mr47dJaiGHcjkoXDZJyl1nU5aqDJYXnNQWNSiJn2fWN55+2qnrTeevry9ohoyDLWd+ie223twSKHBbNvwUzmJ5jR\/\/svRWdSR0x8+TrozXAwF+MuUBtddBatPl0DOXCn86LwThSr99adwl7B6bojdZC9\/\/ptfXFao+wevVgz3XiWcHxonqVSSLTyd1TwrQDjVn788KjXkbOm5nJbiZjUcapfLtZ4cHlULNUar78kCktrpKwX\/+OKyeqCDLmvTLnXMNmTt\/Tuk4so6aJ738uMfkTSQIj15KPyf\/ZltvU7zg3aN6W+fXpoWJIJrfUOmsl\/Yn0lOLFQGy5tfXqZSKO81LqaMnzw43HzKOtuyranP7EgjNcCGg5eis1xlbOYqEQykK4XvnyiAjDo2ZIA\/bHDk\/FwVbuyfOGvhLZS3ztOPl17dRT4RB2BRuPjhLSlSR7bSaLUdSKj7NKGuVmkwU2ZUsHkmKz5rdSyVwuRK5TyH4JFWewcKEyv6ga7u0D++LfWW1SJ8YC743tf5rs555WCWymCfnE0eCv2\/LdKbnVKG9UrD09sv3r4mDs5SXz+U4+qLZ3amXXEkvTVG7N1jeVQKW7uNd1AczWJzLzb0wMA8uu0ipBDDwYsHh6IwSARXOFwpXBaVShuxBZ+hZ3NcGzzKJxQKXddOkgZAwQFYHJHw+NbUaudhDLSOfCt6+6wyhU4s7djOl80IEFApFBW3z6EgPitACJNlDgov+kQkwNH0c\/uG2Ov0l93pLT32EcskoXDGSsHRlH55h37Mbei5JyJhqj+\/2\/HCEQSxjStzDeFbX1zWGO35gg6t+RWHnsEeubXbOM95AYZG4d0fJTQPLNvsFtW4Vv7e8XzImSuFMwOFcspwiiCIkhb1tBXXtjWGQiFBECzn7GYyhUKfiMQHI5MKm\/qHK9BvAAC5xiQq7djOq\/rn0dxHtkhmBvSnxJ0oLBmFwpkBQtgPhJ4rc3XO20dytZMpU3N3REJtp9PUhCCIXwvkZKIrvryTdLFMoaWlyrz8+NwiBTmClrZp\/7gx2UkLXZYBaRR6+vISKvor1xgxclgJ3X3v+sSm7sGlRVcKp\/rxfsrvn9yQLcQBsfL7IljD1RRGpFDiTOGsQCG\/SAH5a9eaT11qfv2LnDvXim8NEs4Pje9fFRwYD4yLQhabm3ull6y8qEm9wHni5eXHvzDg+cmghZ6+vJ2iauhKsgAAWHOmlIwi+5tCo2N9DwdALO14dmfanWvj7wyLf2SL5Ex2C+w1jl+8QmaMB7VwNApZbO5LB7Pgvp7ePmvYubLln6Qs3ZT87ld5JS0aajrQlUIPDpdzqhB22WTL6zv1T2y76DrRoRHpwebeHZEQW9bx4YmCOcGxgyt+I1M4MBfBAfCJsOfe\/b8tglOulKqup7ZfvGuteFFY\/PJPUn641NylM792MAvu16RSGDuaFrLY3LCzpWTlGA7O57U9FpU6f03c\/DVxSzYlf5\/ZBD3\/u6fQk8N7\/3i+3mzvUql\/3XqLz7r+hZOFofG8IgVMUCm15vTqrrSqLupspqpdB9\/7cVH428+U9sXWQJJwAJR6S5vGBJNtsFWuFLLY3Ps\/TsobEAzyShyAVFnX4458O4086un9G5J+LZBbbcBoscVcbh3cUjlOCm8NEv6Y1wbfFpXecqlGlSLrahlIdyu15tcdqQZavjC2dJQemcXm+qxLSJF1kWMSQBBNqj5xWYe4rKNpYBhDmvz7pnCKL++D4\/nyoVLzURcGh4AeHO7SjclFTf29A8QCFmRy3SNbBtcxx0Uhi829bZXooLiWlFtYp2thSAo9fXnhMVI4fyLvwgFo7DKs+L7Ya8gxIof76qHs0hYN1DAbDuS9pq08+wSCuqdm1HEhifWc4Nif8tugMtFaXtqq+SO5W8c5az0WLfTk8J7akVbnvJpAq\/93MDspaVbPDY69g3aExC4Ijbs\/MulQYp2rCtrH+K0aT5fdnd6BopPpjR1qk9Fis+HAhgOTFVfpLNxC+QPO+ZHWXqMFwy0Y3qA03OE8O0mq6ya\/smD4sq325QTymOLLe\/dYXnGzWqkza42YzoSp9Jaqdt1mnszi2HxFEESEyzoyee+0lYLUqn7BoEYIB6CgWR10puTBzRKfdWKfcPG9kUnvnyiQyLpo1JJ3KbXm5\/aks1bwSeswHGA4oM1OEqSdNsfnFgxfNLDIzmJzZweJtvGqmlV9WhNmxnCLzb5oLu81Hk1psJM9YOYjWyTlbfZfBmI4EBQpnOfIAkFxO\/noSoXuMcdaC3njorViXrFCpTdbMHuHBABhseE9Bktdp97g2KQ80bVQa8LSalTpzkdGTXdRi4ZcCKeGjSzLe41vHB4iI8Ni23\/h+9jW1ODTJXuE1XtF1eH\/Lfvr3ozpLnqz5mxp5M8VkT9XBJ8uHdwx5YjEBycLyK8if66YF0rfvzh9peDpnWn\/+irv38cL\/rovc05I7JtHcuFIYMX3xTCctMKd4eL0ahWcTdOMIn+CrdCYRpBbld7i\/10Ri8P9bXP1Ln7VLn7VTl7VDp6MRdlVxGJzfU8Wkt9u58q8gwb2npGQcbj3bUh671j++vPSjT9XsE8WLN0smeL8Mi8IjQs7W2qvnF\/14df5VOd4+fH\/fbyArDzsbOmitU6LQNNX8J\/fl7nxp4rDSfWHk+o3\/VLx8oGsfx3PJ1eiewyWtx2ZWppbRj29SbsZaPEY9dRsxdfFSGesGHx9h7Xk+v2W3suf\/9zejEe3pnpS0iILw8XrYqTNjnwYQRAAgGVRg9rp2qrlUSmZNcOCOLLhnVoz+1QhXDx0rZzZT+ZQ+hNPPx5J9oMbk2EPoFCbXhp+Y\/kIjZ9wFAKC6DPb1sYMkZcawYzr8tVd4eLiVg0AQG20VrTrcpvUTd32Ph2iAwgiWTb6T2F8IhIu1XZbbXCqACsYtgAAIe81vn0012OoXbTXxbprrGThWnFjlyG\/SX0osS7sXFngD8VbuTJxhRKjmJlT33N1C+gTi0KjxZZUoXztkH3vws0\/PvimYMiBGsmODQeXG3rIddVR2zYjQBD5c0Vxi3pUFnEAWnuMP1xqemTLxP23ADw4vOAzJTCTNeTL1KW3\/J9jyWpU57heMCEoBATRpTP\/ki9\/71je4nDxqDk2VzOuyyfvn8jPquvus2Cu08wOjf0XIX\/aLPEcs1b9lspesjF59X9Kkis6yaUFWvBsOF4u1+6LrXlubwZc1bguhlz3SrwDhV+lNAz361UbDrLre16NzqaNPsfejBtC4bw1ccHnyrYJqkY9oriy4NMlT+9KmxkgHHuAx27euK70cGyknRUk\/MvezODTpVH8qm3CqrCzpc\/sSvfyu\/p\/1siTw7vNsVF+y6+VhyUNxy427hTVsE8W3LM+cYovj6lXblyeIbcYPxCZtC5G+muRokFlMFttJqututPwQ1bLywezXKeG46r\/hlA4rhagi5EHEIUMDEARdjQPIAoRhcx7AFHIfAxowuCGp4hCRCHzHkAUMh8DNxQ\/msmIQkQh8x5AFDIfA5owuOEpohBRyLwHEIXMx8ANxY9mMqIQUci8BxCFzMeAJgxueIooRBQy7wFEIfMxcEPxo5mMKEQUMu8BRCHzMaAJgxueIgoRhcx7AFHIfAzcUPxoJiMKEYXMewBRyHwMaMLghqeIQkQh8x5AFDIfAzcUP5rJiEJEIfMeQBQyHwOaMLjhKaIQUci8BxCFzMfADcWPZjKiEFHIvAcQhczHgCYMbniKKEQUMu8BRCHzMXBD8aOZjChEFDLvAUQh8zGgCYMbniIKEYXMewBRyHwM3FD8aCYjChGFzHsAUvj\/h+E3fXQU5i0AAAAASUVORK5CYII=' alt=''><\/span><\/p>\n<p style='text-align: justify;'>\n<p style='text-align: justify;'><span style='font-family: helvetica&comma; arial&comma; sans-serif;'><span style='font-size: 12pt;'>El taladro el\u00e9ctrico <strong>DJZ-0813 <\/strong>cuenta con un motor de alta potencia de 1650W que puede lograr una salida sostenible y estable con un di\u00e1metro m\u00e1ximo de perforaci\u00f3n de 1\/2 in. en metal. La salida de baja velocidad&comma; alta carga y alto par puede hacer frente f\u00e1cilmente a diferentes condiciones de trabajo como <\/span><span style='color: #000000; font-size: 12pt;'>perforaci\u00f3n y mezcla de l\u00edquidos.<\/span><\/span><\/p>\n<p style='text-align: center;'>\n<div class='row'>\n<div class='col-sm-6'>\n<div style='border-left: 5px solid #E42327; border-radius: 5px; padding: 5px; box-shadow: 2px 2px 10px #d8d8d8; -webkit-box-shadow: 2px 2px 10px #d8d8d8;'>\n<p><span style='box-sizing: border-box; font-family: helvetica&comma; arial&comma; sans-serif; font-size: 12pt;'><strong style='box-sizing: border-box;'><span style='box-sizing: border-box; color: #2880b9;'><span lang='ES' style='box-sizing: border-box; line-height: 17.12px;'>Especificaciones<\/span><\/span><\/strong><\/span><\/p>\n<ul>\n<li><span style='font-family: helvetica&comma; arial&comma; sans-serif; font-size: 16px;'><strong>Voltaje de Operacion:<\/strong> 110 Vcc \/ 60Hz<\/span><\/li>\n<li><strong><span style='font-family: helvetica&comma; arial&comma; sans-serif; font-size: 16px;'>Potencia: <\/span><\/strong><span style='font-family: helvetica&comma; arial&comma; sans-serif; font-size: 16px;'>1&comma;650W<\/span><\/li>\n<li><span style='font-family: helvetica&comma; arial&comma; sans-serif; font-size: 16px;'><strong>Velocida en Vac\u00edo:<\/strong>1&comma;100 rpm. <\/span><\/li>\n<li><span style='font-family: helvetica&comma; arial&comma; sans-serif; font-size: 16px;'><strong>Portabrocas:<\/strong> 1\/2 in.<\/span><\/li>\n<li><span style='font-family: helvetica&comma; arial&comma; sans-serif; font-size: 16px;'><strong>Peso :<\/strong> 3.5 kg <\/span><\/li>\n<\/ul>\n<\/div>\n<\/div>\n<div class='col-sm-6'>\n<div style='border-left: 5px solid #E42327; border-radius: 5px; padding: 5px; box-shadow: 2px 2px 10px #d8d8d8; -webkit-box-shadow: 2px 2px 10px #d8d8d8;'>\n<p><span style='box-sizing: border-box; font-family: helvetica&comma; arial&comma; sans-serif; font-size: 12pt;'><strong style='box-sizing: border-box;'><span lang='ES' style='box-sizing: border-box; line-height: 17.12px; color: #2880b9;'><span lang='ES' style='box-sizing: border-box; line-height: 19.2px;'>Caracter\u00edsticas<\/span><\/span><\/strong><\/span><\/p>\n<ul>\n<li><span style='font-family: helvetica&comma; arial&comma; sans-serif;'>Motor de escobillas&comma; de alta eficiencia y potente.<\/span><\/li>\n<li><span style='font-family: helvetica&comma; arial&comma; sans-serif;'>Mango en forma de &#8216;D&#8217;.<\/span><\/li>\n<li><span style='font-family: helvetica&comma; arial&comma; sans-serif;'>Alto Par de Salida.<\/span><\/li>\n<li><span style='color: #000000; font-family: helvetica&comma; arial&comma; sans-serif; font-size: 12pt; background-color: #ffffff;'>Dise\u00f1o tipo espada para excelente control y estabilidad.<\/span><\/li>\n<\/ul>\n<\/div>\n<\/div>\n<\/div>\n<div> <\/div>\n<p style='text-align: center;'>\n<p style='text-align: center;'><img class='fr-fic fr-dii' src='data:image\/png;base64&comma;iVBORw0KGgoAAAANSUhEUgAAAVIAAABrCAYAAAAl1wo+AAAAAXNSR0IArs4c6QAAAARnQU1BAACxjwv8YQUAAAAJcEhZcwAADsMAAA7DAcdvqGQAACN3SURBVHhe7d0JvHXV\/MfxnXkeMmQMheqRjA0kSjKG9JQiRYZESZMGDWikokEpMtQTJQoVCkWGaEBIgyEKGco8z\/+\/93rOuu1n3b33PfO4Pq\/Xft17zj3nnn3O2fu7f\/Na7v\/+R5HJZDKZrrlF62cmk8lkuiQLaSaTyfRIFtJMJpPpkSykmUwm0yNZSDOZTKZHspBmMplMj2QhzWQymR7JdaSZTKYt\/va3vxU33nhj8Yc\/\/KH47W9\/W\/zyl78M2\/XXX1\/885\/\/DI+54YYbij\/\/+c\/FKqusEm5jtdVWK+54xzsWK664YnGXu9yluNe97lXc4x73KO585zu3HjH5NArp3\/\/+9+KHP\/xh8e9\/\/7t1T6af3OIWtyhWWmml4k53ulPrnkxmfIjS8LGPfay46KKLim984xvFn\/70pyCof\/nLX4r\/\/ve\/c49ZiOWWWy78vP3tbx+Od9v973\/\/4pnPfGax0UYbFfe73\/3mHjOJNArpNddcU2y66abFH\/\/4x9Y9mX5y29vetliyZEmx7rrrtu4ZHO0e8Jn+Mmni8K9\/\/av4\/ve\/X1x22WXFF77whbB1Ipid4vO59a1vXSxatKh4xjOeUayzzjrBgp00a7UtIWXKZ\/rP7W53u+Lkk08unvSkJ7XuGQyu+NytzHAhEl\/96ldbt8YbMnDeeecVb3\/724N7zvIc9sXX58Vive9971tsscUWxStf+cpgbEwCWUhHyDCE1Nfrap+9iuFDGH72s5+1bo0fjo0f\/\/jHxZe+9KXive99b\/i9He5whzuEOCd3XMzz7ne\/e3GrW90quOpR+P7xj38UP\/\/5z4M1K67617\/+NeiIz+P3v\/99eMxCrLDCCsVLX\/rS4qlPfWrxyEc+snXveJKFdIRkIZ1uxllIHRfE88gjjwzWJ8Grw\/sgmJtssknxtKc9rXjMYx4ThPM2t7lNiPP73WOq8DpyLP7\/f\/7zn5CUIqys309+8pPFVVddFR7TBOHeYIMNire+9a3F8ssv37p3vMhCOkKykE434yikEsjnnHNO8e53v7u4+uqrW\/fOh2CttdZaxZprrlmsv\/76c1n4KsFcSAjrRJa4\/uQnPykuvvji4pvf\/GawjH1edf+PxctC5fbf8573bN07HmQhHSFZSKebcRNS7vYLX\/jCIFpVFqj9Zf298Y1vDGLFTWdxlolyQZA\/\/\/nPB40gyLL4tiuvvDL8\/YEPfGCIdfofj370o0Ppk+OwXBZVFlj\/l+V67rnnFkcccUTxox\/9qFJQPefe97538YEPfKBYY401akV62GQhHSFZSKebcRLS973vfcUxxxxT\/PrXv27dczNcc9bnlltuWTz96U+flzG\/7rrrim9961tBgL\/73e+GWCr3vBvEUx\/60IcWD3vYw4rVV189hAkIYhnu\/5e\/\/OXiwx\/+cBDWKoly7my77bbFDjvsEP7nqOlJSFdeeeXw90w9yke+\/vWvt24tSxbS6WYchFSShztcVT1g\/+5zn\/sEC\/ApT3nKnHXnmBHPJGbiktHKbJCKrvGarFWCyFoux1u9ngqCV73qVUHAq6xolu9HP\/rR8HOU9CSkAs8nnXTS3BvPLIuP9oADDije8573tO5ZlmEIKbhBsfMkM1xe\/epXt34bPi7g++67b3HFFVe07rkZGXcCRbzudre7hfuIp8d+4hOfCAbAtddeOxDxrCKKuprqxYsXF0984hODqMLF4LOf\/Wxx3HHHheRUihDCnnvuGZJhalJHQRbSAUNIBfarGJaQZmYLp7T4JaEUFy1DnFZdddVw3BEusPR+9atfhWP1U5\/6VBDUUUJPxFUPPfTQ4E3d8pa3DPeLy77+9a8vPvOZz4TGgTLeF8t6VGKah5ZkMlMEEeQBEZxURLVl7rfffqHsKIroL37xi2KfffYJRtHZZ589chGFC8Hll18ejLjXve51c6EFhse73vWuYJikrrxE1c4771wcdNBBI\/G+spBmMlMCy1K8kCX3u9\/9rnXvUh70oAcFa1O3EIuN2Fx44YWhLXPJkiVtF8kPEy79WWedVWy88cbFqaeeGm6zTu2zJJQEWVpVIKmmNja9iAyaLKSZzBQQLVEWZ+r2rr322kGIZMshc7\/77ruHJNRvfvObcN84Q\/TFQO2vsijI1BNNmfvo+oM1+853vjNcTIZpXWchzWSmAJbbYYcdFqy2Mi94wQuKM844o3jwgx8cREYJEzf+zDPPnKipbqxtlQfKsz796U8HkdQ08KY3val4zWteE7qsIt7niSeeGOYGDMsyzUKayUw4XHaWaCoaW2+9dXHIIYfMub8f+chHggV30003hduTiBF+YqFEMrr6e+yxR9jKYoqjjz66eP\/739+6NViykM4AXCP1eFVbU2E1F9HgiarnGejbKywH3TDic2J6JlS5rxdYLvatap+9l34nIvSpV72WbRiNLOYFH3jggfNinJtvvnnIwuuRZ3lK0Oy2226VBfmThmOG+\/6Od7wjfP7EdLvttqucFiVeao7qoMnlTwNmHMqfdKVsv\/32rVvLYnL5+eefX\/kdfu973wt1kMpOUrTpyfJ2A4HmWur5FqNz22HIotBPzX1TxtLNCDWC8rKXvaxS6L1HouO47Rd77713qLmsYquttgpZ50Hhe3nuc587r7ZSHebBBx8cOpRifNFnzZqbJgioOQA6ttTCcvdPOOGEEOIohy38TZfUICdIZYt0BnAy\/fSnP63ciGXdzMxoyVY9T9lMp3DFPvShDxWPe9zjQrJD1lgBuAu2\/fC7qUAsp\/XWW6\/4+Mc\/3nGMi0Vq36r22YCMr3zlK61H9g7R5i5XvZZtkJlwFx\/xwVREDRlxsSCiLk5HHXVUyORPm4iCcF5wwQWh6cD7I6wSUs961rNaj1iK70HyaZAx4SykM46TTddIFdymfmU+ZVt10ahZZIU2OELhbwR81113LTbbbLO+ZpadeE2v3Qk6gKqs9WFw6aWXhiRSGesgiQve9a53DbfVXEq69Ov9jisSbfvvv3+46KqVdfHYcMMNW39dislSvMNBkYU0E6y0KovFfSy8XtFvvtNOO4Ui67Q0pwkWsSzzi1\/84mBN9gMDN4Q6esW+CYmMAmELBfdlEScgWijVi0Ls9Itf\/GIIwYiTTjOO0dNPPz14OxAy22uvvZYZtedi8sEPfnBgKxZkIc3MrQg5CEwOEmcnot1iYMXznve8viW4JCp6xRAYaxsNG6Jx7LHHzgutuNjoT4885CEPCTMWWGuf+9znQskQS0381NQl8eK4TQM8JyENXgKs++RzKr8\/FqsE1SAs9JEJqQSW\/t5J2AjNNLtHYkj9svjKsD7FpmTLe0XJzpvf\/Oa+fA\/c4l5LgL797W+H8MOwESKRqCsj5swCKxem+10ikVX2gAc8oHjUox4VMvlcf3FoM0SFdIhrDKGISxMgyZlJFFlegrIox5t9l8R90Yte1PrrUgyRjpZrPxlJ1t5V1ZfnSjkJmJeoja6bYQjjkLUnHAqzm9hxxx1DBrqMeOIrXvGKSnfc9CArTTYhRkdIm8ID5WNnIZEkDhIs9qkOFz3Jhqbxdb5HXTFpHK1d7KfKgIVce5US6jv7hde1zxJzEWKpa+nxj398657u8L8Jke\/aT+f81772tXDB8D2Xre+FvqdR4ngy41SVAhwHViYt77NpUSpOHMP9YiQWqTcV6wcnYZN0mXZk0PuJGB0Xuk5ExfTU\/lkzXYzWRngJRRyflsJ9I8w\/+MEPWvd0B7EgEt3CEnWRGTbc8zScYF14k5J6hQApN\/O96BgSGhAueNvb3hYmSalCYMEynEzQdyGxKJ0wwTgt+0FbxNUV4vudNe44LFvraqe7Ld2rI8dIMwETdq6\/\/vrWrd5hydQNk3ZQy7Ky1gye0L5oe\/7znx9OgNe+9rWtR85HgiXGwXrBBKRuLSvC0u1zuyUmVMqva+liccG6C08\/IbRG2vFCDWE2ZUkMluV3ySWXhASexfQIrHpNj4\/bKFBPGpNx4uuOs4gLskL9fn6HWUgzAQdVP61SLnYdiu6JZjq5B0Rhm222Ccv9VmE\/eTO9wsIy17JT1CLKhg8bF7pyDazPTlw0ljoNGwLpu9JEIUTl+xJSIbAmM7GcNSq4MJoTqrFDmFCslms9aJHlNbhYO15cuLXLll9PF534cL\/IQpqZg5D26yrdVPspXiu2V4cTLV3HZxCwqDp9v6ycOB9zmEi0lZsT1Ixy68eNKJAW0bMuky41CR+ixsU2F0DMlQUrTGDgiNAEQSZ4LhD9EtjTTjttbnUAF24X8DLqcPvVMpuFNDOHGssmS7Jf6LpZ6GRJF2AbBKymTtdUIgLDXodJmIT7XOY5z3nOPGGYBKLQiqsKE+hKIq6+C5a+8AULVucbC1YlwQorrNB6dme4SGoNjaSxUlbrd77zndat3shCmplDqdckzKfsFy4anSSunJhmfvbLam8Xi9CVX5NLrcKiX5bbOKCSQoJLLazVTHfZZZfQQ8+qNHREeR4LlsAq9xLS4NVIkJXFMUUyUxUCxG7L\/faSjor0+\/F9jqWQMu8tJbDSSisNZZPo6GZAxrQhOdSPrp9JQbxTJrrdE0lclagNE\/uWlglyU2XXp51ovdqI5UYbbRQEVpMBK13lhFkHxx9\/fCiL02dPiFnq8Xliof4GsVyrpZbROtoPL2wshdTVhknuTQ5jczI94hGPaL36bKM2ctgW1yjhVrY7zEKyZ9ifjcaB8nLeBMVSGxGleS6As7R5z9qX6cTDH\/7w4P6zYiXf1Ae78Fx00UXB2jRaTyjGwBzCmiY5\/R9Wa6+MpCBf+YFiZXVxVVhGwAEe+4YHjSywgHjd3EIFviYRTXNBfkRsUhzQz14K8q2HXteKKS4mydCEEpu6MierY0q+VNFOQX4Zxy6Lxji6JpwmTkpdQe3Sj4L8ww8\/fJnssr552XCL12m\/9VlkFkZIwAXI90hMy+c6IV6yZMm8wdCdkGOkmWXgCpUtoGnHiWXMXFP3FVxMtBcOE5ayrqUyWjjjCqDKjIzRy9vCW5wZ68KpvK6MJGuv2fsspJllICzcollCy+VCA1F4T7rchgmLkysbIQKsYiiFGkU966RSbqJYd911wzyBSJyn0QtZSDPzUHvX6UDlScaJxCqpg2VoGMaw0WZbDqtIiMahxQS2aZ8zy6LUKbbXStStuOKK4Xf4jHsdr5eFNDMPllBdXHwacSI19V4TtFGIltctD9bWFRRRDtTNKgWzTIy5K5tKB5ZIOvdCFtLMPLi5k7zSZDfova8abg3WSnQLh0la4xp72CHmR2RZqTLXq666auXWNOFI8tRa9+lzlASWazMVz6eP6XSTWLXv4rs618qb+6oSuepl08fGre45MMw6fbzPwWfGu5C1T6dl9Vr2l4U0Mw8HG2GZJcQ\/q3rvCWjaVTQMvG4qpArWIzHxxUU1X1O7Y9WmqL1c7lOGQGowSJ9jCle5hdcc0\/QxnWySefbdkBXlSSpgWIdxU+qoljtF66jZq+XHxs17XnnllVuPvBldUKeccsq8xytx8jlYrRZpuaPvv5ehPVlIM5XMmpDCSZuWerFSy8NChkk5ARatOejUiULKcpQ4UTJYtZnFqVC9CsKiFjN9jvvLVQwEMH1Mp5tmhhim0GxjvF3cWMVVlrPyRxeK8mPjxmquGt9HkAls+ngxfzHSOMDca5Zx4eolfJOFNFOJSey9zv2cNJxoaRmMeuZRxYvNzYwQUnNC0cmKA55nfij3P4VgVrVXEp2FysE6Ra22C0DVwBf7SPBTyqGMFG49gU8xH1UYIUVHGk8rVl4Q7vT5vawSkYU0U8soXNpB0zS7k0DFzC6ceNzcpvhoatn0i7Q5hOjFISWdLnFiEpOZnCkK0P0tRXw89qeDRdkPfI7l6f5llCSVRdPv5b74FH\/Xc1\/GfYa5pOLrdZX08TbKVr7pVGV6yQtkIc3UYtJ4k4hMGsRI4qMOVpgC+Pier7322uCS1sHyqXObB0Hsr2fdxX10YWin427bbbedJzB1KK1yEYmUS4XK2A+DnS0op5Mt3VjzOsGETOL+XnPNNZXHlEaDlHJMuAodh+l7SsUVvtfYZFL2LtJjwQWq2+M9C2mmFm5u+YSaBszwbBIUfdrRvXfyNdXTWqefVdeuQHVCapF6jbisMoGPtCuk4qjWuG9nOE\/5PTe9N8kZrb5qbLUDp5thzhoILB0dYRlWLd3DzV577bVbt5Za+rLvTaTDv71Olcdhlka0NsvTzdLPrZeB4VlIMzOFE7RptgERkb1nmUgy1cUKWaPPfvazByKikW6tozqsh7Xmmmu2btXTbgfXQmuZ2f+q92B57RSfY9mVt2TJQp+tsqYyVYsZev1hNFNkIc3MFE7OplVIod5QoqdplVvW0DhPDEurD8B69t6jQLHIqhIzKXVWrM\/AxcQU\/Lix+A0A2mqrrcJWlVmvq4JYZZVVwk\/7mY67q8JgnVgCJTQgk5\/CehdOGDRZSDMzB6usabq8IRfHHntsbYE+JDViFn2UPPnJT279tizi21XWtJmesRhdzNi2EFViCMJlspl1meJmATwTq6w+aquKr6ojLXdsRYihOHCVW8+yrAqzRO\/C46tmtFottt+WfRVZSDMzh2LzpoywEXyKyOsQq2xa6XSY1A14VuRelShjjRK6potAJ1UB\/l\/dhqqSIuteVU1bIti+Gxe5dKSdGs805OA1Yubd0tFpfJSA9rLsdidkIZ1xojs1S3BpWWZ1sOSa4n\/Wcx+0NcpSjGKUUr6\/6jEEhIjKpldZpXFJj6ZSsH5RJZiGLFdN25IQE2oQMkkTQcIBRjymKNpXC7v++uu37rkZ731YzRRZSGccV\/RJXEStVwhpN8vLOGlNYKoTuX6RFtATx9jeGLuA7IMuoTqUHVUN4yCge+yxR22yLK3UqLN6u4WQGsiSwhoVLkjDFeK9wgZV4ivhpDKgah+NPkzH45XDFKnIi\/l2+71mIc2ElQ5mDcsZl5fsaBcnbLlMZ1BUrVcfy3PsQzzh61ZbJT7E15LTVVapJE1dljt1x6uK9iEpJya65557hrWUqrYq7E+VkHpPLnBpfadGCY8Xu04RZomjBct4DSVY3k+Z8hzSdBWFXryMLKSZkGltJ+kwbWy99daVLZJNWJKkLvnSTxYtWtT6bSkEIdZCttNNFQvQtUbWVR+kr9EJhMryHJZ8sTaSRejSrSnObBnkVORASNOLiMQZqlpjXRCr4t1iquV6W7DEPT6iDbpM06SshchCmglxpmGIw7ghrNHkGqdIgLCyunX\/OkGMsGwhEa7o2sqExxjiQmEZmW4lT53MLk1Lp6osNe6\/qoYqMWwH0\/2rSrSqxMxFwetUdR4Jz1SVcHlOuc0VPrP4\/w3zTqsy4lCYbshCmgm91MaPzRqsE6Pa2kVt4zA\/p3IvOAEpxwhjeKGdOK\/npms\/NWGp44VwMVljjTVCksemhlQbqnhl3CzMJxZbRzszQO177M+vGnhShw6qNKRBSGM3VFWYoGqwS7tkIc2EOFs6wGEWEM5YqGU04jFiisOwRuF10hmd5ZPfkA+0G5owB7Q8TaqJcr1mVTYcRMlUKXNBbWKxBx10UPGWt7xlbuP2a9us+swIZHTZm9AbH0uYtKS2M1iEpWmNphQhg1ifml4sWN3Ztc\/0TFXAfhaQaCsnIOqIQjpM0oubhEt0be2LmF9VP3qVy0yQWImpu7sQvVZ0VBXeR8RuU6sxJa06qLIkU\/TWxwqHMpZh9j0KS6TWba9LomchzQTUFaZF0LOA+Fo7a\/5LMvVisXSDpFK51vPqq68OpUPgonJFq2pB6+aVssLissTtoqazFyu8vApqivKjpkEhRNgE\/4iLyOWXX966VY3nVCW5eB\/xe\/aa1iWLeH+O\/17IQpoJsMrKi6vNCk6iTTfdtLHn3AVGic+w4dqXhZIAxOVQlP2wsKqIVmsKS4wLXvd3pHWXPpemxy9E03NdFJqE1qSmdMDJQis3CF+oCEiRoIvNJwr7y11f3uNjH\/vY1q3uWO5\/b7T2nWr2d5DVTQjnFp100kkdX7FcNbbffvtQMFuFWIYWN0sEDAMxFYHxuiC7uYf6g2OmtBMOOOCA0I9chS\/w5JNP7tmtWIhLL7201uraeOONixNOOCF8h\/rLDz300NZfmmGdXXbZZa1b8zGPUh1fFfvuu28Yv9bEDjvsENbaqcJ3Jf5WBSEQpkhrBMEqOf7448N7LuM5jvO6FQEkdhS3Vx3n4oNEtuo0cozvt99+rVudw0V3bJTfi4SXciPvheXFSgVhsH\/OGeer86eOLbfcMpxjzkP\/m7svROC+9LmLFy9urOgghDLgLjZeO43Zagd1jFfh+Ddwum5wtHioY6Ds\/qtp1Q5aFxsmpMQ2DW8YpHLEEUeE331+5QujC5Y1nXpJJI6lkDpIlCJUuS2DwEfgC6gaioBZEVLC6CRz8C\/ENAmpE1VSxMlUxT777FPbWz9IIUV6cZMYFFtUtkU8n\/CEJ\/RkMc4Cjm0hAp1cPisJtHJDALfexaPTmuIyY+naO7DFeXRYDGNzQNaJ6Czh4tWvZSUmCQL78pe\/PBgNVVs3HVD9giXlghvhPcU4IQtwk002Cb9n6tEJFuewChWkhfoEthcRRY6RZubg2pQ7P2YJXkec7J5uVcv+DgtlOeVhzOKclvBgWbG0XAC6mRkwK\/iMeAaxfvSss85axoI3mb8u1twJWUgzc4hzDTrMkOkMQpAO8VAjyZOCIR+9FJL3CxdgF+KFNuVUCvnb2cxNLQ+NbtpUVWj5TTeT9i15AsmtCy+8MPweYdH3wwsbyxjpuDErMVJwGx2UDYdFYJpipL0w6BgprGxqdF\/5NbbYYouwhIbvTT+9lkssdC5qByZo7SDTXVWnWgXXuB0d8Jh23ehOHuu7taWU9+mCCy4IwhqTVwwHHV\/izL2SLdLMMmiZHHScVKeKi2kd4tXlOr9Zh8VJSMsoOo+xvvXWWy9YqC6CsazHeDk1oDq3rHS62267hU4ky38wgAwHWWhTLuRYaGdTjiURttAmXsmdbmdjaDBe2tmikKdbRHWBpGG5AsBc1qZVZTshC2kblL+QWcCJ1itNnxkhjWU7Vfhb1Zi1yKx9HzCkudwwoXOnXFO52WabBQ\/hnHPOCWvxs4R33HHH4IloJyUYlkchpqecckroX2fhlrdp5uyzz16mdhSSTO10tbXDSITUiaA2TQnHJGzcm1k5eb3PddZZp+f363+UT\/wyYlX6sstL40a45sICVdPQ4X\/2Q+gnDTHItI1XcX2MlSrhSbtziCPLX4JKXaU6aaPv9t5772Dhqp9ca621wrLSRFcYSk8+MTY9SX3oNAgsKzTtdnJeC73067weSYw0MilfUi8f9qTFSGFNdWU3Te17C8VIPVfxeNP4Ngez9x9Xf2RlveQlL2mc8rP66qvPdfdUMY0x0oi+c8Xo5dciiKbHc2\/N11Qj2RQ2aYf0eNfxJuGl91\/ox3cfY5J1sclxwWcVv6OI96c2VzKqX4z0E\/CGJmGbNdQnimf1gmUjiJYTvA6ulhpNwqfDhfA2iagSlnLv9azB4kynMV1yySVz6xK5IEnk9drIQnzKm3F3xxxzTLHTTjsFQSWsvqtoybpY+F5c4MRpeRrxuaNGt9r+++\/furUUF\/B+1wbnGGlmHkIZ\/SipUf\/Iwmy6GHE5xUT1Rzf1XbN6dt5555B1nlUIpE6nclyP5c9Vj91orCylQ4MgiqOwi5ACEVeXySI2Ns8AaRUfhNbUeqVFlmQ+77zzwsR6HodFBTUVCDcMWmi59D6vcrON44h12m41QrtkIc3Mg\/AJxPcDFks\/xE\/huZKfWYenIOxShmUvI61nXrabdTiK+bJRaG1EU5yVJUtgha9UFwiraEPWcmufjzvuuOL8888PF9O6uHi3CBuJ95YRjuxHAX5KFtJMJVyfXtvmoO2Uy9ftic0KM3ld3SiRmHV8Jy5OypvKqHOOszv9TTKvamXNUUJcVWMQWN1ZhO6QQw4J5VnKrVQWCF+4LeGoxIslK85uTXvWN0u2HSTWDjzwwGXmr7oI7brrrgMJ12UhzVQiHqkOsR84obl\/G2ywQeue9pCpNrFH3G8WY9V1cO1TF5\/7qlZUohAEibUnVj0JREvWFHwWqmYOXggrlshKeku0GU6thMt7I7QSbOmkJ6EDx0w6P8OyJ\/06plOykM44dQLlfh0f\/RIwiRClN6wEZTcqFqr+t+QUi8qJw2rZfPPNlxna0SvDEuRBv46yJbWjZQxKJhbKlsQCubHEdVhT1PpNOUyg7pUla\/JVtGQJraoFx1REaR3BTZcx4WHxbAZVYTDS8qdZYBzKn3TAHHnkka1by2KgrQOyiosvvjiUjlQdIrpZygdwJ8jqcvGuuOKK0P7o4Dd4QyeNJJchIXqyuznoxdkOO+ywUAaV4jj1XrX89guLrJ122mmtW8vi\/BjkdCbvVYlVeeq9z0yS78QTTwwWPdfW0sgstNRymwbEi51j5pQ6TiWSjMQrl4DxiM4999y5MrtBkIV0wIyDkGamF+MmJW\/S0XDKk3Q4RfffMGOZdRetaUBjhmEkhJP+uGB4v4cffnjrEUtxwSes6o8HSXbtM5kJRhhEQ0Ua\/pB42mabbea6x7i7upZ6XcxuHOC9KKvaZZddgoiyBYno0Ucf3XrEUvztDW94w8BFFFlIM5kJhlgsWrQoeD3l5BNxkXgiNsIcXH7F9NpKhTb6UZExCiwIyAvWDEBQWdisUpZoOUPvb3vttVe4mAyDLKSZzBQg6cIqSy1Ts0t1jcluQ9ZaTFeseJJCcvZVsb+eeRcExLXWTj\/99HC7DAvcqMZhvccspJnMFMDijHFRI+0iLFO1mMbnmVuqDlM9pbpcVRR658cdyUf7q+QrdiSpE9WgYVBzubZUrbFuOm2hw7S6s5BmMlOEmkux0HT5ES2dhhofddRRc1UY6nolYpQSjVvxPiSUlCwZ8K1+VBmXtk+JM9n6WDMbYX1qI9aMUDd5bFD0lLVfbbXVaktnMkvRohY7TlKGmbVv+JozA2RU7jNLTYwwncFpf9Sgas9U+hb3z7QsFqrj1XNGebxoBtlwww2Dtoj\/2kf7YwCJxNoZZ5wxb8KV7LzEkpjoKD7znoQ00xvDElKDffvdx5xpDy7oqDAEhkufFqeDCyxhwwWOcVXWnjZMVqoWTZ1BwxRU+0QIlTUR01hHbB8kmCytojg\/RQ2pFlmi203tcT\/IQjpChiGkvl4HWNNkpcxgYBlVzUUdJjfeeGNos7Vmv+RMiv52lp8hNay6CBHVgsmb0lGkcaLf+HyMbGQZawVlhZanMhF1lrVQhUlTVQhlqNW2vtQoyUI6QrKQTjfjIKRgaVocz4i9qtOdFSdBxTo1ALwcX\/R4yRwlVDLmZ555ZnCx4986IbrcVsfQ3rp48eKQSBL7LFuS\/i8revfddw8dcPY\/RSuxsqfttttuLEq5spCOkCyk0824CGnkhhtuCK3CxLBccxmxv+o0lVLpTTfXNJ245XgiqsqpdFXRBlavOaOpThBkFqafcUVSbZpWMY2iGvF\/zaQ1pDoOiK4SUKKpOsEqs1phx6UeNgvpCMlCOt2Mm5DC8XDVVVeFHn1lUXWnv31ffvnlw+OUGSn2ZzWmAtgtXpdQ2iSPNArYr6b9EQu1CKBF\/Pq1H\/0iC+kIyUI63YyjkEYkbUyuN5SG9dcEi1IsVZUOV5zV6ncWpmO4HYQHfBYqArjrtEXc1UBn1mwTXlOBvYL8cW1xbRRSo6uMMctCOhgchK7E6eqP\/SQL6egYZyGNOD4sVXzwwQcHF72dCVFla1C801hELrtpUykWSHTslZNVDZIzB5edFaxzSRw0rYsdNxqFVMmMFSjbnUqd6QyukowlF2qQKGeZxhFqk0A\/V6ocJHrWxSe1lIpR3nTTTW0JXr8hmLL33HfzcFm94+bGV9EopJlMZvYgquZ3nnrqqcGSVIaUTpvvF8IGpvizZtW16r4SC50E8SyThTSTyVQiESQ0cd1114Uwn+YCm+VAelk7XwZfKECHlRF3QgO2ccnAd0MW0kwm0zbkgnV65ZVXhnpSJVDEVsIoTpiKcMvjIn2WaDYghWCqWZ00i3MhspBmMpmeWEhCpk00q8hCmslkMj2Sx+hlMplMj2QhzWQymR7JQprJZDI9URT\/DwxbxBCKQJ5IAAAAAElFTkSuQmCC' alt=''><\/p>\n<p style='text-align: center;'>\n<p style='text-align: center;'>\n<p style='text-align: center;'><span contenteditable='false' draggable='true' class='fr-video fr-deletable fr-fvc fr-dvb fr-draggable'> <\/span><\/p>\n","protected":false},"excerpt":{"rendered":"<p>Taladro Industrial tipo Espada de 1650W, Broquero de 1\/2 in. 110 Vca<\/p>\n","protected":false},"featured_media":81906,"comment_status":"open","ping_status":"closed","template":"","meta":[],"product_brand":[],"product_cat":[130],"product_tag":[132,25,131],"class_list":{"0":"post-81907","1":"product","2":"type-product","3":"status-publish","4":"has-post-thumbnail","6":"product_cat-herramientas-electricas","7":"product_tag-dongcheng","8":"product_tag-herramientas","9":"product_tag-herramientas-electricas","11":"first","12":"instock","13":"sale","14":"shipping-taxable","15":"purchasable","16":"product-type-simple"},"_links":{"self":[{"href":"https:\/\/soydeaqui.ddns.net\/pachuca\/index.php\/wp-json\/wp\/v2\/product\/81907","targetHints":{"allow":["GET"]}}],"collection":[{"href":"https:\/\/soydeaqui.ddns.net\/pachuca\/index.php\/wp-json\/wp\/v2\/product"}],"about":[{"href":"https:\/\/soydeaqui.ddns.net\/pachuca\/index.php\/wp-json\/wp\/v2\/types\/product"}],"replies":[{"embeddable":true,"href":"https:\/\/soydeaqui.ddns.net\/pachuca\/index.php\/wp-json\/wp\/v2\/comments?post=81907"}],"wp:featuredmedia":[{"embeddable":true,"href":"https:\/\/soydeaqui.ddns.net\/pachuca\/index.php\/wp-json\/wp\/v2\/media\/81906"}],"wp:attachment":[{"href":"https:\/\/soydeaqui.ddns.net\/pachuca\/index.php\/wp-json\/wp\/v2\/media?parent=81907"}],"wp:term":[{"taxonomy":"product_brand","embeddable":true,"href":"https:\/\/soydeaqui.ddns.net\/pachuca\/index.php\/wp-json\/wp\/v2\/product_brand?post=81907"},{"taxonomy":"product_cat","embeddable":true,"href":"https:\/\/soydeaqui.ddns.net\/pachuca\/index.php\/wp-json\/wp\/v2\/product_cat?post=81907"},{"taxonomy":"product_tag","embeddable":true,"href":"https:\/\/soydeaqui.ddns.net\/pachuca\/index.php\/wp-json\/wp\/v2\/product_tag?post=81907"}],"curies":[{"name":"wp","href":"https:\/\/api.w.org\/{rel}","templated":true}]}}