{"id":8187,"date":"2026-03-18T07:05:48","date_gmt":"2026-03-18T07:05:48","guid":{"rendered":"https:\/\/soydeaqui.ddns.net\/pachuca\/index.php\/producto\/boton-de-panico-con-deteccion-de-caidas-inalambrico-ip45-bateria-reemplazable-emergencias-medicas-compatible-con-pro4gen2-honeywell-y-2gig\/"},"modified":"2026-03-18T07:05:50","modified_gmt":"2026-03-18T07:05:50","slug":"boton-de-panico-con-deteccion-de-caidas-inalambrico-ip45-bateria-reemplazable-emergencias-medicas-compatible-con-pro4gen2-honeywell-y-2gig","status":"publish","type":"product","link":"https:\/\/soydeaqui.ddns.net\/pachuca\/index.php\/producto\/boton-de-panico-con-deteccion-de-caidas-inalambrico-ip45-bateria-reemplazable-emergencias-medicas-compatible-con-pro4gen2-honeywell-y-2gig\/","title":{"rendered":"Bot\u00f3n de P\u00e1nico con Detecci\u00f3n De Ca\u00eddas inal\u00e1mbrico \/ IP45 \/ Bater\u00eda Reemplazable \/ Emergencias M\u00e9dicas \/ Compatible con PRO4GEN2, Honeywell y 2GIG"},"content":{"rendered":"<div style='width: 100%; max-width: 1200px; margin: 0 auto; font-family: sans-serif; line-height: 1.6; color: inherit; background-color: transparent;'> <!-- Secci\u00f3n de caracter\u00edsticas principales --> <\/p>\n<div style='display: flex; flex-wrap: wrap; gap: 30px; margin-bottom: 30px;'>\n<div style='flex: 1 1 300px; min-width: 280px;'>\n<div style='border-left: 5px solid #0091ff; border-radius: 5px; padding: 5px; box-shadow: 2px 2px 10px rgba(216&comma;216&comma;216&comma;0.5);'>\n<h3 style='font-size: 22px; margin-top: 0; color: inherit; opacity: 0.8;'>Caracter\u00edsticas principales<\/h3>\n<ul style='padding-left: 20px; font-size: 15px; color: inherit;'>\n<li style='margin-bottom: 5px;'>Bot\u00f3n de emergencia Azul<\/li>\n<li style='margin-bottom: 5px;'>Modo reposo (<a style='color: #0091ff; text-decoration: none;' href='https:\/\/ftp3.syscom.mx\/usuarios\/scorrea\/A\/SFWSTFALL\/Especificaciones_y_Modo_de_Empleo.pdf' target='_blank' rel='noopener'>revise la ficha completa<\/a>)<\/li>\n<li style='margin-bottom: 5px;'>Incluye cord\u00f3n con tecnolog\u00eda anti estrangulamiento<\/li>\n<li style='margin-bottom: 5px;'>LED indicador de activaci\u00f3n&comma; bater\u00eda baja<\/li>\n<li style='margin-bottom: 5px;'>Compatibilidad: <span style='font-weight: bold;'>Paneles de Alarma Honeywell&comma; M2M services y 2GIG (revise lista de compatibilidad completa abajo)<\/span><\/li>\n<\/ul><\/div>\n<\/p><\/div>\n<p> <!-- Secci\u00f3n de caracter\u00edsticas el\u00e9ctricas y f\u00edsicas --> <\/p>\n<div style='flex: 1 1 300px; min-width: 280px;'>\n<div style='border-left: 5px solid #0091ff; border-radius: 5px; padding: 5px; box-shadow: 2px 2px 10px rgba(216&comma;216&comma;216&comma;0.5);'>\n<h3 style='font-size: 22px; margin-top: 0; color: inherit; opacity: 0.8;'>Caracter\u00edsticas el\u00e9ctricas y f\u00edsicas<\/h3>\n<ul style='padding-left: 20px; font-size: 15px; color: inherit;'>\n<li style='margin-bottom: 5px;'>Voltaje: Bater\u00eda de 3V CR2477 (incluida)<\/li>\n<li style='margin-bottom: 5px;'>Vida \u00fatil de bater\u00eda: 2 a\u00f1os* (remplazable)<\/li>\n<li style='margin-bottom: 5px;'>Frecuencia: 345 MHz<\/li>\n<li style='margin-bottom: 5px;'>Dimensiones: 58.6 x 42 x 19 mm<\/li>\n<li style='margin-bottom: 5px;'>Temperatura de operaci\u00f3n: -10\u00b0C a 40\u00b0C<\/li>\n<li style='margin-bottom: 5px;'><a style='color: #0091ff; text-decoration: none;' href='https:\/\/ftp3.syscom.mx\/usuarios\/scorrea\/A\/SFWSTFALL\/Especificaciones_y_Modo_de_Empleo.pdf' target='_blank' rel='noopener'>Revise la ficha completa<\/a><\/li>\n<\/ul><\/div>\n<\/p><\/div>\n<p> <!-- Secci\u00f3n de caracter\u00edsticas destacadas --> <\/p>\n<div style='flex: 1 1 300px; min-width: 280px;'>\n<div style='border-left: 5px solid #0091ff; border-radius: 5px; padding: 5px; box-shadow: 2px 2px 10px rgba(216&comma;216&comma;216&comma;0.5);'>\n<h3 style='font-size: 22px; margin-top: 0; color: inherit; opacity: 0.8;'>Caracter\u00edsticas Destacadas<\/h3>\n<p style='margin-top: 0;'>Las ca\u00eddas son la <strong style='color: inherit;'>causa n\u00famero 1<\/strong> de lesiones en personas mayores en la actualidad. Los botones de emergencia que indican ayuda cuando se presionan son incre\u00edblemente valiosos&comma; pero \u00bfqu\u00e9 sucede si una persona se cae y queda inconsciente?<\/p>\n<p style='margin-top: 0;'><strong style='color: inherit;'>Aqu\u00ed es donde importa la detecci\u00f3n autom\u00e1tica de ca\u00eddas.<\/strong><\/p>\n<p style='margin-top: 0;'>Nuestro colgante m\u00e9dico con detecci\u00f3n de ca\u00eddas puede pedir ayuda cuando una persona se cae y no puede presionar su bot\u00f3n de ayuda de emergencia.<\/p>\n<p style='margin-top: 0;'><strong style='color: inherit;'>\u00a1Dato interesante!<\/strong><\/p>\n<p style='margin-top: 0;'>Obtener ayuda r\u00e1pidamente despu\u00e9s de una ca\u00edda inmovilizante mejora la probabilidad de supervivencia en un 80 % y aumenta la probabilidad de volver a una vida independiente.<\/p>\n<\/p><\/div>\n<\/p><\/div>\n<\/p><\/div>\n<p> <!-- Nota sobre vida \u00fatil de la bater\u00eda --> <\/p>\n<div style='margin-bottom: 30px; font-size: 14px; color: inherit;'>\n<p>*La duraci\u00f3n de la bater\u00eda se calcula en un promedio de una activaci\u00f3n realizada por d\u00eda.<\/p>\n<\/p><\/div>\n<p> <!-- Separador --> <\/p>\n<hr style='border: 0; border-top: 1px solid rgba(150&comma; 150&comma; 150&comma; 0.3); margin: 30px 0;'> <!-- Imagen de informaci\u00f3n --> <\/p>\n<div style='margin-bottom: 30px; text-align: center;'> <a style='text-decoration: none;' href='https:\/\/www.syscom.mx\/producto\/L7000-LAS-FALL-HONEYWELL-HOME-RESIDEO-207550.html' target='_blank' rel='noopener'> <img style='width: 100%; height: auto; border: 1px solid rgba(150&comma;150&comma;150&comma;0.3); border-radius: 8px;' src='https:\/\/ftp3.syscom.mx\/usuarios\/scorrea\/A\/SFWSTFALL\/informacion.png' alt='Informaci\u00f3n'> <\/a> <\/div>\n<p> <!-- Secci\u00f3n de compatibilidad y imagen --> <\/p>\n<div style='display: flex; flex-wrap: wrap; gap: 30px; margin-bottom: 30px;'>\n<div style='flex: 1 1 300px; min-width: 280px;'>\n<h3 style='font-size: 22px; border-bottom: 2px solid currentColor; padding-bottom: 5px; margin-top: 0; color: inherit; opacity: 0.8;'>Paneles Compatibles<\/h3>\n<div style='display: grid; grid-template-columns: repeat(auto-fill&comma; minmax(120px&comma; 1fr)); gap: 10px; margin-top: 15px;'>\n<div style='font-weight: bold; color: inherit;'>Honeywell (Resideo)<\/div>\n<div style='font-weight: bold; color: inherit;'>M2M Services<\/div>\n<div style='font-weight: bold; color: inherit;'>Panel 2GIG<\/div>\n<div style='color: inherit;'>VISTA10<\/div>\n<div style='color: inherit;'>PRO4G<\/div>\n<div style='color: inherit;'>2GIG<\/div>\n<div style='color: inherit;'>VISTA15P<\/div>\n<div style='color: inherit;'>PRO4GLTEM\/K<\/div>\n<div style='color: inherit;'>VISTA20P<\/div>\n<div style='color: inherit;'>PRO4GEN2\/K<\/div>\n<div style='color: inherit;'>VISTA21IP<\/div>\n<div style='color: inherit;'>VISTA48LA<\/div>\n<div style='color: inherit;'>VISTA50P<\/div>\n<div style='color: inherit;'>VISTA128<\/div>\n<div style='color: inherit;'>VISTA250<\/div>\n<div style='color: inherit;'>LYNX PLUS<\/div>\n<div style='color: inherit;'>L5200<\/div>\n<div style='color: inherit;'>L7000<\/div>\n<\/p><\/div>\n<\/p><\/div>\n<p> <!-- Imagen del producto --> <\/p>\n<div style='flex: 1 1 300px; min-width: 280px;'> <img style='width: 100%; height: auto; border: 1px solid rgba(150&comma;150&comma;150&comma;0.3); border-radius: 8px;' src='https:\/\/ftp3.syscom.mx\/usuarios\/scorrea\/A\/SFWSTFALL\/preview17.jpg' alt='Bot\u00f3n de p\u00e1nico'> <\/div>\n<\/p><\/div>\n<p> <!-- Video de YouTube --> <\/p>\n<div style='position: relative; padding-bottom: 56.25%; height: 0; overflow: hidden; margin-bottom: 30px;'>   <\/div>\n<\/p><\/div>\n","protected":false},"excerpt":{"rendered":"<p>Bot\u00f3n de P\u00e1nico con Detecci\u00f3n De Ca\u00eddas inal\u00e1mbrico \/ IP45 \/ Bater\u00eda Reemplazable \/ Emergencias M\u00e9dicas \/ Compatible con PRO4GEN2, Honeywell y 2GIG<\/p>\n","protected":false},"featured_media":8186,"comment_status":"open","ping_status":"closed","template":"","meta":[],"product_brand":[],"product_cat":[167],"product_tag":[93,168,79],"class_list":{"0":"post-8187","1":"product","2":"type-product","3":"status-publish","4":"has-post-thumbnail","6":"product_cat-botones-de-panico","7":"product_tag-accesorios","8":"product_tag-botones-de-panico","9":"product_tag-sfire","11":"first","12":"outofstock","13":"sale","14":"shipping-taxable","15":"purchasable","16":"product-type-simple"},"_links":{"self":[{"href":"https:\/\/soydeaqui.ddns.net\/pachuca\/index.php\/wp-json\/wp\/v2\/product\/8187","targetHints":{"allow":["GET"]}}],"collection":[{"href":"https:\/\/soydeaqui.ddns.net\/pachuca\/index.php\/wp-json\/wp\/v2\/product"}],"about":[{"href":"https:\/\/soydeaqui.ddns.net\/pachuca\/index.php\/wp-json\/wp\/v2\/types\/product"}],"replies":[{"embeddable":true,"href":"https:\/\/soydeaqui.ddns.net\/pachuca\/index.php\/wp-json\/wp\/v2\/comments?post=8187"}],"wp:featuredmedia":[{"embeddable":true,"href":"https:\/\/soydeaqui.ddns.net\/pachuca\/index.php\/wp-json\/wp\/v2\/media\/8186"}],"wp:attachment":[{"href":"https:\/\/soydeaqui.ddns.net\/pachuca\/index.php\/wp-json\/wp\/v2\/media?parent=8187"}],"wp:term":[{"taxonomy":"product_brand","embeddable":true,"href":"https:\/\/soydeaqui.ddns.net\/pachuca\/index.php\/wp-json\/wp\/v2\/product_brand?post=8187"},{"taxonomy":"product_cat","embeddable":true,"href":"https:\/\/soydeaqui.ddns.net\/pachuca\/index.php\/wp-json\/wp\/v2\/product_cat?post=8187"},{"taxonomy":"product_tag","embeddable":true,"href":"https:\/\/soydeaqui.ddns.net\/pachuca\/index.php\/wp-json\/wp\/v2\/product_tag?post=8187"}],"curies":[{"name":"wp","href":"https:\/\/api.w.org\/{rel}","templated":true}]}}