{"id":81858,"date":"2026-03-19T19:02:09","date_gmt":"2026-03-19T19:02:09","guid":{"rendered":"https:\/\/soydeaqui.ddns.net\/pachuca\/index.php\/producto\/conmutador-enterprise-modular-yeastar-para-pymes-20-extensiones10-llamadas-simultaneas-hasta-4-puertos-fxo-fxs-no-incluidos\/"},"modified":"2026-03-19T19:02:17","modified_gmt":"2026-03-19T19:02:17","slug":"conmutador-enterprise-modular-yeastar-para-pymes-20-extensiones10-llamadas-simultaneas-hasta-4-puertos-fxo-fxs-no-incluidos","status":"publish","type":"product","link":"https:\/\/soydeaqui.ddns.net\/pachuca\/index.php\/producto\/conmutador-enterprise-modular-yeastar-para-pymes-20-extensiones10-llamadas-simultaneas-hasta-4-puertos-fxo-fxs-no-incluidos\/","title":{"rendered":"Conmutador Enterprise Modular Yeastar para PYMES 20 Extensiones,10 Llamadas Simultaneas, Hasta 4 puertos FXO\/FXS (No Incluidos))"},"content":{"rendered":"<div style='width: 100%; max-width: 1200px; margin: 0 auto; font-family: sans-serif; line-height: 1.6; color: inherit; background-color: transparent;'>\n<div style='background-color: rgba(1&comma; 151&comma; 214&comma; 0.1); border-left: 5px solid #0197d6; padding: 15px; margin-bottom: 20px;'>\n<h1 style='margin-top: 0; font-size: 28px; text-align: center; color: inherit; opacity: 0.9;'>CONMUTADOR IP P520 YEASTAR<\/h1>\n<\/p><\/div>\n<div style='background-color: rgba(1&comma; 151&comma; 214&comma; 0.1); border-left: 5px solid #0197d6; padding: 15px; margin-bottom: 30px;'>\n<p style='text-align: justify; font-size: 18px; margin: 0; color: inherit;'>Un sistema IP-PBX fiable&comma; seguro y con muchas funciones espec\u00edficas para pymes. Unifique la comunicaci\u00f3n empresarial y la participaci\u00f3n del cliente en una sola plataforma.<\/p>\n<\/p><\/div>\n<h2 style='color: #0197d6; margin-top: 0; font-size: 24px; border-bottom: 2px solid rgba(1&comma; 151&comma; 214&comma; 0.6); padding-bottom: 5px; color: inherit;'>Caracter\u00edsticas principales<\/h2>\n<hr style='border: 0; border-top: 2px solid rgba(1&comma; 151&comma; 214&comma; 0.6); margin: 15px 0 30px;'>\n<div style='display: flex; flex-wrap: wrap; gap: 20px; margin-bottom: 30px;'>\n<div style='flex: 1 1 200px; min-width: 180px;'>\n<ul style='padding-left: 20px; font-size: 15px; color: inherit; list-style: disc;'>\n<li style='margin-bottom: 8px;'>20 usuarios<\/li>\n<li style='margin-bottom: 8px;'>10 llamadas simult\u00e1neas<\/li>\n<li style='margin-bottom: 8px;'>Hasta 20 enlaces VoIP<\/li>\n<li style='margin-bottom: 8px;'>Hasta 4 puertos FXO\/FXS (No incluidos)<\/li>\n<\/ul><\/div>\n<\/p><\/div>\n<h2 style='color: #0197d6; margin-top: 40px; font-size: 24px; border-bottom: 2px solid rgba(1&comma; 151&comma; 214&comma; 0.6); padding-bottom: 5px; color: inherit;'>Preguntas Frecuentes (FAQ)<\/h2>\n<hr style='border: 0; border-top: 2px solid rgba(1&comma; 151&comma; 214&comma; 0.6); margin: 15px 0 30px;'>\n<div style='margin-bottom: 30px;'>\n<p style='font-size: 15px; margin-bottom: 15px; color: inherit;'><strong style='color: inherit;'>\u00bfQu\u00e9 tipo de troncales es compatible con el conmutador?<\/strong><br \/>El conmutador P520 es compatible con troncales SIP y con troncales an\u00e1logas de cualquier proveedor (Telmex&comma; TotalPlay&comma; etc.).<\/p>\n<p style='font-size: 15px; margin-bottom: 0; color: inherit;'><strong style='color: inherit;'>\u00bfQu\u00e9 tel\u00e9fonos son compatibles con este conmutador?<\/strong><br \/>Es compatible con Fanvil&comma; Grandstream o cualquier tel\u00e9fono que maneje protocolo SIP abierto.<\/p>\n<\/p><\/div>\n<h2 style='color: #0197d6; margin-top: 40px; font-size: 24px; border-bottom: 2px solid rgba(1&comma; 151&comma; 214&comma; 0.6); padding-bottom: 5px; color: inherit;'>Galer\u00eda de im\u00e1genes<\/h2>\n<hr style='border: 0; border-top: 2px solid rgba(1&comma; 151&comma; 214&comma; 0.6); margin: 15px 0 30px;'>\n<div style='display: grid; grid-template-columns: repeat(auto-fill&comma; minmax(280px&comma; 1fr)); gap: 20px; margin-bottom: 30px;'>\n<div style='border: 1px solid rgba(150&comma; 150&comma; 150&comma; 0.3); border-radius: 8px; overflow: hidden;'> <img style='width: 100%; height: auto; border: none; display: block;' src='https:\/\/ftp3.syscom.mx\/usuarios\/fotos\/P520\/236884-captura_de_pantalla_2025-03-14_a_la(s)_8.42.47 a.m..png' alt='Conmutador P520 Vista Frontal'> <\/div>\n<div style='border: 1px solid rgba(150&comma; 150&comma; 150&comma; 0.3); border-radius: 8px; overflow: hidden;'> <img style='width: 100%; height: auto; border: none; display: block;' src='https:\/\/ftp3.syscom.mx\/usuarios\/fotos\/P520\/236884-captura_de_pantalla_2025-03-13_a_la(s)_4.16.27 p.m.-photoroom.png' alt='Conmutador P520 Interior'> <\/div>\n<div style='border: 1px solid rgba(150&comma; 150&comma; 150&comma; 0.3); border-radius: 8px; overflow: hidden;'> <img style='width: 100%; height: auto; border: none; display: block;' src='https:\/\/ftp3.syscom.mx\/usuarios\/fotos\/P520\/236884-captura_de_pantalla_2025-03-13_a_la(s)_4.17.13 p.m..png' alt='Conmutador P520 Trasera'> <\/div>\n<div style='border: 1px solid rgba(150&comma; 150&comma; 150&comma; 0.3); border-radius: 8px; overflow: hidden;'> <img style='width: 100%; height: auto; border: none; display: block;' src='https:\/\/ftp3.syscom.mx\/usuarios\/fotos\/P520\/236884-captura_de_pantalla_2025-03-13_a_la(s)_4.17.24 p.m..png' alt='Conmutador P520 Puertos'> <\/div>\n<div style='border: 1px solid rgba(150&comma; 150&comma; 150&comma; 0.3); border-radius: 8px; overflow: hidden;'> <img style='width: 100%; height: auto; border: none; display: block;' src='https:\/\/ftp3.syscom.mx\/usuarios\/fotos\/P520\/236884-captura_de_pantalla_2025-03-13_a_la(s)_4.17.35 p.m.-photoroom_(1).png' alt='Conmutador P520 Interno'> <\/div>\n<\/p><\/div>\n<hr style='border: 0; border-top: 1px solid rgba(150&comma; 150&comma; 150&comma; 0.3); margin: 30px 0;'> <\/div>\n","protected":false},"excerpt":{"rendered":"<p>Conmutador Enterprise Modular Yeastar para PYMES 20 Extensiones,10 Llamadas Simultaneas, Hasta 4 puertos FXO\/FXS (No Incluidos))<\/p>\n","protected":false},"featured_media":81857,"comment_status":"open","ping_status":"closed","template":"","meta":[],"product_brand":[],"product_cat":[2028],"product_tag":[2029,2004,2145],"class_list":{"0":"post-81858","1":"product","2":"type-product","3":"status-publish","4":"has-post-thumbnail","6":"product_cat-conmutadores-ip","7":"product_tag-conmutadores-ip","8":"product_tag-voip-telefonia-ip-videoconferencia","9":"product_tag-yeastar","11":"first","12":"instock","13":"sale","14":"shipping-taxable","15":"purchasable","16":"product-type-simple"},"_links":{"self":[{"href":"https:\/\/soydeaqui.ddns.net\/pachuca\/index.php\/wp-json\/wp\/v2\/product\/81858","targetHints":{"allow":["GET"]}}],"collection":[{"href":"https:\/\/soydeaqui.ddns.net\/pachuca\/index.php\/wp-json\/wp\/v2\/product"}],"about":[{"href":"https:\/\/soydeaqui.ddns.net\/pachuca\/index.php\/wp-json\/wp\/v2\/types\/product"}],"replies":[{"embeddable":true,"href":"https:\/\/soydeaqui.ddns.net\/pachuca\/index.php\/wp-json\/wp\/v2\/comments?post=81858"}],"wp:featuredmedia":[{"embeddable":true,"href":"https:\/\/soydeaqui.ddns.net\/pachuca\/index.php\/wp-json\/wp\/v2\/media\/81857"}],"wp:attachment":[{"href":"https:\/\/soydeaqui.ddns.net\/pachuca\/index.php\/wp-json\/wp\/v2\/media?parent=81858"}],"wp:term":[{"taxonomy":"product_brand","embeddable":true,"href":"https:\/\/soydeaqui.ddns.net\/pachuca\/index.php\/wp-json\/wp\/v2\/product_brand?post=81858"},{"taxonomy":"product_cat","embeddable":true,"href":"https:\/\/soydeaqui.ddns.net\/pachuca\/index.php\/wp-json\/wp\/v2\/product_cat?post=81858"},{"taxonomy":"product_tag","embeddable":true,"href":"https:\/\/soydeaqui.ddns.net\/pachuca\/index.php\/wp-json\/wp\/v2\/product_tag?post=81858"}],"curies":[{"name":"wp","href":"https:\/\/api.w.org\/{rel}","templated":true}]}}