{"id":81836,"date":"2026-03-19T19:01:12","date_gmt":"2026-03-19T19:01:12","guid":{"rendered":"https:\/\/soydeaqui.ddns.net\/pachuca\/index.php\/producto\/wave-pico-estacion-ptmp-ptp-de-60-ghz-ligera-y-compacta-impulsada-por-tecnologia-wave\/"},"modified":"2026-03-19T19:01:27","modified_gmt":"2026-03-19T19:01:27","slug":"wave-pico-estacion-ptmp-ptp-de-60-ghz-ligera-y-compacta-impulsada-por-tecnologia-wave","status":"publish","type":"product","link":"https:\/\/soydeaqui.ddns.net\/pachuca\/index.php\/producto\/wave-pico-estacion-ptmp-ptp-de-60-ghz-ligera-y-compacta-impulsada-por-tecnologia-wave\/","title":{"rendered":"Wave Pico Estaci\u00f3n PtMP\/PtP de 60 GHz Ligera y Compacta Impulsada por Tecnolog\u00eda Wave"},"content":{"rendered":"<div style='width: 100%; max-width: 1200px; margin: 0 auto; font-family: sans-serif; line-height: 1.6; color: inherit; background-color: transparent;'>\n<div style='display: flex; flex-wrap: wrap; gap: 30px; margin-bottom: 30px;'>\n<div style='flex: 1 1 300px; min-width: 280px;'><img style='width: 100%; height: auto; border: 1px solid rgba(150&comma;150&comma;150&comma;0.3); border-radius: 8px;' src='https:\/\/ftp3.syscom.mx\/usuarios\/adiaz\/Ubiquiti\/Imagenes\/WAVEPICO\/wave-pico-2.png' alt='Wave-Pico'><\/div>\n<div style='flex: 1 1 300px; min-width: 280px;'>\n<h2 style='font-size: 24px; margin-top: 0; margin-bottom: 10px; color: inherit;'>Wave Pico<\/h2>\n<p style='margin: 0 0 15px; font-weight: 600; color: inherit; opacity: 0.8;'>Modelo: <span style='font-weight: 700;'>Wave-Pico<\/span><\/p>\n<p style='margin: 0; color: inherit;'>Wave Pico Estaci\u00f3n PtMP de <strong>60 GHz<\/strong> Ligera y Compacta Impulsada por Tecnolog\u00eda Wave.<\/p>\n<\/div>\n<\/div>\n<div style='text-align: center; margin: 40px 0 20px;'><span style='font-size: 22px; color: inherit; border-bottom: 2px solid currentColor; padding-bottom: 8px; font-weight: 700;'>Especificaciones<\/span><\/div>\n<div style='display: flex; flex-wrap: wrap; gap: 20px; margin-bottom: 30px;'>\n<div style='flex: 1 1 250px; border: 1px solid rgba(150&comma; 150&comma; 150&comma; 0.4); border-radius: 8px; overflow: hidden; display: flex; flex-direction: column;'>\n<div style='padding: 15px; border-bottom: 1px solid rgba(150&comma; 150&comma; 150&comma; 0.2); font-weight: bold; font-size: 18px; color: inherit;'>Caracter\u00edsticas principales<\/div>\n<div style='padding: 15px; color: inherit;'>\n<ul style='padding-left: 20px; margin: 0; font-size: 14px; list-style-type: disc;'>\n<li style='margin-bottom: 8px;'>Alcance m\u00e1ximo del enlace: Wave AP: 1&comma;3 km ; Wave AP Micro: 0&comma;9 km<\/li>\n<li style='margin-bottom: 8px;'>Rendimiento m\u00e1ximo de 2 Gbps<\/li>\n<li style='margin-bottom: 8px;'>Radio de respaldo resistente a la intemperie de 5 GHz (rendimiento m\u00e1ximo: 800 Mbps)<\/li>\n<li style='margin-bottom: 8px;'>(1) Puerto GbE RJ45<\/li>\n<li style='margin-bottom: 8px;'>Bluetooth integrado<\/li>\n<\/ul>\n<\/div>\n<\/div>\n<div style='flex: 1 1 250px; border: 1px solid rgba(150&comma; 150&comma; 150&comma; 0.4); border-radius: 8px; overflow: hidden; display: flex; flex-direction: column;'>\n<div style='padding: 15px; border-bottom: 1px solid rgba(150&comma; 150&comma; 150&comma; 0.2); font-weight: bold; font-size: 18px; color: inherit;'>Caracter\u00edsticas f\u00edsicas y el\u00e9ctricas<\/div>\n<div style='padding: 15px; color: inherit;'>\n<ul style='padding-left: 20px; margin: 0; font-size: 14px; list-style-type: disc;'>\n<li style='margin-bottom: 8px;'>Dimensiones: \u00d8152.1 x 55.8 mm (\u00d86 x 2.2&#8242;)<\/li>\n<li style='margin-bottom: 8px;'>Peso: 347 g (12.2 oz)<\/li>\n<li style='margin-bottom: 8px;'>Material de la carcasa: Policarbonato estabilizado a los rayos UV.<\/li>\n<li style='margin-bottom: 8px;'>Alimentaci\u00f3n: PoE&comma; 48 Vcc&comma; 0.5 A&comma; Incluye Adaptador PoE Gigabit<\/li>\n<li style='margin-bottom: 8px;'>Temperatura de operaci\u00f3n: \u221240 a 60 \u00b0C (\u221240 a 140 \u00b0F)<\/li>\n<li style='margin-bottom: 8px;'>Humedad de operaci\u00f3n: 5\u201395% sin condensaci\u00f3n<\/li>\n<\/ul>\n<\/div>\n<\/div>\n<div style='flex: 1 1 250px; border: 1px solid rgba(150&comma; 150&comma; 150&comma; 0.4); border-radius: 8px; overflow: hidden; display: flex; flex-direction: column;'>\n<div style='padding: 15px; border-bottom: 1px solid rgba(150&comma; 150&comma; 150&comma; 0.2); font-weight: bold; font-size: 18px; color: inherit;'>Rendimiento<\/div>\n<div style='padding: 15px; color: inherit;'>\n<ul style='padding-left: 20px; margin: 0; font-size: 14px; list-style-type: disc;'>\n<li style='margin-bottom: 8px;'>Throughput M\u00e1ximo: 60 GHz: <strong>2 Gbps<\/strong>; 5 GHz: <strong>800 Mbps<\/strong><\/li>\n<li style='margin-bottom: 8px;'>Encriptaci\u00f3n: WPA2-PSK (AES)<\/li>\n<li style='margin-bottom: 8px;'>Modo de operaci\u00f3n: Estaci\u00f3n PtMP y PtP<\/li>\n<li style='margin-bottom: 8px;'>Red: Bridge\/Router (Router solo est\u00e1 disponible en modo de operaci\u00f3n PtMP)<\/li>\n<\/ul>\n<\/div>\n<\/div>\n<div style='flex: 1 1 250px; border: 1px solid rgba(150&comma; 150&comma; 150&comma; 0.4); border-radius: 8px; overflow: hidden; display: flex; flex-direction: column;'>\n<div style='padding: 15px; border-bottom: 1px solid rgba(150&comma; 150&comma; 150&comma; 0.2); font-weight: bold; font-size: 18px; color: inherit;'>RF<\/div>\n<div style='padding: 15px; color: inherit;'>\n<ul style='padding-left: 20px; margin: 0; font-size: 14px; list-style-type: disc;'>\n<li style='margin-bottom: 8px;'>Frecuencia de operaci\u00f3n: 57\u201371 GHz *Dependiendo de la regi\u00f3n regulatoria.<\/li>\n<li style='margin-bottom: 8px;'>Anchos de canal: 2160&comma; 1080&comma; 540* MHz (FW versi\u00f3n 3.3.0 y superior)<\/li>\n<li style='margin-bottom: 8px;'>Ganancia de antena: 60 GHz: 27.7 dBi<\/li>\n<li style='margin-bottom: 8px;'>Frecuencia de operaci\u00f3n del radio de respaldo: 802.11ax (WiFi6) 5180\u20135875 MHz *Dependiendo de la regi\u00f3n regulatoria.<\/li>\n<li style='margin-bottom: 8px;'>Anchos de canal del radio de respaldo: 20\/40\/80 MHz<\/li>\n<li style='margin-bottom: 8px;'>Ganancia de antena del radio de respaldo: 5 GHz: 9 dBi<\/li>\n<\/ul>\n<\/div>\n<\/div>\n<\/div>\n<\/div>\n<\/div>\n","protected":false},"excerpt":{"rendered":"<p>Wave Pico Estaci\u00f3n PtMP\/PtP de 60 GHz Ligera y Compacta Impulsada por Tecnolog\u00eda Wave<\/p>\n","protected":false},"featured_media":81835,"comment_status":"open","ping_status":"closed","template":"","meta":[],"product_brand":[],"product_cat":[1998],"product_tag":[1999,1980,166],"class_list":{"0":"post-81836","1":"product","2":"type-product","3":"status-publish","4":"has-post-thumbnail","6":"product_cat-5-y-6-ghz","7":"product_tag-5-y-6-ghz","8":"product_tag-enlaces-ptp-y-ptmp","9":"product_tag-ubiquiti","11":"first","12":"outofstock","13":"sale","14":"shipping-taxable","15":"purchasable","16":"product-type-simple"},"_links":{"self":[{"href":"https:\/\/soydeaqui.ddns.net\/pachuca\/index.php\/wp-json\/wp\/v2\/product\/81836","targetHints":{"allow":["GET"]}}],"collection":[{"href":"https:\/\/soydeaqui.ddns.net\/pachuca\/index.php\/wp-json\/wp\/v2\/product"}],"about":[{"href":"https:\/\/soydeaqui.ddns.net\/pachuca\/index.php\/wp-json\/wp\/v2\/types\/product"}],"replies":[{"embeddable":true,"href":"https:\/\/soydeaqui.ddns.net\/pachuca\/index.php\/wp-json\/wp\/v2\/comments?post=81836"}],"wp:featuredmedia":[{"embeddable":true,"href":"https:\/\/soydeaqui.ddns.net\/pachuca\/index.php\/wp-json\/wp\/v2\/media\/81835"}],"wp:attachment":[{"href":"https:\/\/soydeaqui.ddns.net\/pachuca\/index.php\/wp-json\/wp\/v2\/media?parent=81836"}],"wp:term":[{"taxonomy":"product_brand","embeddable":true,"href":"https:\/\/soydeaqui.ddns.net\/pachuca\/index.php\/wp-json\/wp\/v2\/product_brand?post=81836"},{"taxonomy":"product_cat","embeddable":true,"href":"https:\/\/soydeaqui.ddns.net\/pachuca\/index.php\/wp-json\/wp\/v2\/product_cat?post=81836"},{"taxonomy":"product_tag","embeddable":true,"href":"https:\/\/soydeaqui.ddns.net\/pachuca\/index.php\/wp-json\/wp\/v2\/product_tag?post=81836"}],"curies":[{"name":"wp","href":"https:\/\/api.w.org\/{rel}","templated":true}]}}