{"id":81812,"date":"2026-03-19T19:00:19","date_gmt":"2026-03-19T19:00:19","guid":{"rendered":"https:\/\/soydeaqui.ddns.net\/pachuca\/index.php\/producto\/transmisor-optico-de-2-salidas-de-9db-con-doble-fuente-de-poder\/"},"modified":"2026-03-19T19:00:27","modified_gmt":"2026-03-19T19:00:27","slug":"transmisor-optico-de-2-salidas-de-9db-con-doble-fuente-de-poder","status":"publish","type":"product","link":"https:\/\/soydeaqui.ddns.net\/pachuca\/index.php\/producto\/transmisor-optico-de-2-salidas-de-9db-con-doble-fuente-de-poder\/","title":{"rendered":"Transmisor \u00d3ptico de 2 salidas de 9dB con doble fuente de poder"},"content":{"rendered":"<div style='width: 100%; max-width: 1200px; margin: 0 auto; font-family: sans-serif; line-height: 1.6; color: inherit; background-color: transparent;'>\n<div style='display: flex; flex-wrap: wrap; gap: 30px; margin-bottom: 30px;'>\n<div style='flex: 1 1 300px; min-width: 280px;'>\n<h3 style='font-size: 22px; border-bottom: 2px solid currentColor; padding-bottom: 5px; margin-top: 0; color: inherit; opacity: 0.8;'>Caracter\u00edsticas<\/h3>\n<ul style='padding-left: 20px; font-size: 15px; color: inherit;'>\n<li style='margin-bottom: 5px;'>El V8810TE es un transmisor \u00f3ptico de 1550 nm con modulaci\u00f3n externa que cumple con los est\u00e1ndares t\u00e9cnicos internacionales actuales de la industria.<\/li>\n<li style='margin-bottom: 5px;'>Dise\u00f1ado para transmisi\u00f3n de larga distancia y cobertura de red local&comma; se utiliza ampliamente en modulaci\u00f3n \u00f3ptica&comma; inserci\u00f3n \u00f3ptica&comma; multiplexaci\u00f3n por divisi\u00f3n de longitud de onda (WDM)&comma; as\u00ed como en la actualizaci\u00f3n y expansi\u00f3n de redes de sistemas de transmisi\u00f3n \u00f3ptica de tama\u00f1o grande y mediano.<\/li>\n<\/ul><\/div>\n<\/p><\/div>\n<\/p><\/div>\n","protected":false},"excerpt":{"rendered":"<p>Transmisor \u00d3ptico de 2 salidas de 9dB con doble fuente de poder<\/p>\n","protected":false},"featured_media":81811,"comment_status":"open","ping_status":"closed","template":"","meta":[],"product_brand":[],"product_cat":[2157],"product_tag":[2158,2011,2013],"class_list":{"0":"post-81812","1":"product","2":"type-product","3":"status-publish","4":"has-post-thumbnail","6":"product_cat-catv","7":"product_tag-catv","8":"product_tag-redes-ftth-pon","9":"product_tag-v-sol","11":"first","12":"instock","13":"sale","14":"shipping-taxable","15":"purchasable","16":"product-type-simple"},"_links":{"self":[{"href":"https:\/\/soydeaqui.ddns.net\/pachuca\/index.php\/wp-json\/wp\/v2\/product\/81812","targetHints":{"allow":["GET"]}}],"collection":[{"href":"https:\/\/soydeaqui.ddns.net\/pachuca\/index.php\/wp-json\/wp\/v2\/product"}],"about":[{"href":"https:\/\/soydeaqui.ddns.net\/pachuca\/index.php\/wp-json\/wp\/v2\/types\/product"}],"replies":[{"embeddable":true,"href":"https:\/\/soydeaqui.ddns.net\/pachuca\/index.php\/wp-json\/wp\/v2\/comments?post=81812"}],"wp:featuredmedia":[{"embeddable":true,"href":"https:\/\/soydeaqui.ddns.net\/pachuca\/index.php\/wp-json\/wp\/v2\/media\/81811"}],"wp:attachment":[{"href":"https:\/\/soydeaqui.ddns.net\/pachuca\/index.php\/wp-json\/wp\/v2\/media?parent=81812"}],"wp:term":[{"taxonomy":"product_brand","embeddable":true,"href":"https:\/\/soydeaqui.ddns.net\/pachuca\/index.php\/wp-json\/wp\/v2\/product_brand?post=81812"},{"taxonomy":"product_cat","embeddable":true,"href":"https:\/\/soydeaqui.ddns.net\/pachuca\/index.php\/wp-json\/wp\/v2\/product_cat?post=81812"},{"taxonomy":"product_tag","embeddable":true,"href":"https:\/\/soydeaqui.ddns.net\/pachuca\/index.php\/wp-json\/wp\/v2\/product_tag?post=81812"}],"curies":[{"name":"wp","href":"https:\/\/api.w.org\/{rel}","templated":true}]}}