{"id":81800,"date":"2026-03-19T18:59:47","date_gmt":"2026-03-19T18:59:47","guid":{"rendered":"https:\/\/soydeaqui.ddns.net\/pachuca\/index.php\/producto\/dispositivo-de-proteccion-de-datos-synology-activeprotect-dp320-2-hdd-8-tb-raid-1-amd-r1600-2-nucleos-8-gb-ram-proteccion-ransomware-inmutabilidad-y-worm-copia-de-seguridad-y-recuperacio\/"},"modified":"2026-03-19T19:00:02","modified_gmt":"2026-03-19T19:00:02","slug":"dispositivo-de-proteccion-de-datos-synology-activeprotect-dp320-2-hdd-8-tb-raid-1-amd-r1600-2-nucleos-8-gb-ram-proteccion-ransomware-inmutabilidad-y-worm-copia-de-seguridad-y-recuperacio","status":"publish","type":"product","link":"https:\/\/soydeaqui.ddns.net\/pachuca\/index.php\/producto\/dispositivo-de-proteccion-de-datos-synology-activeprotect-dp320-2-hdd-8-tb-raid-1-amd-r1600-2-nucleos-8-gb-ram-proteccion-ransomware-inmutabilidad-y-worm-copia-de-seguridad-y-recuperacio\/","title":{"rendered":"Dispositivo de Protecci\u00f3n de Datos Synology ActiveProtect DP320 | 2 HDD 8 TB (RAID 1) | AMD R1600 2 N\u00facleos | 8 GB RAM | Protecci\u00f3n Ransomware | Inmutabilidad y WORM | Copia de Seguridad y Recuperaci\u00f3n Flexible | Compatibilidad"},"content":{"rendered":"<div style='width: 100%; max-width: 1200px; margin: 0 auto; font-family: sans-serif; line-height: 1.6; color: inherit; background-color: transparent;'>\n<div style='width: 100%; background-color: #0078d7; border-radius: 8px; padding: 15px; margin-bottom: 30px;'>\n<div style='display: flex; flex-wrap: wrap; align-items: center; gap: 20px;'>\n<div style='flex: 1 1 100px;'><img style='height: 70px; width: auto; border: 1px solid rgba(150&comma;150&comma;150&comma;0.3); border-radius: 8px;' src='https:\/\/ftp3.syscom.mx\/usuarios\/hallende\/Videos\/Synology\/Logo%20Synology.png' alt='Synology Logo'><\/div>\n<div style='flex: 3 1 300px;'>\n<h5 style='font-size: 18px; font-weight: 600; color: white; margin: 0 0 8px; padding: 0;'>Precios Especiales para tu Proyecto. \u00a1Solicita el tuyo!<\/h5>\n<p style='color: rgba(255&comma;255&comma;255&comma;0.8); margin: 0; padding: 0; font-size: 14px;'>Consigue tu cotizaci\u00f3n con descuento dando clic en Registrar mi Proyecto.<\/p>\n<\/div>\n<div style='flex: 1 1 200px;'><a style='background-color: #ffcd00; color: black; font-weight: 600; border: none; padding: 0.75rem 1.75rem; text-decoration: none; border-radius: 4px; display: inline-block;' href='https:\/\/event.synology.com\/es-mx\/proyecto' target='_blank' rel='noopener'>Registrar mi Proyecto<\/a><\/div>\n<\/div>\n<\/div>\n<div style='margin: 30px 0;'>\n<hr style='border: 0; border-top: 1px solid rgba(150&comma;150&comma;150&comma;0.3);'><\/div>\n<div style='margin-bottom: 30px;'>\n<h3 style='font-size: 22px; border-bottom: 2px solid currentColor; padding-bottom: 5px; margin-top: 0; color: inherit; opacity: 0.8;'>Expande las Posibilidades de tu Synology NAS<\/h3>\n<div style='display: flex; flex-wrap: wrap; gap: 20px; margin-top: 20px;'>\n<div style='flex: 1 1 250px; border: 1px solid rgba(150&comma; 150&comma; 150&comma; 0.4); border-radius: 8px; overflow: hidden; display: flex; flex-direction: column; background-color: rgba(240&comma;240&comma;240&comma;0.8);'>\n<div style='padding: 15px; border-bottom: 1px solid rgba(150&comma; 150&comma; 150&comma; 0.2); font-weight: bold; font-size: 18px; color: #f25c05; background-color: #0d0d0d;'>HDD y SSD Compatibles<\/div>\n<div style='padding: 15px; color: inherit; flex: 1 1 auto;'>\n<p style='margin-bottom: 15px; font-size: 14px;'>Verifica f\u00e1cilmente qu\u00e9 unidades HDD y SSD son compatibles con tu modelo para un rendimiento y confiabilidad \u00f3ptimos.<\/p>\n<div style='display: flex; gap: 10px; margin-top: auto; padding-top: 15px; border-top: 1px solid rgba(150&comma;150&comma;150&comma;0.2);'><a style='background-color: #0d0d0d; color: white; padding: 8px 16px; text-decoration: none; border-radius: 4px; font-size: 14px;' href='https:\/\/www.synology.com\/es-mx\/compatibility' target='_blank'>Ver Compatibilidad<\/a><a style='background-color: #bfbfbf; color: white; padding: 8px 16px; text-decoration: none; border-radius: 4px; font-size: 14px;' href='https:\/\/www.youtube.com\/watch?v=2SU-j5uCxUQ&#038;t=1s' target='_blank'>Gu\u00eda de Uso<\/a><\/div>\n<\/div>\n<\/div>\n<\/div>\n<div style='flex: 1 1 250px; border: 1px solid rgba(150&comma; 150&comma; 150&comma; 0.4); border-radius: 8px; overflow: hidden; display: flex; flex-direction: column; background-color: rgba(240&comma;240&comma;240&comma;0.8);'>\n<div style='padding: 15px; border-bottom: 1px solid rgba(150&comma; 150&comma; 150&comma; 0.2); font-weight: bold; font-size: 18px; color: #f25c05; background-color: #0d0d0d;'>Accesorios Compatibles<\/div>\n<div style='padding: 15px; color: inherit; flex: 1 1 auto;'>\n<p style='margin-bottom: 15px; font-size: 14px;'>Descubre los accesorios oficiales dise\u00f1ados para optimizar el rendimiento y funcionalidad de tu NAS.<\/p>\n<div style='display: flex; gap: 10px; margin-top: auto; padding-top: 15px; border-top: 1px solid rgba(150&comma;150&comma;150&comma;0.2);'><a style='background-color: #0d0d0d; color: white; padding: 8px 16px; text-decoration: none; border-radius: 4px; font-size: 14px;' href='https:\/\/www.synology.com\/es-mx\/compatibility' target='_blank'>Ver Accesorios<\/a><a style='background-color: #bfbfbf; color: white; padding: 8px 16px; text-decoration: none; border-radius: 4px; font-size: 14px;' href='https:\/\/www.youtube.com\/watch?v=btI3QR9oW3Q&#038;t=1s' target='_blank'>Gu\u00eda de Uso<\/a><\/div>\n<\/div>\n<\/div>\n<\/div>\n<div style='flex: 1 1 250px; border: 1px solid rgba(150&comma; 150&comma; 150&comma; 0.4); border-radius: 8px; overflow: hidden; display: flex; flex-direction: column; background-color: rgba(240&comma;240&comma;240&comma;0.8);'>\n<div style='padding: 15px; border-bottom: 1px solid rgba(150&comma; 150&comma; 150&comma; 0.2); font-weight: bold; font-size: 18px; color: #f25c05; background-color: #0d0d0d;'>Calculadora RAID<\/div>\n<div style='padding: 15px; color: inherit; flex: 1 1 auto;'>\n<p style='margin-bottom: 15px; font-size: 14px;'>Calcula la capacidad \u00fatil y encuentra la configuraci\u00f3n RAID m\u00e1s eficiente y segura para tus necesidades.<\/p>\n<div style='display: flex; gap: 10px; margin-top: auto; padding-top: 15px; border-top: 1px solid rgba(150&comma;150&comma;150&comma;0.2);'><a style='background-color: #0d0d0d; color: white; padding: 8px 16px; text-decoration: none; border-radius: 4px; font-size: 14px;' href='https:\/\/www.synology.com\/es-mx\/support\/RAID_calculator' target='_blank'>Ver Calculadora<\/a><a style='background-color: #bfbfbf; color: white; padding: 8px 16px; text-decoration: none; border-radius: 4px; font-size: 14px;' href='https:\/\/www.youtube.com\/watch?v=NnnlUfMRR2U' target='_blank'>Gu\u00eda de Uso<\/a><\/div>\n<\/div>\n<\/div>\n<\/div>\n<\/div>\n<\/div>\n<div style='margin: 30px 0;'>\n<hr style='border: 0; border-top: 1px solid rgba(150&comma;150&comma;150&comma;0.3);'><\/div>\n<div style='margin-bottom: 30px;'>\n<h3 style='font-size: 22px; border-bottom: 2px solid currentColor; padding-bottom: 5px; margin-top: 0; color: inherit; opacity: 0.8;'>Descripci\u00f3n<\/h3>\n<p style='font-size: 15px; margin-top: 15px;'>El dispositivo Synology ActiveProtect DP320 es una soluci\u00f3n de protecci\u00f3n de datos ciberresiliente dise\u00f1ada para terminales peque\u00f1as y medianas. Preconfigurado con hardware optimizado y el sistema operativo ActiveProtect Manager&comma; ofrece copias de seguridad&comma; restauraci\u00f3n&comma; deduplicaci\u00f3n&comma; replicaci\u00f3n y gesti\u00f3n de datos con m\u00e1xima seguridad. Ideal para proteger m\u00e1quinas virtuales&comma; servidores f\u00edsicos&comma; bases de datos y servicios SaaS&comma; el DP320 integra cargas de trabajo actuales y futuras en una plataforma centralizada&comma; garantizando protecci\u00f3n contra ransomware y cumplimiento de SLA.<\/p>\n<\/div>\n<div style='margin-bottom: 30px;'>\n<h3 style='font-size: 22px; border-bottom: 2px solid currentColor; padding-bottom: 5px; margin-top: 0; color: inherit; opacity: 0.8;'>Caracter\u00edsticas Principales<\/h3>\n<ul style='padding-left: 20px; margin-top: 15px; font-size: 15px; list-style-type: disc; color: inherit;'>\n<li style='margin-bottom: 5px;'>Implementaci\u00f3n r\u00e1pida con configuraci\u00f3n autom\u00e1tica de RAID y partici\u00f3n de discos.<\/li>\n<li style='margin-bottom: 5px;'>Protecci\u00f3n de cargas de trabajo: VMware vSphere&comma; Microsoft Hyper-V&comma; Windows&comma; macOS&comma; Linux&comma; NetApp ONTAP&comma; Nutanix Files&comma; Microsoft 365&comma; Oracle Database&comma; Microsoft SQL Server.<\/li>\n<li style='margin-bottom: 5px;'>Copia de seguridad fiable con verificaci\u00f3n autom\u00e1tica y recuperaci\u00f3n flexible (P2V\/V2V).<\/li>\n<li style='margin-bottom: 5px;'>Defensa contra ransomware con inmutabilidad&comma; almacenamiento WORM y cifrado de datos.<\/li>\n<li style='margin-bottom: 5px;'>Deduplicaci\u00f3n global en origen para optimizaci\u00f3n de espacio y ancho de banda.<\/li>\n<li style='margin-bottom: 5px;'>Gesti\u00f3n centralizada de hasta 2500 servidores en cl\u00faster.<\/li>\n<li style='margin-bottom: 5px;'>Seguridad mejorada con autenticaci\u00f3n MFA&comma; firewall personalizable y aislamiento de red.<\/li>\n<\/ul>\n<\/div>\n<div style='margin-bottom: 30px;'>\n<h3 style='font-size: 22px; border-bottom: 2px solid currentColor; padding-bottom: 5px; margin-top: 0; color: inherit; opacity: 0.8;'>Detalles T\u00e9cnicos<\/h3>\n<div style='display: flex; flex-wrap: wrap; gap: 20px; margin-top: 20px;'>\n<div style='flex: 1 1 250px; border: 1px solid rgba(150&comma; 150&comma; 150&comma; 0.4); border-radius: 8px; overflow: hidden; display: flex; flex-direction: column; background-color: rgba(240&comma;240&comma;240&comma;0.8);'>\n<div style='padding: 15px; border-bottom: 1px solid rgba(150&comma; 150&comma; 150&comma; 0.2); font-weight: bold; font-size: 18px; color: inherit;'>Especificaciones<\/div>\n<div style='padding: 15px; color: inherit;'>\n<ul style='padding-left: 20px; margin: 0; font-size: 14px; list-style-type: disc;'>\n<li style='margin-bottom: 5px;'>CPU: AMD R1600 (2 n\u00facleos).<\/li>\n<li style='margin-bottom: 5px;'>Memoria: 8 GB.<\/li>\n<li style='margin-bottom: 5px;'>Almacenamiento: 2 HDD de 8 TB (RAID 1).<\/li>\n<li style='margin-bottom: 5px;'>Dimensiones: 166 x 106 x 223 mm.<\/li>\n<li style='margin-bottom: 5px;'>Peso: 2&comma;9 kg.<\/li>\n<li style='margin-bottom: 5px;'>Temperatura operativa: 0\u00b0C a 45\u00b0C (32\u00b0F a 104\u00b0F).<\/li>\n<li style='margin-bottom: 5px;'>Humedad operativa: 8% a 80% HR.<\/li>\n<\/ul>\n<\/div>\n<\/div>\n<\/div>\n<div style='flex: 1 1 250px; border: 1px solid rgba(150&comma; 150&comma; 150&comma; 0.4); border-radius: 8px; overflow: hidden; display: flex; flex-direction: column; background-color: rgba(240&comma;240&comma;240&comma;0.8);'>\n<div style='padding: 15px; border-bottom: 1px solid rgba(150&comma;150&comma;150&comma;0.2); font-weight: bold; font-size: 18px; color: inherit;'>Interfaces y Conectividad<\/div>\n<div style='padding: 15px; color: inherit;'>\n<ul style='padding-left: 20px; margin: 0; font-size: 14px; list-style-type: disc;'>\n<li style='margin-bottom: 5px;'>1 puerto RJ-45 de 1 GbE (gesti\u00f3n).<\/li>\n<li style='margin-bottom: 5px;'>1 puerto RJ-45 de 1 GbE (transferencia de datos).<\/li>\n<li style='margin-bottom: 5px;'>2 puertos USB 3.2 de 1.\u00aa generaci\u00f3n.<\/li>\n<li style='margin-bottom: 5px;'>Puerto de gesti\u00f3n aislado.<\/li>\n<\/ul>\n<\/div>\n<\/div>\n<\/div>\n<\/div>\n<\/div>\n<div style='margin-bottom: 30px;'>\n<h3 style='font-size: 22px; border-bottom: 2px solid currentColor; padding-bottom: 5px; margin-top: 0; color: inherit; opacity: 0.8;'>Aplicaciones y Casos de Uso<\/h3>\n<div style='display: flex; flex-wrap: wrap; gap: 20px; margin-top: 20px;'>\n<div style='flex: 1 1 250px; border: 1px solid rgba(150&comma; 150&comma; 150&comma; 0.4); border-radius: 8px; overflow: hidden; display: flex; flex-direction: column; background-color: rgba(240&comma;240&comma;240&comma;0.8);'>\n<div style='padding: 15px; font-weight: bold; font-size: 16px; color: inherit; border-bottom: 1px solid rgba(150&comma;150&comma;150&comma;0.2);'>Protecci\u00f3n de Datos Empresariales<\/div>\n<div style='padding: 15px; color: inherit;'>\n<p style='margin: 0; font-size: 14px;'>Ideal para empresas que necesitan proteger m\u00e1quinas virtuales&comma; servidores f\u00edsicos y bases de datos cr\u00edticas.<\/p>\n<\/div>\n<\/div>\n<div style='flex: 1 1 250px; border: 1px solid rgba(150&comma; 150&comma; 150&comma; 0.4); border-radius: 8px; overflow: hidden; display: flex; flex-direction: column; background-color: rgba(240&comma;240&comma;240&comma;0.8);'>\n<div style='padding: 15px; font-weight: bold; font-size: 16px; color: inherit; border-bottom: 1px solid rgba(150&comma;150&comma;150&comma;0.2);'>Recuperaci\u00f3n ante Desastres<\/div>\n<div style='padding: 15px; color: inherit;'>\n<p style='margin: 0; font-size: 14px;'>Simulacros de recuperaci\u00f3n en entornos aislados y restauraci\u00f3n flexible para cumplir con RTO.<\/p>\n<\/div>\n<\/div>\n<div style='flex: 1 1 250px; border: 1px solid rgba(150&comma; 150&comma; 150&comma; 0.4); border-radius: 8px; overflow: hidden; display: flex; flex-direction: column; background-color: rgba(240&comma;240&comma;240&comma;0.8);'>\n<div style='padding: 15px; font-weight: bold; font-size: 16px; color: inherit; border-bottom: 1px solid rgba(150&comma;150&comma;150&comma;0.2);'>Defensa contra Ransomware<\/div>\n<div style='padding: 15px; color: inherit;'>\n<p style='margin: 0; font-size: 14px;'>Protecci\u00f3n avanzada con inmutabilidad&comma; WORM y cifrado para prevenir ataques de ransomware.<\/p>\n<\/div>\n<\/div>\n<\/div>\n<\/div>\n<div style='margin: 30px 0;'>\n<hr style='border: 0; border-top: 1px solid rgba(150&comma;150&comma;150&comma;0.3);'><\/div>\n<div style='width: 100%; background-color: rgba(240&comma;240&comma;240&comma;0.8); border-radius: 8px; padding: 30px; text-align: center;'>\n<h2 style='font-size: 24px; font-weight: 600; color: inherit; margin: 0 0 15px;'>\u00bfListo para Optimizar tu Synology NAS?<\/h2>\n<p style='font-size: 16px; color: inherit; margin: 0 0 25px;'>Conoce toda nuestra l\u00ednea de productos y accesorios compatibles para potenciar tu equipo<\/p>\n<p><a style='background-color: #f25c05; color: white; font-weight: 600; border: none; padding: 0.75rem 2rem; text-decoration: none; border-radius: 4px; display: inline-block;' href='https:\/\/ftp3.syscom.mx\/usuarios\/hallende\/Videos\/Sitio%20en%20construccion.jpg' target='_blank' rel='noopener'><strong>Descubrir Productos<\/strong><\/a><\/div>\n<\/div>\n<\/div>\n","protected":false},"excerpt":{"rendered":"<p>Dispositivo de Protecci\u00f3n de Datos Synology ActiveProtect DP320 | 2 HDD 8 TB (RAID 1) | AMD R1600 2 N\u00facleos | 8 GB RAM | Protecci\u00f3n Ransomware | Inmutabilidad y WORM | Copia de Seguridad y Recuperaci\u00f3n Flexible | Compatibilidad<\/p>\n","protected":false},"featured_media":81799,"comment_status":"open","ping_status":"closed","template":"","meta":[],"product_brand":[],"product_cat":[2067],"product_tag":[1974,2068,1976],"class_list":{"0":"post-81800","1":"product","2":"type-product","3":"status-publish","4":"has-post-thumbnail","6":"product_cat-servidores-nas","7":"product_tag-almacenamiento","8":"product_tag-servidores-nas","9":"product_tag-synology","11":"first","12":"outofstock","13":"sale","14":"shipping-taxable","15":"purchasable","16":"product-type-simple"},"_links":{"self":[{"href":"https:\/\/soydeaqui.ddns.net\/pachuca\/index.php\/wp-json\/wp\/v2\/product\/81800","targetHints":{"allow":["GET"]}}],"collection":[{"href":"https:\/\/soydeaqui.ddns.net\/pachuca\/index.php\/wp-json\/wp\/v2\/product"}],"about":[{"href":"https:\/\/soydeaqui.ddns.net\/pachuca\/index.php\/wp-json\/wp\/v2\/types\/product"}],"replies":[{"embeddable":true,"href":"https:\/\/soydeaqui.ddns.net\/pachuca\/index.php\/wp-json\/wp\/v2\/comments?post=81800"}],"wp:featuredmedia":[{"embeddable":true,"href":"https:\/\/soydeaqui.ddns.net\/pachuca\/index.php\/wp-json\/wp\/v2\/media\/81799"}],"wp:attachment":[{"href":"https:\/\/soydeaqui.ddns.net\/pachuca\/index.php\/wp-json\/wp\/v2\/media?parent=81800"}],"wp:term":[{"taxonomy":"product_brand","embeddable":true,"href":"https:\/\/soydeaqui.ddns.net\/pachuca\/index.php\/wp-json\/wp\/v2\/product_brand?post=81800"},{"taxonomy":"product_cat","embeddable":true,"href":"https:\/\/soydeaqui.ddns.net\/pachuca\/index.php\/wp-json\/wp\/v2\/product_cat?post=81800"},{"taxonomy":"product_tag","embeddable":true,"href":"https:\/\/soydeaqui.ddns.net\/pachuca\/index.php\/wp-json\/wp\/v2\/product_tag?post=81800"}],"curies":[{"name":"wp","href":"https:\/\/api.w.org\/{rel}","templated":true}]}}