{"id":81798,"date":"2026-03-19T18:59:43","date_gmt":"2026-03-19T18:59:43","guid":{"rendered":"https:\/\/soydeaqui.ddns.net\/pachuca\/index.php\/producto\/certificacion-profesional-grandstream-de-ciber-seguridad-serie-gcc60xx\/"},"modified":"2026-03-19T18:59:44","modified_gmt":"2026-03-19T18:59:44","slug":"certificacion-profesional-grandstream-de-ciber-seguridad-serie-gcc60xx","status":"publish","type":"product","link":"https:\/\/soydeaqui.ddns.net\/pachuca\/index.php\/producto\/certificacion-profesional-grandstream-de-ciber-seguridad-serie-gcc60xx\/","title":{"rendered":"Certificaci\u00f3n Profesional Grandstream de Ciber Seguridad Serie GCC60XX"},"content":{"rendered":"<div style='width: 100%; max-width: 1200px; margin: 0 auto; font-family: sans-serif; line-height: 1.6; color: inherit; background-color: transparent;'>\n<div style='display: flex; flex-wrap: wrap; gap: 30px; margin-bottom: 30px;'>\n<div style='flex: 1 1 300px; min-width: 280px;'>\n<h3 style='font-size: 22px; border-bottom: 2px solid currentColor; padding-bottom: 5px; margin-top: 0; color: inherit; opacity: 0.8;'>Descripci\u00f3n<\/h3>\n<p style='font-size: 15px; color: inherit; text-align: justify;'>Certificaci\u00f3n presencial de entrenamiento de las soluciones de seguridad de la serie GCC60XX de Grandstream&comma; este curso tiene como prop\u00f3sito brindar el conocimiento necesario para la implementaci\u00f3n de un esquema de seguridad global en la red para evitar diversos tipos de ataques&comma; virus&comma; malwares&comma; entre otros temas de seguridad adem\u00e1s de administrar y gestionar accesos a p\u00e1ginas webs y aplicaciones.<\/p>\n<\/p><\/div>\n<\/p><\/div>\n<div style='display: flex; flex-wrap: wrap; gap: 30px; margin-bottom: 30px;'>\n<div style='flex: 1 1 300px; min-width: 280px;'>\n<h3 style='font-size: 22px; border-bottom: 2px solid currentColor; padding-bottom: 5px; margin-top: 0; color: inherit; opacity: 0.8;'>A qui\u00e9n va dirigido:<\/h3>\n<p style='font-size: 15px; color: inherit; text-align: justify;'>Integradores de redes&comma; redes VoIP&comma; redes inal\u00e1mbricas&comma; CCTV&comma; WISP y administradores de sistemas que deseen ofrecer una soluci\u00f3n completa de seguridad a las redes gestionadas por ellos donde podr\u00e1n mitigar las amenazas de seguridad m\u00e1s comunes y complejas de la red realizando una configuraci\u00f3n integral enfocada al acceso de servicios en base a sus necesidades.<\/p>\n<ul style='padding-left: 20px; font-size: 15px; color: inherit;'>\n<li><strong>Modalidad:<\/strong> Presencial (100% Pr\u00e1ctico)<\/li>\n<li><strong>Duraci\u00f3n:<\/strong> 1 d\u00eda<\/li>\n<li><strong>Horario:<\/strong> 9:00 Hrs a 18 Hrs<\/li>\n<\/ul><\/div>\n<\/p><\/div>\n<div style='display: flex; flex-wrap: wrap; gap: 30px; margin-bottom: 30px;'>\n<div style='flex: 1 1 300px; min-width: 280px;'>\n<h3 style='font-size: 22px; border-bottom: 2px solid currentColor; padding-bottom: 5px; margin-top: 0; color: inherit; opacity: 0.8;'>Requisitos<\/h3>\n<ul style='padding-left: 20px; font-size: 15px; color: inherit;'>\n<li>1 GCC6010<\/li>\n<li>Computadora con puerto de red Ethernet y tarjeta inal\u00e1mbrica Wi-Fi.<\/li>\n<li>Eicar test malware para antimalware (website: eicar.org\/download-anti-malware-testfile)<\/li>\n<li>HTTP Server&comma; Ex: HFS&comma; (Website: rejetto.com\/hfs)<\/li>\n<li>Distribuci\u00f3n Kali Linux (VM)&comma; puedes descargar una imagen aqui: kali.org\/get-kali\/#kali-virtual-machines<\/li>\n<ul style='padding-left: 20px; font-size: 15px; color: inherit; list-style-type: circle;'>\n<li>Hping3<\/li>\n<li>Nmap<\/li>\n<\/ul>\n<li>Descargar herramientas:<\/li>\n<li>Cables de red para todos los equipos anteriormente mencionados<\/li>\n<li>Tomas de energ\u00eda para todos los equipos antes mencionados<\/li>\n<\/ul><\/div>\n<\/p><\/div>\n<div style='display: flex; flex-wrap: wrap; gap: 30px; margin-bottom: 30px;'>\n<div style='flex: 1 1 300px; min-width: 280px;'>\n<h3 style='font-size: 22px; border-bottom: 2px solid currentColor; padding-bottom: 5px; margin-top: 0; color: inherit; opacity: 0.8;'>Informaci\u00f3n Importante<\/h3>\n<ul style='padding-left: 20px; font-size: 15px; color: inherit;'>\n<li><strong>IMPORTANTE:<\/strong> Los participantes deben contar con el nivel GCS GWN Aprobado&comma; para aplicar a la certificaci\u00f3n Profesional.<\/li>\n<\/ul>\n<p style='font-size: 15px; color: inherit;'>Con el link a continuaci\u00f3n&comma; los participantes tienen una oportunidad por semana de presentar el examen del nivel GCS GWN desde el siguiente enlace:<\/p>\n<p style='font-size: 15px; color: inherit;'><a href='https:\/\/academy.grandstream.com\/s\/latam-gcs-networking-training' style='color: inherit; text-decoration: underline;'>https:\/\/academy.grandstream.com\/s\/latam-gcs-networking-training<\/a><\/p>\n<\/p><\/div>\n<\/p><\/div>\n<div style='display: flex; flex-wrap: wrap; gap: 30px; margin-bottom: 30px;'>\n<div style='flex: 1 1 300px; min-width: 280px;'>\n<h3 style='font-size: 22px; border-bottom: 2px solid currentColor; padding-bottom: 5px; margin-top: 0; color: inherit; opacity: 0.8;'>Temario<\/h3>\n<ul style='padding-left: 20px; font-size: 15px; color: inherit;'>\n<li>Fundamentos de Seguridad en Redes y Comunicaciones<\/li>\n<li>Pol\u00edticas de Cortafuegos y Gesti\u00f3n de Acceso<\/li>\n<li>Seguridad en Protocolos de Comunicaciones SSL\/TLS<\/li>\n<li>Control de Contenido y Protecci\u00f3n contra Amenazas<\/li>\n<li>Defensas Avanzadas contra Amenazas Cibern\u00e9ticas<\/li>\n<li>Anti-Malware y Protecci\u00f3n contra Software Malicioso<\/li>\n<li>Prevenci\u00f3n de Intrusiones (IDS\/IPS)<\/li>\n<li>Mantenimiento Continuo de la Seguridad<\/li>\n<li>Gesti\u00f3n de la Seguridad a Nivel Corporativo<\/li>\n<li>Pr\u00e1cticas y Casos de Estudio en Seguridad<\/li>\n<\/ul><\/div>\n<\/p><\/div>\n<div style='display: flex; flex-wrap: wrap; gap: 30px; margin-bottom: 30px;'>\n<div style='flex: 1 1 300px; min-width: 280px;'>\n<h3 style='font-size: 22px; border-bottom: 2px solid currentColor; padding-bottom: 5px; margin-top: 0; color: inherit; opacity: 0.8;'>Esta Certificaci\u00f3n incluye:<\/h3>\n<ul style='padding-left: 20px; font-size: 15px; color: inherit;'>\n<li>1 GCC6010 (<span style='font-family: 'Helvetica Neue'; font-size: 13px;'>4 en 1: Firewall&comma; Router&comma; PBX IP&comma; Switch Gigabit de 5 Puertos (4 PoE) y 2 Puertos SFP 2.5 Gigabit<\/span>)<\/li>\n<\/ul><\/div>\n<\/p><\/div>\n<hr style='border: 0; border-top: 1px solid rgba(150&comma; 150&comma; 150&comma; 0.3); margin: 30px 0;'> <\/div>\n","protected":false},"excerpt":{"rendered":"<p>Certificaci\u00f3n Profesional Grandstream de Ciber Seguridad Serie GCC60XX<\/p>\n","protected":false},"featured_media":81797,"comment_status":"open","ping_status":"closed","template":"","meta":[],"product_brand":[],"product_cat":[2028],"product_tag":[2029,909,2004],"class_list":{"0":"post-81798","1":"product","2":"type-product","3":"status-publish","4":"has-post-thumbnail","6":"product_cat-conmutadores-ip","7":"product_tag-conmutadores-ip","8":"product_tag-grandstream","9":"product_tag-voip-telefonia-ip-videoconferencia","11":"first","12":"instock","13":"sale","14":"shipping-taxable","15":"purchasable","16":"product-type-simple"},"_links":{"self":[{"href":"https:\/\/soydeaqui.ddns.net\/pachuca\/index.php\/wp-json\/wp\/v2\/product\/81798","targetHints":{"allow":["GET"]}}],"collection":[{"href":"https:\/\/soydeaqui.ddns.net\/pachuca\/index.php\/wp-json\/wp\/v2\/product"}],"about":[{"href":"https:\/\/soydeaqui.ddns.net\/pachuca\/index.php\/wp-json\/wp\/v2\/types\/product"}],"replies":[{"embeddable":true,"href":"https:\/\/soydeaqui.ddns.net\/pachuca\/index.php\/wp-json\/wp\/v2\/comments?post=81798"}],"wp:featuredmedia":[{"embeddable":true,"href":"https:\/\/soydeaqui.ddns.net\/pachuca\/index.php\/wp-json\/wp\/v2\/media\/81797"}],"wp:attachment":[{"href":"https:\/\/soydeaqui.ddns.net\/pachuca\/index.php\/wp-json\/wp\/v2\/media?parent=81798"}],"wp:term":[{"taxonomy":"product_brand","embeddable":true,"href":"https:\/\/soydeaqui.ddns.net\/pachuca\/index.php\/wp-json\/wp\/v2\/product_brand?post=81798"},{"taxonomy":"product_cat","embeddable":true,"href":"https:\/\/soydeaqui.ddns.net\/pachuca\/index.php\/wp-json\/wp\/v2\/product_cat?post=81798"},{"taxonomy":"product_tag","embeddable":true,"href":"https:\/\/soydeaqui.ddns.net\/pachuca\/index.php\/wp-json\/wp\/v2\/product_tag?post=81798"}],"curies":[{"name":"wp","href":"https:\/\/api.w.org\/{rel}","templated":true}]}}