{"id":81781,"date":"2026-03-19T18:59:02","date_gmt":"2026-03-19T18:59:02","guid":{"rendered":"https:\/\/soydeaqui.ddns.net\/pachuca\/index.php\/producto\/onu-bridge-dual-gpon-epon-usb-portatil-1-puerto-rj45-2-5gbps-1-puerto-usb\/"},"modified":"2026-03-19T18:59:08","modified_gmt":"2026-03-19T18:59:08","slug":"onu-bridge-dual-gpon-epon-usb-portatil-1-puerto-rj45-2-5gbps-1-puerto-usb","status":"publish","type":"product","link":"https:\/\/soydeaqui.ddns.net\/pachuca\/index.php\/producto\/onu-bridge-dual-gpon-epon-usb-portatil-1-puerto-rj45-2-5gbps-1-puerto-usb\/","title":{"rendered":"ONU Bridge Dual GPON\/EPON USB Port\u00e1til \/ 1 puerto RJ45 2.5Gbps \/ 1 puerto USB"},"content":{"rendered":"<div style='width: 100%; max-width: 1200px; margin: 0 auto; font-family: sans-serif; line-height: 1.6; color: inherit; background-color: transparent;'>\n<h2 style='font-size: 24px; text-align: center; margin: 20px 0; border-bottom: 2px solid currentColor; padding-bottom: 10px; color: inherit;'>Una ONU compacta con una innovaci\u00f3n revolucionaria<\/h2>\n<p style='text-align: center; font-size: 16px; margin-bottom: 20px; color: inherit;'>V2802U | 1*XPON+1*2.5GbE+1* Tipo-C<\/p>\n<figure style='margin: 20px 0; text-align: center;'> <img style='width: 100%; height: auto; border: 1px solid rgba(150&comma;150&comma;150&comma;0.3); border-radius: 8px;' src='https:\/\/es.vsolcn.com\/wp-content\/uploads\/2024\/12\/V2802U-Detail-Pg_EN-1.jpg' alt=''> <\/figure>\n<h2 style='font-size: 24px; text-align: center; margin: 30px 0 20px; border-bottom: 2px solid currentColor; padding-bottom: 10px; color: inherit;'>1 soluci\u00f3n para afrontar 3 retos<\/h2>\n<figure style='margin: 20px 0; text-align: center;'> <img style='width: 100%; height: auto; border: 1px solid rgba(150&comma;150&comma;150&comma;0.3); border-radius: 8px;' src='https:\/\/es.vsolcn.com\/wp-content\/uploads\/2024\/12\/V2802U-Detail-Pg_EN-2.jpg' alt=''> <\/figure>\n<h2 style='font-size: 24px; text-align: center; margin: 30px 0 20px; border-bottom: 2px solid currentColor; padding-bottom: 10px; color: inherit;'>Dispositivo dos en uno<\/h2>\n<p style='text-align: center; font-size: 16px; margin-bottom: 20px; color: inherit;'>Acceso a Internet \/ Ampliaci\u00f3n de puertos<\/p>\n<figure style='margin: 20px 0; text-align: center;'> <img style='width: 100%; height: auto; border: 1px solid rgba(150&comma;150&comma;150&comma;0.3); border-radius: 8px;' src='https:\/\/es.vsolcn.com\/wp-content\/uploads\/2024\/12\/V2802U-Detail-Pg_EN-3.jpg' alt=''> <\/figure>\n<h2 style='font-size: 24px; text-align: center; margin: 30px 0 20px; border-bottom: 2px solid currentColor; padding-bottom: 10px; color: inherit;'>Puerto USB3.0 dos en uno<\/h2>\n<p style='text-align: center; font-size: 16px; margin-bottom: 20px; color: inherit;'>Fuente de alimentaci\u00f3n &#038; Acceso a Internet<\/p>\n<figure style='margin: 20px 0; text-align: center;'> <img style='width: 100%; height: auto; border: 1px solid rgba(150&comma;150&comma;150&comma;0.3); border-radius: 8px;' src='https:\/\/es.vsolcn.com\/wp-content\/uploads\/2024\/12\/V2802U-Detail-Pg_EN-4.jpg' alt=''> <\/figure>\n<h2 style='font-size: 24px; text-align: center; margin: 30px 0 20px; border-bottom: 2px solid currentColor; padding-bottom: 10px; color: inherit;'>Peque\u00f1o y port\u00e1til&comma; F\u00e1cil de llevar a cualquier parte<\/h2>\n<figure style='margin: 20px 0; text-align: center;'> <img style='width: 100%; height: auto; border: 1px solid rgba(150&comma;150&comma;150&comma;0.3); border-radius: 8px;' src='https:\/\/es.vsolcn.com\/wp-content\/uploads\/2024\/12\/V2802U-Detail-Pg_EN-5.jpg' alt=''> <\/figure>\n<h2 style='font-size: 24px; text-align: center; margin: 30px 0 20px; border-bottom: 2px solid currentColor; padding-bottom: 10px; color: inherit;'>Dise\u00f1ado cuidadosamente para ser estable&comma; Calidad fiable<\/h2>\n<figure style='margin: 20px 0; text-align: center;'> <img style='width: 100%; height: auto; border: 1px solid rgba(150&comma;150&comma;150&comma;0.3); border-radius: 8px;' src='https:\/\/es.vsolcn.com\/wp-content\/uploads\/2024\/12\/V2802U-Detail-Pg_EN-6.jpg' alt=''> <\/figure>\n<\/p><\/div>\n","protected":false},"excerpt":{"rendered":"<p>ONU Bridge Dual GPON\/EPON USB Port\u00e1til \/ 1 puerto RJ45 2.5Gbps \/ 1 puerto USB<\/p>\n","protected":false},"featured_media":81780,"comment_status":"open","ping_status":"closed","template":"","meta":[],"product_brand":[],"product_cat":[2010],"product_tag":[2012,2011,2013],"class_list":{"0":"post-81781","1":"product","2":"type-product","3":"status-publish","4":"has-post-thumbnail","6":"product_cat-onus-onts","7":"product_tag-onus-onts","8":"product_tag-redes-ftth-pon","9":"product_tag-v-sol","11":"first","12":"instock","13":"sale","14":"shipping-taxable","15":"purchasable","16":"product-type-simple"},"_links":{"self":[{"href":"https:\/\/soydeaqui.ddns.net\/pachuca\/index.php\/wp-json\/wp\/v2\/product\/81781","targetHints":{"allow":["GET"]}}],"collection":[{"href":"https:\/\/soydeaqui.ddns.net\/pachuca\/index.php\/wp-json\/wp\/v2\/product"}],"about":[{"href":"https:\/\/soydeaqui.ddns.net\/pachuca\/index.php\/wp-json\/wp\/v2\/types\/product"}],"replies":[{"embeddable":true,"href":"https:\/\/soydeaqui.ddns.net\/pachuca\/index.php\/wp-json\/wp\/v2\/comments?post=81781"}],"wp:featuredmedia":[{"embeddable":true,"href":"https:\/\/soydeaqui.ddns.net\/pachuca\/index.php\/wp-json\/wp\/v2\/media\/81780"}],"wp:attachment":[{"href":"https:\/\/soydeaqui.ddns.net\/pachuca\/index.php\/wp-json\/wp\/v2\/media?parent=81781"}],"wp:term":[{"taxonomy":"product_brand","embeddable":true,"href":"https:\/\/soydeaqui.ddns.net\/pachuca\/index.php\/wp-json\/wp\/v2\/product_brand?post=81781"},{"taxonomy":"product_cat","embeddable":true,"href":"https:\/\/soydeaqui.ddns.net\/pachuca\/index.php\/wp-json\/wp\/v2\/product_cat?post=81781"},{"taxonomy":"product_tag","embeddable":true,"href":"https:\/\/soydeaqui.ddns.net\/pachuca\/index.php\/wp-json\/wp\/v2\/product_tag?post=81781"}],"curies":[{"name":"wp","href":"https:\/\/api.w.org\/{rel}","templated":true}]}}