{"id":81775,"date":"2026-03-19T18:58:48","date_gmt":"2026-03-19T18:58:48","guid":{"rendered":"https:\/\/soydeaqui.ddns.net\/pachuca\/index.php\/producto\/curso-presencial-de-configuracion-en-solucion-epmp-en-6-ghz\/"},"modified":"2026-03-19T18:58:50","modified_gmt":"2026-03-19T18:58:50","slug":"curso-presencial-de-configuracion-en-solucion-epmp-en-6-ghz","status":"publish","type":"product","link":"https:\/\/soydeaqui.ddns.net\/pachuca\/index.php\/producto\/curso-presencial-de-configuracion-en-solucion-epmp-en-6-ghz\/","title":{"rendered":"Curso Presencial de configuraci\u00f3n en Soluci\u00f3n ePMP en 6 GHz"},"content":{"rendered":"<div style='width: 100%; max-width: 1200px; margin: 0 auto; font-family: sans-serif; line-height: 1.6; color: inherit; background-color: transparent;'> <!-- Secci\u00f3n de descripci\u00f3n --> <\/p>\n<div style='margin-bottom: 30px;'>\n<h3 style='font-size: 22px; border-bottom: 2px solid currentColor; padding-bottom: 5px; margin-top: 0; color: inherit; opacity: 0.8;'>Descripci\u00f3n<\/h3>\n<p style='font-size: 15px; color: inherit; margin-top: 15px; margin-bottom: 0;'> Taller presencial en el cual se pretende dar las mejores pr\u00e1cticas para conocer la soluci\u00f3n ePMP en 6 GHz y aumentar la eficiencia en instalaci\u00f3n y configuraci\u00f3n de estas nuevas generaciones y revisar los diferentes tipos de implementaci\u00f3n ya sea en sistemas de videovigilancia o en enlaces PTP y PTMP dominando t\u00e9cnicas de gesti\u00f3n avanzada de redes con CAMBIUM NETWORKS y as\u00ed resolver problemas de forma remota para garantizar un mejor servicio. <\/p>\n<\/p><\/div>\n<p> <!-- Secci\u00f3n de objetivos --> <\/p>\n<div style='margin-bottom: 30px;'>\n<h3 style='font-size: 22px; border-bottom: 2px solid currentColor; padding-bottom: 5px; margin-top: 0; color: inherit; opacity: 0.8;'>Objetivo<\/h3>\n<p style='font-size: 15px; color: inherit; margin-top: 15px; margin-bottom: 0;'> Ampliar los conocimientos t\u00e9cnicos del personal sobre la soluci\u00f3n ePMP en 6 GHz&comma; optimizando sus habilidades para la instalaci\u00f3n&comma; configuraci\u00f3n y gesti\u00f3n de redes Cambium Networks&comma; y garantizando as\u00ed la prestaci\u00f3n de servicios de alta calidad y eficiencia. <\/p>\n<ul style='padding-left: 20px; margin-top: 15px; font-size: 15px; list-style-type: disc; color: inherit;'>\n<li style='margin-bottom: 8px;'><strong>Dominar<\/strong> las mejores pr\u00e1cticas para la instalaci\u00f3n y configuraci\u00f3n de equipos ePMP en 6 GHz en diferentes escenarios (videovigilancia&comma; enlaces PTP y PTMP).<\/li>\n<li style='margin-bottom: 8px;'><strong>Identificar<\/strong> los componentes clave de la soluci\u00f3n y sus funciones.<\/li>\n<li style='margin-bottom: 8px;'><strong>Optimizar<\/strong> el rendimiento de las redes ePMP mediante la configuraci\u00f3n de par\u00e1metros avanzados.<\/li>\n<li style='margin-bottom: 8px;'><strong>Resolver<\/strong> de forma eficiente los problemas comunes que surgen durante la implementaci\u00f3n y operaci\u00f3n de los equipos.<\/li>\n<\/ul><\/div>\n<p> <!-- Secci\u00f3n de a qui\u00e9n va dirigido --> <\/p>\n<div style='margin-bottom: 30px;'>\n<h3 style='font-size: 22px; border-bottom: 2px solid currentColor; padding-bottom: 5px; margin-top: 0; color: inherit; opacity: 0.8;'>A qui\u00e9n est\u00e1 dirigido<\/h3>\n<p style='font-size: 15px; color: inherit; margin-top: 15px; margin-bottom: 0;'> A cualquier persona que tenga alguna experiencia b\u00e1sica en Redes e implemente sistemas de enlaces inal\u00e1mbricos&comma; desde c\u00f3mo se realizar mejores pr\u00e1cticas y resoluci\u00f3n de problemas de manera m\u00e1s eficiente. <\/p>\n<\/p><\/div>\n<p> <!-- Secci\u00f3n de temario --> <\/p>\n<div style='margin-bottom: 30px;'>\n<h3 style='font-size: 22px; border-bottom: 2px solid currentColor; padding-bottom: 5px; margin-top: 0; color: inherit; opacity: 0.8;'>Temario<\/h3>\n<div style='margin-top: 20px;'>\n<h4 style='font-size: 18px; color: inherit; margin-top: 15px; margin-bottom: 10px;'>M\u00f3dulo 1: Introducci\u00f3n a ePMP 4ta Generaci\u00f3n y la Banda de 6 GHz<\/h4>\n<ul style='padding-left: 20px; margin-top: 10px; font-size: 15px; list-style-type: disc; color: inherit;'>\n<li style='margin-bottom: 8px;'>Presentaci\u00f3n de la familia ePMP 4000: Caracter\u00edsticas clave&comma; ventajas y aplicaciones t\u00edpicas.<\/li>\n<li style='margin-bottom: 8px;'>La banda de 6 GHz: Beneficios&comma; desaf\u00edos y regulaciones.<\/li>\n<li style='margin-bottom: 8px;'>Comparativa con tecnolog\u00edas anteriores: Evoluci\u00f3n de ePMP y mejoras en la 4ta generaci\u00f3n.<\/li>\n<\/ul><\/div>\n<div style='margin-top: 20px;'>\n<h4 style='font-size: 18px; color: inherit; margin-top: 15px; margin-bottom: 10px;'>M\u00f3dulo 2: Planificaci\u00f3n y Dise\u00f1o de Redes ePMP<\/h4>\n<ul style='padding-left: 20px; margin-top: 10px; font-size: 15px; list-style-type: disc; color: inherit;'>\n<li style='margin-bottom: 8px;'>Herramientas de planificaci\u00f3n en l\u00ednea: Uso detallado de <a href='https:\/\/lp.cambiumnetworks.com\/' style='color: inherit; text-decoration: underline;' target='_blank'>https:\/\/lp.cambiumnetworks.com\/<\/a> para c\u00e1lculo de perfiles de l\u00ednea de vista y disponibilidad.<\/li>\n<li style='margin-bottom: 8px;'>Consideraciones de dise\u00f1o: Selecci\u00f3n de equipos&comma; dimensionamiento de la red&comma; interferencias y mitigaci\u00f3n.<\/li>\n<li style='margin-bottom: 8px;'>Mejores pr\u00e1cticas para una planificaci\u00f3n exitosa: Casos de uso y ejemplos pr\u00e1cticos.<\/li>\n<\/ul><\/div>\n<div style='margin-top: 20px;'>\n<h4 style='font-size: 18px; color: inherit; margin-top: 15px; margin-bottom: 10px;'>M\u00f3dulo 3: Instalaci\u00f3n y Configuraci\u00f3n B\u00e1sica<\/h4>\n<ul style='padding-left: 20px; margin-top: 10px; font-size: 15px; list-style-type: disc; color: inherit;'>\n<li style='margin-bottom: 8px;'>Instalaci\u00f3n f\u00edsica de los equipos: Montaje&comma; alineaci\u00f3n y conexi\u00f3n.<\/li>\n<li style='margin-bottom: 8px;'>Actualizaci\u00f3n de software: Procedimientos seguros y recomendaciones.<\/li>\n<li style='margin-bottom: 8px;'>Restablecimiento de f\u00e1brica: Configuraci\u00f3n inicial de los equipos.<\/li>\n<li style='margin-bottom: 8px;'>Configuraci\u00f3n b\u00e1sica de radio: SSID&comma; canales&comma; seguridad&comma; etc.<\/li>\n<\/ul><\/div>\n<div style='margin-top: 20px;'>\n<h4 style='font-size: 18px; color: inherit; margin-top: 15px; margin-bottom: 10px;'>M\u00f3dulo 4: Configuraci\u00f3n Avanzada<\/h4>\n<ul style='padding-left: 20px; margin-top: 10px; font-size: 15px; list-style-type: disc; color: inherit;'>\n<li style='margin-bottom: 8px;'>Configuraci\u00f3n de red: VLANs&comma; enrutamiento&comma; DHCP.<\/li>\n<li style='margin-bottom: 8px;'>QoS: Priorizaci\u00f3n de tr\u00e1fico&comma; garant\u00edas de servicio.<\/li>\n<li style='margin-bottom: 8px;'>Seguridad: Autenticaci\u00f3n&comma; cifrado&comma; protecci\u00f3n contra intrusiones.<\/li>\n<li style='margin-bottom: 8px;'>Configuraci\u00f3n de alarmas y notificaciones: Monitoreo proactivo de la red.<\/li>\n<\/ul><\/div>\n<div style='margin-top: 20px;'>\n<h4 style='font-size: 18px; color: inherit; margin-top: 15px; margin-bottom: 10px;'>M\u00f3dulo 5: Herramientas de Alineaci\u00f3n y Desempe\u00f1o<\/h4>\n<ul style='padding-left: 20px; margin-top: 10px; font-size: 15px; list-style-type: disc; color: inherit;'>\n<li style='margin-bottom: 8px;'>Herramientas de alineaci\u00f3n: Uso de analizadores de espectro y medidores de potencia.<\/li>\n<li style='margin-bottom: 8px;'>Monitoreo de desempe\u00f1o: KPIs clave&comma; an\u00e1lisis de tr\u00e1fico y resoluci\u00f3n de problemas.<\/li>\n<li style='margin-bottom: 8px;'>Optimizaci\u00f3n de la red: T\u00e9cnicas para mejorar la capacidad y la cobertura.<\/li>\n<\/ul><\/div>\n<div style='margin-top: 20px;'>\n<h4 style='font-size: 18px; color: inherit; margin-top: 15px; margin-bottom: 10px;'>M\u00f3dulo 6: Aplicaciones Pr\u00e1cticas y Casos de Uso<\/h4>\n<\/p><\/div>\n<\/p><\/div>\n<p> <!-- Secci\u00f3n de requisitos --> <\/p>\n<div style='margin-bottom: 30px;'>\n<h3 style='font-size: 22px; border-bottom: 2px solid currentColor; padding-bottom: 5px; margin-top: 0; color: inherit; opacity: 0.8;'>Requisitos<\/h3>\n<ul style='padding-left: 20px; margin-top: 15px; font-size: 15px; list-style-type: disc; color: inherit;'>\n<li style='margin-bottom: 8px;'>Estar registrado como integrador SYSCOM.<\/li>\n<li style='margin-bottom: 8px;'>Computadora<\/li>\n<\/ul><\/div>\n<\/p><\/div>\n","protected":false},"excerpt":{"rendered":"<p>Curso Presencial de configuraci\u00f3n en Soluci\u00f3n ePMP en 6 GHz<\/p>\n","protected":false},"featured_media":81774,"comment_status":"open","ping_status":"closed","template":"","meta":[],"product_brand":[],"product_cat":[1986],"product_tag":[1316,664,1987],"class_list":{"0":"post-81775","1":"product","2":"type-product","3":"status-publish","4":"has-post-thumbnail","6":"product_cat-switches-poe","7":"product_tag-cambium-networks","8":"product_tag-networking","9":"product_tag-switches-poe","11":"first","12":"outofstock","13":"sale","14":"shipping-taxable","15":"purchasable","16":"product-type-simple"},"_links":{"self":[{"href":"https:\/\/soydeaqui.ddns.net\/pachuca\/index.php\/wp-json\/wp\/v2\/product\/81775","targetHints":{"allow":["GET"]}}],"collection":[{"href":"https:\/\/soydeaqui.ddns.net\/pachuca\/index.php\/wp-json\/wp\/v2\/product"}],"about":[{"href":"https:\/\/soydeaqui.ddns.net\/pachuca\/index.php\/wp-json\/wp\/v2\/types\/product"}],"replies":[{"embeddable":true,"href":"https:\/\/soydeaqui.ddns.net\/pachuca\/index.php\/wp-json\/wp\/v2\/comments?post=81775"}],"wp:featuredmedia":[{"embeddable":true,"href":"https:\/\/soydeaqui.ddns.net\/pachuca\/index.php\/wp-json\/wp\/v2\/media\/81774"}],"wp:attachment":[{"href":"https:\/\/soydeaqui.ddns.net\/pachuca\/index.php\/wp-json\/wp\/v2\/media?parent=81775"}],"wp:term":[{"taxonomy":"product_brand","embeddable":true,"href":"https:\/\/soydeaqui.ddns.net\/pachuca\/index.php\/wp-json\/wp\/v2\/product_brand?post=81775"},{"taxonomy":"product_cat","embeddable":true,"href":"https:\/\/soydeaqui.ddns.net\/pachuca\/index.php\/wp-json\/wp\/v2\/product_cat?post=81775"},{"taxonomy":"product_tag","embeddable":true,"href":"https:\/\/soydeaqui.ddns.net\/pachuca\/index.php\/wp-json\/wp\/v2\/product_tag?post=81775"}],"curies":[{"name":"wp","href":"https:\/\/api.w.org\/{rel}","templated":true}]}}