{"id":81769,"date":"2026-03-19T18:58:34","date_gmt":"2026-03-19T18:58:34","guid":{"rendered":"https:\/\/soydeaqui.ddns.net\/pachuca\/index.php\/producto\/10-gigabit-layer-3-stackable-switch-24x-sfp-4x-sfp-ports-us-power-cord\/"},"modified":"2026-03-19T18:58:36","modified_gmt":"2026-03-19T18:58:36","slug":"10-gigabit-layer-3-stackable-switch-24x-sfp-4x-sfp-ports-us-power-cord","status":"publish","type":"product","link":"https:\/\/soydeaqui.ddns.net\/pachuca\/index.php\/producto\/10-gigabit-layer-3-stackable-switch-24x-sfp-4x-sfp-ports-us-power-cord\/","title":{"rendered":"10 Gigabit Layer 3 Stackable Switch, 24x SFP, 4x SFP+ ports, US Power Cord."},"content":{"rendered":"<div style='width: 100%; max-width: 1200px; margin: 0 auto; font-family: sans-serif; line-height: 1.6; color: inherit; background-color: transparent;'>\n<h1 style='font-size: 28px; margin-top: 0; margin-bottom: 0.4em; color: inherit; font-weight: 400; line-height: 1.2em;'>Serie x540L<\/h1>\n<h2 style='font-size: 22px; margin-top: 0; margin-bottom: 0.4em; color: inherit; font-weight: 500; line-height: 1.3em;'>Switch Stack de 10 gigabits<\/h2>\n<p style='font-size: 17px; margin-top: 0; margin-bottom: 1.5em; color: inherit;'>Los Switches apilables de capa 3 de 10 Gigabit de la serie x540L de Allied Telesis ofrecen una soluci\u00f3n de distribuci\u00f3n resistente y de alta velocidad. Todos los puertos admiten una velocidad de hasta 10 G&comma; lo que permite una comunicaci\u00f3n fluida para aplicaciones modernas&comma; y la conectividad multigigabit o de fibra garantiza una implementaci\u00f3n flexible.<\/p>\n<div style='display: grid; grid-template-columns: repeat(auto-fill&comma; minmax(280px&comma; 1fr)); gap: 30px; margin-bottom: 30px;'>\n<div style='border: 1px solid rgba(150&comma; 150&comma; 150&comma; 0.4); border-radius: 8px; overflow: hidden; display: flex; flex-direction: column;'>\n<div style='padding: 15px; border-bottom: 1px solid rgba(150&comma; 150&comma; 150&comma; 0.2); font-weight: bold; font-size: 18px; color: inherit; background-color: rgba(53&comma; 152&comma; 219&comma; 0.1);'>Descripci\u00f3n General<\/div>\n<div style='padding: 15px; color: inherit;'>\n<ul style='padding-left: 20px; margin: 0; font-size: 14px; list-style-type: disc;'>\n<li style='margin-bottom: 5px;'>Habilite una conmutaci\u00f3n de distribuci\u00f3n resiliente&comma; con un rendimiento superior y una gesti\u00f3n simplificada&comma; mediante el apilamiento de chasis virtual (VCStack\u2122)<\/li>\n<li style='margin-bottom: 5px;'>Disfrute de una implementaci\u00f3n flexible con velocidades de varios gigabits de enlaces ascendentes de 1\/2&comma;5\/5\/10 G y 1\/10 G (SFP\/SFP+) para maximizar el rendimiento en los modelos x540L de cobre<\/li>\n<li style='margin-bottom: 5px;'>Admite entornos distribuidos con conectividad segura de larga distancia 1\/10G (SFP\/SFP+) en modelos de fibra x540L<\/li>\n<li style='margin-bottom: 5px;'>Reduzca costos y automatice la administraci\u00f3n de redes y dispositivos con Autonomous Management Framework\u2122 Plus (AMF Plus)<\/li>\n<li style='margin-bottom: 5px;'>Evite la escucha clandestina de datos confidenciales en enlaces de fibra con la monitorizaci\u00f3n activa de fibra<\/li>\n<li style='margin-bottom: 5px;'>Admite redes resistentes basadas en anillo de alta velocidad con Ethernet Protection Switched Ring (EPSRing\u2122) y ERPS G.8032 basado en est\u00e1ndares<\/li>\n<\/ul><\/div>\n<\/p><\/div>\n<div style='border: 1px solid rgba(150&comma; 150&comma; 150&comma; 0.4); border-radius: 8px; overflow: hidden; display: flex; flex-direction: column;'>\n<div style='padding: 15px; border-bottom: 1px solid rgba(150&comma; 150&comma; 150&comma; 0.2); font-weight: bold; font-size: 18px; color: inherit; background-color: rgba(53&comma; 152&comma; 219&comma; 0.1);'>Caracter\u00edsticas principales<\/div>\n<div style='padding: 15px; color: inherit;'>\n<ul style='padding-left: 20px; margin: 0; font-size: 14px; list-style-type: disc;'>\n<li style='margin-bottom: 5px;'>Sistema operativo de clase empresarial AlliedWare Plus\u2122<\/li>\n<li style='margin-bottom: 5px;'>OpenFlow para gesti\u00f3n y control de redes SDN<\/li>\n<li style='margin-bottom: 5px;'>El protocolo de tiempo de precisi\u00f3n (IEEE 1588 PTP) admite sistemas de automatizaci\u00f3n y control.<\/li>\n<li style='margin-bottom: 5px;'>RIP&comma; OSPF&comma; BGP y enrutamiento est\u00e1tico para entornos L3<\/li>\n<li style='margin-bottom: 5px;'>Las ACL administran el acceso y el control del tr\u00e1fico en toda la red.<\/li>\n<li style='margin-bottom: 5px;'>Monitoreo de enlaces para una gesti\u00f3n proactiva del estado de la red<\/li>\n<\/ul><\/div>\n<\/p><\/div>\n<div style='border: 1px solid rgba(150&comma; 150&comma; 150&comma; 0.4); border-radius: 8px; overflow: hidden; display: flex; flex-direction: column;'>\n<div style='padding: 15px; border-bottom: 1px solid rgba(150&comma; 150&comma; 150&comma; 0.2); font-weight: bold; font-size: 18px; color: inherit; background-color: rgba(53&comma; 152&comma; 219&comma; 0.1);'>Latencia (microsegundos)<\/div>\n<div style='padding: 15px; color: inherit;'>\n<ul style='padding-left: 20px; margin: 0; font-size: 14px; list-style-type: disc;'>\n<li style='margin-bottom: 5px;'>Puertos a 1 Gbps\n<ul style='padding-left: 20px; margin-top: 5px; margin-bottom: 0;'>\n<li style='margin-bottom: 5px;'>3.59\u00b5s<\/li>\n<\/ul>\n<\/li>\n<li style='margin-bottom: 5px;'>Puertos a 10 Gbps\n<ul style='padding-left: 20px; margin-top: 5px; margin-bottom: 0;'>\n<li style='margin-bottom: 5px;'>1.60\u00b5s<\/li>\n<\/ul>\n<\/li>\n<\/ul><\/div>\n<\/p><\/div>\n<div style='border: 1px solid rgba(150&comma; 150&comma; 150&comma; 0.4); border-radius: 8px; overflow: hidden; display: flex; flex-direction: column;'>\n<div style='padding: 15px; border-bottom: 1px solid rgba(150&comma; 150&comma; 150&comma; 0.2); font-weight: bold; font-size: 18px; color: inherit; background-color: rgba(53&comma; 152&comma; 219&comma; 0.1);'>Especificaciones<\/div>\n<div style='padding: 15px; color: inherit;'>\n<ul style='padding-left: 20px; margin: 0; font-size: 14px; list-style-type: disc;'>\n<li style='margin-bottom: 5px;'>28 Puertos SFP\/SFP+ 1\/10 Gbps<\/li>\n<li style='margin-bottom: 5px;'>Switching Fabric 560Gbps<\/li>\n<li style='margin-bottom: 5px;'>Forwarding Rate 416.7Mpps<\/li>\n<li style='margin-bottom: 5px;'>Dimensiones: 440 x 290 x 44 mm<\/li>\n<li style='margin-bottom: 5px;'>Peso: 3.8 kg<\/li>\n<li style='margin-bottom: 5px;'>Montaje en rack<\/li>\n<li style='margin-bottom: 5px;'>Alimentaci\u00f3n: 90 &#8211; 264 VCA 50-60Hz<\/li>\n<li style='margin-bottom: 5px;'>Consumo: 86 W<\/li>\n<li style='margin-bottom: 5px;'>Disipaci\u00f3n maxima de calor: 293 BTU\/hora<\/li>\n<li style='margin-bottom: 5px;'>Ruido\/Noise: 39-52 dBA<\/li>\n<li style='margin-bottom: 5px;'>Temperatura de Operaci\u00f3n: 0\u00baC a 50\u00ba C<\/li>\n<\/ul><\/div>\n<\/p><\/div>\n<\/p><\/div>\n<\/p><\/div>\n","protected":false},"excerpt":{"rendered":"<p>10 Gigabit Layer 3 Stackable Switch, 24x SFP, 4x SFP+ ports, US Power Cord.<\/p>\n","protected":false},"featured_media":81768,"comment_status":"open","ping_status":"closed","template":"","meta":[],"product_brand":[],"product_cat":[1970],"product_tag":[1995,664,1971],"class_list":{"0":"post-81769","1":"product","2":"type-product","3":"status-publish","4":"has-post-thumbnail","6":"product_cat-switches","7":"product_tag-allied-telesis","8":"product_tag-networking","9":"product_tag-switches","11":"first","12":"outofstock","13":"sale","14":"shipping-taxable","15":"purchasable","16":"product-type-simple"},"_links":{"self":[{"href":"https:\/\/soydeaqui.ddns.net\/pachuca\/index.php\/wp-json\/wp\/v2\/product\/81769","targetHints":{"allow":["GET"]}}],"collection":[{"href":"https:\/\/soydeaqui.ddns.net\/pachuca\/index.php\/wp-json\/wp\/v2\/product"}],"about":[{"href":"https:\/\/soydeaqui.ddns.net\/pachuca\/index.php\/wp-json\/wp\/v2\/types\/product"}],"replies":[{"embeddable":true,"href":"https:\/\/soydeaqui.ddns.net\/pachuca\/index.php\/wp-json\/wp\/v2\/comments?post=81769"}],"wp:featuredmedia":[{"embeddable":true,"href":"https:\/\/soydeaqui.ddns.net\/pachuca\/index.php\/wp-json\/wp\/v2\/media\/81768"}],"wp:attachment":[{"href":"https:\/\/soydeaqui.ddns.net\/pachuca\/index.php\/wp-json\/wp\/v2\/media?parent=81769"}],"wp:term":[{"taxonomy":"product_brand","embeddable":true,"href":"https:\/\/soydeaqui.ddns.net\/pachuca\/index.php\/wp-json\/wp\/v2\/product_brand?post=81769"},{"taxonomy":"product_cat","embeddable":true,"href":"https:\/\/soydeaqui.ddns.net\/pachuca\/index.php\/wp-json\/wp\/v2\/product_cat?post=81769"},{"taxonomy":"product_tag","embeddable":true,"href":"https:\/\/soydeaqui.ddns.net\/pachuca\/index.php\/wp-json\/wp\/v2\/product_tag?post=81769"}],"curies":[{"name":"wp","href":"https:\/\/api.w.org\/{rel}","templated":true}]}}