{"id":81738,"date":"2026-03-19T18:57:21","date_gmt":"2026-03-19T18:57:21","guid":{"rendered":"https:\/\/soydeaqui.ddns.net\/pachuca\/index.php\/producto\/access-point-exterior-cnpilot-xv2-2t-wifi-6-802-11ax-doble-banda-seguridad-de-acceso-wpa3-politicas-de-control-de-aplicaciones-hasta-512-clientes-gestion-desde-la-nube-ip67\/"},"modified":"2026-03-19T18:57:38","modified_gmt":"2026-03-19T18:57:38","slug":"access-point-exterior-cnpilot-xv2-2t-wifi-6-802-11ax-doble-banda-seguridad-de-acceso-wpa3-politicas-de-control-de-aplicaciones-hasta-512-clientes-gestion-desde-la-nube-ip67","status":"publish","type":"product","link":"https:\/\/soydeaqui.ddns.net\/pachuca\/index.php\/producto\/access-point-exterior-cnpilot-xv2-2t-wifi-6-802-11ax-doble-banda-seguridad-de-acceso-wpa3-politicas-de-control-de-aplicaciones-hasta-512-clientes-gestion-desde-la-nube-ip67\/","title":{"rendered":"Access Point exterior cnPilot XV2-2T WiFi 6 802.11ax, doble banda, seguridad de acceso WPA3, Pol\u00edticas de control de aplicaciones, hasta 512 clientes, gesti\u00f3n desde la nube, IP67"},"content":{"rendered":"<div style='width: 100%; max-width: 1200px; margin: 0 auto; font-family: sans-serif; line-height: 1.6; color: inherit; background-color: transparent;'>\n<p> <img style='width: 100%; height: auto; border: 1px solid rgba(150&comma;150&comma;150&comma;0.3); border-radius: 8px;' src='https:\/\/ftp3.syscom.mx\/usuarios\/fotos\/XV22T0XA00RW\/200298-captura_de_pantalla_2025-08-26_a_la(s)_9.42.27 a.m..png' alt='Captura de pantalla del producto' \/> <\/p>\n<div style='width: 100%; margin-bottom: 30px;'>\n<div style='text-align: center; margin-bottom: 30px;'>\n<h1 style='font-size: 28px; color: inherit; opacity: 0.8; margin: 0;'>Especificaciones<\/h1>\n<\/p><\/div>\n<div style='display: flex; flex-wrap: wrap; gap: 30px;'> <!-- Caracter\u00edsticas Principales --> <\/p>\n<div style='flex: 1 1 300px; min-width: 280px;'>\n<div style='border: 1px solid rgba(150&comma; 150&comma; 150&comma; 0.4); border-radius: 8px; overflow: hidden; display: flex; flex-direction: column;'>\n<div style='padding: 15px; border-bottom: 1px solid rgba(150&comma; 150&comma; 150&comma; 0.2); font-weight: bold; font-size: 18px; background-color: rgba(0&comma; 0&comma; 0&comma; 0.1); color: inherit;'>Caracter\u00edsticas Principales:<\/div>\n<div style='padding: 15px; color: inherit;'>\n<ul style='padding-left: 20px; margin: 0; font-size: 14px; list-style-type: disc;'>\n<li style='margin-bottom: 5px;'>Est\u00e1ndar: Est\u00e1ndar 802.11 a\/b\/g\/n\/ac Wave 2\/ ax<\/li>\n<li style='margin-bottom: 5px;'><strong>Hasta 16 SSID\u00b4s<\/strong> (Flexibles en cualquier banda)<\/li>\n<li style='margin-bottom: 5px;'>Bandas de operaci\u00f3n: 2.4 GHz (2&#215;2) \/ 5 GHz (2&#215;2).<\/li>\n<li style='margin-bottom: 5px;'>Modos de operaci\u00f3n: <strong>Access Point o Router (NAT&comma; DHCP Server y Firewall).<\/strong><\/li>\n<li style='margin-bottom: 5px;'>Configuraci\u00f3n a trav\u00e9s de: <strong>Interfaz web<\/strong> (red local)&comma; cnMaestro <strong>Cloud Managed<\/strong> (gratuito) y <strong>cnMaestro on-premises plataforma cloud<\/strong> (remoto).<\/li>\n<li style='margin-bottom: 5px;'>Portal cautivo <strong>Hotspot desde la nube&comma; vouchers personalizables<\/strong>.<\/li>\n<li style='margin-bottom: 5px;'><strong>Limita ancho<\/strong> de banda por usuario o SSID.<\/li>\n<li style='margin-bottom: 5px;'>Puertos: 1 puerto 2.5 Gbps PoE IN 802.3at&comma; se alimenta con Switches cnMatrix o fuente de alimentaci\u00f3n PoE modelo N000000L142A no incluidos).<\/li>\n<li style='margin-bottom: 5px;'>Soporta <strong>MESH<\/strong>.<\/li>\n<li style='margin-bottom: 5px;'>Garant\u00eda: 3 a\u00f1os.<\/li>\n<\/ul><\/div>\n<\/p><\/div>\n<\/p><\/div>\n<p> <!-- Caracter\u00edsticas F\u00edsicas y El\u00e9ctricas --> <\/p>\n<div style='flex: 1 1 300px; min-width: 280px;'>\n<div style='border: 1px solid rgba(150&comma; 150&comma; 150&comma; 0.4); border-radius: 8px; overflow: hidden; display: flex; flex-direction: column;'>\n<div style='padding: 15px; border-bottom: 1px solid rgba(150&comma; 150&comma; 150&comma; 0.2); font-weight: bold; font-size: 18px; background-color: rgba(0&comma; 0&comma; 0&comma; 0.1); color: inherit;'>Caracter\u00edsticas F\u00edsicas y El\u00e9ctricas:<\/div>\n<div style='padding: 15px; color: inherit;'>\n<ul style='padding-left: 20px; margin: 0; font-size: 14px; list-style-type: disc;'>\n<li style='margin-bottom: 5px;'>Alimentaci\u00f3n: PoE 802.3at&comma; consumo M\u00e1x 15.3 Watts<\/li>\n<li style='margin-bottom: 5px;'>Dimensiones: 194 mm x 194 mm x 35 mm.<\/li>\n<li style='margin-bottom: 5px;'>Peso: 1.43 kg.<\/li>\n<li style='margin-bottom: 5px;'>Temperatura en Operaci\u00f3n: 0\u00b0C a 40\u00b0C<\/li>\n<li style='margin-bottom: 5px;'>Grado de protecci\u00f3n: IP67<\/li>\n<\/ul><\/div>\n<\/p><\/div>\n<\/p><\/div>\n<p> <!-- Caracter\u00edsticas Destacadas --> <\/p>\n<div style='flex: 1 1 300px; min-width: 280px;'>\n<div style='border: 1px solid rgba(150&comma; 150&comma; 150&comma; 0.4); border-radius: 8px; overflow: hidden; display: flex; flex-direction: column;'>\n<div style='padding: 15px; border-bottom: 1px solid rgba(150&comma; 150&comma; 150&comma; 0.2); font-weight: bold; font-size: 18px; background-color: rgba(0&comma; 0&comma; 0&comma; 0.1); color: inherit;'>Caracter\u00edsticas Destacadas:<\/div>\n<div style='padding: 15px; color: inherit;'>\n<ul style='padding-left: 20px; margin: 0; font-size: 14px; list-style-type: disc;'>\n<li style='margin-bottom: 5px;'>Ancho de banda: 2.4 GHz 574 Mbps; 5 GHz 1201 Mbps<\/li>\n<li style='margin-bottom: 5px;'>Ganancia de las Antenas: 2.4 GHz 5.3 dBi; 5 GHz 9.3 dBi<\/li>\n<li style='margin-bottom: 5px;'>Potencia de transmisi\u00f3n: 2.4 GHz 33 dBm; 5 GHz 36 dBm<\/li>\n<li style='margin-bottom: 5px;'>Clientes Soportados: Hasta 512<\/li>\n<li style='margin-bottom: 5px;'>Cobertura 2.4Ghz: 53m &#8211; 59m<\/li>\n<li style='margin-bottom: 5px;'>Cobertura 5Ghz: 35m &#8211; 39m<\/li>\n<\/ul><\/div>\n<\/p><\/div>\n<\/p><\/div>\n<\/p><\/div>\n<\/p><\/div>\n<hr style='border: 0; border-top: 1px solid rgba(150&comma; 150&comma; 150&comma; 0.3); margin: 30px 0;'>\n<div style='width: 100%; margin-bottom: 30px;'>\n<h2 style='font-size: 24px; color: inherit; margin-top: 0;'>Wi-Fi 6 dise\u00f1ado para dispositivos m\u00f3viles e IoT<\/h2>\n<p style='font-size: 15px; color: inherit;'>El XV2-2T es un Access Point Wi-Fi 6 de doble radio que ofrece redes de pr\u00f3xima generaci\u00f3n con servicios de borde a un precio competitivo. Wi-Fi 6 brinda mayor velocidad&comma; capacidad y eficiencia energ\u00e9tica para miles de dispositivos IoT.<\/p>\n<p> <!-- Videos --> <\/p>\n<div style='display: flex; flex-wrap: wrap; gap: 20px; margin-top: 20px;'>\n<div style='flex: 1 1 48%; min-width: 300px;'>\n<div style='position: relative; padding-bottom: 56.25%; height: 0; overflow: hidden;'>   <\/div>\n<\/p><\/div>\n<div style='flex: 1 1 48%; min-width: 300px;'>\n<div style='position: relative; padding-bottom: 56.25%; height: 0; overflow: hidden;'>   <\/div>\n<\/p><\/div>\n<\/p><\/div>\n<\/p><\/div>\n<\/p><\/div>\n","protected":false},"excerpt":{"rendered":"<p>Access Point exterior cnPilot XV2-2T WiFi 6 802.11ax, doble banda, seguridad de acceso WPA3, Pol\u00edticas de control de aplicaciones, hasta 512 clientes, gesti\u00f3n desde la nube, IP67<\/p>\n","protected":false},"featured_media":81737,"comment_status":"open","ping_status":"closed","template":"","meta":[],"product_brand":[],"product_cat":[1794],"product_tag":[1316,1795,1479],"class_list":{"0":"post-81738","1":"product","2":"type-product","3":"status-publish","4":"has-post-thumbnail","6":"product_cat-puntos-de-acceso","7":"product_tag-cambium-networks","8":"product_tag-puntos-de-acceso","9":"product_tag-redes-wifi","11":"first","12":"instock","13":"sale","14":"shipping-taxable","15":"purchasable","16":"product-type-simple"},"_links":{"self":[{"href":"https:\/\/soydeaqui.ddns.net\/pachuca\/index.php\/wp-json\/wp\/v2\/product\/81738","targetHints":{"allow":["GET"]}}],"collection":[{"href":"https:\/\/soydeaqui.ddns.net\/pachuca\/index.php\/wp-json\/wp\/v2\/product"}],"about":[{"href":"https:\/\/soydeaqui.ddns.net\/pachuca\/index.php\/wp-json\/wp\/v2\/types\/product"}],"replies":[{"embeddable":true,"href":"https:\/\/soydeaqui.ddns.net\/pachuca\/index.php\/wp-json\/wp\/v2\/comments?post=81738"}],"wp:featuredmedia":[{"embeddable":true,"href":"https:\/\/soydeaqui.ddns.net\/pachuca\/index.php\/wp-json\/wp\/v2\/media\/81737"}],"wp:attachment":[{"href":"https:\/\/soydeaqui.ddns.net\/pachuca\/index.php\/wp-json\/wp\/v2\/media?parent=81738"}],"wp:term":[{"taxonomy":"product_brand","embeddable":true,"href":"https:\/\/soydeaqui.ddns.net\/pachuca\/index.php\/wp-json\/wp\/v2\/product_brand?post=81738"},{"taxonomy":"product_cat","embeddable":true,"href":"https:\/\/soydeaqui.ddns.net\/pachuca\/index.php\/wp-json\/wp\/v2\/product_cat?post=81738"},{"taxonomy":"product_tag","embeddable":true,"href":"https:\/\/soydeaqui.ddns.net\/pachuca\/index.php\/wp-json\/wp\/v2\/product_tag?post=81738"}],"curies":[{"name":"wp","href":"https:\/\/api.w.org\/{rel}","templated":true}]}}