{"id":81714,"date":"2026-03-19T18:56:19","date_gmt":"2026-03-19T18:56:19","guid":{"rendered":"https:\/\/soydeaqui.ddns.net\/pachuca\/index.php\/producto\/10-gigabit-layer-3-stackable-switch-24x-100m-1-2-5-5-10g-4x-sfp-ports-us-power-cord\/"},"modified":"2026-03-19T18:56:21","modified_gmt":"2026-03-19T18:56:21","slug":"10-gigabit-layer-3-stackable-switch-24x-100m-1-2-5-5-10g-4x-sfp-ports-us-power-cord","status":"publish","type":"product","link":"https:\/\/soydeaqui.ddns.net\/pachuca\/index.php\/producto\/10-gigabit-layer-3-stackable-switch-24x-100m-1-2-5-5-10g-4x-sfp-ports-us-power-cord\/","title":{"rendered":"10 Gigabit Layer 3 Stackable Switch, 24x 100M\/1\/2.5\/5\/10G, 4x SFP+ ports, US Power Cord."},"content":{"rendered":"<div style='width: 100%; max-width: 1200px; margin: 0 auto; font-family: sans-serif; line-height: 1.6; color: inherit; background-color: transparent;'> <!-- T\u00edtulos del producto --> <\/p>\n<div style='margin-bottom: 30px;'>\n<h1 style='font-size: 32px; margin: 0 0 10px 0; color: inherit; font-weight: 400; line-height: 1.2em; font-family: Rubik&comma; system-ui&comma; -apple-system&comma; 'Segoe UI'&comma; Roboto&comma; 'Helvetica Neue'&comma; Arial&comma; 'Noto Sans'&comma; 'Liberation Sans'&comma; sans-serif&comma; 'Apple Color Emoji'&comma; 'Segoe UI Emoji'&comma; 'Segoe UI Symbol'&comma; 'Noto Color Emoji';'>Serie x540L<\/h1>\n<h2 style='font-size: 20px; margin: 0 0 20px 0; color: inherit; font-weight: 500; font-family: Rubik&comma; system-ui&comma; -apple-system&comma; 'Segoe UI'&comma; Roboto&comma; 'Helvetica Neue'&comma; Arial&comma; 'Noto Sans'&comma; 'Liberation Sans'&comma; sans-serif&comma; 'Apple Color Emoji'&comma; 'Segoe UI Emoji'&comma; 'Segoe UI Symbol'&comma; 'Noto Color Emoji';'>Switches apilables de 10 gigabits<\/h2>\n<p style='font-size: 17px; margin: 0; color: inherit; font-family: Rubik&comma; system-ui&comma; -apple-system&comma; 'Segoe UI'&comma; Roboto&comma; 'Helvetica Neue'&comma; Arial&comma; 'Noto Sans'&comma; 'Liberation Sans'&comma; sans-serif&comma; 'Apple Color Emoji'&comma; 'Segoe UI Emoji'&comma; 'Segoe UI Symbol'&comma; 'Noto Color Emoji';'>Los switches apilables de capa 3 de 10 Gigabit de la serie x540L de Allied Telesis ofrecen una soluci\u00f3n de distribuci\u00f3n resistente y de alta velocidad. Todos los puertos admiten una velocidad de hasta 10 G&comma; lo que permite una comunicaci\u00f3n fluida para aplicaciones modernas&comma; y la conectividad multigigabit o de fibra garantiza una implementaci\u00f3n flexible.<\/p>\n<\/p><\/div>\n<p> <!-- Secci\u00f3n de caracter\u00edsticas en grid --> <\/p>\n<div style='display: grid; grid-template-columns: repeat(auto-fit&comma; minmax(280px&comma; 1fr)); gap: 30px; margin-bottom: 30px;'>\n<div style='border: 1px solid rgba(150&comma; 150&comma; 150&comma; 0.4); border-radius: 8px; padding: 15px;'>\n<h3 style='font-size: 18px; border-bottom: 2px solid currentColor; padding-bottom: 5px; margin-top: 0; margin-bottom: 15px; color: inherit; opacity: 0.8;'>Descripci\u00f3n General<\/h3>\n<ul style='padding-left: 20px; font-size: 14px; color: inherit; list-style-type: disc;'>\n<li style='margin-bottom: 10px;'><span style='vertical-align: inherit;'>Habilite una conmutaci\u00f3n de distribuci\u00f3n resiliente&comma; con un rendimiento superior y una gesti\u00f3n simplificada&comma; mediante el apilamiento de chasis virtual (VCStack\u2122)<\/span><\/li>\n<li style='margin-bottom: 10px;'><span style='vertical-align: inherit;'>Disfrute de una implementaci\u00f3n flexible con velocidades de varios gigabits de enlaces ascendentes de 1\/2&comma;5\/5\/10 G y 1\/10 G (SFP\/SFP+) para maximizar el rendimiento en los modelos x540L de cobre<\/span><\/li>\n<li style='margin-bottom: 10px;'><span style='vertical-align: inherit;'>Admite entornos distribuidos con conectividad segura de larga distancia 1\/10G (SFP\/SFP+) en modelos de fibra x540L<\/span><\/li>\n<li style='margin-bottom: 10px;'><span style='vertical-align: inherit;'>Reduzca costos y automatice la administraci\u00f3n de redes y dispositivos con Autonomous Management Framework\u2122 Plus (AMF Plus)<\/span><\/li>\n<li style='margin-bottom: 10px;'><span style='vertical-align: inherit;'>Evite la escucha clandestina de datos confidenciales en enlaces de fibra con la monitorizaci\u00f3n activa de fibra<\/span><\/li>\n<li style='margin-bottom: 10px;'><span style='vertical-align: inherit;'>Admite redes resistentes basadas en anillo de alta velocidad con Ethernet Protection Switched Ring (EPSRing\u2122) y ERPS G.8032 basado en est\u00e1ndares<\/span><\/li>\n<\/ul><\/div>\n<div style='border: 1px solid rgba(150&comma; 150&comma; 150&comma; 0.4); border-radius: 8px; padding: 15px;'>\n<h3 style='font-size: 18px; border-bottom: 2px solid currentColor; padding-bottom: 5px; margin-top: 0; margin-bottom: 15px; color: inherit; opacity: 0.8;'>Caracter\u00edsticas principales<\/h3>\n<ul style='padding-left: 20px; font-size: 14px; color: inherit; list-style-type: disc;'>\n<li style='margin-bottom: 10px;'><span style='vertical-align: inherit;'>Sistema operativo de clase empresarial AlliedWare Plus\u2122<\/span><\/li>\n<li style='margin-bottom: 10px;'><span style='vertical-align: inherit;'>OpenFlow para gesti\u00f3n y control de redes SDN<\/span><\/li>\n<li style='margin-bottom: 10px;'><span style='vertical-align: inherit;'>El protocolo de tiempo de precisi\u00f3n (IEEE 1588 PTP) admite sistemas de automatizaci\u00f3n y control.<\/span><\/li>\n<li style='margin-bottom: 10px;'><span style='vertical-align: inherit;'>RIP&comma; OSPF&comma; BGP y enrutamiento est\u00e1tico para entornos L3<\/span><\/li>\n<li style='margin-bottom: 10px;'><span style='vertical-align: inherit;'>Las ACL administran el acceso y el control del tr\u00e1fico en toda la red.<\/span><\/li>\n<li style='margin-bottom: 10px;'><span style='vertical-align: inherit;'>Monitoreo de enlaces para una gesti\u00f3n proactiva del estado de la red<\/span><\/li>\n<\/ul><\/div>\n<div style='border: 1px solid rgba(150&comma; 150&comma; 150&comma; 0.4); border-radius: 8px; padding: 15px;'>\n<h3 style='font-size: 18px; border-bottom: 2px solid currentColor; padding-bottom: 5px; margin-top: 0; margin-bottom: 15px; color: inherit; opacity: 0.8;'>Latecia (microsegundos)<\/h3>\n<ul style='padding-left: 20px; font-size: 14px; color: inherit; list-style-type: disc;'>\n<li style='margin-bottom: 10px;'>Puertos a 1 Gbps\n<ul style='padding-left: 20px; margin-top: 5px; margin-bottom: 5px;'>\n<li style='margin-bottom: 5px;'>4.48\u00b5s<\/li>\n<\/ul>\n<\/li>\n<li style='margin-bottom: 10px;'>Puertos a 2.5 Gbps\n<ul style='padding-left: 20px; margin-top: 5px; margin-bottom: 5px;'>\n<li style='margin-bottom: 5px;'>8.43\u00b5s<\/li>\n<\/ul>\n<\/li>\n<li style='margin-bottom: 10px;'>Puertos a 5 Gbps\n<ul style='padding-left: 20px; margin-top: 5px; margin-bottom: 5px;'>\n<li style='margin-bottom: 5px;'>5.72\u00b5s<\/li>\n<\/ul>\n<\/li>\n<li style='margin-bottom: 10px;'>Puertos a 10 Gbps\n<ul style='padding-left: 20px; margin-top: 5px; margin-bottom: 5px;'>\n<li style='margin-bottom: 5px;'>2.73\u00b5s<\/li>\n<\/ul>\n<\/li>\n<\/ul><\/div>\n<div style='border: 1px solid rgba(150&comma; 150&comma; 150&comma; 0.4); border-radius: 8px; padding: 15px;'>\n<h3 style='font-size: 18px; border-bottom: 2px solid currentColor; padding-bottom: 5px; margin-top: 0; margin-bottom: 15px; color: inherit; opacity: 0.8;'>Especificaciones<\/h3>\n<ul style='padding-left: 20px; font-size: 14px; color: inherit; list-style-type: disc;'>\n<li style='margin-bottom: 5px;'>24 Puertos RJ45 100\/1000\/2.5\/5\/10 Gbps<\/li>\n<li style='margin-bottom: 5px;'>4 Puertos SFP\/SFP+ 1\/10G<\/li>\n<li style='margin-bottom: 5px;'>Switching Fabric 560Gbps<\/li>\n<li style='margin-bottom: 5px;'>Forwarding Rate 416.7Mpps<\/li>\n<li style='margin-bottom: 5px;'>Dimensiones: 440 x 290 x 44 mm<\/li>\n<li style='margin-bottom: 5px;'>Peso: 4 kg<\/li>\n<li style='margin-bottom: 5px;'>Montaje en rack<\/li>\n<li style='margin-bottom: 5px;'>Alimentaci\u00f3n: 90 &#8211; 264 VCA 50-60Hz<\/li>\n<li style='margin-bottom: 5px;'>Consumo: 160 W<\/li>\n<li style='margin-bottom: 5px;'>Disipaci\u00f3n maxima de calor: 540 BTU\/hora<\/li>\n<li style='margin-bottom: 5px;'>Ruido\/Noise: 46-63 dBA<\/li>\n<li style='margin-bottom: 5px;'>Temperatura de Operaci\u00f3n: 0\u00baC a 50\u00ba C<\/li>\n<\/ul><\/div>\n<\/p><\/div>\n<p> <!-- Separador final --> <\/p>\n<hr style='border: 0; border-top: 1px solid rgba(150&comma; 150&comma; 150&comma; 0.3); margin: 30px 0;'> <\/div>\n","protected":false},"excerpt":{"rendered":"<p>10 Gigabit Layer 3 Stackable Switch, 24x 100M\/1\/2.5\/5\/10G, 4x SFP+ ports, US Power Cord.<\/p>\n","protected":false},"featured_media":81713,"comment_status":"open","ping_status":"closed","template":"","meta":[],"product_brand":[],"product_cat":[1970],"product_tag":[1995,664,1971],"class_list":{"0":"post-81714","1":"product","2":"type-product","3":"status-publish","4":"has-post-thumbnail","6":"product_cat-switches","7":"product_tag-allied-telesis","8":"product_tag-networking","9":"product_tag-switches","11":"first","12":"outofstock","13":"sale","14":"shipping-taxable","15":"purchasable","16":"product-type-simple"},"_links":{"self":[{"href":"https:\/\/soydeaqui.ddns.net\/pachuca\/index.php\/wp-json\/wp\/v2\/product\/81714","targetHints":{"allow":["GET"]}}],"collection":[{"href":"https:\/\/soydeaqui.ddns.net\/pachuca\/index.php\/wp-json\/wp\/v2\/product"}],"about":[{"href":"https:\/\/soydeaqui.ddns.net\/pachuca\/index.php\/wp-json\/wp\/v2\/types\/product"}],"replies":[{"embeddable":true,"href":"https:\/\/soydeaqui.ddns.net\/pachuca\/index.php\/wp-json\/wp\/v2\/comments?post=81714"}],"wp:featuredmedia":[{"embeddable":true,"href":"https:\/\/soydeaqui.ddns.net\/pachuca\/index.php\/wp-json\/wp\/v2\/media\/81713"}],"wp:attachment":[{"href":"https:\/\/soydeaqui.ddns.net\/pachuca\/index.php\/wp-json\/wp\/v2\/media?parent=81714"}],"wp:term":[{"taxonomy":"product_brand","embeddable":true,"href":"https:\/\/soydeaqui.ddns.net\/pachuca\/index.php\/wp-json\/wp\/v2\/product_brand?post=81714"},{"taxonomy":"product_cat","embeddable":true,"href":"https:\/\/soydeaqui.ddns.net\/pachuca\/index.php\/wp-json\/wp\/v2\/product_cat?post=81714"},{"taxonomy":"product_tag","embeddable":true,"href":"https:\/\/soydeaqui.ddns.net\/pachuca\/index.php\/wp-json\/wp\/v2\/product_tag?post=81714"}],"curies":[{"name":"wp","href":"https:\/\/api.w.org\/{rel}","templated":true}]}}